{"id":2964,"date":"2020-11-06T14:27:20","date_gmt":"2020-11-06T13:27:20","guid":{"rendered":"https:\/\/semmelweis.hu\/nepegeszsegtan\/?page_id=2964"},"modified":"2022-01-26T09:20:15","modified_gmt":"2022-01-26T08:20:15","slug":"balassagyarmati-egeszsegnevelo-program","status":"publish","type":"page","link":"https:\/\/semmelweis.hu\/nepegeszsegtan\/balassagyarmati-egeszsegnevelo-program\/","title":{"rendered":"Balassagyarmati Eg\u00e9szs\u00e9gnevel\u0151 Program"},"content":{"rendered":"<p><a style=\"color: #ff4b33; text-align: justify;\" href=\"https:\/\/semmelweis.hu\/balassagyarmat\/\"><img loading=\"lazy\" decoding=\"async\" class=\"alignright wp-image-2972 size-medium\" src=\"https:\/\/semmelweis.hu\/nepegeszsegtan\/files\/2020\/11\/BEP-log\u00f3-300x72.png\" alt=\"\" width=\"300\" height=\"72\" srcset=\"https:\/\/semmelweis.hu\/nepegeszsegtan\/files\/2020\/11\/BEP-log\u00f3-300x72.png 300w, https:\/\/semmelweis.hu\/nepegeszsegtan\/files\/2020\/11\/BEP-log\u00f3-768x183.png 768w, https:\/\/semmelweis.hu\/nepegeszsegtan\/files\/2020\/11\/BEP-log\u00f3-580x138.png 580w, https:\/\/semmelweis.hu\/nepegeszsegtan\/files\/2020\/11\/BEP-log\u00f3.png 960w\" sizes=\"auto, (max-width: 300px) 100vw, 300px\" \/><\/a><\/p>\n<p style=\"text-align: justify;\">A Balassagyarmati Eg\u00e9szs\u00e9gnevel\u0151 Program egy kort\u00e1rs oktat\u00e1son alapul\u00f3 interakt\u00edv, digit\u00e1lis elemeket is tartalmaz\u00f3 szem\u00e9lyes k\u00e9szs\u00e9gfejleszt\u0151 program a Semmelweis Egyetemen.<\/p>\n<p style=\"text-align: justify;\">Kort\u00e1rs oktat\u00e1son alapul, mert a kis kork\u00fcl\u00f6nbs\u00e9g miatt a di\u00e1kok k\u00f6nnyebben tudnak azonosulni a fiatal oktat\u00f3k \u00e1ltal prezent\u00e1lt szempontokkal.<br \/>\nInterakt\u00edv, mert a szem\u00e9lyes attit\u0171d\u00f6k \u00e9s a motiv\u00e1ci\u00f3 szintj\u00e9n t\u00f6rt\u00e9n\u0151 beavatkoz\u00e1s csak szem\u00e9lyes bevon\u00f3d\u00e1s eset\u00e9n t\u00f6rt\u00e9nhet meg.<\/p>\n<p style=\"text-align: justify;\">Digit\u00e1lis elemeket is tartalmaz, mert a 21. sz\u00e1zad \u00faj oktat\u00e1sm\u00f3dszertant k\u00f6vetel meg.<br \/>\nK\u00e9szs\u00e9gfejleszt\u0151, mert c\u00e9lja a szem\u00e9lyes d\u00f6nt\u00e9shozatal fejleszt\u00e9se mind az eg\u00e9szs\u00e9gesebb \u00e9letm\u00f3d v\u00e1laszt\u00e1s\u00e1ra val\u00f3 k\u00e9pess\u00e9g t\u00e1mogat\u00e1s\u00e1val, mind a tov\u00e1bbtanul\u00e1ssal kapcsolatos tudatos d\u00f6nt\u00e9shoz\u00e1s el\u0151seg\u00edt\u00e9s\u00e9vel.<\/p>\n<p style=\"text-align: justify;\">Eg\u00e9szs\u00e9gnevel\u00e9si t\u00e9m\u00e1ink: Els\u0151seg\u00e9ly, doh\u00e1nyz\u00e1s, sport, \u00e9tkez\u00e9s, biztons\u00e1gos szexualit\u00e1s<br \/>\n(fogamz\u00e1sg\u00e1tl\u00e1s, asszertivit\u00e1s, STD-k elleni v\u00e9delem), alkohol, drog \u00e9s egy\u00e9b tudatm\u00f3dos\u00edt\u00f3k, ment\u00e1lis eg\u00e9szs\u00e9g, infekci\u00f3 kontroll (olt\u00e1sok, k\u00e9zmos\u00e1s, antibiotikumok, a vil\u00e1gj\u00e1rv\u00e1nnyal kapcsolatos naprak\u00e9sz inform\u00e1ci\u00f3k), felel\u0151s csal\u00e1dtervez\u00e9s.<\/p>\n<p>Beker\u00fcl\u00e9st\u00e1mogat\u00f3 programunk elemei: \u00f6nismereti \u00e9s a saj\u00e1t c\u00e9lok felismer\u00e9s\u00e9t seg\u00edt\u0151 tr\u00e9ning nap, \u00e9retts\u00e9gifelk\u00e9sz\u00edt\u0151 tanfolyamok, &#8222;egyetem kukkol\u00f3&#8221; &#8211; mely sor\u00e1n fels\u0151oktat\u00e1si int\u00e9zm\u00e9nyek mindennapjaiban ny\u00fajtunk betekint\u00e9st.<\/p>\n<p style=\"text-align: justify;\">A programhoz egy, hazai k\u00f6rnyezetben \u00fatt\u00f6r\u0151nek mondhat\u00f3 kutat\u00e1s kapcsol\u00f3dik, melynek c\u00e9lja az intervenci\u00f3k eredm\u00e9nyess\u00e9g\u00e9nek m\u00e9r\u00e9se. A kutat\u00e1si eredm\u00e9nyeket az elk\u00f6vetkez\u0151 h\u00f3napokban tessz\u00fck k\u00f6zz\u00e9.<\/p>\n<p>Tov\u00e1bbi inform\u00e1ci\u00f3k a program <a href=\"https:\/\/semmelweis.hu\/balassagyarmat\/\">hivatalos honlapj\u00e1n<\/a>.<\/p>\n<p>&nbsp;<\/p>\n","protected":false},"excerpt":{"rendered":"<p><a style=\"color: #ff4b33; text-align: justify;\" href=\"https:\/\/semmelweis.hu\/balassagyarmat\/\"><\/a> A Balassagyarmati Eg\u00e9szs\u00e9gnevel\u0151 Program egy kort\u00e1rs oktat\u00e1son alapul\u00f3 interakt\u00edv, digit\u00e1lis elemeket is tartalmaz\u00f3 szem\u00e9lyes k\u00e9szs\u00e9gfejleszt\u0151 program a Semmelweis Egyetemen. Kort\u00e1rs oktat\u00e1son alapul, mert a kis kork\u00fcl\u00f6nbs\u00e9g miatt a di\u00e1kok k\u00f6nnyebben tudnak azonosulni a fiatal oktat\u00f3k \u00e1ltal prezent\u00e1lt szempontokkal. Interakt\u00edv, mert a szem\u00e9lyes attit\u0171d\u00f6k \u00e9s a motiv\u00e1ci\u00f3 szintj\u00e9n t\u00f6rt\u00e9n\u0151 beavatkoz\u00e1s csak szem\u00e9lyes bevon\u00f3d\u00e1s eset\u00e9n t\u00f6rt\u00e9nhet meg. &hellip;<\/p>\n","protected":false},"author":52,"featured_media":0,"parent":0,"menu_order":4,"comment_status":"closed","ping_status":"closed","template":"","meta":{"_acf_changed":false,"footnotes":""},"categories":[],"tags":[],"class_list":["post-2964","page","type-page","status-publish","hentry"],"acf":[],"_links":{"self":[{"href":"https:\/\/semmelweis.hu\/nepegeszsegtan\/wp-json\/wp\/v2\/pages\/2964","targetHints":{"allow":["GET"]}}],"collection":[{"href":"https:\/\/semmelweis.hu\/nepegeszsegtan\/wp-json\/wp\/v2\/pages"}],"about":[{"href":"https:\/\/semmelweis.hu\/nepegeszsegtan\/wp-json\/wp\/v2\/types\/page"}],"author":[{"embeddable":true,"href":"https:\/\/semmelweis.hu\/nepegeszsegtan\/wp-json\/wp\/v2\/users\/52"}],"replies":[{"embeddable":true,"href":"https:\/\/semmelweis.hu\/nepegeszsegtan\/wp-json\/wp\/v2\/comments?post=2964"}],"version-history":[{"count":5,"href":"https:\/\/semmelweis.hu\/nepegeszsegtan\/wp-json\/wp\/v2\/pages\/2964\/revisions"}],"predecessor-version":[{"id":3279,"href":"https:\/\/semmelweis.hu\/nepegeszsegtan\/wp-json\/wp\/v2\/pages\/2964\/revisions\/3279"}],"wp:attachment":[{"href":"https:\/\/semmelweis.hu\/nepegeszsegtan\/wp-json\/wp\/v2\/media?parent=2964"}],"wp:term":[{"taxonomy":"category","embeddable":true,"href":"https:\/\/semmelweis.hu\/nepegeszsegtan\/wp-json\/wp\/v2\/categories?post=2964"},{"taxonomy":"post_tag","embeddable":true,"href":"https:\/\/semmelweis.hu\/nepegeszsegtan\/wp-json\/wp\/v2\/tags?post=2964"}],"curies":[{"name":"wp","href":"https:\/\/api.w.org\/{rel}","templated":true}]}}