{"id":2937,"date":"2020-11-06T13:47:00","date_gmt":"2020-11-06T12:47:00","guid":{"rendered":"https:\/\/semmelweis.hu\/nepegeszsegtan\/?page_id=2937"},"modified":"2024-04-03T13:48:06","modified_gmt":"2024-04-03T11:48:06","slug":"szakorvoskepzes","status":"publish","type":"page","link":"https:\/\/semmelweis.hu\/nepegeszsegtan\/szakorvoskepzes\/","title":{"rendered":"Szakorvosk\u00e9pz\u00e9s"},"content":{"rendered":"<div class=\"responsive-tabs\">\n<h2 class=\"tabtitle\">Megel\u0151z\u0151 orvostan \u00e9s n\u00e9peg\u00e9szs\u00e9gtan<\/h2>\n<div class=\"tabcontent\">\n\n<p>A Megel\u0151z\u0151 Orvostani \u00e9s N\u00e9peg\u00e9szs\u00e9gtani Int\u00e9zet akkredit\u00e1lt els\u0151dleges k\u00e9pz\u0151hely a Semmelweis Egyetemen fut\u00f3 Megel\u0151z\u0151 orvostan \u00e9s n\u00e9peg\u00e9szs\u00e9gtan szakorvosk\u00e9pz\u00e9sben. A szakter\u00fclet v\u00e1laszthat\u00f3 els\u0151 szakvizsg\u00e1nak, \u00e9s \u00fajonnan megszerzett els\u0151 szakvizsgak\u00e9nt is megszerezhet\u0151.<\/p>\n<p><strong>Rezidens helyek: <\/strong><\/p>\n<p>Inform\u00e1ci\u00f3 \u00e9s tov\u00e1bbi r\u00e9szletek a <a href=\"https:\/\/semmelweis.hu\/szak-es-tovabbkepzes\/szakkepzes\/keretszamok\/\">Szak- \u00e9s tov\u00e1bbk\u00e9pz\u00e9si k\u00f6zpont oldal\u00e1n<\/a>.<\/p>\n<p><strong>Szakk\u00e9pz\u00e9si id\u0151:<\/strong> 4 \u00e9v<\/p>\n<p><strong>Munkaterv<\/strong>\u00a0 &#8211; a 2012. szeptember 15. ut\u00e1n \u00e9s 2022.09 el\u0151tt szakk\u00e9pz\u00e9sbe l\u00e9p\u0151k sz\u00e1m\u00e1ra (22\/2012. (IX.14.) EMMI rendelet szerint): <a href=\"https:\/\/semmelweis.hu\/szak-es-tovabbkepzes\/files\/2020\/02\/Megel%C5%91z%C5%91-orvostan-%C3%A9s-n%C3%A9peg%C3%A9szs%C3%A9gtan-jav%C3%ADtott.pdf\">t\u00f6rzsk\u00e9pz\u00e9si id\u0151re<\/a> (2\u00e9v); <a href=\"https:\/\/semmelweis.hu\/szak-es-tovabbkepzes\/files\/2020\/02\/Megel%C5%91z%C5%91-orvostan-%C3%A9s-n%C3%A9peg%C3%A9szs%C3%A9gtan-1-jav%C3%ADtott.pdf\">szakgyakorlati id\u0151re<\/a> (2\u00e9v)<\/p>\n<p>Az \u00c1EEK kezdem\u00e9nyez\u00e9se nyom\u00e1n 2020-ban elindult e szakorvosk\u00e9pz\u00e9s meg\u00faj\u00edt\u00e1sa is, aminek k\u00f6vetkezt\u00e9ben a munkatervek v\u00e1ltoz\u00e1sa v\u00e1rhat\u00f3 <a href=\"https:\/\/magyarkozlony.hu\/dokumentumok\/53e309100b91dd606409cf441928b662835ea811\/megtekintes\">ezen<\/a> rendelet alapj\u00e1n.<\/p>\n<p><strong>Int\u00e9zeti tutorok: <\/strong>Dr. Antmann Katalin, Dr. Cs\u00e9pe P\u00e9ter, Dr. Feh\u00e9r \u00c1gnes Erzs\u00e9bet, Dr. Horv\u00e1th Ferenc, Dr. Janik Leon\u00e1rd, Dr. P\u00e9nzes Melinda, Dr. Fazekas-Pongor Vince \u00e9s Dr. Terebessy Andr\u00e1s<\/p>\n<p><strong>Gr\u00e9mium:<\/strong><\/p>\n<p>\u00a0\u00a0\u00a0\u00a0\u00a0\u00a0\u00a0\u00a0\u00a0\u00a0\u00a0\u00a0\u00a0 Eln\u00f6k: Dr. Terebessy Andr\u00e1s \u2013 adjunktus<\/p>\n<p>\u00a0\u00a0\u00a0\u00a0\u00a0\u00a0\u00a0\u00a0\u00a0\u00a0\u00a0\u00a0\u00a0 Tagok: Dr. Tompa Anna, Dr. Cseh K\u00e1roly, Dr. P\u00e9nzes Melinda, Dr. Horv\u00e1th Ferenc<\/p>\n<p><strong>A Szakorvosk\u00e9pz\u00e9sbe l\u00e9p\u00e9s<\/strong> menet\u00e9r\u0151l sz\u00f3l\u00f3 t\u00e1j\u00e9koztat\u00f3 el\u00e9rhet\u0151 a Szak- \u00e9s Tov\u00e1bbk\u00e9pz\u00e9si K\u00f6zpont oldal\u00e1n: <a href=\"https:\/\/semmelweis.hu\/szak-es-tovabbkepzes\/aok\/elso-alap-szakkepzes\/\">https:\/\/semmelweis.hu\/szak-es-tovabbkepzes\/aok\/elso-alap-szakkepzes\/<\/a><\/p>\n<p><strong>Int\u00e9zeti szakk\u00e9pz\u00e9si felel\u0151s:<\/strong> <a href=\"https:\/\/semmelweis.hu\/telefonkonyv\/?act=mt&amp;inst_id=17&amp;emp_id=1202\">Oszl\u00e1r Julianna\u00a0<\/a><\/p>\n<p><strong>Jelenleg szakk\u00e9pz\u00e9sben l\u00e9v\u0151k<\/strong> (a k\u00e9pz\u00e9s megkezd\u00e9s\u00e9nek jel\u00f6l\u00e9s\u00e9vel)<\/p>\n<p><a href=\"https:\/\/semmelweis.hu\/telefonkonyv\/?act=mt&amp;inst_id=17&amp;emp_id=15894\">Dr. \u00c1rva Dorottya<\/a> (2019.01.), <a href=\"https:\/\/semmelweis.hu\/telefonkonyv\/?act=mt&amp;inst_id=17&amp;emp_id=15895\">Dr. Szarvas Zs\u00f3fia<\/a> (2019.12.), <a href=\"https:\/\/semmelweis.hu\/telefonkonyv\/?act=mt&amp;inst_id=17&amp;emp_id=15896\">Dr. M\u00e9sz\u00e1ros \u00c1gota<\/a> (2019.12.), <a class=\"emp-name\" href=\"https:\/\/semmelweis.hu\/telefonkonyv?emp_id=17440\">Dr. Major D\u00e1vid <\/a>(2020.12.), <a class=\"emp-name\" href=\"https:\/\/semmelweis.hu\/telefonkonyv?emp_id=18102\">Dr. P\u00e9terfi Anna <\/a>(2021.01.), <a class=\"emp-name\" href=\"https:\/\/semmelweis.hu\/telefonkonyv?emp_id=19007\">Dr. D\u00f3sa Norbert<\/a> (2021.09.), <a class=\"emp-name\" href=\"https:\/\/semmelweis.hu\/telefonkonyv?emp_id=19617\">Dr. P\u00e1rtos Katalin <\/a>(2022.02.)<\/p>\n<p>2020 tavasz\u00e1n elindult a kapcsolatfelv\u00e9tel a tov\u00e1bbi 3 orvostudom\u00e1nyi egyetemen ugyanezen szakk\u00e9pz\u00e9sben r\u00e9sztvev\u0151 rezidensek \u00e9s szakorvosjel\u00f6ltek ir\u00e1ny\u00e1ba, amelynek c\u00e9lja egy fiatalokb\u00f3l \u00e1ll\u00f3 szakmai k\u00f6z\u00f6ss\u00e9g l\u00e9trehoz\u00e1sa.<\/p>\n<p>Jelentkez\u00e9s\u00e9t \u00f6r\u00f6mmel v\u00e1rja Int\u00e9zet\u00fcnk! K\u00e9rd\u00e9s eset\u00e9n keresse b\u00e1tran szakk\u00e9pz\u00e9si felel\u0151s\u00fcnket vagy a jelenleg szakk\u00e9pz\u00e9sben l\u00e9v\u0151 koll\u00e9g\u00e1kat!<\/p>\n\n<\/div><h2 class=\"tabtitle\">Iskola-eg\u00e9szs\u00e9gtan \u00e9s ifj\u00fas\u00e1gv\u00e9delem<\/h2>\n<div class=\"tabcontent\">\n\n<p>Az iskola-eg\u00e9szs\u00e9gtan \u00e9s ifj\u00fas\u00e1gv\u00e9delem szakk\u00e9pes\u00edt\u00e9s r\u00e1\u00e9p\u00edtett szakvizsgak\u00e9nt szerezhet\u0151 meg meghat\u00e1rozott alap szakk\u00e9pes\u00edt\u00e9s megl\u00e9te eset\u00e9n.<\/p>\n<p>A r\u00e1\u00e9p\u00edtett szakvizsga megszerz\u00e9s\u00e9nek szab\u00e1lyair\u00f3l a Semmelweis Egyetemen \u00e1ltal\u00e1noss\u00e1gban a itt t\u00e1j\u00e9koz\u00f3dhat: <a href=\"https:\/\/semmelweis.hu\/aok\/files\/2018\/10\/T%c3%81J%c3%89KOZTAT%c3%93-R%c3%a1%c3%a9p%c3%adtett-k%c3%a9pz%c3%a9s-2018.09.25.-SZTO.pdf\">t\u00e1j\u00e9koztat\u00f3 r\u00e1\u00e9p\u00edtett szakk\u00e9pes\u00edt\u00e9sek megszerz\u00e9s\u00e9r\u0151l<\/a><\/p>\n<p>A k\u00e9pz\u00e9s d\u00edja:<\/p>\n<ul>\n<li>A Semmelweis Egyetemmel k\u00f6zalkalmazotti jogviszonyban \u00e1ll\u00f3 szakorvosok r\u00e9sz\u00e9re t\u00e9r\u00edt\u00e9smentes,<\/li>\n<li>a Semmelweis Egyetem r\u00e9gi\u00f3j\u00e1ba tartoz\u00f3 eg\u00e9szs\u00e9g\u00fcgyi szolg\u00e1ltat\u00f3n\u00e1l k\u00f6zalkalmazotti jogviszonyban \u00e1ll\u00f3 szakorvosok r\u00e9sz\u00e9re: 11.500,-Ft\/h\u00f3, amennyiben a gyakorlatot egyetem\u00fcnk valamelyik klinik\u00e1j\u00e1n t\u00f6lti, \u00fagy t\u00e9r\u00edt\u00e9smentes,<\/li>\n<li>nem a Semmelweis Egyetem r\u00e9gi\u00f3j\u00e1ba tartoz\u00f3 eg\u00e9szs\u00e9g\u00fcgyi szolg\u00e1ltat\u00f3n\u00e1l k\u00f6zalkalmazotti jogviszonyban \u00e1ll\u00f3 szakorvosok r\u00e9sz\u00e9re: 23.000,-Ft\/h\u00f3, amennyiben a gyakorlatot egyetem\u00fcnk valamelyik klinik\u00e1j\u00e1n t\u00f6lti, \u00fagy t\u00e9r\u00edt\u00e9smentes.<\/li>\n<\/ul>\n<p>Az al\u00e1bbi <strong>4 alap szakk\u00e9pes\u00edt\u00e9sre \u00e9p\u00edthet\u0151 r\u00e1<\/strong> a szakvizsga. Az ezekhez tartoz\u00f3 jelentkez\u00e9si lapok \u00e9s munkatervek (22\/2012. (IX.14.) EMMI rendelet alapj\u00e1n) a szakm\u00e1ra kattintva \u00e9rhet\u0151k el. A gyakorlatokat akkredit\u00e1lt k\u00e9pz\u0151helyeken teljes\u00edtend\u0151k.<b><br \/>\n<\/b><\/p>\n<p>A k\u00e9pz\u00e9s ideje: 33 h\u00f3nap<\/p>\n<ul>\n<li><strong><a href=\"https:\/\/semmelweis.hu\/aok\/files\/2018\/10\/Iskola-eg%c3%a9szs%c3%a9gtan-%c3%a9s-ifj%c3%bas%c3%a1gv%c3%a9delem-I.-belgy%c3%b3gy%c3%a1szat-foglalkoz%c3%a1s-orvostan.pdf\">Belgy\u00f3gy\u00e1szat\u00a0\u00a0<\/a><\/strong><\/li>\n<li><strong><a href=\"https:\/\/semmelweis.hu\/aok\/files\/2018\/10\/Iskola-eg%c3%a9szs%c3%a9gtan-%c3%a9s-ifj%c3%bas%c3%a1gv%c3%a9delem-I.-belgy%c3%b3gy%c3%a1szat-foglalkoz%c3%a1s-orvostan.pdf\">Foglalkoz\u00e1s-orvostan <\/a><\/strong><\/li>\n<\/ul>\n<p>A k\u00e9pz\u00e9s ideje: 24 h\u00f3nap<\/p>\n<ul>\n<li><strong><a href=\"https:\/\/semmelweis.hu\/aok\/files\/2018\/10\/Iskola-eg%c3%a9szs%c3%a9gtan-%c3%a9s-ifj%c3%bas%c3%a1gv%c3%a9delem-II.-csecsem%c5%91-%c3%a9s-gyermekgy%c3%b3gy%c3%a1szat-h%c3%a1ziorvostan.pdf\">Csecsem\u0151-\u00e9s gyermekgy\u00f3gy\u00e1szat<\/a><\/strong><\/li>\n<li><a href=\"https:\/\/semmelweis.hu\/aok\/files\/2018\/10\/Iskola-eg%c3%a9szs%c3%a9gtan-%c3%a9s-ifj%c3%bas%c3%a1gv%c3%a9delem-II.-csecsem%c5%91-%c3%a9s-gyermekgy%c3%b3gy%c3%a1szat-h%c3%a1ziorvostan.pdf\"><strong>H\u00e1ziorvostan<\/strong><\/a><\/li>\n<\/ul>\n<p><b>Jelentkez\u00e9s: <\/b><\/p>\n<p>Semmelweis Egyetem Szak- \u00e9s Tov\u00e1bbk\u00e9pz\u00e9si K\u00f6zpont<br \/>\nHeged\u0171s Erika<br \/>\n\u00fcgyint\u00e9z\u0151 \u2013 r\u00e1\u00e9p\u00edtett szakk\u00e9pz\u00e9s<br \/>\ntel: +36-1-459-1500\/55374 mell\u00e9k,<br \/>\ne-mail: hegedus.erika@med.semmelweis-univ.hu<\/p>\n<p><strong>Szakmai gr\u00e9mium:\u00a0<\/strong><\/p>\n<p>Eln\u00f6k: <a href=\"https:\/\/semmelweis.hu\/telefonkonyv?act=mt&amp;inst_id=17&amp;emp_id=1025\">Dr. Jakabfi P\u00e9ter<\/a><\/p>\n<p>Tagok: Dr. Tomsits Erika<\/p>\n<p>\u00a0\u00a0\u00a0\u00a0\u00a0\u00a0\u00a0\u00a0\u00a0\u00a0\u00a0\u00a0\u00a0Dr. Kocsis Erika<\/p>\n<p><b>Int\u00e9zeti szakk\u00e9pz\u00e9si felel\u0151s:<\/b> <a href=\"https:\/\/semmelweis.hu\/telefonkonyv\/?act=mt&amp;inst_id=17&amp;emp_id=1202\">Oszl\u00e1r Julianna<\/a><\/p>\n<pre>&#091;tabbyending&#093;<\/pre>\n","protected":false},"excerpt":{"rendered":"<p>A Megel\u0151z\u0151 Orvostani \u00e9s N\u00e9peg\u00e9szs\u00e9gtani Int\u00e9zet akkredit\u00e1lt els\u0151dleges k\u00e9pz\u0151hely a Semmelweis Egyetemen fut\u00f3 Megel\u0151z\u0151 orvostan \u00e9s n\u00e9peg\u00e9szs\u00e9gtan szakorvosk\u00e9pz\u00e9sben. A szakter\u00fclet v\u00e1laszthat\u00f3 els\u0151 szakvizsg\u00e1nak, \u00e9s \u00fajonnan megszerzett els\u0151 szakvizsgak\u00e9nt is megszerezhet\u0151. Rezidens helyek: Inform\u00e1ci\u00f3 \u00e9s tov\u00e1bbi r\u00e9szletek a <a href=\"https:\/\/semmelweis.hu\/szak-es-tovabbkepzes\/szakkepzes\/keretszamok\/\">Szak- \u00e9s tov\u00e1bbk\u00e9pz\u00e9si k\u00f6zpont oldal\u00e1n<\/a> . Szakk\u00e9pz\u00e9si id\u0151: 4 \u00e9v Munkaterv\u00a0 &#8211; a 2012. szeptember 15. ut\u00e1n \u00e9s 2022.09 el\u0151tt szakk\u00e9pz\u00e9sbe l\u00e9p\u0151k sz\u00e1m\u00e1ra &hellip;<\/p>\n","protected":false},"author":52,"featured_media":0,"parent":0,"menu_order":9,"comment_status":"closed","ping_status":"closed","template":"","meta":{"_acf_changed":false,"footnotes":""},"categories":[],"tags":[],"class_list":["post-2937","page","type-page","status-publish","hentry"],"acf":[],"_links":{"self":[{"href":"https:\/\/semmelweis.hu\/nepegeszsegtan\/wp-json\/wp\/v2\/pages\/2937","targetHints":{"allow":["GET"]}}],"collection":[{"href":"https:\/\/semmelweis.hu\/nepegeszsegtan\/wp-json\/wp\/v2\/pages"}],"about":[{"href":"https:\/\/semmelweis.hu\/nepegeszsegtan\/wp-json\/wp\/v2\/types\/page"}],"author":[{"embeddable":true,"href":"https:\/\/semmelweis.hu\/nepegeszsegtan\/wp-json\/wp\/v2\/users\/52"}],"replies":[{"embeddable":true,"href":"https:\/\/semmelweis.hu\/nepegeszsegtan\/wp-json\/wp\/v2\/comments?post=2937"}],"version-history":[{"count":11,"href":"https:\/\/semmelweis.hu\/nepegeszsegtan\/wp-json\/wp\/v2\/pages\/2937\/revisions"}],"predecessor-version":[{"id":3511,"href":"https:\/\/semmelweis.hu\/nepegeszsegtan\/wp-json\/wp\/v2\/pages\/2937\/revisions\/3511"}],"wp:attachment":[{"href":"https:\/\/semmelweis.hu\/nepegeszsegtan\/wp-json\/wp\/v2\/media?parent=2937"}],"wp:term":[{"taxonomy":"category","embeddable":true,"href":"https:\/\/semmelweis.hu\/nepegeszsegtan\/wp-json\/wp\/v2\/categories?post=2937"},{"taxonomy":"post_tag","embeddable":true,"href":"https:\/\/semmelweis.hu\/nepegeszsegtan\/wp-json\/wp\/v2\/tags?post=2937"}],"curies":[{"name":"wp","href":"https:\/\/api.w.org\/{rel}","templated":true}]}}