{"id":2559,"date":"2019-10-09T10:50:46","date_gmt":"2019-10-09T08:50:46","guid":{"rendered":"http:\/\/semmelweis.hu\/nepegeszsegtan\/?page_id=2559"},"modified":"2024-04-05T11:22:06","modified_gmt":"2024-04-05T09:22:06","slug":"kutatas","status":"publish","type":"page","link":"https:\/\/semmelweis.hu\/nepegeszsegtan\/kutatas\/","title":{"rendered":"Kutat\u00e1si ter\u00fcleteink"},"content":{"rendered":"<p>Magyarorsz\u00e1gon a 65 \u00e9ven fel\u00fcliek ar\u00e1nya rohamosan n\u0151, az \u00e9vsz\u00e1zad k\u00f6zep\u00e9re el fogja \u00e9rni a 30%-ot. A magyar n\u00e9pess\u00e9g jellemz\u0151en &#8222;eg\u00e9szs\u00e9gtelen\u00fcl \u00f6regszik&#8221;, eg\u00e9szs\u00e9gben v\u00e1rhat\u00f3 \u00e9lettartama mintegy n\u00e9gy \u00e9vvel marad el az EU tagorsz\u00e1gok \u00e1tlag\u00e1t\u00f3l. A N\u00e9peg\u00e9szs\u00e9gtani Int\u00e9zet az Eg\u00e9szs\u00e9ges \u00d6reged\u00e9s Program keret\u00e9ben kutatja a \u00f6reged\u00e9ssel kapcsolatos betegs\u00e9gek k\u00f3r\u00e9lettan\u00e1ban szerepet j\u00e1tsz\u00f3 mechanizmusokat \u00e9s az id\u0151s\u00f6d\u0151 lakoss\u00e1g eg\u00e9szs\u00e9gi \u00e1llapot\u00e1t \u00e9s eg\u00e9szs\u00e9g\u00e9t befoly\u00e1sol\u00f3 k\u00f6rnyezeti \u00e9s \u00e9letm\u00f3di t\u00e9nyez\u0151ket.<\/p>\n<p>Kutatja a kr\u00f3nikus megbeteg\u00e9sek n\u00e9peg\u00e9szs\u00e9g\u00fcgyi jellemz\u0151it \u00e9s visszaszor\u00edt\u00e1suk lehet\u0151s\u00e9geit.<\/p>\n<p>Foglalkozik a lakoss\u00e1g eg\u00e9szs\u00e9gv\u00e9delm\u00e9vel kapcsolatos ismeretek \u00e9s az eg\u00e9szs\u00e9gnevel\u00e9s hat\u00e9kony m\u00f3dszereinek (eg\u00e9szs\u00e9gpedag\u00f3gia) kutat\u00e1s\u00e1val \u00e9s a prevenci\u00f3 lehet\u0151s\u00e9geivel. A lakoss\u00e1g eg\u00e9szs\u00e9gmagatart\u00e1s\u00e1val kapcsolatos kutat\u00e1sok, ezen bel\u00fcl a doh\u00e1nyz\u00e1sra r\u00e1szok\u00e1s \u00e9s a doh\u00e1nyz\u00e1sb\u00f3l ad\u00f3d\u00f3 t\u00e1rsadalmi terhek hat\u00e9kony megel\u0151z\u00e9si lehet\u0151s\u00e9geinek kutat\u00e1sa szint\u00e9n az Int\u00e9zet kutat\u00e1si portfoli\u00f3j\u00e1nak r\u00e9sz\u00e9t k\u00e9pezik.<\/p>\n<p>Fontos kutat\u00e1si ter\u00fclet a 2-es t\u00edpus\u00fa cukorbetegs\u00e9g rizik\u00f3faktorainak, patomechanizmus\u00e1nak \u00e9s diagnosztikai lehet\u0151s\u00e9geinek vizsg\u00e1lata, az inzulinkezel\u00e9s gyakorlati k\u00e9rd\u00e9seivel kapcsolatos vizsg\u00e1latok, illetve a geszt\u00e1ci\u00f3s dib\u00e9tesz le\u00edr\u00f3 epidemiol\u00f3gi\u00e1ja.<\/p>\n<p>Az orvost\u00f6rt\u00e9neti \u00f6n\u00e1ll\u00f3 tansz\u00e9ki csoport az orvost\u00f6rt\u00e9neti \u00e9s eg\u00e9szs\u00e9g\u00fcgyi kult\u00fart\u00f6rt\u00e9neti kutat\u00e1sok egyik fontos k\u00f6zpontja, eg\u00e9szs\u00e9g\u00fcgyi politikat\u00f6rt\u00e9net, rendszert\u00f6rt\u00e9net, gazdas\u00e1gt\u00f6rt\u00e9net, jogt\u00f6rt\u00e9net, etikat\u00f6rt\u00e9net, oktat\u00e1st\u00f6rt\u00e9net t\u00e9mak\u00f6r\u00f6kkel foglalkozik.<\/p>\n<h2>Kutat\u00e1si t\u00e9m\u00e1k<\/h2>\n<ul>\n<li style=\"text-align: justify\">\n<p>A velesz\u00fcletett rendelleness\u00e9gek id\u0151beli \u00e9s t\u00e9rbeli megoszl\u00e1s\u00e1nak az elemz\u00e9se, valamint a kialakul\u00e1sukban szerepet j\u00e1tsz\u00f3 kock\u00e1zati t\u00e9nyez\u0151k azonos\u00edt\u00e1sa (Dr. Fazekas-Pongor Vince).<\/p>\n<\/li>\n<li style=\"text-align: justify\">\n<p>Kr\u00f3nikus obstrukt\u00edv t\u00fcd\u0151betegs\u00e9gben szenved\u0151 betegek \u00e9letmin\u0151s\u00e9g\u00e9nek, influenza \u00e9s pneumococcus \u00e1toltotts\u00e1g\u00e1nak valamint t\u00e1pl\u00e1lts\u00e1gi \u00e1llapot\u00e1nak vizsg\u00e1lata eset-kontroll k\u00f6vet\u00e9ses vizsg\u00e1latban (Dr. Fekete M\u00f3nika).\u00a0<\/p>\n<\/li>\n<li style=\"text-align: justify\">\n<p>Az eg\u00e9szs\u00e9g\u00fcgy hum\u00e1n er\u0151forr\u00e1s helyzete \u00e9s menedzsmentje. Eg\u00e9szs\u00e9g\u00fcgyi szab\u00e1lyoz\u00e1s Magyarorsz\u00e1gon a XVIII. sz\u00e1zadban (Dr. Bal\u00e1zs P\u00e9ter).<\/p>\n<\/li>\n<li style=\"text-align: justify\">\n<p>Orvostanhallgat\u00f3k hivat\u00e1studata, k\u00fclf\u00f6ldi munkav\u00e1llal\u00e1sa. Orvostanhallgat\u00f3i \u00e9letm\u00f3d, k\u00e9zhigi\u00e9n\u00e9s ismeretek. Lakoss\u00e1gi eg\u00e9szs\u00e9gfelm\u00e9r\u00e9s. Prevenci\u00f3 az alapell\u00e1t\u00e1sban. Eg\u00e9szs\u00e9gmagatart\u00e1s megv\u00e1ltoztat\u00e1s\u00e1nak m\u00f3dszerei, eg\u00e9szs\u00e9gfejleszt\u00e9s. K\u00f6z\u00e9iskolai prevenci\u00f3s tev\u00e9kenys\u00e9g kutat\u00e1sa, eg\u00e9szs\u00e9gfejleszt\u00e9s hat\u00e9konys\u00e1g\u00e1nak m\u00e9r\u00e9se. Snus haszn\u00e1latra val\u00f3 fog\u00e9konys\u00e1g iskol\u00e1skor\u00faak k\u00f6r\u00e9ben (Epidemiol\u00f3gia munkacsoport: Dr. Terebessy Andr\u00e1s, Dr. Horv\u00e1th Ferenc, Dr. \u00c1rva Dorottya).\u00a0<\/p>\n<\/li>\n<li style=\"text-align: justify\">\n<p>A magyar lakoss\u00e1g \u00e9lelmiszerhigi\u00e9n\u00e9s ismeretei \u00e9s szok\u00e1sai. J\u00e1rv\u00e1nyok id\u0151s- \u00e9s szoci\u00e1lisotthonokban. Hepatitis E megbeteged\u00e9sek epidemiol\u00f3gi\u00e1ja (Dr. Feh\u00e9r \u00c1gnes).<\/p>\n<\/li>\n<li>\n<p>Prevenci\u00f3s attit\u0171d h\u00e1ziorvosok k\u00f6r\u00e9ben (Horv\u00e1th Ferenc). A doh\u00e1nyz\u00e1sr\u00f3l leszok\u00e1s t\u00e1mogat\u00e1s minim\u00e1lintervenci\u00f3j\u00e1nak oktat\u00e1si tapasztalatai (\u00c1rva Dorottya).\u00a0<\/p>\n<\/li>\n<\/ul>\n<p><strong>Orvost\u00f6rt\u00e9neti kutat\u00e1sok:<\/strong><\/p>\n<ul>\n<li>Fejezetek az egyetemes orvost\u00f6rt\u00e9net kutat\u00e1saib\u00f3l (Forrai Judit), n\u0151i szerepek 1. orvosn\u0151i karrierek (Forrai Judit), 2. prostit\u00faci\u00f3 t\u00f6rt\u00e9nete (Forrai Judit), az Egyetem 250 \u00e9ves t\u00f6rt\u00e9nete &#8211; a K\u00f6zeg\u00e9szs\u00e9gtan (Forrai Judit, Pongor Vince, Janik Leonard, Madar\u00e1sz B\u00e1lint).<\/li>\n<\/ul>\n<div>\n<p><a href=\"https:\/\/semmelweis.hu\/nepegeszsegtan\/files\/2018\/03\/Nepeg_TDK_tevekenyseg.pdf\">A N\u00e9peg\u00e9szs\u00e9gtani Int\u00e9zet Tudom\u00e1nyos Di\u00e1kk\u00f6ri tev\u00e9kenys\u00e9ge 2006\u20132018 k\u00f6z\u00f6tt<\/a><\/p>\n<\/div>\n","protected":false},"excerpt":{"rendered":"<p>Magyarorsz\u00e1gon a 65 \u00e9ven fel\u00fcliek ar\u00e1nya rohamosan n\u0151, az \u00e9vsz\u00e1zad k\u00f6zep\u00e9re el fogja \u00e9rni a 30%-ot. A magyar n\u00e9pess\u00e9g jellemz\u0151en &#8222;eg\u00e9szs\u00e9gtelen\u00fcl \u00f6regszik&#8221;, eg\u00e9szs\u00e9gben v\u00e1rhat\u00f3 \u00e9lettartama mintegy n\u00e9gy \u00e9vvel marad el az EU tagorsz\u00e1gok \u00e1tlag\u00e1t\u00f3l. A N\u00e9peg\u00e9szs\u00e9gtani Int\u00e9zet az Eg\u00e9szs\u00e9ges \u00d6reged\u00e9s Program keret\u00e9ben kutatja a \u00f6reged\u00e9ssel kapcsolatos betegs\u00e9gek k\u00f3r\u00e9lettan\u00e1ban szerepet j\u00e1tsz\u00f3 mechanizmusokat \u00e9s az id\u0151s\u00f6d\u0151 lakoss\u00e1g &hellip;<\/p>\n","protected":false},"author":52,"featured_media":0,"parent":0,"menu_order":3,"comment_status":"closed","ping_status":"closed","template":"","meta":{"_acf_changed":false,"footnotes":""},"categories":[],"tags":[],"class_list":["post-2559","page","type-page","status-publish","hentry"],"acf":[],"_links":{"self":[{"href":"https:\/\/semmelweis.hu\/nepegeszsegtan\/wp-json\/wp\/v2\/pages\/2559","targetHints":{"allow":["GET"]}}],"collection":[{"href":"https:\/\/semmelweis.hu\/nepegeszsegtan\/wp-json\/wp\/v2\/pages"}],"about":[{"href":"https:\/\/semmelweis.hu\/nepegeszsegtan\/wp-json\/wp\/v2\/types\/page"}],"author":[{"embeddable":true,"href":"https:\/\/semmelweis.hu\/nepegeszsegtan\/wp-json\/wp\/v2\/users\/52"}],"replies":[{"embeddable":true,"href":"https:\/\/semmelweis.hu\/nepegeszsegtan\/wp-json\/wp\/v2\/comments?post=2559"}],"version-history":[{"count":10,"href":"https:\/\/semmelweis.hu\/nepegeszsegtan\/wp-json\/wp\/v2\/pages\/2559\/revisions"}],"predecessor-version":[{"id":3512,"href":"https:\/\/semmelweis.hu\/nepegeszsegtan\/wp-json\/wp\/v2\/pages\/2559\/revisions\/3512"}],"wp:attachment":[{"href":"https:\/\/semmelweis.hu\/nepegeszsegtan\/wp-json\/wp\/v2\/media?parent=2559"}],"wp:term":[{"taxonomy":"category","embeddable":true,"href":"https:\/\/semmelweis.hu\/nepegeszsegtan\/wp-json\/wp\/v2\/categories?post=2559"},{"taxonomy":"post_tag","embeddable":true,"href":"https:\/\/semmelweis.hu\/nepegeszsegtan\/wp-json\/wp\/v2\/tags?post=2559"}],"curies":[{"name":"wp","href":"https:\/\/api.w.org\/{rel}","templated":true}]}}