{"id":446,"date":"2023-02-14T09:18:56","date_gmt":"2023-02-14T08:18:56","guid":{"rendered":"https:\/\/semmelweis.hu\/neoa\/?page_id=446"},"modified":"2026-03-10T16:33:43","modified_gmt":"2026-03-10T15:33:43","slug":"dokumentumtar","status":"publish","type":"page","link":"https:\/\/semmelweis.hu\/neoa\/dokumentumtar\/","title":{"rendered":"Dokumentumt\u00e1r"},"content":{"rendered":"<h4><strong>Magyar (Hungarian):<\/strong><\/h4>\n<ul>\n<li><a href=\"https:\/\/semmelweis.hu\/neoa\/files\/2026\/03\/NEOA_AO_mod_20260126_kozzetetel.pdf\">Alap\u00edt\u00f3 okirat<\/a><\/li>\n<li><a href=\"https:\/\/semmelweis.hu\/neoa\/files\/2023\/03\/NEOA-SZMSZ-20221114.pdf\">Szervezeti \u00e9s M\u0171k\u00f6d\u00e9si Szab\u00e1lyzat<\/a><\/li>\n<li><a href=\"https:\/\/semmelweis.hu\/neoa\/files\/2023\/03\/NEOA-Kozerdeku-adat-szabalyzat-20221114.pdf\">K\u00f6z\u00e9rdek\u0171 Adat Szab\u00e1lyzat<\/a><\/li>\n<li><a href=\"https:\/\/semmelweis.hu\/neoa\/files\/2023\/03\/NEOA-Adatvedelmi-Szabalyzat-20221212.pdf\">Adatv\u00e9delmi Szab\u00e1lyzat<\/a><\/li>\n<li><a href=\"https:\/\/semmelweis.hu\/neoa\/files\/2023\/10\/Tamogatasi-szabalyzat-20230907.pdf\">T\u00e1mogat\u00e1si szab\u00e1lyzat<\/a><\/li>\n<li><a href=\"https:\/\/semmelweis.hu\/neoa\/files\/2022\/05\/2021-beszamolo-jelentessel.pdf\">2021 besz\u00e1mol\u00f3 jelent\u00e9ssel<\/a><\/li>\n<li><a href=\"https:\/\/semmelweis.hu\/neoa\/files\/2023\/07\/NEOA_2022_Beszamolo_jelentessel_alairt.pdf\">2022 besz\u00e1mol\u00f3 jelent\u00e9ssel<\/a><\/li>\n<li><a href=\"https:\/\/semmelweis.hu\/neoa\/files\/2024\/09\/NEOA_2023_eves_beszamolo_20240527_ALAIRT.pdf\">2023 besz\u00e1mol\u00f3 jelent\u00e9ssel<\/a><\/li>\n<li><a href=\"https:\/\/semmelweis.hu\/neoa\/files\/2025\/08\/NEOA_2024_Beszamolo_signed.pdf\">2024 besz\u00e1mol\u00f3 jelent\u00e9ssel<\/a><\/li>\n<\/ul>\n<h4><strong>English (Angol):\u00a0<\/strong><\/h4>\n<ul>\n<li><a href=\"https:\/\/semmelweis.hu\/neoa\/files\/2023\/04\/Privacy-and-Data-Security-Policy-en-US.pdf\">Privacy and Data Security Policy en-US<\/a><\/li>\n<li><a href=\"https:\/\/semmelweis.hu\/neoa\/files\/2023\/04\/Grant-Policy-20230406-en-US.pdf\">Grant Policy en-US<\/a><\/li>\n<\/ul>\n","protected":false},"excerpt":{"rendered":"<p>Magyar (Hungarian):<\/p>\n<p><a href=\"https:\/\/semmelweis.hu\/neoa\/files\/2026\/03\/NEOA_AO_mod_20260126_kozzetetel.pdf\">Alap\u00edt\u00f3 okirat<\/a><br \/>\n<a href=\"https:\/\/semmelweis.hu\/neoa\/files\/2023\/03\/NEOA-SZMSZ-20221114.pdf\">Szervezeti \u00e9s M\u0171k\u00f6d\u00e9si Szab\u00e1lyzat<\/a><br \/>\n<a href=\"https:\/\/semmelweis.hu\/neoa\/files\/2023\/03\/NEOA-Kozerdeku-adat-szabalyzat-20221114.pdf\">K\u00f6z\u00e9rdek\u0171 Adat Szab\u00e1lyzat<\/a><br \/>\n<a href=\"https:\/\/semmelweis.hu\/neoa\/files\/2023\/03\/NEOA-Adatvedelmi-Szabalyzat-20221212.pdf\">Adatv\u00e9delmi Szab\u00e1lyzat<\/a><br \/>\n<a href=\"https:\/\/semmelweis.hu\/neoa\/files\/2023\/10\/Tamogatasi-szabalyzat-20230907.pdf\">T\u00e1mogat\u00e1si szab\u00e1lyzat<\/a><br \/>\n<a href=\"https:\/\/semmelweis.hu\/neoa\/files\/2022\/05\/2021-beszamolo-jelentessel.pdf\">2021 besz\u00e1mol\u00f3 jelent\u00e9ssel<\/a><br \/>\n<a href=\"https:\/\/semmelweis.hu\/neoa\/files\/2023\/07\/NEOA_2022_Beszamolo_jelentessel_alairt.pdf\">2022 besz\u00e1mol\u00f3 jelent\u00e9ssel<\/a><br \/>\n<a href=\"https:\/\/semmelweis.hu\/neoa\/files\/2024\/09\/NEOA_2023_eves_beszamolo_20240527_ALAIRT.pdf\">2023 besz\u00e1mol\u00f3 jelent\u00e9ssel<\/a><br \/>\n<a href=\"https:\/\/semmelweis.hu\/neoa\/files\/2025\/08\/NEOA_2024_Beszamolo_signed.pdf\">2024 besz\u00e1mol\u00f3 jelent\u00e9ssel<\/a><\/p>\n<p>English (Angol):\u00a0<\/p>\n<p><a href=\"https:\/\/semmelweis.hu\/neoa\/files\/2023\/04\/Privacy-and-Data-Security-Policy-en-US.pdf\">Privacy and Data Security Policy en-US<\/a><br \/>\n<a href=\"https:\/\/semmelweis.hu\/neoa\/files\/2023\/04\/Grant-Policy-20230406-en-US.pdf\">Grant Policy en-US<\/a><\/p>\n","protected":false},"author":102168,"featured_media":0,"parent":0,"menu_order":3,"comment_status":"closed","ping_status":"closed","template":"","meta":{"_acf_changed":false,"footnotes":""},"categories":[],"tags":[],"class_list":["post-446","page","type-page","status-publish","hentry"],"acf":[],"_links":{"self":[{"href":"https:\/\/semmelweis.hu\/neoa\/wp-json\/wp\/v2\/pages\/446","targetHints":{"allow":["GET"]}}],"collection":[{"href":"https:\/\/semmelweis.hu\/neoa\/wp-json\/wp\/v2\/pages"}],"about":[{"href":"https:\/\/semmelweis.hu\/neoa\/wp-json\/wp\/v2\/types\/page"}],"author":[{"embeddable":true,"href":"https:\/\/semmelweis.hu\/neoa\/wp-json\/wp\/v2\/users\/102168"}],"replies":[{"embeddable":true,"href":"https:\/\/semmelweis.hu\/neoa\/wp-json\/wp\/v2\/comments?post=446"}],"version-history":[{"count":10,"href":"https:\/\/semmelweis.hu\/neoa\/wp-json\/wp\/v2\/pages\/446\/revisions"}],"predecessor-version":[{"id":1158,"href":"https:\/\/semmelweis.hu\/neoa\/wp-json\/wp\/v2\/pages\/446\/revisions\/1158"}],"wp:attachment":[{"href":"https:\/\/semmelweis.hu\/neoa\/wp-json\/wp\/v2\/media?parent=446"}],"wp:term":[{"taxonomy":"category","embeddable":true,"href":"https:\/\/semmelweis.hu\/neoa\/wp-json\/wp\/v2\/categories?post=446"},{"taxonomy":"post_tag","embeddable":true,"href":"https:\/\/semmelweis.hu\/neoa\/wp-json\/wp\/v2\/tags?post=446"}],"curies":[{"name":"wp","href":"https:\/\/api.w.org\/{rel}","templated":true}]}}