{"id":391,"date":"2021-09-29T08:47:09","date_gmt":"2021-09-29T06:47:09","guid":{"rendered":"https:\/\/semmelweis.hu\/modellvaltas\/?page_id=391"},"modified":"2023-06-05T15:01:48","modified_gmt":"2023-06-05T13:01:48","slug":"az-alapitvany-adatai","status":"publish","type":"page","link":"https:\/\/semmelweis.hu\/neoa\/az-alapitvany-adatai\/","title":{"rendered":"Az Alap\u00edtv\u00e1ny adatai"},"content":{"rendered":"<h4>Az Alap\u00edtv\u00e1nyt nyilv\u00e1ntart\u00e1sba vette:<\/h4>\n<p><strong>F\u0151v\u00e1rosi T\u00f6rv\u00e9nysz\u00e9k, \u00fcgy-\u00e9s sorsz\u00e1m:<\/strong> 12.Pk.60.378\/2021\/2.<br \/>\n<strong>T\u00f6rzsk\u00f6nyvi azonos\u00edt\u00f3 sz\u00e1m (PIR):<\/strong> 311399<br \/>\n<strong>C\u00edm:<\/strong> 1055 Budapest, Mark\u00f3 u.27.<br \/>\n<strong>Postac\u00edm:<\/strong> 1363 Pf.16.<br \/>\n<strong>Honlap:<\/strong> <a href=\"https:\/\/fovarositorvenyszek.birosag.hu\/\" target=\"_blank\" rel=\"noopener\">https:\/\/fovarositorvenyszek.birosag.hu\/<\/a><\/p>\n<h4>KAPCSOLAT:<\/h4>\n<p><strong>Az Alap\u00edtv\u00e1ny sz\u00e9khelye \u00e9s postac\u00edme:<\/strong> 1085 Budapest, \u00dcll\u0151i \u00fat 26.<strong><br \/>\nAz Alap\u00edtv\u00e1ny email c\u00edme:<\/strong>\u00a0<a href=\"mailto:neo.alapitvany@semmelweis.hu\">neo.alapitvany@semmelweis.hu<\/a><strong><br \/>\n<\/strong><strong>Az Alap\u00edtv\u00e1ny telefonos el\u00e9rhet\u0151s\u00e9ge:<\/strong> +36 (1) 459-1500 \/ 55256<\/p>\n<p><strong>Kapcsolattart\u00e1s\u00e9rt felel\u0151s: <\/strong>dr. Szab\u00f3 Imre, kurat\u00f3riumi titk\u00e1r<\/p>\n<p><em>Az Alap\u00edtv\u00e1nyn\u00e1l \u00fcgyf\u00e9lszolg\u00e1lat nem m\u0171k\u00f6dik, ez\u00e9rt a szem\u00e9lyes \u00fcgyf\u00e9lfogad\u00e1s el\u0151zetes egyeztet\u00e9s alapj\u00e1n lehets\u00e9ges, a fent megadott el\u00e9rhet\u0151s\u00e9geken.<\/em><\/p>\n<h4>Adatv\u00e9delem:<\/h4>\n<p><strong>Adatv\u00e9delmi tisztvisel\u0151:<\/strong> dr. Szab\u00f3 Imre<br \/>\n<strong>Postai c\u00edm<\/strong><strong>:<\/strong> 1085 Budapest, \u00dcll\u0151i \u00fat 26.<br \/>\n<strong>E-mail c\u00edm: <\/strong>\u00a0<a href=\"mailto:neo.alapitvany@semmelweis.hu\">neo.alapitvany@semmelweis.hu<\/a><\/p>\n<p>&nbsp;<\/p>\n<p><a class=\"btn btn-secondary\" href=\"https:\/\/semmelweis.hu\/neoa\/az-alapitvany-adatai\/kozerdeku-adatok\/\">TOV\u00c1BB A K\u00d6Z\u00c9RDEK\u0170 ADATOKHOZ \u2192<\/a><\/p>\n<p>&nbsp;<\/p>\n","protected":false},"excerpt":{"rendered":"<p>Az Alap\u00edtv\u00e1nyt nyilv\u00e1ntart\u00e1sba vette: F\u0151v\u00e1rosi T\u00f6rv\u00e9nysz\u00e9k, \u00fcgy-\u00e9s sorsz\u00e1m: 12.Pk.60.378\/2021\/2. T\u00f6rzsk\u00f6nyvi azonos\u00edt\u00f3 sz\u00e1m (PIR): 311399 C\u00edm: 1055 Budapest, Mark\u00f3 u.27. Postac\u00edm: 1363 Pf.16. Honlap: <a href=\"https:\/\/fovarositorvenyszek.birosag.hu\/\" target=\"_blank\" rel=\"noopener\">https:\/\/fovarositorvenyszek.birosag.hu\/<\/a> KAPCSOLAT: Az Alap\u00edtv\u00e1ny sz\u00e9khelye \u00e9s postac\u00edme: 1085 Budapest, \u00dcll\u0151i \u00fat 26. Az Alap\u00edtv\u00e1ny email c\u00edme:\u00a0 <a href=\"mailto:neo.alapitvany@semmelweis.hu\">neo.alapitvany@semmelweis.hu<\/a> Az Alap\u00edtv\u00e1ny telefonos el\u00e9rhet\u0151s\u00e9ge: +36 (1) 459-1500 \/ 55256 Kapcsolattart\u00e1s\u00e9rt felel\u0151s: dr. Szab\u00f3 Imre, kurat\u00f3riumi titk\u00e1r Az &hellip;<\/p>\n","protected":false},"author":12,"featured_media":0,"parent":0,"menu_order":1,"comment_status":"closed","ping_status":"closed","template":"template-fullwidth.php","meta":{"_acf_changed":false,"footnotes":""},"categories":[],"tags":[],"class_list":["post-391","page","type-page","status-publish","hentry"],"acf":[],"_links":{"self":[{"href":"https:\/\/semmelweis.hu\/neoa\/wp-json\/wp\/v2\/pages\/391","targetHints":{"allow":["GET"]}}],"collection":[{"href":"https:\/\/semmelweis.hu\/neoa\/wp-json\/wp\/v2\/pages"}],"about":[{"href":"https:\/\/semmelweis.hu\/neoa\/wp-json\/wp\/v2\/types\/page"}],"author":[{"embeddable":true,"href":"https:\/\/semmelweis.hu\/neoa\/wp-json\/wp\/v2\/users\/12"}],"replies":[{"embeddable":true,"href":"https:\/\/semmelweis.hu\/neoa\/wp-json\/wp\/v2\/comments?post=391"}],"version-history":[{"count":11,"href":"https:\/\/semmelweis.hu\/neoa\/wp-json\/wp\/v2\/pages\/391\/revisions"}],"predecessor-version":[{"id":601,"href":"https:\/\/semmelweis.hu\/neoa\/wp-json\/wp\/v2\/pages\/391\/revisions\/601"}],"wp:attachment":[{"href":"https:\/\/semmelweis.hu\/neoa\/wp-json\/wp\/v2\/media?parent=391"}],"wp:term":[{"taxonomy":"category","embeddable":true,"href":"https:\/\/semmelweis.hu\/neoa\/wp-json\/wp\/v2\/categories?post=391"},{"taxonomy":"post_tag","embeddable":true,"href":"https:\/\/semmelweis.hu\/neoa\/wp-json\/wp\/v2\/tags?post=391"}],"curies":[{"name":"wp","href":"https:\/\/api.w.org\/{rel}","templated":true}]}}