{"id":353,"date":"2021-07-28T15:55:18","date_gmt":"2021-07-28T13:55:18","guid":{"rendered":"https:\/\/semmelweis.hu\/modellvaltas\/?page_id=353"},"modified":"2026-01-29T13:45:47","modified_gmt":"2026-01-29T12:45:47","slug":"about-the-foundation","status":"publish","type":"page","link":"https:\/\/semmelweis.hu\/neoa\/en\/about-the-foundation\/","title":{"rendered":"About the Foundation"},"content":{"rendered":"<p>As of August 1, 2021, Semmelweis University is operating under the control of a public-interest trust foundation. The maintainer of the university is the Foundation for National Health Care and Medical Education (NEOA), whose inaugural meeting was held on July 7, 2021 and whose board of trustees is made up the following members:<\/p>\n<h5>G\u00e1bor Orb\u00e1n<br \/>\nchairman of the Foundation for National Health Care and Medical Education<\/h5>\n<h5><a href=\"https:\/\/semmelweis.hu\/neoa\/files\/2021\/07\/Orb\u00e1n-G\u00e1bor-scaled.jpg\"><img loading=\"lazy\" decoding=\"async\" class=\"alignright wp-image-297 size-medium\" src=\"https:\/\/semmelweis.hu\/neoa\/files\/2021\/07\/Orb\u00e1n-G\u00e1bor-400x267.jpg\" alt=\"\" width=\"400\" height=\"267\" srcset=\"https:\/\/semmelweis.hu\/neoa\/files\/2021\/07\/Orb\u00e1n-G\u00e1bor-400x267.jpg 400w, https:\/\/semmelweis.hu\/neoa\/files\/2021\/07\/Orb\u00e1n-G\u00e1bor-1024x684.jpg 1024w, https:\/\/semmelweis.hu\/neoa\/files\/2021\/07\/Orb\u00e1n-G\u00e1bor-768x513.jpg 768w, https:\/\/semmelweis.hu\/neoa\/files\/2021\/07\/Orb\u00e1n-G\u00e1bor-1536x1025.jpg 1536w, https:\/\/semmelweis.hu\/neoa\/files\/2021\/07\/Orb\u00e1n-G\u00e1bor-2048x1367.jpg 2048w, https:\/\/semmelweis.hu\/neoa\/files\/2021\/07\/Orb\u00e1n-G\u00e1bor-753x503.jpg 753w, https:\/\/semmelweis.hu\/neoa\/files\/2021\/07\/Orb\u00e1n-G\u00e1bor-203x135.jpg 203w\" sizes=\"auto, (max-width: 400px) 100vw, 400px\" \/><\/a><\/h5>\n<p>The CEO of pharmaceutical firm Richter Gedeon Nyrt was born in 1979 in Szolnok. He graduated in finance from the Budapest University of Economics, and later worked at the National Bank of Hungary and the European Central Bank as an economist, and was a senior consultant at Banque Rothschild. In 2007-2013 he was head of the Bonds Division at AEGON Investment Fund Management Zrt., then worked as state secretary for tax and financial affairs from 2013 to 2015. He has been or is currently a member of a supervisor board (at the National Bank of Hungary), a board of directors (Richter Gedeon Nyrt, National Deposit Insurance Fund, Resolution Fund), a board (Advisory Board of the Budapest Stock Exchange), a board of trustees (UNICEF Hungary), a consistory (Consistory of Semmelweis University), and several committees (National Council for Scientific Policy, Hungarian Olympic Committee Budapest 2032 Committee).<\/p>\n<p><a href=\"https:\/\/semmelweis.hu\/neoa\/files\/2021\/07\/Orb\u00e1n-G\u00e1bor-CV.pdf\" target=\"_blank\" rel=\"noopener noreferrer\"><em>G\u00e1bor Orb\u00e1n\u2019s professional CV<\/em><\/a><\/p>\n<hr \/>\n<h5>Dr. R\u00f3bert Jonath\u00e1n Bedros\u00a0<br \/>\nmember of the board of trustees<\/h5>\n<p><a href=\"https:\/\/semmelweis.hu\/neoa\/files\/2021\/07\/IMAGE_1.jpeg\"><img loading=\"lazy\" decoding=\"async\" class=\"alignright wp-image-336 \" src=\"https:\/\/semmelweis.hu\/neoa\/files\/2021\/07\/IMAGE_1-346x400.jpeg\" alt=\"\" width=\"293\" height=\"339\" srcset=\"https:\/\/semmelweis.hu\/neoa\/files\/2021\/07\/IMAGE_1-346x400.jpeg 346w, https:\/\/semmelweis.hu\/neoa\/files\/2021\/07\/IMAGE_1.jpeg 736w\" sizes=\"auto, (max-width: 293px) 100vw, 293px\" \/><\/a><\/p>\n<p>A senior adviser to the prime minister and the chief medical officer of the Szent Imre Hospital, he was born in 1961 in Balassagyarmat. He received his medical degree at Semmelweis University and his degree in economics from the Jozsef Attila University, as well as an academic degree from the Mikl\u00f3s Zr\u00ednyi University of National Defense. He is the founder and director of the Hungarian Society for Obesitology and Physical Therapy and the National Obesitology Center, the editor of the first Hungarian university textbook on obesitology and the initiator of licensed obesitology training in Hungary, and the chairman of the Professional Association Chapter for Internal Medicine, Endocrinology, Diabetes and Metabolism Diseases. He is the deputy for the national director-general for hospitals and the chairman of the board of South Buda Centrum Zrt. He has 33 years of experience working in health care, including 22 as the director of institutions (Interior Ministry Central Hospital and its Institutions, Fl\u00f3r Ferenc Hospital and Szent Imre Hospital). He holds several honors and recognitions, including the Hungarian Order of Merit Knight\u2019s Cross, the Saint George Decoration, Golden Class of the Decoration for Public Service, Hungarian Order of Merit Officer\u2019s Cross, Markusovszky Lajos Award, and the Pro Medicina \u00dajbuda award.<\/p>\n<p><a href=\"https:\/\/semmelweis.hu\/neoa\/files\/2021\/07\/Bedros-J.-R\u00f3bert-Szakmai-\u00d6n\u00e9letrajz-2020.pdf\" target=\"_blank\" rel=\"noopener noreferrer\"><em>Dr. R\u00f3bert J. Bedros\u2019s professional CV<\/em><\/a><\/p>\n<hr \/>\n<h5>Dr. P\u00e9ter Gloviczki<br \/>\nmember of the board of trustees<\/h5>\n<h5><a href=\"https:\/\/semmelweis.hu\/neoa\/files\/2021\/07\/RS128513_Peter-Gloviczki-professional-picture-copy-3-scr.jpg\"><img loading=\"lazy\" decoding=\"async\" class=\"alignright wp-image-298 size-medium\" src=\"https:\/\/semmelweis.hu\/neoa\/files\/2021\/07\/RS128513_Peter-Gloviczki-professional-picture-copy-3-scr-400x291.jpg\" alt=\"\" width=\"400\" height=\"291\" srcset=\"https:\/\/semmelweis.hu\/neoa\/files\/2021\/07\/RS128513_Peter-Gloviczki-professional-picture-copy-3-scr-400x291.jpg 400w, https:\/\/semmelweis.hu\/neoa\/files\/2021\/07\/RS128513_Peter-Gloviczki-professional-picture-copy-3-scr-1024x745.jpg 1024w, https:\/\/semmelweis.hu\/neoa\/files\/2021\/07\/RS128513_Peter-Gloviczki-professional-picture-copy-3-scr-768x559.jpg 768w, https:\/\/semmelweis.hu\/neoa\/files\/2021\/07\/RS128513_Peter-Gloviczki-professional-picture-copy-3-scr-753x548.jpg 753w, https:\/\/semmelweis.hu\/neoa\/files\/2021\/07\/RS128513_Peter-Gloviczki-professional-picture-copy-3-scr.jpg 1200w\" sizes=\"auto, (max-width: 400px) 100vw, 400px\" \/><\/a><\/h5>\n<p>The Professor and Chair Emeritus of the Division of Vascular and Endovascular Surgery at the US Mayo Clinic, he was born in 1948 in Ny\u00edregyh\u00e1za. He graduated from Semmelweis University in 1972, and later worked at the V\u00e1rosmajor Heart and Vascular Center and the St. Michel and St. Joseph hospitals in Paris. He was elected president of the US Vascular Society in 2003. He has held positions as the president of the International Union of Angiology, the American Venous Forum and the World Federation of Vascular Societies, among others. He is honorary member of 19 societies, including the Hungarian Society of Surgeons and the Hungarian Angiology and Vascular Surgery Society, as well as the Canada, Argentina, France, Brazil, Poland, Czech, German and European Vascular Surgery Societies. Semmelweis University has bestowed upon him the title of \u201cDoctor Honoris Causa,\u201d and the US-Hungary Fund honored him with a George Washington Award. In 2020, he received the Semmelweis Budapest Award.<\/p>\n<p><a href=\"https:\/\/semmelweis.hu\/neoa\/files\/2021\/07\/Peter-Gloviczki-CV.pdf\" target=\"_blank\" rel=\"noopener noreferrer\"><em>Dr. P\u00e9ter Gloviczki\u2019s professional CV<\/em><\/a><\/p>\n<hr \/>\n<h5>Dr. B\u00e9la\u00a0Merkely<br \/>\nmember of the board of trustees<\/h5>\n<p><a href=\"https:\/\/semmelweis.hu\/neoa\/files\/2021\/07\/D__CC20210709013-scaled.jpg\"><img loading=\"lazy\" decoding=\"async\" class=\"alignright wp-image-348 size-medium\" src=\"https:\/\/semmelweis.hu\/neoa\/files\/2021\/07\/D__CC20210709013-400x266.jpg\" alt=\"\" width=\"400\" height=\"266\" srcset=\"https:\/\/semmelweis.hu\/neoa\/files\/2021\/07\/D__CC20210709013-400x266.jpg 400w, https:\/\/semmelweis.hu\/neoa\/files\/2021\/07\/D__CC20210709013-1024x682.jpg 1024w, https:\/\/semmelweis.hu\/neoa\/files\/2021\/07\/D__CC20210709013-768x511.jpg 768w, https:\/\/semmelweis.hu\/neoa\/files\/2021\/07\/D__CC20210709013-1536x1022.jpg 1536w, https:\/\/semmelweis.hu\/neoa\/files\/2021\/07\/D__CC20210709013-2048x1363.jpg 2048w, https:\/\/semmelweis.hu\/neoa\/files\/2021\/07\/D__CC20210709013-753x501.jpg 753w, https:\/\/semmelweis.hu\/neoa\/files\/2021\/07\/D__CC20210709013-203x135.jpg 203w\" sizes=\"auto, (max-width: 400px) 100vw, 400px\" \/><\/a><\/p>\n<p>The rector of Semmelweis University was born in 1966 in Budapest. He graduated summa cum laude from Semmelweis University with a medical degree. He is the head of Semmelweis University\u2019s Department of Cardiology, the director of the Heart and Vascular Center, and president of the Cardiology Chapter of the Health Care Professionals Association. He is the recipient of several awards and recognitions, among others the Bolyai Research Scholarship of the Hungarian Academy of Sciences, the Semmelweis University Tutor Award of the Scientific Student\u2019s Organization, the Pro Societate Award of the Hungarian Society of Cardiology, the Bolyai Award of the Hungarian Academy of Sciences, the Jendrassik Ern\u0151 Award, the Hungarian Academy of Sciences\u2019 Award for Excellence, the Order of Merit of the Hungarian Republic, Officer\u2019s Cross, the G\u00e1bor D\u00e9nes Award, the Order of Merit of the Hungarian Republic, Commander Cross, and the Sz\u00e9chenyi Award.<\/p>\n<p><a href=\"https:\/\/semmelweis.hu\/english\/about-semmelweis-university\/leaders-of-the-university\/rector\/\" target=\"_blank\" rel=\"noopener noreferrer\"><em>Dr. B\u00e9la Merkely\u2019s professional CV<\/em><\/a><\/p>\n<hr \/>\n<h5>Dr.\u00a0Mikl\u00f3s\u00a0Sz\u00f3cska<br \/>\nmember of the board of trustees<\/h5>\n<h5><a href=\"https:\/\/semmelweis.hu\/neoa\/files\/2021\/07\/RS125147_szocska_miklos2-scr.jpg\"><img loading=\"lazy\" decoding=\"async\" class=\"alignright wp-image-301 size-medium\" src=\"https:\/\/semmelweis.hu\/neoa\/files\/2021\/07\/RS125147_szocska_miklos2-scr-400x230.jpg\" alt=\"\" width=\"400\" height=\"230\" srcset=\"https:\/\/semmelweis.hu\/neoa\/files\/2021\/07\/RS125147_szocska_miklos2-scr-400x230.jpg 400w, https:\/\/semmelweis.hu\/neoa\/files\/2021\/07\/RS125147_szocska_miklos2-scr-768x441.jpg 768w, https:\/\/semmelweis.hu\/neoa\/files\/2021\/07\/RS125147_szocska_miklos2-scr-753x433.jpg 753w, https:\/\/semmelweis.hu\/neoa\/files\/2021\/07\/RS125147_szocska_miklos2-scr.jpg 940w\" sizes=\"auto, (max-width: 400px) 100vw, 400px\" \/><\/a><\/h5>\n<p>The dean of the Faculty of Health and Public Administration was born in 1960 in Budapest. After graduating from Semmelweis University, he received a Master of Public Administration degree from Harvard University\u2019s John. F. Kennedy School of Government, as well as a PhD degree at Semmelweis University. He has been project leader, deputy director, acting director, and since 2014, the director of the Health Services Management Training Center. His public offices include being the member of the supervisory board of the Health Care Insurance Fund elected by Parliament, and later an adviser to the public administration state secretary of the Ministry of National Welfare on matters relating to the Presidency of the Health Insurance Self-Government. Between 2010-2014, he was state secretary for health care. His notable positions include being member of the board of the European Health Forum Gastein, the scientific advisory board of the WHO Euro Commission on Health and Sustainable Development, as well as his work in the COVID-19 advisory panel to the president of the European Commission and in the COVID-19 advisory platform. In 2011-12, he was a member of the European Union\u2019s E-Health Task Force, which formulated the strategy for European digital health care, under the leadership of the Estonian president Thomas Hendrik Ilves.<\/p>\n<p><a href=\"https:\/\/semmelweis.hu\/neoa\/files\/2026\/01\/251216_SzocskaM_cv_NEOA.pdf\" target=\"_blank\" rel=\"noopener noreferrer\"><em>Dr. Mikl\u00f3s Sz\u00f3cska\u2019s professional CV<\/em><\/a><\/p>\n","protected":false},"excerpt":{"rendered":"<p>As of August 1, 2021, Semmelweis University is operating under the control of a public-interest trust foundation. The maintainer of the university is the Foundation for National Health Care and Medical Education (NEOA), whose inaugural meeting was held on July 7, 2021 and whose board of trustees is made up the following members: G\u00e1bor Orb\u00e1n &hellip;<\/p>\n","protected":false},"author":101535,"featured_media":0,"parent":0,"menu_order":1,"comment_status":"closed","ping_status":"closed","template":"template-fullwidth.php","meta":{"_acf_changed":false,"footnotes":""},"categories":[],"tags":[],"class_list":["post-353","page","type-page","status-publish","hentry"],"acf":[],"_links":{"self":[{"href":"https:\/\/semmelweis.hu\/neoa\/wp-json\/wp\/v2\/pages\/353","targetHints":{"allow":["GET"]}}],"collection":[{"href":"https:\/\/semmelweis.hu\/neoa\/wp-json\/wp\/v2\/pages"}],"about":[{"href":"https:\/\/semmelweis.hu\/neoa\/wp-json\/wp\/v2\/types\/page"}],"author":[{"embeddable":true,"href":"https:\/\/semmelweis.hu\/neoa\/wp-json\/wp\/v2\/users\/101535"}],"replies":[{"embeddable":true,"href":"https:\/\/semmelweis.hu\/neoa\/wp-json\/wp\/v2\/comments?post=353"}],"version-history":[{"count":10,"href":"https:\/\/semmelweis.hu\/neoa\/wp-json\/wp\/v2\/pages\/353\/revisions"}],"predecessor-version":[{"id":1138,"href":"https:\/\/semmelweis.hu\/neoa\/wp-json\/wp\/v2\/pages\/353\/revisions\/1138"}],"wp:attachment":[{"href":"https:\/\/semmelweis.hu\/neoa\/wp-json\/wp\/v2\/media?parent=353"}],"wp:term":[{"taxonomy":"category","embeddable":true,"href":"https:\/\/semmelweis.hu\/neoa\/wp-json\/wp\/v2\/categories?post=353"},{"taxonomy":"post_tag","embeddable":true,"href":"https:\/\/semmelweis.hu\/neoa\/wp-json\/wp\/v2\/tags?post=353"}],"curies":[{"name":"wp","href":"https:\/\/api.w.org\/{rel}","templated":true}]}}