{"id":175,"date":"2021-02-16T08:07:20","date_gmt":"2021-02-16T07:07:20","guid":{"rendered":"https:\/\/semmelweis.hu\/modellvaltas\/?page_id=175"},"modified":"2023-02-14T10:37:52","modified_gmt":"2023-02-14T09:37:52","slug":"a-modellvaltas-celja","status":"publish","type":"page","link":"https:\/\/semmelweis.hu\/neoa\/az-alapitvanyrol\/a-modellvaltas-celja\/","title":{"rendered":"A modellv\u00e1lt\u00e1s c\u00e9lja"},"content":{"rendered":"<p><img loading=\"lazy\" decoding=\"async\" class=\"aligncenter size-full wp-image-29\" src=\"https:\/\/semmelweis.hu\/neoa\/files\/2021\/01\/modellvaltas-desktop-slide.jpg\" alt=\"\" width=\"1280\" height=\"420\" srcset=\"https:\/\/semmelweis.hu\/neoa\/files\/2021\/01\/modellvaltas-desktop-slide.jpg 1280w, https:\/\/semmelweis.hu\/neoa\/files\/2021\/01\/modellvaltas-desktop-slide-400x131.jpg 400w, https:\/\/semmelweis.hu\/neoa\/files\/2021\/01\/modellvaltas-desktop-slide-1024x336.jpg 1024w, https:\/\/semmelweis.hu\/neoa\/files\/2021\/01\/modellvaltas-desktop-slide-768x252.jpg 768w, https:\/\/semmelweis.hu\/neoa\/files\/2021\/01\/modellvaltas-desktop-slide-753x247.jpg 753w\" sizes=\"auto, (max-width: 1280px) 100vw, 1280px\" \/><\/p>\n<p style=\"text-align: justify\">A Semmelweis Egyetem nemzetk\u00f6zi h\u00edr\u0171, ismert \u00e9s elismert fels\u0151oktat\u00e1si int\u00e9zm\u00e9ny, amely region\u00e1lis szinten is vezet\u0151 szerepet v\u00edvott ki mag\u00e1nak az orvos- \u00e9s eg\u00e9szs\u00e9gtudom\u00e1nyi ter\u00fcleten. Az egyetem ugyanakkor a jelenlegi mindennapokat meghat\u00e1roz\u00f3 keretrendszerben el\u00e9rte fejl\u0151d\u00e9s\u00e9nek hat\u00e1rait. A glob\u00e1lis fels\u0151oktat\u00e1si piachoz val\u00f3 proakt\u00edv alkalmazkod\u00e1shoz, a vil\u00e1gsz\u00ednvonal\u00fa, nemzetk\u00f6zi kutat\u00e1sokban val\u00f3 r\u00e9szv\u00e9telhez \u00e9s a klinikai betegell\u00e1t\u00e1s meg\u00fajul\u00e1s\u00e1hoz egy rugalmasabb m\u0171k\u00f6d\u00e9si strukt\u00far\u00e1ra van sz\u00fcks\u00e9g. A modellv\u00e1lt\u00e1s \u00faj ir\u00e1nyt adhat az egyetem j\u00f6v\u0151j\u00e9nek \u00e9s lend\u00fcletes, dinamikus p\u00e1ly\u00e1ra \u00e1ll\u00edthatja. Az \u00faj, rugalmasabb strukt\u00fara lehet\u0151v\u00e9 teszi, hogy m\u00e9g jobban meg tudjon felelni a t\u00e1rsadalmi, gazdas\u00e1gi, tud\u00e1sipari kih\u00edv\u00e1soknak, valamint a magas min\u0151s\u00e9gi elv\u00e1r\u00e1soknak. \u00a0<\/p>\n<h4>Saj\u00e1t k\u00e9zbe ker\u00fcl\u0151 infrastrukt\u00fara, n\u00f6vekv\u0151 gazd\u00e1lkod\u00e1si szabads\u00e1g<\/h4>\n<p style=\"text-align: justify\">Az \u00faj rendszerben az egyetem kiker\u00fcl a k\u00f6zvetlen \u00e1llami fenntart\u00e1s\u00fa int\u00e9zm\u00e9nyek k\u00f6r\u00e9b\u0151l, a feladatell\u00e1t\u00e1s\u00e1hoz k\u00f6zvetlen\u00fcl sz\u00fcks\u00e9ges infrastrukt\u00fara pedig saj\u00e1t tulajdon\u00e1ba ker\u00fcl. Sz\u00e9lesebb k\u00f6r\u0171 rendelkez\u00e9si jog jelenik meg a saj\u00e1t tulajdon\u00fa vagyon felett, n\u00f6vekedhet a gazd\u00e1lkod\u00e1si szabads\u00e1g, rugalmasabb elj\u00e1r\u00e1si \u00e9s beszerz\u00e9si szab\u00e1lyokat alkalmazhat az egyetem. Cs\u00f6kkenhetnek az adminisztr\u00e1ci\u00f3s terhek, egyszer\u0171bb\u00e9 v\u00e1lhatnak a d\u00f6nt\u00e9shozatali mechanizmusok. Az \u00faj m\u0171k\u00f6d\u00e9si modell megnyitja a dolgoz\u00f3k motiv\u00e1l\u00e1s\u00e1nak, \u00f6szt\u00f6nz\u00e9s\u00e9nek sz\u00e9lesebb lehet\u0151s\u00e9g\u00e9t, mik\u00f6zben sz\u00e1mos garanci\u00e1t \u00e9p\u00edt\u00fcnk be annak \u00e9rdek\u00e9ben, hogy ne csorbuljanak munkav\u00e1llal\u00f3ink eddigi jogai, juttat\u00e1sai, a bevezetett \u00e9letp\u00e1lyamodellek k\u00edn\u00e1lta lehet\u0151s\u00e9gek.<\/p>\n<h4>Eur\u00f3pa legkiv\u00e1l\u00f3bb orvos-eg\u00e9szs\u00e9g\u00fcgyi szakembereinek k\u00e9pz\u0151helye<\/h4>\n<p style=\"text-align: justify\">Az \u00e1llami finansz\u00edroz\u00e1s\u00fa k\u00e9pz\u00e9sek t\u00edpus\u00e1t, \u00f6sszet\u00e9tel\u00e9t, nagys\u00e1grendj\u00e9t a m\u0171k\u00f6d\u00e9si modell v\u00e1ltoz\u00e1sa nem befoly\u00e1solja kedvez\u0151tlen\u00fcl, vagyis nem cs\u00f6kken az \u00e1llam \u00e1ltal finansz\u00edrozott f\u00e9r\u0151helyek sz\u00e1ma, \u00e9s v\u00e1ltozatlanok maradnak a hallgat\u00f3k sz\u00e1m\u00e1ra ny\u00fajtott juttat\u00e1sok (pl. \u00f6szt\u00f6nd\u00edj, koll\u00e9gium) is. Ugyanakkor \u00faj lehet\u0151s\u00e9geket nyit meg a modellv\u00e1lt\u00e1s. C\u00e9lunk, hogy a Semmelweis Egyetemen k\u00e9pezz\u00fck Eur\u00f3pa legkiv\u00e1l\u00f3bb orvosait, fogorvosait, gy\u00f3gyszer\u00e9szeit, konduktorait, eg\u00e9szs\u00e9g\u00fcgyi szakembereit, menedzsereit. A nemzetk\u00f6zi hallgat\u00f3inak sz\u00e1ma m\u00e1r most is folyamatosan b\u0151v\u00fcl a k\u00f6z\u00f6ss\u00e9gen bel\u00fcl, a fejleszt\u00e9seknek k\u00f6sz\u00f6nhet\u0151en az Eur\u00f3pai Uni\u00f3 orvosk\u00e9pz\u00e9si nagyhatalm\u00e1v\u00e1 v\u00e1lhat az int\u00e9zm\u00e9ny, mik\u00f6zben az EU-n k\u00edv\u00fcli orsz\u00e1gok fel\u00e9 is nyithat.<\/p>\n<h4>V\u00e1ltozatlan tb-ell\u00e1t\u00e1s, n\u00f6vekv\u0151 sz\u00ednvonal\u00fa klinikai h\u00e1tt\u00e9r<\/h4>\n<p style=\"text-align: justify\">A modellv\u00e1lt\u00e1ssal v\u00e1ltozatlan marad az egyetem t\u00e1rsadalombiztos\u00edt\u00e1s \u00e1ltal finansz\u00edrozott betegell\u00e1t\u00f3 tev\u00e9kenys\u00e9ge, ugyanakkor a v\u00e1ltoz\u00e1s lehet\u0151v\u00e9 teszi a sz\u00ednvonal tov\u00e1bbi emel\u00e9s\u00e9t, a teljes k\u00f6zell\u00e1t\u00e1si portf\u00f3li\u00f3 kialak\u00edt\u00e1s\u00e1t, fokozva a magyar lakoss\u00e1g eg\u00e9szs\u00e9gbiztons\u00e1g\u00e1t, n\u00f6velve az eg\u00e9szs\u00e9g\u00fcgyi ell\u00e1t\u00e1s ir\u00e1nti bizalmat.<\/p>\n<h4>Kiemelked\u0151 eg\u00e9szs\u00e9g- \u00e9s gy\u00f3gyszeripari fejleszt\u00e9sek<\/h4>\n<p style=\"text-align: justify\">Az \u00faj m\u0171k\u00f6d\u00e9si modell t\u00e1mogatja a nemzetstrat\u00e9giai szempontb\u00f3l is kiemelt eg\u00e9szs\u00e9g- \u00e9s gy\u00f3gyszeripari fejleszt\u00e9sek megval\u00f3sul\u00e1s\u00e1t, el\u0151t\u00e9rbe helyezve a nemzeti ipari egy\u00fcttm\u0171k\u00f6d\u00e9seket, forr\u00e1sokat bevonva a nemzetk\u00f6zi v\u00e1llalati szektorral megval\u00f3sul\u00f3 kooper\u00e1ci\u00f3kb\u00f3l.<\/p>\n<p style=\"text-align: justify\">\u00d6sszegezve, a kialakul\u00f3 \u00faj m\u0171k\u00f6d\u00e9si forma, a \u201eSemmelweis-modell\u201d, valamint a hozz\u00e1 kapcsol\u00f3d\u00f3 fejleszt\u00e9sek hozz\u00e1j\u00e1rulnak egy vil\u00e1gsz\u00ednvonal\u00fa orvos- \u00e9s eg\u00e9szs\u00e9gtudom\u00e1nyi egyetem l\u00e9trej\u00f6tt\u00e9hez, \u00e9s annak a c\u00e9lnak az el\u00e9r\u00e9s\u00e9hez, hogy a Semmelweis Egyetem beker\u00fclj\u00f6n a vil\u00e1g 100 legjobb fels\u0151oktat\u00e1si int\u00e9zm\u00e9nye, \u00e9s Eur\u00f3pa 5 legjobb gy\u00f3gy\u00edt\u00f3 egyeteme k\u00f6z\u00e9.<\/p>\n<p>&nbsp;<\/p>\n<p>Elindult a modellv\u00e1lt\u00e1s korm\u00e1nyzati honlapja: <a href=\"https:\/\/modellvaltas.kormany.hu\/\" target=\"_blank\" rel=\"noopener noreferrer\">www.modellvaltas.kormany.hu<\/a><\/p>\n","protected":false},"excerpt":{"rendered":"<p>A Semmelweis Egyetem nemzetk\u00f6zi h\u00edr\u0171, ismert \u00e9s elismert fels\u0151oktat\u00e1si int\u00e9zm\u00e9ny, amely region\u00e1lis szinten is vezet\u0151 szerepet v\u00edvott ki mag\u00e1nak az orvos- \u00e9s eg\u00e9szs\u00e9gtudom\u00e1nyi ter\u00fcleten. Az egyetem ugyanakkor a jelenlegi mindennapokat meghat\u00e1roz\u00f3 keretrendszerben el\u00e9rte fejl\u0151d\u00e9s\u00e9nek hat\u00e1rait. A glob\u00e1lis fels\u0151oktat\u00e1si piachoz val\u00f3 proakt\u00edv alkalmazkod\u00e1shoz, a vil\u00e1gsz\u00ednvonal\u00fa, nemzetk\u00f6zi kutat\u00e1sokban val\u00f3 r\u00e9szv\u00e9telhez \u00e9s a klinikai betegell\u00e1t\u00e1s meg\u00fajul\u00e1s\u00e1hoz egy rugalmasabb &hellip;<\/p>\n","protected":false},"author":12,"featured_media":0,"parent":290,"menu_order":0,"comment_status":"closed","ping_status":"closed","template":"","meta":{"_acf_changed":false,"footnotes":""},"categories":[],"tags":[],"class_list":["post-175","page","type-page","status-publish","hentry"],"acf":[],"_links":{"self":[{"href":"https:\/\/semmelweis.hu\/neoa\/wp-json\/wp\/v2\/pages\/175","targetHints":{"allow":["GET"]}}],"collection":[{"href":"https:\/\/semmelweis.hu\/neoa\/wp-json\/wp\/v2\/pages"}],"about":[{"href":"https:\/\/semmelweis.hu\/neoa\/wp-json\/wp\/v2\/types\/page"}],"author":[{"embeddable":true,"href":"https:\/\/semmelweis.hu\/neoa\/wp-json\/wp\/v2\/users\/12"}],"replies":[{"embeddable":true,"href":"https:\/\/semmelweis.hu\/neoa\/wp-json\/wp\/v2\/comments?post=175"}],"version-history":[{"count":6,"href":"https:\/\/semmelweis.hu\/neoa\/wp-json\/wp\/v2\/pages\/175\/revisions"}],"predecessor-version":[{"id":400,"href":"https:\/\/semmelweis.hu\/neoa\/wp-json\/wp\/v2\/pages\/175\/revisions\/400"}],"up":[{"embeddable":true,"href":"https:\/\/semmelweis.hu\/neoa\/wp-json\/wp\/v2\/pages\/290"}],"wp:attachment":[{"href":"https:\/\/semmelweis.hu\/neoa\/wp-json\/wp\/v2\/media?parent=175"}],"wp:term":[{"taxonomy":"category","embeddable":true,"href":"https:\/\/semmelweis.hu\/neoa\/wp-json\/wp\/v2\/categories?post=175"},{"taxonomy":"post_tag","embeddable":true,"href":"https:\/\/semmelweis.hu\/neoa\/wp-json\/wp\/v2\/tags?post=175"}],"curies":[{"name":"wp","href":"https:\/\/api.w.org\/{rel}","templated":true}]}}