{"id":40,"date":"2023-02-02T10:51:57","date_gmt":"2023-02-02T09:51:57","guid":{"rendered":"https:\/\/semmelweis.hu\/nap\/?page_id=40"},"modified":"2024-10-11T15:53:35","modified_gmt":"2024-10-11T13:53:35","slug":"se-nap-human-agyminta-bank-mikrodisszekcios-kutatocsoport","status":"publish","type":"page","link":"https:\/\/semmelweis.hu\/nap\/nap-3-0\/se-nap-human-agyminta-bank-mikrodisszekcios-kutatocsoport\/","title":{"rendered":"Hum\u00e1n Agyminta Bank Mikrodisszekci\u00f3s Kutat\u00f3csoport"},"content":{"rendered":"<h3>Hum\u00e1n agymint\u00e1k minta\u00e1llom\u00e1ny\u00e1nak n\u00f6vel\u00e9se \u00e9s az agymint\u00e1k folyamatos biztos\u00edt\u00e1sa tudom\u00e1nyos kutat\u00e1sok c\u00e9ljaira<\/h3>\n<div class=\"keretes w-100\">\n<h6><strong>SE-NAP Hum\u00e1n Agyminta Bank Mikrodisszekci\u00f3s Kutat\u00f3csoport<\/strong><\/h6>\n<p>Vezet\u0151k: Prof. Dr. Palkovits Mikl\u00f3s \u00e9s Dr. Dobolyin\u00e9 dr. Renner \u00c9va<br \/>\ne-mail: palkovits.miklos@semmelweis.hu<br \/>\ne-mail: renner.eva@semmelweis.hu<\/p>\n<\/div>\n<p style=\"text-align: center\"><a class=\"btn btn-secondary\" href=\"https:\/\/semmelweis.hu\/hbtb\/\" target=\"_blank\" rel=\"noopener\">tov\u00e1bb a kutat\u00f3csoport honlapj\u00e1ra<\/a><\/p>\n<p style=\"text-align: justify\">Az emberi agy m\u0171k\u00f6d\u00e9s\u00e9nek tanulm\u00e1nyoz\u00e1s\u00e1ra szolg\u00e1l\u00f3 technik\u00e1k (a g\u00e9nm\u0171k\u00f6d\u00e9s vizsg\u00e1lat\u00e1t\u00f3l kezdve a klinikumban alkalmazott m\u00f3dszerekig) fantasztikus fejl\u0151d\u00e9se k\u00f6vetkezt\u00e9ben alapvet\u0151 k\u00f6vetelm\u00e9nny\u00e9 v\u00e1lt a hum\u00e1n agy k\u00fcl\u00f6nb\u00f6z\u0151 r\u00e9gi\u00f3ib\u00f3l sz\u00e1rmaz\u00f3, j\u00f3l meghat\u00e1rozott \u00e9s egyedileg disszekt\u00e1lt idegsejtcsoportok alapkutat\u00e1si c\u00e9lb\u00f3l t\u00f6rt\u00e9n\u0151 hozz\u00e1f\u00e9rhet\u0151s\u00e9ge. Sz\u00e1mos publik\u00e1ci\u00f3b\u00f3l kider\u00fcl azonban, hogy a kutat\u00e1si c\u00e9lok megval\u00f3s\u00edthat\u00f3s\u00e1g\u00e1t d\u00f6nt\u0151en befoly\u00e1solja ezen agymint\u00e1k el\u00e9rhet\u0151s\u00e9g\u00e9nek a sz\u0171k keresztmetszete. Tudom\u00e1sunk szerint vil\u00e1gszerte egyed\u00fcl\u00e1ll\u00f3 a Hum\u00e1n Agyminta Bank abban a tekintetben, hogy egy agyon bel\u00fcl 274 k\u00fcl\u00f6nb\u00f6z\u0151 ter\u00fcletr\u0151l \u00e9s\/vagy nucleusb\u00f3l tud nat\u00edv, mikrodisszekci\u00f3s mint\u00e1t egyed\u00fcl\u00e1ll\u00f3 min\u0151s\u00e9gben ny\u00fajtani a Palkovits-f\u00e9le micropunch technik\u00e1n alapul\u00f3 mikrodisszekci\u00f3s elj\u00e1r\u00e1ssal.<\/p>\n[slb_exclude]<div data-carousel-extra='{\"blog_id\":277,\"permalink\":\"https:\\\/\\\/semmelweis.hu\\\/nap\\\/nap-3-0\\\/se-nap-human-agyminta-bank-mikrodisszekcios-kutatocsoport\\\/\"}' class=\"tiled-gallery type-rectangular\" data-original-width=\"753\"><div class=\"gallery-row\" style=\"width: 748px; height: 255px;\"><div class=\"gallery-group images-1\" style=\"width: 361px; height: 259px;\"><div class=\"tiled-gallery-item tiled-gallery-item-large\"><a href=\"https:\/\/semmelweis.hu\/nap\/files\/2023\/02\/palkovits.nap_.5.jpg\"><img loading=\"lazy\" decoding=\"async\" data-attachment-id=\"11\" data-orig-file=\"https:\/\/semmelweis.hu\/nap\/files\/2023\/02\/palkovits.nap_.5.jpg\" data-orig-size=\"407,290\" data-comments-opened=\"0\" data-image-meta=\"{&quot;aperture&quot;:&quot;0&quot;,&quot;credit&quot;:&quot;&quot;,&quot;camera&quot;:&quot;&quot;,&quot;caption&quot;:&quot;&quot;,&quot;created_timestamp&quot;:&quot;0&quot;,&quot;copyright&quot;:&quot;&quot;,&quot;focal_length&quot;:&quot;0&quot;,&quot;iso&quot;:&quot;0&quot;,&quot;shutter_speed&quot;:&quot;0&quot;,&quot;title&quot;:&quot;&quot;,&quot;orientation&quot;:&quot;0&quot;}\" data-image-title=\"palkovits.nap.5\" data-image-description=\"\" data-medium-file=\"https:\/\/semmelweis.hu\/nap\/files\/2023\/02\/palkovits.nap_.5-400x285.jpg\" data-large-file=\"https:\/\/semmelweis.hu\/nap\/files\/2023\/02\/palkovits.nap_.5.jpg\" src=\"https:\/\/semmelweis.hu\/nap\/files\/2023\/02\/palkovits.nap_.5-357x255.jpg\" width=\"357\" height=\"255\" align=\"left\" title=\"\" \/><\/a><\/div><\/div><div class=\"gallery-group images-1\" style=\"width: 387px; height: 259px;\"><div class=\"tiled-gallery-item tiled-gallery-item-large\"><a href=\"https:\/\/semmelweis.hu\/nap\/files\/2023\/02\/palkovits.nap_.4.jpg\"><img loading=\"lazy\" decoding=\"async\" data-attachment-id=\"10\" data-orig-file=\"https:\/\/semmelweis.hu\/nap\/files\/2023\/02\/palkovits.nap_.4.jpg\" data-orig-size=\"407,271\" data-comments-opened=\"0\" data-image-meta=\"{&quot;aperture&quot;:&quot;0&quot;,&quot;credit&quot;:&quot;&quot;,&quot;camera&quot;:&quot;&quot;,&quot;caption&quot;:&quot;&quot;,&quot;created_timestamp&quot;:&quot;0&quot;,&quot;copyright&quot;:&quot;&quot;,&quot;focal_length&quot;:&quot;0&quot;,&quot;iso&quot;:&quot;0&quot;,&quot;shutter_speed&quot;:&quot;0&quot;,&quot;title&quot;:&quot;&quot;,&quot;orientation&quot;:&quot;0&quot;}\" data-image-title=\"palkovits.nap.4\" data-image-description=\"\" data-medium-file=\"https:\/\/semmelweis.hu\/nap\/files\/2023\/02\/palkovits.nap_.4-400x266.jpg\" data-large-file=\"https:\/\/semmelweis.hu\/nap\/files\/2023\/02\/palkovits.nap_.4.jpg\" src=\"https:\/\/semmelweis.hu\/nap\/files\/2023\/02\/palkovits.nap_.4-383x255.jpg\" width=\"383\" height=\"255\" align=\"left\" title=\"\" \/><\/a><\/div><\/div><\/div><\/div>[\/slb_exclude]\n<hr \/>\n<p style=\"text-align: justify\">Az \u00e1br\u00e1n p\u00e9ldak\u00e9nt paraformaldehid fix\u00e1lt Levanol-Fast Blue m\u00f3dszerrel festett hum\u00e1n agyi metszeten mutatunk be mikrodisszekci\u00f3val kivehet\u0151 hum\u00e1n agyi ter\u00fcleteket, melyek k\u00f6z\u00fcl a metszeten j\u00f3l l\u00e1that\u00f3an k\u00f6rbehat\u00e1rolt dorsomedial prefrontal cortex szerep\u00e9t vizsg\u00e1ltuk meg \u00f6ngyilkoss\u00e1ggal \u00f6sszef\u00fcgg\u00e9sben a kutat\u00f3csoportunk egyik 2022-ben megjelent k\u00f6zlem\u00e9ny\u00e9ben. (Transcriptome profiling of the dorsomedial prefrontal cortex in suicide victims. D\u00f3ra et al., Int J Mol Sci, 2022.)<\/p>\n","protected":false},"excerpt":{"rendered":"<p>Hum\u00e1n agymint\u00e1k minta\u00e1llom\u00e1ny\u00e1nak n\u00f6vel\u00e9se \u00e9s az agymint\u00e1k folyamatos biztos\u00edt\u00e1sa tudom\u00e1nyos kutat\u00e1sok c\u00e9ljaira SE-NAP Hum\u00e1n Agyminta Bank Mikrodisszekci\u00f3s Kutat\u00f3csoport Vezet\u0151k: Prof. Dr. Palkovits Mikl\u00f3s \u00e9s Dr. Dobolyin\u00e9 dr. Renner \u00c9va e-mail: palkovits.miklos@semmelweis.hu e-mail: renner.eva@semmelweis.hu <a class=\"btn btn-secondary\" href=\"https:\/\/semmelweis.hu\/hbtb\/\" target=\"_blank\" rel=\"noopener\">tov\u00e1bb a kutat\u00f3csoport honlapj\u00e1ra<\/a> Az emberi agy m\u0171k\u00f6d\u00e9s\u00e9nek tanulm\u00e1nyoz\u00e1s\u00e1ra szolg\u00e1l\u00f3 technik\u00e1k (a g\u00e9nm\u0171k\u00f6d\u00e9s vizsg\u00e1lat\u00e1t\u00f3l kezdve a klinikumban alkalmazott m\u00f3dszerekig) fantasztikus fejl\u0151d\u00e9se k\u00f6vetkezt\u00e9ben alapvet\u0151 k\u00f6vetelm\u00e9nny\u00e9 v\u00e1lt a &hellip;<\/p>\n","protected":false},"author":102160,"featured_media":0,"parent":21,"menu_order":4,"comment_status":"closed","ping_status":"closed","template":"","meta":{"_acf_changed":false,"footnotes":""},"categories":[],"tags":[],"class_list":["post-40","page","type-page","status-publish","hentry"],"acf":[],"_links":{"self":[{"href":"https:\/\/semmelweis.hu\/nap\/wp-json\/wp\/v2\/pages\/40","targetHints":{"allow":["GET"]}}],"collection":[{"href":"https:\/\/semmelweis.hu\/nap\/wp-json\/wp\/v2\/pages"}],"about":[{"href":"https:\/\/semmelweis.hu\/nap\/wp-json\/wp\/v2\/types\/page"}],"author":[{"embeddable":true,"href":"https:\/\/semmelweis.hu\/nap\/wp-json\/wp\/v2\/users\/102160"}],"replies":[{"embeddable":true,"href":"https:\/\/semmelweis.hu\/nap\/wp-json\/wp\/v2\/comments?post=40"}],"version-history":[{"count":10,"href":"https:\/\/semmelweis.hu\/nap\/wp-json\/wp\/v2\/pages\/40\/revisions"}],"predecessor-version":[{"id":138,"href":"https:\/\/semmelweis.hu\/nap\/wp-json\/wp\/v2\/pages\/40\/revisions\/138"}],"up":[{"embeddable":true,"href":"https:\/\/semmelweis.hu\/nap\/wp-json\/wp\/v2\/pages\/21"}],"wp:attachment":[{"href":"https:\/\/semmelweis.hu\/nap\/wp-json\/wp\/v2\/media?parent=40"}],"wp:term":[{"taxonomy":"category","embeddable":true,"href":"https:\/\/semmelweis.hu\/nap\/wp-json\/wp\/v2\/categories?post=40"},{"taxonomy":"post_tag","embeddable":true,"href":"https:\/\/semmelweis.hu\/nap\/wp-json\/wp\/v2\/tags?post=40"}],"curies":[{"name":"wp","href":"https:\/\/api.w.org\/{rel}","templated":true}]}}