{"id":37,"date":"2023-02-02T10:49:47","date_gmt":"2023-02-02T09:49:47","guid":{"rendered":"https:\/\/semmelweis.hu\/nap\/?page_id=37"},"modified":"2024-10-11T15:50:28","modified_gmt":"2024-10-11T13:50:28","slug":"bioelektromos-es-multimodalis-kepalkotas-kutatocsoport","status":"publish","type":"page","link":"https:\/\/semmelweis.hu\/nap\/nap-3-0\/bioelektromos-es-multimodalis-kepalkotas-kutatocsoport\/","title":{"rendered":"Bioelektromos \u00e9s Multimod\u00e1lis K\u00e9palkot\u00e1s Kutat\u00f3csoport"},"content":{"rendered":"<h3>Pszichi\u00e1triai betegs\u00e9gek neurobiol\u00f3giai alapjainak vizsg\u00e1lata EEG-hiperszkenning m\u00f3dszerrel<\/h3>\n<div class=\"keretes w-100\">\n<h6><strong>Bioelektromos \u00e9s Multimod\u00e1lis K\u00e9palkot\u00e1s Kutat\u00f3csoport, <\/strong><br \/>\n<strong>Semmelweis Egyetem, Pszichi\u00e1triai \u00e9s Pszichoter\u00e1pi\u00e1s Klinika<\/strong><\/h6>\n<p>Vezet\u0151: Dr. Czobor P\u00e1l<br \/>\ne-mail: czobor.pal@semmelweis.hu<br \/>\nKutat\u00f3k: Dr. Czobor P\u00e1l (PI), Prof. Dr. Bitter Istv\u00e1n, Dr. Kakuszi Brigitta<\/p>\n<\/div>\n<p style=\"text-align: justify\">Az emberi viselked\u00e9s fontos r\u00e9sz\u00e9t k\u00e9pezik az egy\u00e9nek k\u00f6z\u00f6tti szoci\u00e1lis interakci\u00f3k. Ennek ellen\u00e9re keveset tudunk azokr\u00f3l az agyi folyamatokr\u00f3l, amelyek ezeknek az interakci\u00f3knak az alapj\u00e1ul szolg\u00e1lnak, mivel a legt\u00f6bb kor\u00e1bbi tanulm\u00e1ny az egyes egy\u00e9neket izol\u00e1ltan vizsg\u00e1lta. A k\u00f6zelm\u00falt \u201chiperszkenning\u201d kutat\u00e1sai igazolt\u00e1k, hogy k\u00e9t vagy t\u00f6bb k\u00f6lcs\u00f6n\u00f6s interakci\u00f3ban \u00e1ll\u00f3 szem\u00e9ly agyi aktivit\u00e1s\u00e1nak szimult\u00e1n vizsg\u00e1lat\u00e1val a szoci\u00e1lis interakci\u00f3k idegi alapjaiba m\u00e9lyebb betekint\u00e9st nyerhet\u00fcnk. C\u00e9lunk egy \u00fajfajta EEG hiperszkenning megk\u00f6zel\u00edt\u00e9s pszichi\u00e1triai alkalmaz\u00e1sa, amely \u2013 s\u0171r\u0171-\u00e9rz\u00e9kel\u0151s EEG-regisztr\u00e1ci\u00f3 \u00e9s 3-dimenzi\u00f3s biolelektromos forr\u00e1s-lokaliz\u00e1ci\u00f3 r\u00e9v\u00e9n \u2013 el\u0151seg\u00edti az interperszon\u00e1lis kapcsolatok relev\u00e1ns biomarkereinek azonos\u00edt\u00e1s\u00e1t. Ez alapvet\u0151en el\u0151mozd\u00edthatja olyan ment\u00e1lis betegs\u00e9gek vizsg\u00e1lat\u00e1t, melyekben a szoci\u00e1lis interakci\u00f3s deficitek k\u00f6zponti szerepet j\u00e1tszanak (pl. szkizofr\u00e9nia, ADHD, autizmus, borderline szem\u00e9lyis\u00e9gzavar).<\/p>\n<p style=\"text-align: justify\" data-wp-editing=\"1\">Az \u00e1bra az EEG hiperszkenning vizsg\u00e1lati elrendez\u00e9s sematikus illusztr\u00e1ci\u00f3ja. Fontosabb elemei: A\/ a r\u00e9sztvev\u0151k sz\u00e1m\u00e1ra sz\u00e1m\u00edt\u00f3g\u00e9p seg\u00edts\u00e9g\u00e9vel bemutatott k\u00fcl\u00f6nf\u00e9le feladathelyzetek (cselekv\u0151\/megfigyel\u0151, kooper\u00e1ci\u00f3, kompet\u00edci\u00f3); B\/ s\u0171r\u0171-\u00e9rz\u00e9kel\u0151s EEG-regisztr\u00e1ci\u00f3; C\/ a vizsg\u00e1lt szem\u00e9lyek EEG jeleinek nagy id\u0151beli pontoss\u00e1ggal t\u00f6rt\u00e9n\u0151 f\u00fazi\u00f3ja; D\/ az EEG jelek k\u00fcl\u00f6n-k\u00fcl\u00f6n szem\u00e9lyenk\u00e9nt t\u00f6rt\u00e9n\u0151 feldolgoz\u00e1sa \u00e9s 3-dimenzi\u00f3s agyi forr\u00e1slokaliz\u00e1ci\u00f3ja (D1), valamit az egyes szem\u00e9lyek EEG aktivit\u00e1sa k\u00f6z\u00f6tti kapcsolatok elemz\u00e9se (D2).<\/p>\n<p><a href=\"https:\/\/semmelweis.hu\/nap\/files\/2023\/02\/czobor.nap_.33.jpg\"><img loading=\"lazy\" decoding=\"async\" class=\"aligncenter size-full wp-image-9\" src=\"https:\/\/semmelweis.hu\/nap\/files\/2023\/02\/czobor.nap_.33.jpg\" alt=\"\" width=\"684\" height=\"510\" srcset=\"https:\/\/semmelweis.hu\/nap\/files\/2023\/02\/czobor.nap_.33.jpg 684w, https:\/\/semmelweis.hu\/nap\/files\/2023\/02\/czobor.nap_.33-400x298.jpg 400w\" sizes=\"auto, (max-width: 684px) 100vw, 684px\" \/><\/a><\/p>\n<p>&nbsp;<\/p>\n","protected":false},"excerpt":{"rendered":"<p>Pszichi\u00e1triai betegs\u00e9gek neurobiol\u00f3giai alapjainak vizsg\u00e1lata EEG-hiperszkenning m\u00f3dszerrel Bioelektromos \u00e9s Multimod\u00e1lis K\u00e9palkot\u00e1s Kutat\u00f3csoport, Semmelweis Egyetem, Pszichi\u00e1triai \u00e9s Pszichoter\u00e1pi\u00e1s Klinika Vezet\u0151: Dr. Czobor P\u00e1l e-mail: czobor.pal@semmelweis.hu Kutat\u00f3k: Dr. Czobor P\u00e1l (PI), Prof. Dr. Bitter Istv\u00e1n, Dr. Kakuszi Brigitta Az emberi viselked\u00e9s fontos r\u00e9sz\u00e9t k\u00e9pezik az egy\u00e9nek k\u00f6z\u00f6tti szoci\u00e1lis interakci\u00f3k. Ennek ellen\u00e9re keveset tudunk azokr\u00f3l az agyi folyamatokr\u00f3l, &hellip;<\/p>\n","protected":false},"author":102160,"featured_media":0,"parent":21,"menu_order":3,"comment_status":"closed","ping_status":"closed","template":"","meta":{"_acf_changed":false,"footnotes":""},"categories":[],"tags":[],"class_list":["post-37","page","type-page","status-publish","hentry"],"acf":[],"_links":{"self":[{"href":"https:\/\/semmelweis.hu\/nap\/wp-json\/wp\/v2\/pages\/37","targetHints":{"allow":["GET"]}}],"collection":[{"href":"https:\/\/semmelweis.hu\/nap\/wp-json\/wp\/v2\/pages"}],"about":[{"href":"https:\/\/semmelweis.hu\/nap\/wp-json\/wp\/v2\/types\/page"}],"author":[{"embeddable":true,"href":"https:\/\/semmelweis.hu\/nap\/wp-json\/wp\/v2\/users\/102160"}],"replies":[{"embeddable":true,"href":"https:\/\/semmelweis.hu\/nap\/wp-json\/wp\/v2\/comments?post=37"}],"version-history":[{"count":7,"href":"https:\/\/semmelweis.hu\/nap\/wp-json\/wp\/v2\/pages\/37\/revisions"}],"predecessor-version":[{"id":137,"href":"https:\/\/semmelweis.hu\/nap\/wp-json\/wp\/v2\/pages\/37\/revisions\/137"}],"up":[{"embeddable":true,"href":"https:\/\/semmelweis.hu\/nap\/wp-json\/wp\/v2\/pages\/21"}],"wp:attachment":[{"href":"https:\/\/semmelweis.hu\/nap\/wp-json\/wp\/v2\/media?parent=37"}],"wp:term":[{"taxonomy":"category","embeddable":true,"href":"https:\/\/semmelweis.hu\/nap\/wp-json\/wp\/v2\/categories?post=37"},{"taxonomy":"post_tag","embeddable":true,"href":"https:\/\/semmelweis.hu\/nap\/wp-json\/wp\/v2\/tags?post=37"}],"curies":[{"name":"wp","href":"https:\/\/api.w.org\/{rel}","templated":true}]}}