{"id":25,"date":"2023-02-02T10:40:30","date_gmt":"2023-02-02T09:40:30","guid":{"rendered":"https:\/\/semmelweis.hu\/nap\/?page_id=25"},"modified":"2023-03-27T11:30:02","modified_gmt":"2023-03-27T09:30:02","slug":"kiserletes-neuroanatomiai-es-fejlodesbiologiai-munkacsoport","status":"publish","type":"page","link":"https:\/\/semmelweis.hu\/nap\/nap-3-0\/kiserletes-neuroanatomiai-es-fejlodesbiologiai-munkacsoport\/","title":{"rendered":"K\u00eds\u00e9rletes Neuroanat\u00f3miai \u00e9s Fejl\u0151d\u00e9sbiol\u00f3giai Munkacsoport"},"content":{"rendered":"<h3>A limbikus rendszer kapcsolatai \u00e9s fejl\u0151d\u00e9se, k\u00fcl\u00f6n\u00f6s tekintettel a secretagogin kalciumszenzor feh\u00e9rje szerep\u00e9re<\/h3>\n<div class=\"keretes w-100\">\n<h6><strong>K\u00eds\u00e9rletes Neuroanat\u00f3miai \u00e9s Fejl\u0151d\u00e9sbiol\u00f3giai Munkacsoport<\/strong><\/h6>\n<p>Vezet\u0151: Prof. Dr. Alp\u00e1r Al\u00e1n<br \/>\ne-mail: alpar.alan@semmelweis.hu<\/p>\n<\/div>\n<p style=\"text-align: justify\">A limbikus rendszer viselked\u00e9s\u00fcnket ir\u00e1ny\u00edt\u00f3 agyi ter\u00fcleteink \u00f6sszess\u00e9ge. R\u00e1gcs\u00e1l\u00f3kban, de emberben is megfigyelhet\u00fcnk a sz\u00fclet\u00e9s ut\u00e1n zajl\u00f3 differenci\u00e1l\u00f3d\u00e1si, el\u0151bbiben sejtut\u00e1np\u00f3tl\u00e1si folyamatokat. Ezek szab\u00e1lyoz\u00e1sa kritikus szerepl\u0151k bevon\u00e1s\u00e1val t\u00f6rt\u00e9nik. K\u00fcl\u00f6nleges sejtcsoportokat \u00e9s azok kapcsolatait azonos\u00edtjuk, melyek a sejtut\u00e1np\u00f3tl\u00e1s \u00fctem\u00e9t szab\u00e1lyozni tudj\u00e1k, a limbikus rendszer fejl\u0151d\u00e9s\u00e9t befoly\u00e1solj\u00e1k. A sejtszint\u0171 molekul\u00e1ris mechanizmusok azonos\u00edt\u00e1sa beavatkoz\u00e1si pontok lehet\u0151s\u00e9geit t\u00e1rja el\u00e9nk.<\/p>\n<p style=\"text-align: justify\">Az \u00e1bra a kor\u00e1bbi NAP p\u00e1ly\u00e1zatokban is intenz\u00edven vizsg\u00e1lt sejtcsoport, a secretagogin tartalm\u00fa neuronok el\u0151fordul\u00e1s\u00e1t mutatja a limbikus rendszer k\u00fcl\u00f6nb\u00f6z\u0151 ter\u00fcletein.<\/p>\n<p><img loading=\"lazy\" decoding=\"async\" class=\"aligncenter wp-image-7 size-full\" src=\"https:\/\/semmelweis.hu\/nap\/files\/2023\/02\/alpar.nap_.2.jpg\" alt=\"\" width=\"1070\" height=\"600\" srcset=\"https:\/\/semmelweis.hu\/nap\/files\/2023\/02\/alpar.nap_.2.jpg 1070w, https:\/\/semmelweis.hu\/nap\/files\/2023\/02\/alpar.nap_.2-400x224.jpg 400w, https:\/\/semmelweis.hu\/nap\/files\/2023\/02\/alpar.nap_.2-1024x574.jpg 1024w, https:\/\/semmelweis.hu\/nap\/files\/2023\/02\/alpar.nap_.2-768x431.jpg 768w, https:\/\/semmelweis.hu\/nap\/files\/2023\/02\/alpar.nap_.2-753x422.jpg 753w\" sizes=\"auto, (max-width: 1070px) 100vw, 1070px\" \/><\/p>\n","protected":false},"excerpt":{"rendered":"<p>A limbikus rendszer kapcsolatai \u00e9s fejl\u0151d\u00e9se, k\u00fcl\u00f6n\u00f6s tekintettel a secretagogin kalciumszenzor feh\u00e9rje szerep\u00e9re K\u00eds\u00e9rletes Neuroanat\u00f3miai \u00e9s Fejl\u0151d\u00e9sbiol\u00f3giai Munkacsoport Vezet\u0151: Prof. Dr. Alp\u00e1r Al\u00e1n e-mail: alpar.alan@semmelweis.hu A limbikus rendszer viselked\u00e9s\u00fcnket ir\u00e1ny\u00edt\u00f3 agyi ter\u00fcleteink \u00f6sszess\u00e9ge. R\u00e1gcs\u00e1l\u00f3kban, de emberben is megfigyelhet\u00fcnk a sz\u00fclet\u00e9s ut\u00e1n zajl\u00f3 differenci\u00e1l\u00f3d\u00e1si, el\u0151bbiben sejtut\u00e1np\u00f3tl\u00e1si folyamatokat. Ezek szab\u00e1lyoz\u00e1sa kritikus szerepl\u0151k bevon\u00e1s\u00e1val t\u00f6rt\u00e9nik. K\u00fcl\u00f6nleges sejtcsoportokat \u00e9s &hellip;<\/p>\n","protected":false},"author":102160,"featured_media":0,"parent":21,"menu_order":1,"comment_status":"closed","ping_status":"closed","template":"","meta":{"_acf_changed":false,"footnotes":""},"categories":[],"tags":[],"class_list":["post-25","page","type-page","status-publish","hentry"],"acf":[],"_links":{"self":[{"href":"https:\/\/semmelweis.hu\/nap\/wp-json\/wp\/v2\/pages\/25","targetHints":{"allow":["GET"]}}],"collection":[{"href":"https:\/\/semmelweis.hu\/nap\/wp-json\/wp\/v2\/pages"}],"about":[{"href":"https:\/\/semmelweis.hu\/nap\/wp-json\/wp\/v2\/types\/page"}],"author":[{"embeddable":true,"href":"https:\/\/semmelweis.hu\/nap\/wp-json\/wp\/v2\/users\/102160"}],"replies":[{"embeddable":true,"href":"https:\/\/semmelweis.hu\/nap\/wp-json\/wp\/v2\/comments?post=25"}],"version-history":[{"count":9,"href":"https:\/\/semmelweis.hu\/nap\/wp-json\/wp\/v2\/pages\/25\/revisions"}],"predecessor-version":[{"id":127,"href":"https:\/\/semmelweis.hu\/nap\/wp-json\/wp\/v2\/pages\/25\/revisions\/127"}],"up":[{"embeddable":true,"href":"https:\/\/semmelweis.hu\/nap\/wp-json\/wp\/v2\/pages\/21"}],"wp:attachment":[{"href":"https:\/\/semmelweis.hu\/nap\/wp-json\/wp\/v2\/media?parent=25"}],"wp:term":[{"taxonomy":"category","embeddable":true,"href":"https:\/\/semmelweis.hu\/nap\/wp-json\/wp\/v2\/categories?post=25"},{"taxonomy":"post_tag","embeddable":true,"href":"https:\/\/semmelweis.hu\/nap\/wp-json\/wp\/v2\/tags?post=25"}],"curies":[{"name":"wp","href":"https:\/\/api.w.org\/{rel}","templated":true}]}}