{"id":19,"date":"2023-02-02T10:39:33","date_gmt":"2023-02-02T09:39:33","guid":{"rendered":"https:\/\/semmelweis.hu\/nap\/?page_id=19"},"modified":"2023-03-27T09:27:11","modified_gmt":"2023-03-27T07:27:11","slug":"nap-a-semmelweisen","status":"publish","type":"page","link":"https:\/\/semmelweis.hu\/nap\/nap-a-semmelweisen\/","title":{"rendered":"NAP a Semmelweisen"},"content":{"rendered":"<h4><strong>Nemzeti Agykutat\u00e1si Program a Semmelweis Egyetemen<\/strong><\/h4>\n<p>A Nemzeti Agykutat\u00e1si Program 2013-ban indult el Magyarorsz\u00e1gon a Korm\u00e1ny t\u00e1mogat\u00e1s\u00e1val. A felfedez\u0151, klinikai, gy\u00f3gyszerfejleszt\u00e9si kutat\u00e1sokat t\u00e1mogat\u00f3 program imm\u00e1ron harmadik ciklus\u00e1t kezdi el 2022-2026 k\u00f6z\u00f6tt.<\/p>\n<p>A Semmelweis Egyetem kutat\u00f3csoportjai mindh\u00e1rom ciklusban sikerrel p\u00e1ly\u00e1ztak t\u00e1mogat\u00e1sra. Az orsz\u00e1gos lefedetts\u00e9ggel m\u0171k\u00f6d\u0151 program az idegtudom\u00e1nyok k\u00fcl\u00f6nb\u00f6z\u0151 ter\u00fcletein dolgoz\u00f3k kiv\u00e1l\u00f3s\u00e1gait t\u00f6m\u00f6r\u00edti.<\/p>\n<div class=\"keretes w-100\">\n<h4><strong>Kutat\u00f3csoportok:<\/strong><\/h4>\n<ul>\n<li><a href=\"https:\/\/semmelweis.hu\/nap\/nap-3-0\/kiserletes-neuroanatomiai-es-fejlodesbiologiai-munkacsoport\/\">K\u00eds\u00e9rletes Neuroanat\u00f3miai \u00e9s Fejl\u0151d\u00e9sbiol\u00f3giai Munkacsoport<\/a><\/li>\n<li><a href=\"https:\/\/semmelweis.hu\/nap\/nap-3-0\/neuropszichofarmakologiai-kutatocsoport\/\">Neuropszichofarmakol\u00f3giai Kutat\u00f3csoport<\/a><\/li>\n<li><a href=\"https:\/\/semmelweis.hu\/nap\/nap-3-0\/bioelektromos-es-multimodalis-kepalkotas-kutatocsoport\/\">Bioelektromos \u00e9s Multimod\u00e1lis K\u00e9palkot\u00e1s Kutat\u00f3csoport<\/a><\/li>\n<li><a href=\"https:\/\/semmelweis.hu\/nap\/nap-3-0\/se-nap-human-agyminta-bank-mikrodisszekcios-kutatocsoport\/\">SE-NAP Hum\u00e1n Agyminta Bank Mikrodisszekci\u00f3s Kutat\u00f3csoport<\/a><\/li>\n<\/ul>\n<\/div>\n<p>&nbsp;<\/p>\n","protected":false},"excerpt":{"rendered":"<p>A Nemzeti Agykutat\u00e1si Program 2013-ban indult el Magyarorsz\u00e1gon a Korm\u00e1ny t\u00e1mogat\u00e1s\u00e1val. A felfedez\u0151, klinikai, gy\u00f3gyszerfejleszt\u00e9si kutat\u00e1sokat t\u00e1mogat\u00f3 program imm\u00e1ron harmadik ciklus\u00e1t kezdi el 2022-2026 k\u00f6z\u00f6tt. A Semmelweis Egyetem kutat\u00f3csoportjai mindh\u00e1rom ciklusban sikerrel p\u00e1ly\u00e1ztak t\u00e1mogat\u00e1sra. Az orsz\u00e1gos lefedetts\u00e9ggel m\u0171k\u00f6d\u0151 program az idegtudom\u00e1nyok k\u00fcl\u00f6nb\u00f6z\u0151 ter\u00fclet\u00e9n dolgoz\u00f3k kiv\u00e1l\u00f3s\u00e1gait t\u00f6m\u00f6r\u00edti.<\/p>\n","protected":false},"author":102160,"featured_media":87,"parent":0,"menu_order":0,"comment_status":"closed","ping_status":"closed","template":"","meta":{"_acf_changed":false,"footnotes":""},"categories":[],"tags":[],"class_list":["post-19","page","type-page","status-publish","has-post-thumbnail","hentry"],"acf":[],"_links":{"self":[{"href":"https:\/\/semmelweis.hu\/nap\/wp-json\/wp\/v2\/pages\/19","targetHints":{"allow":["GET"]}}],"collection":[{"href":"https:\/\/semmelweis.hu\/nap\/wp-json\/wp\/v2\/pages"}],"about":[{"href":"https:\/\/semmelweis.hu\/nap\/wp-json\/wp\/v2\/types\/page"}],"author":[{"embeddable":true,"href":"https:\/\/semmelweis.hu\/nap\/wp-json\/wp\/v2\/users\/102160"}],"replies":[{"embeddable":true,"href":"https:\/\/semmelweis.hu\/nap\/wp-json\/wp\/v2\/comments?post=19"}],"version-history":[{"count":6,"href":"https:\/\/semmelweis.hu\/nap\/wp-json\/wp\/v2\/pages\/19\/revisions"}],"predecessor-version":[{"id":124,"href":"https:\/\/semmelweis.hu\/nap\/wp-json\/wp\/v2\/pages\/19\/revisions\/124"}],"wp:featuredmedia":[{"embeddable":true,"href":"https:\/\/semmelweis.hu\/nap\/wp-json\/wp\/v2\/media\/87"}],"wp:attachment":[{"href":"https:\/\/semmelweis.hu\/nap\/wp-json\/wp\/v2\/media?parent=19"}],"wp:term":[{"taxonomy":"category","embeddable":true,"href":"https:\/\/semmelweis.hu\/nap\/wp-json\/wp\/v2\/categories?post=19"},{"taxonomy":"post_tag","embeddable":true,"href":"https:\/\/semmelweis.hu\/nap\/wp-json\/wp\/v2\/tags?post=19"}],"curies":[{"name":"wp","href":"https:\/\/api.w.org\/{rel}","templated":true}]}}