{"id":987,"date":"2023-09-07T12:01:20","date_gmt":"2023-09-07T10:01:20","guid":{"rendered":"https:\/\/semmelweis.hu\/nanokemia\/?page_id=987"},"modified":"2023-09-07T12:08:49","modified_gmt":"2023-09-07T10:08:49","slug":"staff","status":"publish","type":"page","link":"https:\/\/semmelweis.hu\/nanokemia\/en\/staff\/","title":{"rendered":"Staff"},"content":{"rendered":"\n<table id=\"tablepress-3\" class=\"tablepress tablepress-id-3\">\n<tbody class=\"row-striping\">\n<tr class=\"row-1\">\n\t<td class=\"column-1\"><a href=\"https:\/\/semmelweis.hu\/nanokemia\/en\/?page_id=1162&amp;preview=true\">Ang\u00e9la Jedlovszky-Hajd\u00fa, PhD, Habil.<\/a><br \/>\n<\/td><td class=\"column-2\">head of the research group, associate professor<\/td><td class=\"column-3\">+36-20-666-30-40<\/td><td class=\"column-4\">hajdu.angela (at) med.semmelweis-univ (*) hu<\/td>\n<\/tr>\n<tr class=\"row-2\">\n\t<td class=\"column-1\">Prof. Mikl\u00f3s Zr\u00ednyi<\/td><td class=\"column-2\">professor emeritus,<br \/>\nmember of the HAS<\/td><td class=\"column-3\">+36-20-825-92-33<\/td><td class=\"column-4\">mikloszrinyi (at) gmail (*) com<\/td>\n<\/tr>\n<tr class=\"row-3\">\n\t<td class=\"column-1\"><a href=\"https:\/\/semmelweis.hu\/nanokemia\/en\/staff\/kristof-molnar-phd\/\">Krist\u00f3f Moln\u00e1r, PhD<\/a><\/td><td class=\"column-2\">associate professor<\/td><td class=\"column-3\">+36-30-509-75-92<br \/>\r\n<\/td><td class=\"column-4\">molnar.kristof (at) med.semmelweis-univ (*) hu<\/td>\n<\/tr>\n<tr class=\"row-4\">\n\t<td class=\"column-1\"><a href=\"https:\/\/semmelweis.hu\/nanokemia\/en\/krisztina-simonne-nagy\/\">Krisztina Simonn\u00e9 Nagy<\/a><br \/>\n<\/td><td class=\"column-2\">associate professor<\/td><td class=\"column-3\">+36-20-825-06-28<\/td><td class=\"column-4\">nagy.krisztina (at) med.semmelweis-univ (*) hu<\/td>\n<\/tr>\n<tr class=\"row-5\">\n\t<td class=\"column-1\">Konstantinos Voniatis, MD, PhD<\/td><td class=\"column-2\">assistant professor<\/td><td class=\"column-3\"><\/td><td class=\"column-4\">voniatis.konstantinos (at) semmelweis (*) hu<\/td>\n<\/tr>\n<tr class=\"row-6\">\n\t<td class=\"column-1\">Enik\u0151 Moln\u00e1rne Krisch, PhD<\/td><td class=\"column-2\">assistant professor<\/td><td class=\"column-3\"><\/td><td class=\"column-4\">krisch.eniko (at) semmelweis (*) hu<\/td>\n<\/tr>\n<tr class=\"row-7\">\n\t<td class=\"column-1\">Evelin Forr\u00f3, PhD<\/td><td class=\"column-2\">assistant lecturer<\/td><td class=\"column-3\"><\/td><td class=\"column-4\">sipos.evelin (at) semmelweis (*) hu<\/td>\n<\/tr>\n<tr class=\"row-8\">\n\t<td class=\"column-1\"><a href=\"https:\/\/semmelweis.hu\/nanokemia\/en\/balint-budavari\/\">B\u00e1lint Budav\u00e1ri<\/a><\/td><td class=\"column-2\">PhD student<\/td><td class=\"column-3\"><\/td><td class=\"column-4\">budavari.balint.peter (at) semmelweis (*) hu<\/td>\n<\/tr>\n<tr class=\"row-9\">\n\t<td class=\"column-1\">Sarolta Halm\u00f3czki<\/td><td class=\"column-2\">PhD student<\/td><td class=\"column-3\"><\/td><td class=\"column-4\">halmoczki.sarolta<br \/>\r\n (at) phd (*) semmelweis (*) hu<\/td>\n<\/tr>\n<tr class=\"row-10\">\n\t<td class=\"column-1\"><a href=\"https:\/\/semmelweis.hu\/nanokemia\/en\/veronika-toth-palos-2\/\">Veronika T\u00f3th-P\u00e1los<\/a><br \/>\n<\/td><td class=\"column-2\">PhD student<\/td><td class=\"column-3\"><\/td><td class=\"column-4\">palos.veronika (at) phd (*) semmelweis (*) hu<\/td>\n<\/tr>\n<tr class=\"row-11\">\n\t<td class=\"column-1\"><a href=\"https:\/\/semmelweis.hu\/nanokemia\/en\/viktor-gergo-szilagyi\/\">Szil\u00e1gyi<\/a><\/td><td class=\"column-2\">PhD student<\/td><td class=\"column-3\"><\/td><td class=\"column-4\">szilagyi.viktor@phd.semmelweis.hu<\/td>\n<\/tr>\n<tr class=\"row-12\">\n\t<td class=\"column-1\"><a href=\"https:\/\/semmelweis.hu\/nanokemia\/en\/monika-nanys\/\">M\u00f3nika Nanys<\/a><\/td><td class=\"column-2\">PhD student<\/td><td class=\"column-3\"><\/td><td class=\"column-4\">nanys.monika@stud.semmelweis.hu<\/td>\n<\/tr>\n<tr class=\"row-13\">\n\t<td class=\"column-1\"><a href=\"https:\/\/semmelweis.hu\/nanokemia\/en\/donat-szalai\/\">Don\u00e1t Szalai<\/a><\/td><td class=\"column-2\">MD PhD student<\/td><td class=\"column-3\"><\/td><td class=\"column-4\">szalai.donat@stud.semmelweis.hu<\/td>\n<\/tr>\n<tr class=\"row-14\">\n\t<td class=\"column-1\">Margit Benis <\/td><td class=\"column-2\">student<\/td><td class=\"column-3\"><\/td><td class=\"column-4\"><\/td>\n<\/tr>\n<tr class=\"row-15\">\n\t<td class=\"column-1\">Panna Bittmann <\/td><td class=\"column-2\">student<\/td><td class=\"column-3\"><\/td><td class=\"column-4\"><\/td>\n<\/tr>\n<tr class=\"row-16\">\n\t<td class=\"column-1\">Chris Chrysanthou <\/td><td class=\"column-2\">student<\/td><td class=\"column-3\"><\/td><td class=\"column-4\"><\/td>\n<\/tr>\n<tr class=\"row-17\">\n\t<td class=\"column-1\">\u00c1kos Danyi <\/td><td class=\"column-2\">student<\/td><td class=\"column-3\"><\/td><td class=\"column-4\"><\/td>\n<\/tr>\n<tr class=\"row-18\">\n\t<td class=\"column-1\">N\u00f3ra Fekete <\/td><td class=\"column-2\">student<\/td><td class=\"column-3\"><\/td><td class=\"column-4\"><\/td>\n<\/tr>\n<tr class=\"row-19\">\n\t<td class=\"column-1\">Annam\u00e1ria Ga\u00e1l <\/td><td class=\"column-2\">student<\/td><td class=\"column-3\"><\/td><td class=\"column-4\"><\/td>\n<\/tr>\n<tr class=\"row-20\">\n\t<td class=\"column-1\">Ad\u00e9l Zita Hord\u00f3s <\/td><td class=\"column-2\">student<\/td><td class=\"column-3\"><\/td><td class=\"column-4\"><\/td>\n<\/tr>\n<tr class=\"row-21\">\n\t<td class=\"column-1\">Dorottya Kis <\/td><td class=\"column-2\">student<\/td><td class=\"column-3\"><\/td><td class=\"column-4\"><\/td>\n<\/tr>\n<tr class=\"row-22\">\n\t<td class=\"column-1\">N\u00f3ra Neufeld <\/td><td class=\"column-2\">student<\/td><td class=\"column-3\"><\/td><td class=\"column-4\"><\/td>\n<\/tr>\n<tr class=\"row-23\">\n\t<td class=\"column-1\">Lily O Keeffee <\/td><td class=\"column-2\">student<\/td><td class=\"column-3\"><\/td><td class=\"column-4\"><\/td>\n<\/tr>\n<tr class=\"row-24\">\n\t<td class=\"column-1\">George Oosthuizen <\/td><td class=\"column-2\">student<\/td><td class=\"column-3\"><\/td><td class=\"column-4\"><\/td>\n<\/tr>\n<tr class=\"row-25\">\n\t<td class=\"column-1\">Vivien Rizmajer <\/td><td class=\"column-2\">student<\/td><td class=\"column-3\"><\/td><td class=\"column-4\"><\/td>\n<\/tr>\n<tr class=\"row-26\">\n\t<td class=\"column-1\">Leylinaz Safaei <\/td><td class=\"column-2\">student<\/td><td class=\"column-3\"><\/td><td class=\"column-4\"><\/td>\n<\/tr>\n<tr class=\"row-27\">\n\t<td class=\"column-1\">Izabella T\u00f3th <\/td><td class=\"column-2\">student<\/td><td class=\"column-3\"><\/td><td class=\"column-4\"><\/td>\n<\/tr>\n<tr class=\"row-28\">\n\t<td class=\"column-1\">P\u00e9ter T\u0151k\u00e9s <\/td><td class=\"column-2\">student<\/td><td class=\"column-3\"><\/td><td class=\"column-4\"><\/td>\n<\/tr>\n<tr class=\"row-29\">\n\t<td class=\"column-1\">M\u00e1rton \u00c1cs <\/td><td class=\"column-2\">student<\/td><td class=\"column-3\"><\/td><td class=\"column-4\"><\/td>\n<\/tr>\n<\/tbody>\n<\/table>\n\n","protected":false},"excerpt":{"rendered":"","protected":false},"author":101235,"featured_media":0,"parent":0,"menu_order":0,"comment_status":"closed","ping_status":"closed","template":"","meta":{"_acf_changed":false,"footnotes":""},"categories":[],"tags":[],"class_list":["post-987","page","type-page","status-publish","hentry"],"acf":[],"_links":{"self":[{"href":"https:\/\/semmelweis.hu\/nanokemia\/wp-json\/wp\/v2\/pages\/987","targetHints":{"allow":["GET"]}}],"collection":[{"href":"https:\/\/semmelweis.hu\/nanokemia\/wp-json\/wp\/v2\/pages"}],"about":[{"href":"https:\/\/semmelweis.hu\/nanokemia\/wp-json\/wp\/v2\/types\/page"}],"author":[{"embeddable":true,"href":"https:\/\/semmelweis.hu\/nanokemia\/wp-json\/wp\/v2\/users\/101235"}],"replies":[{"embeddable":true,"href":"https:\/\/semmelweis.hu\/nanokemia\/wp-json\/wp\/v2\/comments?post=987"}],"version-history":[{"count":2,"href":"https:\/\/semmelweis.hu\/nanokemia\/wp-json\/wp\/v2\/pages\/987\/revisions"}],"predecessor-version":[{"id":994,"href":"https:\/\/semmelweis.hu\/nanokemia\/wp-json\/wp\/v2\/pages\/987\/revisions\/994"}],"wp:attachment":[{"href":"https:\/\/semmelweis.hu\/nanokemia\/wp-json\/wp\/v2\/media?parent=987"}],"wp:term":[{"taxonomy":"category","embeddable":true,"href":"https:\/\/semmelweis.hu\/nanokemia\/wp-json\/wp\/v2\/categories?post=987"},{"taxonomy":"post_tag","embeddable":true,"href":"https:\/\/semmelweis.hu\/nanokemia\/wp-json\/wp\/v2\/tags?post=987"}],"curies":[{"name":"wp","href":"https:\/\/api.w.org\/{rel}","templated":true}]}}