{"id":905,"date":"2023-04-21T11:45:10","date_gmt":"2023-04-21T09:45:10","guid":{"rendered":"https:\/\/semmelweis.hu\/nanokemia\/?page_id=905"},"modified":"2023-04-21T11:51:54","modified_gmt":"2023-04-21T09:51:54","slug":"halmoczki-sarolta","status":"publish","type":"page","link":"https:\/\/semmelweis.hu\/nanokemia\/munkatarsak\/halmoczki-sarolta\/","title":{"rendered":"Halm\u00f3czki Sarolta"},"content":{"rendered":"<table style=\"width: 100%;border-collapse: collapse;border-style: hidden\">\n<tbody>\n<tr>\n<td style=\"width: 17.0546%\"><img loading=\"lazy\" decoding=\"async\" class=\"alignnone  wp-image-906\" src=\"https:\/\/semmelweis.hu\/nanokemia\/files\/2023\/04\/halmoczkisaci-300x400.jpg\" alt=\"\" width=\"202\" height=\"269\" srcset=\"https:\/\/semmelweis.hu\/nanokemia\/files\/2023\/04\/halmoczkisaci-300x400.jpg 300w, https:\/\/semmelweis.hu\/nanokemia\/files\/2023\/04\/halmoczkisaci-768x1024.jpg 768w, https:\/\/semmelweis.hu\/nanokemia\/files\/2023\/04\/halmoczkisaci-1152x1536.jpg 1152w, https:\/\/semmelweis.hu\/nanokemia\/files\/2023\/04\/halmoczkisaci-1536x2048.jpg 1536w, https:\/\/semmelweis.hu\/nanokemia\/files\/2023\/04\/halmoczkisaci-753x1004.jpg 753w, https:\/\/semmelweis.hu\/nanokemia\/files\/2023\/04\/halmoczkisaci.jpg 1600w\" sizes=\"auto, (max-width: 202px) 100vw, 202px\" \/><\/td>\n<td style=\"width: 82.9454%\">\n<p><strong><u>Szem\u00e9lyi adatok<\/u><\/strong><\/p>\n<p>N\u00e9v: Halm\u00f3czki Sarolta<\/p>\n<p>Beoszt\u00e1s: PhD hallgat\u00f3<\/p>\n<p>Sz\u00fclet\u00e9si d\u00e1tum: 1998. 07. 25.<\/p>\n<p>E-mail: <a href=\"mailto:halmoczki.sarolta@phd.semmelweis.hu\">halmoczki.sarolta@phd.semmelweis.hu<\/a><\/p>\n<\/td>\n<\/tr>\n<\/tbody>\n<\/table>\n<p>&nbsp;<\/p>\n<p><strong><u>Tanulm\u00e1nyok<\/u><\/strong><\/p>\n<p><em>2023 \u2013 jelenleg: <\/em>Semmelweis Egyetem, Elm\u00e9leti \u00e9s Transzl\u00e1ci\u00f3s Orvostudom\u00e1nyok Doktori Iskola<br \/>\n<em>T\u00e9mavezet\u0151: Dr. Jedlovszky-Hajd\u00fa Ang\u00e9la<\/em><\/p>\n<p><em>2021 \u2013 2023:<\/em> Budapesti M\u0171szaki \u00e9s Gazdas\u00e1gtudom\u00e1nyi Egyetem, Biom\u00e9rn\u00f6ki MSc, Alkalmazott biotechnol\u00f3gia specializ\u00e1ci\u00f3<br \/>\n<em>Diplomamunka: Pankre\u00e1z proteolitikus aktivit\u00e1s\u00e1nak meghat\u00e1roz\u00e1s\u00e1ra alkalmas m\u00f3dszer fejleszt\u00e9se \u00e9s valid\u00e1l\u00e1sa \u2013 GlaxoSmithKline Biologicals Kft.<\/em><\/p>\n<p><em>2017 \u2013 2021:<\/em> Budapesti M\u0171szaki \u00e9s Gazdas\u00e1gtudom\u00e1nyi Egyetem, Vegy\u00e9szm\u00e9rn\u00f6ki BSc, Anyagtudom\u00e1nyi specializ\u00e1ci\u00f3<br \/>\n<em>Szakdolgozat: Rendezett p\u00f3russzerkezet\u0171 szenek el\u0151\u00e1ll\u00edt\u00e1sa &#8211; Fizikai K\u00e9mia \u00e9s Anyagtudom\u00e1nyi Tansz\u00e9k, L\u00e1gy Anyagok Kutat\u00f3csoport<\/em><\/p>\n<p><strong><u>V\u00e9gzetts\u00e9g<\/u><\/strong><\/p>\n<ul>\n<li>Okleveles biom\u00e9rn\u00f6k, MSc (2023)<\/li>\n<li>Vegy\u00e9szm\u00e9rn\u00f6k, BSc (2021)<\/li>\n<\/ul>\n<p><strong><u>Nyelvek<\/u><\/strong><\/p>\n<ul>\n<li>Magyar (anyanyelv)<\/li>\n<li>Angol B2 (k\u00f6z\u00e9pfok)<\/li>\n<li>N\u00e9met B2 (k\u00f6z\u00e9pfok)<\/li>\n<\/ul>\n<p><strong><u>Munkahelyek<\/u><\/strong><\/p>\n<ul>\n<li>2022 \u00e1prilis-december: Junior Analyst, QC ASAT, GlaxoSmithKline Biologicals Kft.<\/li>\n<\/ul>\n<p><strong><u>Tags\u00e1gok<\/u><\/strong><\/p>\n<ul>\n<li>MTA Fizikai-k\u00e9miai Bizotts\u00e1g, Kolloidk\u00e9miai Munkabizotts\u00e1g (2023-)<\/li>\n<\/ul>\n<p><strong><u>Jogosults\u00e1gok, egy\u00e9b k\u00e9pzetts\u00e9gek<\/u><\/strong><\/p>\n<ul>\n<li>B kateg\u00f3ri\u00e1s g\u00e9pj\u00e1rm\u0171 vezet\u0151i enged\u00e9ly (2016)<\/li>\n<li>Min\u0151s\u00e9g\u00fcgy-program, BME VBK (2023)<\/li>\n<li>Z\u00f6ld bizony\u00edtv\u00e1ny (2023)<\/li>\n<\/ul>\n","protected":false},"excerpt":{"rendered":"<p>Szem\u00e9lyi adatok N\u00e9v: Halm\u00f3czki Sarolta Beoszt\u00e1s: PhD hallgat\u00f3 Sz\u00fclet\u00e9si d\u00e1tum: 1998. 07. 25. E-mail: <a href=\"mailto:halmoczki.sarolta@phd.semmelweis.hu\">halmoczki.sarolta@phd.semmelweis.hu<\/a> &nbsp; Tanulm\u00e1nyok 2023 \u2013 jelenleg: Semmelweis Egyetem, Elm\u00e9leti \u00e9s Transzl\u00e1ci\u00f3s Orvostudom\u00e1nyok Doktori Iskola T\u00e9mavezet\u0151: Dr. Jedlovszky-Hajd\u00fa Ang\u00e9la 2021 \u2013 2023: Budapesti M\u0171szaki \u00e9s Gazdas\u00e1gtudom\u00e1nyi Egyetem, Biom\u00e9rn\u00f6ki MSc, Alkalmazott biotechnol\u00f3gia specializ\u00e1ci\u00f3 Diplomamunka: Pankre\u00e1z proteolitikus aktivit\u00e1s\u00e1nak meghat\u00e1roz\u00e1s\u00e1ra alkalmas m\u00f3dszer fejleszt\u00e9se \u00e9s valid\u00e1l\u00e1sa \u2013 &hellip;<\/p>\n","protected":false},"author":101235,"featured_media":0,"parent":7,"menu_order":10,"comment_status":"closed","ping_status":"closed","template":"","meta":{"_acf_changed":false,"footnotes":""},"categories":[],"tags":[],"class_list":["post-905","page","type-page","status-publish","hentry"],"acf":[],"_links":{"self":[{"href":"https:\/\/semmelweis.hu\/nanokemia\/wp-json\/wp\/v2\/pages\/905","targetHints":{"allow":["GET"]}}],"collection":[{"href":"https:\/\/semmelweis.hu\/nanokemia\/wp-json\/wp\/v2\/pages"}],"about":[{"href":"https:\/\/semmelweis.hu\/nanokemia\/wp-json\/wp\/v2\/types\/page"}],"author":[{"embeddable":true,"href":"https:\/\/semmelweis.hu\/nanokemia\/wp-json\/wp\/v2\/users\/101235"}],"replies":[{"embeddable":true,"href":"https:\/\/semmelweis.hu\/nanokemia\/wp-json\/wp\/v2\/comments?post=905"}],"version-history":[{"count":1,"href":"https:\/\/semmelweis.hu\/nanokemia\/wp-json\/wp\/v2\/pages\/905\/revisions"}],"predecessor-version":[{"id":907,"href":"https:\/\/semmelweis.hu\/nanokemia\/wp-json\/wp\/v2\/pages\/905\/revisions\/907"}],"up":[{"embeddable":true,"href":"https:\/\/semmelweis.hu\/nanokemia\/wp-json\/wp\/v2\/pages\/7"}],"wp:attachment":[{"href":"https:\/\/semmelweis.hu\/nanokemia\/wp-json\/wp\/v2\/media?parent=905"}],"wp:term":[{"taxonomy":"category","embeddable":true,"href":"https:\/\/semmelweis.hu\/nanokemia\/wp-json\/wp\/v2\/categories?post=905"},{"taxonomy":"post_tag","embeddable":true,"href":"https:\/\/semmelweis.hu\/nanokemia\/wp-json\/wp\/v2\/tags?post=905"}],"curies":[{"name":"wp","href":"https:\/\/api.w.org\/{rel}","templated":true}]}}