{"id":902,"date":"2023-04-21T11:42:09","date_gmt":"2023-04-21T09:42:09","guid":{"rendered":"https:\/\/semmelweis.hu\/nanokemia\/?page_id=902"},"modified":"2024-10-08T15:32:25","modified_gmt":"2024-10-08T13:32:25","slug":"palos-veronika-terez","status":"publish","type":"page","link":"https:\/\/semmelweis.hu\/nanokemia\/munkatarsak\/palos-veronika-terez\/","title":{"rendered":"P\u00e1los Veronika Ter\u00e9z"},"content":{"rendered":"<table style=\"width: 98.9391%;border-style: hidden;background-color: #ffffff;height: 312px\">\n<tbody>\n<tr style=\"height: 312px\">\n<td style=\"width: 27.8139%;border-style: hidden;border-color: #ffffff;background-color: #ffffff;height: 312px\"><img loading=\"lazy\" decoding=\"async\" class=\"alignnone  wp-image-903\" src=\"https:\/\/semmelweis.hu\/nanokemia\/files\/2023\/04\/palosroni-298x400.jpg\" alt=\"\" width=\"152\" height=\"204\" srcset=\"https:\/\/semmelweis.hu\/nanokemia\/files\/2023\/04\/palosroni-298x400.jpg 298w, https:\/\/semmelweis.hu\/nanokemia\/files\/2023\/04\/palosroni.jpg 659w\" sizes=\"auto, (max-width: 152px) 100vw, 152px\" \/><\/td>\n<td style=\"width: 87.1699%;border-style: hidden;border-color: #ffffff;background-color: #ffffff;height: 312px\"><span style=\"text-decoration: underline\"><span style=\"font-size: 24px\"><strong>Szem\u00e9lyes adatok<\/strong><\/span><\/span><strong><br \/>\n<\/strong><\/p>\n<table style=\"width: 98.0066%;height: 192px\">\n<tbody>\n<tr style=\"height: 32px\">\n<td style=\"width: 24.1788%;border-style: hidden;border-color: #ffffff;background-color: #ffffff;height: 32px\"><strong>N\u00e9v: <\/strong><\/td>\n<td style=\"width: 75.5681%;border-style: hidden;border-color: #ffffff;background-color: #ffffff;height: 32px\"><strong>P\u00e1los Veronika Ter\u00e9z<\/strong><\/td>\n<\/tr>\n<tr style=\"height: 32px\">\n<td style=\"width: 24.1788%;border-style: hidden;border-color: #ffffff;background-color: #ffffff;height: 32px\"><strong>Beoszt\u00e1s:<\/strong><\/td>\n<td style=\"width: 75.5681%;border-style: hidden;border-color: #ffffff;background-color: #ffffff;height: 32px\"><strong>PhD hallgat\u00f3<\/strong><\/td>\n<\/tr>\n<tr style=\"height: 32px\">\n<td style=\"width: 24.1788%;border-style: hidden;border-color: #ffffff;background-color: #ffffff;height: 32px\"><strong>E-mail:<\/strong><\/td>\n<td style=\"width: 75.5681%;border-style: hidden;border-color: #ffffff;background-color: #ffffff;height: 32px\"><strong>palos.veronika(at) med.semmelweis-univ (*) hu<\/strong><\/td>\n<\/tr>\n<tr style=\"height: 32px\">\n<td style=\"width: 24.1788%;border-style: hidden;border-color: #ffffff;background-color: #ffffff;height: 32px\"><strong>Sz\u00fclet\u00e9si id\u0151:\u00a0<\/strong><\/td>\n<td style=\"width: 75.5681%;border-style: hidden;border-color: #ffffff;background-color: #ffffff;height: 32px\"><strong>1997-08-01<\/strong><\/td>\n<\/tr>\n<\/tbody>\n<\/table>\n<\/td>\n<\/tr>\n<\/tbody>\n<\/table>\n<p><strong><u>Tanulm\u00e1nyok<\/u><\/strong><\/p>\n<ul>\n<li><strong>2023-\u00a0<\/strong>Semmelweis Egyetem, Doktori Iskola, Elm\u00e9leti \u00e9s Transzl\u00e1ci\u00f3s Orvostudom\u00e1nyok<\/li>\n<\/ul>\n<p>\u00a0\u00a0\u00a0\u00a0\u00a0\u00a0\u00a0\u00a0\u00a0\u00a0\u00a0\u00a0\u00a0\u00a0\u00a0\u00a0\u00a0\u00a0\u00a0\u00a0\u00a0\u00a0\u00a0\u00a0\u00a0\u00a0\u00a0\u00a0\u00a0\u00a0\u00a0\u00a0\u00a0\u00a0\u00a0\u00a0\u00a0 T\u00e9mavezet\u0151: Dr. Jedlovszky-Hajd\u00fa Ang\u00e9la<\/p>\n<ul>\n<li><strong>2022<\/strong>&#8211; Budapesti M\u0171szaki \u00e9s Gazdas\u00e1gtudom\u00e1nyi Egyetem, M\u0171szaki Pedag\u00f3gia Tansz\u00e9k, M\u00e9rn\u00f6ktan\u00e1r MSc<\/li>\n<\/ul>\n<ul>\n<li><strong>2021-2023<\/strong> Budapesti M\u0171szaki \u00e9s Gazdas\u00e1gtudom\u00e1nyi Egyetem, Villamosm\u00e9rn\u00f6ki \u00e9s Informatikai Kar, Eg\u00e9szs\u00e9g\u00fcgyi M\u00e9rn\u00f6k MSc<br \/>\nDolgozat c\u00edme: <em style=\"font-size: 1rem\">Poliszukcinimid\/szervetlen s\u00f3 kompozit sz\u00e1las strukt\u00far\u00e1k optimaliz\u00e1l\u00e1sa \u00e9s orvosi alkalmazhat\u00f3s\u00e1ga<\/em><\/li>\n<\/ul>\n<ul>\n<li><strong>2017-2021<\/strong> Szent Istv\u00e1n Egyetem, \u00c9lelmiszertudom\u00e1nyi Kar, Biom\u00e9rn\u00f6k BSc<br \/>\nDolgozat c\u00edme:\u00a0<em style=\"font-size: 1rem\">Olajos magvakr\u00f3l izol\u00e1lt mikrob\u00e1k jellemz\u00e9se \u00e9s lipolitikus aktivit\u00e1s\u00e1nak meghat\u00e1roz\u00e1sa<\/em><\/li>\n<\/ul>\n<p><strong><u>Nyelvek<\/u><\/strong>\u00a0\u00a0\u00a0\u00a0\u00a0\u00a0<strong>\u00a0\u00a0\u00a0\u00a0\u00a0\u00a0\u00a0\u00a0\u00a0<\/strong><\/p>\n<ul>\n<li>Magyar (anyanyelv)<\/li>\n<li>Angol B2 (K\u00f6z\u00e9p fok)<\/li>\n<li>N\u00e9met B2 (K\u00f6z\u00e9p fok)<\/li>\n<\/ul>\n<p><strong><u>V\u00e9gzetts\u00e9g<\/u><\/strong><\/p>\n<ul>\n<li>Eg\u00e9szs\u00e9g\u00fcgyi M\u00e9rn\u00f6k, MSc (2023)<\/li>\n<li>Biom\u00e9rn\u00f6k, BSc (2021)<\/li>\n<li>B kateg\u00f3ri\u00e1s g\u00e9pj\u00e1rm\u0171 vezet\u0151i enged\u00e9ly (2018)<\/li>\n<\/ul>\n<p><strong><u>Tags\u00e1gok:<\/u><\/strong>\u00a0\u00a0\u00a0\u00a0\u00a0\u00a0\u00a0\u00a0\u00a0\u00a0\u00a0\u00a0\u00a0<\/p>\n<ul>\n<li>MTA Kolloidk\u00e9miai Munkabizotts\u00e1g, tag (2023)\u00a0<\/li>\n<\/ul>\n","protected":false},"excerpt":{"rendered":"<p>Szem\u00e9lyes adatok N\u00e9v: P\u00e1los Veronika Ter\u00e9z Beoszt\u00e1s: PhD hallgat\u00f3 E-mail: palos.veronika(at) med.semmelweis-univ (*) hu Sz\u00fclet\u00e9si id\u0151:\u00a0 1997-08-01 Tanulm\u00e1nyok 2023-\u00a0Semmelweis Egyetem, Doktori Iskola, Elm\u00e9leti \u00e9s Transzl\u00e1ci\u00f3s Orvostudom\u00e1nyok \u00a0\u00a0\u00a0\u00a0\u00a0\u00a0\u00a0\u00a0\u00a0\u00a0\u00a0\u00a0\u00a0\u00a0\u00a0\u00a0\u00a0\u00a0\u00a0\u00a0\u00a0\u00a0\u00a0\u00a0\u00a0\u00a0\u00a0\u00a0\u00a0\u00a0\u00a0\u00a0\u00a0\u00a0\u00a0\u00a0\u00a0 T\u00e9mavezet\u0151: Dr. Jedlovszky-Hajd\u00fa Ang\u00e9la 2022&#8211; Budapesti M\u0171szaki \u00e9s Gazdas\u00e1gtudom\u00e1nyi Egyetem, M\u0171szaki Pedag\u00f3gia Tansz\u00e9k, M\u00e9rn\u00f6ktan\u00e1r MSc 2021-2023 Budapesti M\u0171szaki \u00e9s Gazdas\u00e1gtudom\u00e1nyi Egyetem, Villamosm\u00e9rn\u00f6ki \u00e9s Informatikai Kar, Eg\u00e9szs\u00e9g\u00fcgyi M\u00e9rn\u00f6k MSc &hellip;<\/p>\n","protected":false},"author":101235,"featured_media":0,"parent":7,"menu_order":12,"comment_status":"closed","ping_status":"closed","template":"","meta":{"_acf_changed":false,"footnotes":""},"categories":[],"tags":[],"class_list":["post-902","page","type-page","status-publish","hentry"],"acf":[],"_links":{"self":[{"href":"https:\/\/semmelweis.hu\/nanokemia\/wp-json\/wp\/v2\/pages\/902","targetHints":{"allow":["GET"]}}],"collection":[{"href":"https:\/\/semmelweis.hu\/nanokemia\/wp-json\/wp\/v2\/pages"}],"about":[{"href":"https:\/\/semmelweis.hu\/nanokemia\/wp-json\/wp\/v2\/types\/page"}],"author":[{"embeddable":true,"href":"https:\/\/semmelweis.hu\/nanokemia\/wp-json\/wp\/v2\/users\/101235"}],"replies":[{"embeddable":true,"href":"https:\/\/semmelweis.hu\/nanokemia\/wp-json\/wp\/v2\/comments?post=902"}],"version-history":[{"count":6,"href":"https:\/\/semmelweis.hu\/nanokemia\/wp-json\/wp\/v2\/pages\/902\/revisions"}],"predecessor-version":[{"id":1169,"href":"https:\/\/semmelweis.hu\/nanokemia\/wp-json\/wp\/v2\/pages\/902\/revisions\/1169"}],"up":[{"embeddable":true,"href":"https:\/\/semmelweis.hu\/nanokemia\/wp-json\/wp\/v2\/pages\/7"}],"wp:attachment":[{"href":"https:\/\/semmelweis.hu\/nanokemia\/wp-json\/wp\/v2\/media?parent=902"}],"wp:term":[{"taxonomy":"category","embeddable":true,"href":"https:\/\/semmelweis.hu\/nanokemia\/wp-json\/wp\/v2\/categories?post=902"},{"taxonomy":"post_tag","embeddable":true,"href":"https:\/\/semmelweis.hu\/nanokemia\/wp-json\/wp\/v2\/tags?post=902"}],"curies":[{"name":"wp","href":"https:\/\/api.w.org\/{rel}","templated":true}]}}