{"id":810,"date":"2021-03-09T14:20:52","date_gmt":"2021-03-09T13:20:52","guid":{"rendered":"https:\/\/semmelweis.hu\/nanokemia\/?page_id=810"},"modified":"2024-10-08T16:08:32","modified_gmt":"2024-10-08T14:08:32","slug":"budavari-balint","status":"publish","type":"page","link":"https:\/\/semmelweis.hu\/nanokemia\/munkatarsak\/budavari-balint\/","title":{"rendered":"Dr. Budav\u00e1ri B\u00e1lint"},"content":{"rendered":"<table>\n<tbody>\n<tr>\n<td style=\"border-style: hidden;border-color: #ffffff;background-color: #ffffff\"><img loading=\"lazy\" decoding=\"async\" class=\"alignnone size-medium wp-image-811\" src=\"https:\/\/semmelweis.hu\/nanokemia\/files\/2021\/03\/IMG_33307__6x9_900ppi_r_OK-1-267x400.jpg\" alt=\"\" width=\"267\" height=\"400\" srcset=\"https:\/\/semmelweis.hu\/nanokemia\/files\/2021\/03\/IMG_33307__6x9_900ppi_r_OK-1-267x400.jpg 267w, https:\/\/semmelweis.hu\/nanokemia\/files\/2021\/03\/IMG_33307__6x9_900ppi_r_OK-1-683x1024.jpg 683w, https:\/\/semmelweis.hu\/nanokemia\/files\/2021\/03\/IMG_33307__6x9_900ppi_r_OK-1-768x1152.jpg 768w, https:\/\/semmelweis.hu\/nanokemia\/files\/2021\/03\/IMG_33307__6x9_900ppi_r_OK-1-1024x1536.jpg 1024w, https:\/\/semmelweis.hu\/nanokemia\/files\/2021\/03\/IMG_33307__6x9_900ppi_r_OK-1-1365x2048.jpg 1365w, https:\/\/semmelweis.hu\/nanokemia\/files\/2021\/03\/IMG_33307__6x9_900ppi_r_OK-1-753x1130.jpg 753w, https:\/\/semmelweis.hu\/nanokemia\/files\/2021\/03\/IMG_33307__6x9_900ppi_r_OK-1-scaled.jpg 1707w\" sizes=\"auto, (max-width: 267px) 100vw, 267px\" \/><\/td>\n<td style=\"border-style: hidden;border-color: #ffffff;background-color: #ffffff\">\n<p><span style=\"text-decoration: underline\"><span style=\"font-size: 24px\"><strong>Szem\u00e9lyes adatok<\/strong><\/span><\/span><strong><br \/>\n<\/strong><\/p>\n<table style=\"width: 98.1277%;height: 190px\">\n<tbody>\n<tr style=\"height: 32px\">\n<td style=\"border-style: hidden;border-color: #ffffff;background-color: #ffffff;width: 29.5%;height: 32px\"><strong>N\u00e9v: <\/strong><\/td>\n<td style=\"border-style: hidden;border-color: #ffffff;background-color: #ffffff;width: 70.5%;height: 32px\"><strong>Dr. Budav\u00e1ri B\u00e1lint P\u00e9ter<\/strong><\/td>\n<\/tr>\n<tr style=\"height: 32px\">\n<td style=\"border-style: hidden;border-color: #ffffff;background-color: #ffffff;width: 29.5%;height: 32px\"><strong>Beoszt\u00e1s:<\/strong><\/td>\n<td style=\"border-style: hidden;border-color: #ffffff;background-color: #ffffff;width: 70.5%;height: 32px\"><strong>PhD hallgat\u00f3<\/strong><\/td>\n<\/tr>\n<tr style=\"height: 62px\">\n<td style=\"border-style: hidden;border-color: #ffffff;background-color: #ffffff;width: 29.5%;height: 62px\"><strong>E-mail:<\/strong><\/td>\n<td style=\"border-style: hidden;border-color: #ffffff;background-color: #ffffff;width: 70.5%;height: 62px\"><a href=\"mailto:budavari.balint_peter@med.semmelweis-univ.hu\" target=\"_blank\" rel=\"noopener noreferrer\">budavari.balint_peter@med.semmelweis-univ.hu<\/a><\/td>\n<\/tr>\n<tr style=\"height: 32px\">\n<td style=\"border-style: hidden;border-color: #ffffff;background-color: #ffffff;width: 29.5%;height: 32px\"><strong>Sz\u00fclet\u00e9si id\u0151:\u00a0<\/strong><\/td>\n<td style=\"border-style: hidden;border-color: #ffffff;background-color: #ffffff;width: 70.5%;height: 32px\"><strong>1996. 03. 27.<\/strong><\/td>\n<\/tr>\n<\/tbody>\n<\/table>\n<\/td>\n<\/tr>\n<\/tbody>\n<\/table>\n<p><span style=\"text-decoration: underline;font-size: 20px\"><strong>Tanulm\u00e1nyok<\/strong><\/span><\/p>\n<ul>\n<li>\n<p>2020-jelenleg: Semmelweis Egyetem <strong>Elm\u00e9leti \u00e9s Transzl\u00e1ci\u00f3s Orvostudom\u00e1nyok Doktori Iskol\u00e1ja<\/strong>, Cellul\u00e1ris \u00e9s Molekul\u00e1ris Biofizika doktori program, Nanok\u00e9miai Kutat\u00f3csoport<\/p>\n<\/li>\n<li>\n<p>2015-2020.: <strong>Semmelweis Egyetem Gy\u00f3gyszer\u00e9sztudom\u00e1nyi Kar<\/strong><\/p>\n<p><strong>Szakdolgozatom <\/strong>c\u00edme: Liposz\u00f3m\u00e1s gy\u00f3gyszerek alkalmaz\u00e1sa a bakteri\u00e1lis fert\u0151z\u00e9sek ter\u00e1pi\u00e1j\u00e1ban (konzulens: Dr. Voszka Istv\u00e1n, egyetemi docens, Biofizikai-\u00e9s Sug\u00e1rbiol\u00f3giai Int\u00e9zet, 2020.) Szakdolgozatv\u00e9d\u00e9s eredm\u00e9nye: jeles<\/p>\n<\/li>\n<li>\n<p>2003-2015.: <strong>Budapesti Fazekas Mih\u00e1ly Gyakorl\u00f3 \u00c1ltal\u00e1nos Iskola \u00e9s Gimn\u00e1zium<\/strong>, 2011-t\u0151l a gimn\u00e1zium term\u00e9szettudom\u00e1nyi tagozat\u00e1n.<\/p>\n<p>Emelt \u00f3rasz\u00e1mban tanult tant\u00e1rgyak: <strong>matematika, fizika, k\u00e9mia, biol\u00f3gia<\/strong>. \u00c9retts\u00e9gi bizony\u00edtv\u00e1nyom kit\u0171n\u0151 lett. Tanulm\u00e1nyi versenyek: k\u00e9mia \u00e9s biol\u00f3gia OKTV, fizika (\u00d6veges J\u00f3zsef fizikaverseny d\u00f6nt\u0151 Gy\u0151r, 2011.), matematika, f\u00f6ldrajz, t\u00f6rt\u00e9nelem.<\/p>\n<\/li>\n<\/ul>\n<p><span style=\"text-decoration: underline;font-size: 20px\"><strong>Besz\u00e9lt nyelvek<\/strong><\/span><\/p>\n<ul>\n<li>\n<p>angol fels\u0151fok (C1)<\/p>\n<\/li>\n<li>\n<p>n\u00e9met szaknyelvi z\u00e1r\u00f3vizsga (A2-B1)<\/p>\n<\/li>\n<\/ul>\n<p><span style=\"text-decoration: underline\"><strong style=\"font-size: 1rem\">Egy\u00e9b k\u00e9pes\u00edt\u00e9sek<\/strong><\/span><\/p>\n<ul>\n<li>B kateg\u00f3ri\u00e1s jogos\u00edtv\u00e1ny<\/li>\n<\/ul>\n<p><span style=\"font-size: 20px\"><strong><span style=\"text-decoration: underline\">Kutat\u00f3munka<\/span><\/strong><\/span><\/p>\n<ul>\n<li>\n<p><strong>TDK<\/strong> <strong>tev\u00e9kenys\u00e9g<\/strong>: 2016-2020. Biofizikai-\u00e9s Sug\u00e1rbiol\u00f3giai Int\u00e9zet, t\u00e9mavezet\u0151: Dr. Voszka Istv\u00e1n egyetemi docens.<\/p>\n<p>Kutat\u00e1si t\u00e9m\u00e1m c\u00edme: <strong>Antituberkulotikum tartalm\u00fa liposz\u00f3m\u00e1k vizsg\u00e1lata.<\/strong><\/p>\n<\/li>\n<li>\n<p>SE-TDK <strong>Konferencia<\/strong>: h\u00e1rom alkalommal el\u0151ad\u00f3 (2018, 2019, 2020)<\/p>\n<p>2020-t\u00f3l jelenleg: PhD-kutat\u00e1som t\u00e9m\u00e1ja: Szteroid gyullad\u00e1scs\u00f6kkent\u0151 hat\u00f3anyagok liposz\u00f3m\u00e1s gy\u00f3gyszerhordoz\u00f3 rendszerekben t\u00f6rt\u00e9n\u0151 alkalmaz\u00e1sa<\/p>\n<\/li>\n<\/ul>\n<p><span style=\"text-decoration: underline;font-size: 20px\"><strong>Oktat\u00e1si tev\u00e9kenys\u00e9g<\/strong><\/span><\/p>\n<ul>\n<li>\n<p>2017-2020. Biofizikai \u00e9s Sug\u00e1rbiol\u00f3giai Int\u00e9zet: oktat\u00f3i tev\u00e9kenys\u00e9g az els\u0151 \u00e9vfolyam (\u00c1OK, FOK, GYTK) biofizika gyakorlatain: m\u00e9r\u00e9si feladatok ismertet\u00e9se, n\u00e9h\u00e1ny \u00f3ra \u00f6n\u00e1ll\u00f3 megtart\u00e1sa.<\/p>\n<\/li>\n<li>\n<p>2020\/21-es tan\u00e9v I. f\u00e9l\u00e9v: Biofizika vizsg\u00e1ztat\u00e1sban val\u00f3 r\u00e9szv\u00e9tel (\u00c1OK \u00e9s FOK I. \u00e9vfolyam)<\/p>\n<\/li>\n<li>\n<p>2020\/21-es tan\u00e9v II. f\u00e9l\u00e9v: fizikai k\u00e9mia \u00e9s kolloidika laborgyakorlatokon val\u00f3 akt\u00edv r\u00e9szv\u00e9tel, felk\u00e9sz\u00fcl\u00e9s az oktat\u00f3i tev\u00e9kenys\u00e9gre<\/p>\n<\/li>\n<li>2021\/22. tan\u00e9v- Biofizika, Fizikai k\u00e9mia \u00e9s Kolloidika oktat\u00e1s (SE \u00c1OK, GYTK, SE-BME e\u00fc.m\u00e9rn\u00f6k)<\/li>\n<\/ul>\n<p><span style=\"text-decoration: underline;font-size: 20px\"><strong>Tanulm\u00e1nyi versenyek<\/strong><\/span><\/p>\n<ul>\n<li>Gy\u00f3gyszer\u00e9sztudom\u00e1nyi Kar kari verseny (matematika, biofizika, \u00e9s \u00e1ltal\u00e1nos \u00e9s szervetlen k\u00e9mia), 2016. <strong>4. helyez\u00e9s<\/strong>, jutalomutaz\u00e1s: a CERN kutat\u00f3k\u00f6zpontot megl\u00e1togat\u00e1sa Genfben.<\/li>\n<li>Biofizika kari verseny (2016, <strong>4. hely, dics\u00e9ret<\/strong>),<\/li>\n<li>gy\u00f3gyszer\u00fcgyi ismeretek (2019, <strong>II. hely<\/strong>),<\/li>\n<li>Kabay J\u00e1nos Gy\u00f3gyszer\u00e9szeti gyakorlati csapatverseny (2018, <strong>II. hely<\/strong>)<\/li>\n<li>Kabay J\u00e1nos Gy\u00f3gyszer\u00e9szeti gyakorlati csapatverseny (2019, <strong>I. hely)<\/strong><\/li>\n<\/ul>\n<p><span style=\"text-decoration: underline;font-size: 20px\"><strong>Konferencia r\u00e9szv\u00e9telek<\/strong><\/span><\/p>\n<ul>\n<li><span style=\"font-size: 1rem\">CPBCI 2022. Eger<\/span><\/li>\n<li><span style=\"font-size: 1rem\">2021-2024 SE PhD Tudom\u00e1nyos Napok, Budapest<\/span><\/li>\n<li><span style=\"font-size: 1rem\">2023. K\u00e9miai El\u0151ad\u00f3i Napok, Szeged<\/span><\/li>\n<\/ul>\n<p><span style=\"text-decoration: underline;font-size: 20px\"><strong>Tags\u00e1gok<\/strong><\/span><\/p>\n<ul>\n<li>Magyar Gy\u00f3gyszer\u00e9sz Kamara (2020-t\u00f3l)<\/li>\n<li>Magyar Biofizika T\u00e1rsas\u00e1g (2022-t\u0151l)<\/li>\n<li>Magyar K\u00e9mikusok Egyes\u00fclete (2022-t\u0151l)<\/li>\n<\/ul>\n","protected":false},"excerpt":{"rendered":"<p>Szem\u00e9lyes adatok N\u00e9v: Dr. Budav\u00e1ri B\u00e1lint P\u00e9ter Beoszt\u00e1s: PhD hallgat\u00f3 E-mail: <a href=\"mailto:budavari.balint_peter@med.semmelweis-univ.hu\" target=\"_blank\" rel=\"noopener noreferrer\">budavari.balint_peter@med.semmelweis-univ.hu<\/a> Sz\u00fclet\u00e9si id\u0151:\u00a0 1996. 03. 27. Tanulm\u00e1nyok 2020-jelenleg: Semmelweis Egyetem Elm\u00e9leti \u00e9s Transzl\u00e1ci\u00f3s Orvostudom\u00e1nyok Doktori Iskol\u00e1ja, Cellul\u00e1ris \u00e9s Molekul\u00e1ris Biofizika doktori program, Nanok\u00e9miai Kutat\u00f3csoport 2015-2020.: Semmelweis Egyetem Gy\u00f3gyszer\u00e9sztudom\u00e1nyi Kar Szakdolgozatom c\u00edme: Liposz\u00f3m\u00e1s gy\u00f3gyszerek alkalmaz\u00e1sa a bakteri\u00e1lis fert\u0151z\u00e9sek ter\u00e1pi\u00e1j\u00e1ban (konzulens: Dr. Voszka Istv\u00e1n, egyetemi docens, Biofizikai-\u00e9s &hellip;<\/p>\n","protected":false},"author":101235,"featured_media":0,"parent":7,"menu_order":9,"comment_status":"closed","ping_status":"closed","template":"","meta":{"_acf_changed":false,"footnotes":""},"categories":[],"tags":[],"class_list":["post-810","page","type-page","status-publish","hentry"],"acf":[],"_links":{"self":[{"href":"https:\/\/semmelweis.hu\/nanokemia\/wp-json\/wp\/v2\/pages\/810","targetHints":{"allow":["GET"]}}],"collection":[{"href":"https:\/\/semmelweis.hu\/nanokemia\/wp-json\/wp\/v2\/pages"}],"about":[{"href":"https:\/\/semmelweis.hu\/nanokemia\/wp-json\/wp\/v2\/types\/page"}],"author":[{"embeddable":true,"href":"https:\/\/semmelweis.hu\/nanokemia\/wp-json\/wp\/v2\/users\/101235"}],"replies":[{"embeddable":true,"href":"https:\/\/semmelweis.hu\/nanokemia\/wp-json\/wp\/v2\/comments?post=810"}],"version-history":[{"count":6,"href":"https:\/\/semmelweis.hu\/nanokemia\/wp-json\/wp\/v2\/pages\/810\/revisions"}],"predecessor-version":[{"id":1099,"href":"https:\/\/semmelweis.hu\/nanokemia\/wp-json\/wp\/v2\/pages\/810\/revisions\/1099"}],"up":[{"embeddable":true,"href":"https:\/\/semmelweis.hu\/nanokemia\/wp-json\/wp\/v2\/pages\/7"}],"wp:attachment":[{"href":"https:\/\/semmelweis.hu\/nanokemia\/wp-json\/wp\/v2\/media?parent=810"}],"wp:term":[{"taxonomy":"category","embeddable":true,"href":"https:\/\/semmelweis.hu\/nanokemia\/wp-json\/wp\/v2\/categories?post=810"},{"taxonomy":"post_tag","embeddable":true,"href":"https:\/\/semmelweis.hu\/nanokemia\/wp-json\/wp\/v2\/tags?post=810"}],"curies":[{"name":"wp","href":"https:\/\/api.w.org\/{rel}","templated":true}]}}