{"id":7,"date":"2017-10-16T12:53:56","date_gmt":"2017-10-16T10:53:56","guid":{"rendered":"http:\/\/semmelweis-egyetem.hu\/nanokemia\/?page_id=7"},"modified":"2019-03-01T14:53:17","modified_gmt":"2019-03-01T13:53:17","slug":"munkatarsak","status":"publish","type":"page","link":"https:\/\/semmelweis.hu\/nanokemia\/munkatarsak\/","title":{"rendered":"Munkat\u00e1rsak"},"content":{"rendered":"\n<table id=\"tablepress-1\" class=\"tablepress tablepress-id-1\">\n<tbody class=\"row-striping\">\n<tr class=\"row-1\">\n\t<td class=\"column-1\"><a href=\"http:\/\/semmelweis-egyetem.hu\/nanokemia\/munkatarsak\/oneletrajzok\/dr-jedlovszky-hajdu-angela\/\"><u>Dr. Jedlovszky-Hajd\u00fa Ang\u00e9la<\/u><\/a><\/td><td class=\"column-2\">a kutat\u00f3csoport vezet\u0151je,<br \/>\negyetemi docens<\/td><td class=\"column-3\">+36-20-666-30-40<\/td><td class=\"column-4\">hajdu.angela (at) semmelweis (*) hu<\/td>\n<\/tr>\n<tr class=\"row-2\">\n\t<td class=\"column-1\"><a href=\"http:\/\/semmelweis-egyetem.hu\/nanokemia\/munkatarsak\/oneletrajzok\/dr-zrinyi-miklos\/\"><u>Dr. Zr\u00ednyi Mikl\u00f3s<\/u><\/a><\/td><td class=\"column-2\">professor emeritus,<br \/>\nMTA rendes tagja<\/td><td class=\"column-3\">+36-20-825-92-33<\/td><td class=\"column-4\">mikloszrinyi (at) gmail (*) com<\/td>\n<\/tr>\n<tr class=\"row-3\">\n\t<td class=\"column-1\"><a href=\"https:\/\/semmelweis.hu\/nanokemia\/munkatarsak\/molnar-kristof\/\"><u>Dr. Moln\u00e1r Krist\u00f3f<\/u><\/a><\/td><td class=\"column-2\">egyetemi docens<\/td><td class=\"column-3\">+36-30-509-75-92<br \/>\n<\/td><td class=\"column-4\">molnar.kristof (at) med.semmelweis-univ (*) hu<\/td>\n<\/tr>\n<tr class=\"row-4\">\n\t<td class=\"column-1\"><a href=\"https:\/\/semmelweis.hu\/nanokemia\/munkatarsak\/dr-simonne-dr-nagy-krisztina\/\"><u>Dr. Simonn\u00e9 Dr. Nagy Krisztina<\/u><\/a><\/td><td class=\"column-2\">egyetemi docens<\/td><td class=\"column-3\">+36-20-825-06-28<\/td><td class=\"column-4\">s.nagy.krisztina (at) semmelweis (*) hu<\/td>\n<\/tr>\n<tr class=\"row-5\">\n\t<td class=\"column-1\"><a href=\"https:\/\/semmelweis.hu\/nanokemia\/dr-voniatis-konstantinos\/\"><u>Dr. Voniatis Konstantinos<\/u><\/a><\/td><td class=\"column-2\">egyetemi adjunktus<\/td><td class=\"column-3\"><\/td><td class=\"column-4\">voniatis.konstantinos (at) semmelweis (*) hu<\/td>\n<\/tr>\n<tr class=\"row-6\">\n\t<td class=\"column-1\"><a href=\"https:\/\/semmelweis.hu\/nanokemia\/dr-molnarne-dr-krisch-eniko\/\"><u>Dr. Moln\u00e1rn\u00e9 Dr. Krisch Enik\u0151<\/u><\/a><\/td><td class=\"column-2\">egyetemi adjunktus<\/td><td class=\"column-3\"><\/td><td class=\"column-4\">krisch.eniko (at) semmelweis (*) hu<\/td>\n<\/tr>\n<tr class=\"row-7\">\n\t<td class=\"column-1\"><a href=\"https:\/\/semmelweis.hu\/nanokemia\/munkatarsak\/sipos-evelin\/\"><u>Dr. Forr\u00f3 Evelin<\/u><\/a><\/td><td class=\"column-2\">egyetemi tan\u00e1rseg\u00e9d<\/td><td class=\"column-3\"><\/td><td class=\"column-4\">sipos.evelin (at) semmelweis (*) hu<\/td>\n<\/tr>\n<tr class=\"row-8\">\n\t<td class=\"column-1\"><a href=\"https:\/\/semmelweis.hu\/nanokemia\/golcz-katalin\/\">G\u00f6lcz Katalin<\/a><\/td><td class=\"column-2\">kutat\u00e1si asszisztens<\/td><td class=\"column-3\"><\/td><td class=\"column-4\">golcz.katalin.erzsebet@semmelweis.hu<\/td>\n<\/tr>\n<tr class=\"row-9\">\n\t<td class=\"column-1\"><a href=\"https:\/\/semmelweis.hu\/nanokemia\/munkatarsak\/oneletrajzok\/budavari-balint\/\"><u>Dr. Budav\u00e1ri B\u00e1lint<\/a><\/u><\/td><td class=\"column-2\">PhD hallgat\u00f3<\/td><td class=\"column-3\"><\/td><td class=\"column-4\">budavari.balint.peter (at) semmelweis (*) hu<\/td>\n<\/tr>\n<tr class=\"row-10\">\n\t<td class=\"column-1\"><a href=\"https:\/\/semmelweis.hu\/nanokemia\/munkatarsak\/oneletrajzok\/halmoczki-sarolta\/\"><u>Halm\u00f3czki Sarolta<\/a><\/u><\/td><td class=\"column-2\">PhD hallgat\u00f3<\/td><td class=\"column-3\"><\/td><td class=\"column-4\">halmoczki.sarolta<br \/>\n (at) phd (*) semmelweis (*) hu<\/td>\n<\/tr>\n<tr class=\"row-11\">\n\t<td class=\"column-1\"><a href=\"https:\/\/semmelweis.hu\/nanokemia\/munkatarsak\/palos-veronika-terez\/\"><u>P\u00e1los Veronika Ter\u00e9z<\/u><\/a><\/td><td class=\"column-2\">PhD hallgat\u00f3<\/td><td class=\"column-3\"><\/td><td class=\"column-4\">palos.veronika (at) phd (*) semmelweis (*) hu<\/td>\n<\/tr>\n<tr class=\"row-12\">\n\t<td class=\"column-1\">Szil\u00e1gyi Viktor<\/td><td class=\"column-2\">PhD hallgat\u00f3<\/td><td class=\"column-3\"><\/td><td class=\"column-4\">szilagyi.viktor@phd.semmelweis.hu<\/td>\n<\/tr>\n<tr class=\"row-13\">\n\t<td class=\"column-1\"><a href=\"https:\/\/semmelweis.hu\/nanokemia\/nanys-monika\/\">Nanys M\u00f3nika<\/a><\/td><td class=\"column-2\">PhD hallgat\u00f3<\/td><td class=\"column-3\"><\/td><td class=\"column-4\">nanys.monika@stud.semmelweis.hu<\/td>\n<\/tr>\n<tr class=\"row-14\">\n\t<td class=\"column-1\"><a href=\"https:\/\/semmelweis.hu\/nanokemia\/szalai-donat\/\">Szalai Don\u00e1t<\/a><\/td><td class=\"column-2\">MD PhD hallgat\u00f3<\/td><td class=\"column-3\"><\/td><td class=\"column-4\">szalai.donat@stud.semmelweis.hu<\/td>\n<\/tr>\n<tr class=\"row-15\">\n\t<td class=\"column-1\">Benis Margit<\/td><td class=\"column-2\">hallgat\u00f3<\/td><td class=\"column-3\"><\/td><td class=\"column-4\"><\/td>\n<\/tr>\n<tr class=\"row-16\">\n\t<td class=\"column-1\">Bittmann Panna<\/td><td class=\"column-2\">hallgat\u00f3<\/td><td class=\"column-3\"><\/td><td class=\"column-4\"><\/td>\n<\/tr>\n<tr class=\"row-17\">\n\t<td class=\"column-1\">Chrysanthou Chris<\/td><td class=\"column-2\">hallgat\u00f3<\/td><td class=\"column-3\"><\/td><td class=\"column-4\"><\/td>\n<\/tr>\n<tr class=\"row-18\">\n\t<td class=\"column-1\">Danyi \u00c1kos<\/td><td class=\"column-2\">hallgat\u00f3<\/td><td class=\"column-3\"><\/td><td class=\"column-4\"><\/td>\n<\/tr>\n<tr class=\"row-19\">\n\t<td class=\"column-1\">Fekete N\u00f3ra<\/td><td class=\"column-2\">hallgat\u00f3<\/td><td class=\"column-3\"><\/td><td class=\"column-4\"><\/td>\n<\/tr>\n<tr class=\"row-20\">\n\t<td class=\"column-1\">Ga\u00e1l Annam\u00e1ria<\/td><td class=\"column-2\">hallgat\u00f3<\/td><td class=\"column-3\"><\/td><td class=\"column-4\"><\/td>\n<\/tr>\n<tr class=\"row-21\">\n\t<td class=\"column-1\">Hord\u00f3s Ad\u00e9l Zita<\/td><td class=\"column-2\">hallgat\u00f3<\/td><td class=\"column-3\"><\/td><td class=\"column-4\"><\/td>\n<\/tr>\n<tr class=\"row-22\">\n\t<td class=\"column-1\">Kis Dorottya<\/td><td class=\"column-2\">hallgat\u00f3<\/td><td class=\"column-3\"><\/td><td class=\"column-4\"><\/td>\n<\/tr>\n<tr class=\"row-23\">\n\t<td class=\"column-1\">Neufeld N\u00f3ra<\/td><td class=\"column-2\">hallgat\u00f3<\/td><td class=\"column-3\"><\/td><td class=\"column-4\"><\/td>\n<\/tr>\n<tr class=\"row-24\">\n\t<td class=\"column-1\">O Keeffee Lily<\/td><td class=\"column-2\">hallgat\u00f3<\/td><td class=\"column-3\"><\/td><td class=\"column-4\"><\/td>\n<\/tr>\n<tr class=\"row-25\">\n\t<td class=\"column-1\">Oosthuizen George<\/td><td class=\"column-2\">hallgat\u00f3<\/td><td class=\"column-3\"><\/td><td class=\"column-4\"><\/td>\n<\/tr>\n<tr class=\"row-26\">\n\t<td class=\"column-1\">Rizmajer Vivien<\/td><td class=\"column-2\">hallgat\u00f3<\/td><td class=\"column-3\"><\/td><td class=\"column-4\"><\/td>\n<\/tr>\n<tr class=\"row-27\">\n\t<td class=\"column-1\">Safaei Leylinaz<\/td><td class=\"column-2\">hallgat\u00f3<\/td><td class=\"column-3\"><\/td><td class=\"column-4\"><\/td>\n<\/tr>\n<tr class=\"row-28\">\n\t<td class=\"column-1\">T\u00f3th Izabella<\/td><td class=\"column-2\">hallgat\u00f3<\/td><td class=\"column-3\"><\/td><td class=\"column-4\"><\/td>\n<\/tr>\n<tr class=\"row-29\">\n\t<td class=\"column-1\">T\u0151k\u00e9s P\u00e9ter<\/td><td class=\"column-2\">hallgat\u00f3<\/td><td class=\"column-3\"><\/td><td class=\"column-4\"><\/td>\n<\/tr>\n<tr class=\"row-30\">\n\t<td class=\"column-1\">\u00c1cs M\u00e1rton<\/td><td class=\"column-2\">hallgat\u00f3<\/td><td class=\"column-3\"><\/td><td class=\"column-4\"><\/td>\n<\/tr>\n<\/tbody>\n<\/table>\n<!-- #tablepress-1 from cache -->\n","protected":false},"excerpt":{"rendered":"","protected":false},"author":101235,"featured_media":0,"parent":0,"menu_order":5,"comment_status":"closed","ping_status":"closed","template":"template-fullwidth.php","meta":{"_acf_changed":false,"footnotes":""},"categories":[],"tags":[],"class_list":["post-7","page","type-page","status-publish","hentry"],"acf":[],"_links":{"self":[{"href":"https:\/\/semmelweis.hu\/nanokemia\/wp-json\/wp\/v2\/pages\/7","targetHints":{"allow":["GET"]}}],"collection":[{"href":"https:\/\/semmelweis.hu\/nanokemia\/wp-json\/wp\/v2\/pages"}],"about":[{"href":"https:\/\/semmelweis.hu\/nanokemia\/wp-json\/wp\/v2\/types\/page"}],"author":[{"embeddable":true,"href":"https:\/\/semmelweis.hu\/nanokemia\/wp-json\/wp\/v2\/users\/101235"}],"replies":[{"embeddable":true,"href":"https:\/\/semmelweis.hu\/nanokemia\/wp-json\/wp\/v2\/comments?post=7"}],"version-history":[{"count":2,"href":"https:\/\/semmelweis.hu\/nanokemia\/wp-json\/wp\/v2\/pages\/7\/revisions"}],"predecessor-version":[{"id":219,"href":"https:\/\/semmelweis.hu\/nanokemia\/wp-json\/wp\/v2\/pages\/7\/revisions\/219"}],"wp:attachment":[{"href":"https:\/\/semmelweis.hu\/nanokemia\/wp-json\/wp\/v2\/media?parent=7"}],"wp:term":[{"taxonomy":"category","embeddable":true,"href":"https:\/\/semmelweis.hu\/nanokemia\/wp-json\/wp\/v2\/categories?post=7"},{"taxonomy":"post_tag","embeddable":true,"href":"https:\/\/semmelweis.hu\/nanokemia\/wp-json\/wp\/v2\/tags?post=7"}],"curies":[{"name":"wp","href":"https:\/\/api.w.org\/{rel}","templated":true}]}}