{"id":6,"date":"2012-01-17T12:53:17","date_gmt":"2012-01-17T12:53:17","guid":{"rendered":"http:\/\/semmelweis-egyetem.hu\/nanokemia\/?page_id=6"},"modified":"2020-11-11T21:56:28","modified_gmt":"2020-11-11T20:56:28","slug":"bemutatkozas","status":"publish","type":"page","link":"https:\/\/semmelweis.hu\/nanokemia\/bemutatkozas\/","title":{"rendered":"Bemutatkoz\u00e1s"},"content":{"rendered":"<p style=\"text-align: justify\"><a href=\"https:\/\/semmelweis.hu\/nanokemia\/files\/2019\/03\/RS31918_KA-20150615-IMG_9654-eok-scr.jpg\"><img loading=\"lazy\" decoding=\"async\" class=\"alignright size-medium wp-image-565\" src=\"https:\/\/semmelweis.hu\/nanokemia\/files\/2019\/03\/RS31918_KA-20150615-IMG_9654-eok-scr-400x267.jpg\" alt=\"\" width=\"400\" height=\"267\" srcset=\"https:\/\/semmelweis.hu\/nanokemia\/files\/2019\/03\/RS31918_KA-20150615-IMG_9654-eok-scr-400x267.jpg 400w, https:\/\/semmelweis.hu\/nanokemia\/files\/2019\/03\/RS31918_KA-20150615-IMG_9654-eok-scr-768x512.jpg 768w, https:\/\/semmelweis.hu\/nanokemia\/files\/2019\/03\/RS31918_KA-20150615-IMG_9654-eok-scr-753x502.jpg 753w, https:\/\/semmelweis.hu\/nanokemia\/files\/2019\/03\/RS31918_KA-20150615-IMG_9654-eok-scr-203x135.jpg 203w, https:\/\/semmelweis.hu\/nanokemia\/files\/2019\/03\/RS31918_KA-20150615-IMG_9654-eok-scr.jpg 950w\" sizes=\"auto, (max-width: 400px) 100vw, 400px\" \/><\/a>A nanotudom\u00e1nyok magas szint\u0171 m\u0171vel\u00e9s\u00e9re \u00e9s oktat\u00e1s\u00e1ra a Semmelweis Egyetem Nanotudom\u00e1nyi H\u00e1l\u00f3zatot hozott l\u00e9tre. Ennek keret\u00e9ben a Nanok\u00e9miai Kutat\u00f3csoport 2010 j\u00falius 1-\u00e9n alakult meg. Szervezetileg a Biofizikai \u00e9s Sug\u00e1rbiol\u00f3giai Int\u00e9zethez tartozik. A kutat\u00f3csoport tev\u00e9kenys\u00e9g\u00e9ben meghat\u00e1roz\u00f3 szerepet j\u00e1tszik nano- \u00e9s mikro m\u00e9ret tartom\u00e1nyba es\u0151 anyagok orvos-biol\u00f3giai, gy\u00f3gyszer\u00e9szeti \u00e9s k\u00f6rnyezetv\u00e9delmi alkalmaz\u00e1sainak kutat\u00e1sa.<\/p>\n<p>&nbsp;<\/p>\n<p style=\"text-align: justify\"><span style=\"font-size: 18pt\"><strong>A kutat\u00e1sok k\u00e9t f\u0151 ir\u00e1nya:<\/strong><\/span><\/p>\n<p style=\"text-align: justify\">\n&#8211; <em>Kolloid m\u00e9rettartom\u00e1nyba<\/em> es\u0151 biokompatibilis r\u00e9szecsk\u00e9k kontraszt anyagk\u00e9nt \u00e9s hat\u00f3anyag c\u00e9lba juttat\u00e1sra alkalmas hordoz\u00f3k\u00e9nt t\u00f6rt\u00e9n\u0151 alkalmaz\u00e1sa. A modern diagnosztikai elj\u00e1r\u00e1sok alapvet\u0151 c\u00e9lja a multifunkcion\u00e1lis kontrasztanyagokkal t\u00f6rt\u00e9n\u0151 k\u00e9palkot\u00e1s, amely a struktur\u00e1lis lek\u00e9pez\u00e9s mellett lehet\u0151v\u00e9 tesz funkcion\u00e1lis vizsg\u00e1latokat is. Egyik c\u00e9lunk feh\u00e9rj\u00e9kkel bor\u00edtott \u00e9s radioizot\u00f3ppal megjel\u00f6lt m\u00e1gneses nano-r\u00e9szecsk\u00e9k felhaszn\u00e1l\u00e1s\u00e1val MRI- \u00e9s PET k\u00e9sz\u00fcl\u00e9kben is haszn\u00e1lhat\u00f3 kontrasztanyag el\u0151\u00e1ll\u00edt\u00e1sa \u00e9s diagnosztikai felhaszn\u00e1l\u00e1sa. Tov\u00e1bbi c\u00e9lunk m\u00e1gneses folyad\u00e9kokkal \u00e9s m\u00e1gneses g\u00e9lekkel t\u00f6rt\u00e9n\u0151 hipertermia orvosi alkalmaz\u00e1s technik\u00e1j\u00e1nak kidolgoz\u00e1sa, a sz\u00f6vetek h\u0151vezet\u0151 k\u00e9pess\u00e9g\u00e9nek \u00e9s termikus stabilit\u00e1s\u00e1nak figyelembe v\u00e9tel\u00e9vel.<\/p>\n<p style=\"text-align: justify\">\n&#8211; <em>Bioanyagoknak<\/em> (biomaterials) az \u00e9l\u0151vil\u00e1got alkot\u00f3-, az \u00e9l\u0151 szervezetek \u00e1ltal el\u0151\u00e1ll\u00edtott-, vagy befogadott (szintetikus) anyagokat nevezz\u00fck. Azokat a szintetikus anyagokat, amelyeknek \u00f6sszet\u00e9tel\u00e9t, strukt\u00far\u00e1j\u00e1t vagy funkci\u00f3j\u00e1t a term\u00e9szetb\u0151l vett p\u00e9lda szolg\u00e1ltatja, biomimetikus anyagoknak nevezz\u00fck. A csoport kutat\u00e1si strat\u00e9gi\u00e1ja olyan harmadik gener\u00e1ci\u00f3s, f\u0151k\u00e9nt polimer alap\u00fa bio- \u00e9s biomimetikus anyagok kifejleszt\u00e9se \u00e9s alkalmaz\u00e1si lehet\u0151s\u00e9geinek felt\u00e1r\u00e1sa, amelyek biokompatibilis \u00e9s\/vagy biodegrad\u00e1bilis tulajdons\u00e1gokkal rendelkez\u0151 implant\u00e1tumok, nano m\u00e9ret tartom\u00e1nyba es\u0151 \u201etissue engineering\u201d-hez haszn\u00e1lhat\u00f3 m\u00e1trixok, szab\u00e1lyozott- \u00e9s c\u00e9lba juttatott hat\u00f3anyag-lead\u00e1shoz haszn\u00e1lhat\u00f3 hordoz\u00f3k, molekul\u00e1ris felismer\u00e9sre (molecularly imprinting) alkalmas biomimetikus receptorokat tartalmaz\u00f3 polimerg\u00e9lek, tervezhet\u0151en elboml\u00f3 biodegrad\u00e1bilis polimerek, valamint \u00f6nszervez\u0151d\u0151 (self assembly) struktur\u00e1k \u00e9s mesters\u00e9ges izmok el\u0151\u00e1ll\u00edt\u00e1s\u00e1t teszi lehet\u0151v\u00e9. Tev\u00e9kenys\u00e9g\u00fcnket szoros egy\u00fcttm\u0171k\u00f6d\u00e9sben k\u00edv\u00e1njuk megval\u00f3s\u00edtani az Egyetem Nanotudom\u00e1nyi H\u00e1l\u00f3zat\u00e1ban m\u0171k\u00f6d\u0151 kutat\u00f3csoportokkal, a Gy\u00f3gyszerkutat\u00f3 \u00e9s Gy\u00f3gyszerbiztons\u00e1gi Centrummal, valamint a t\u00e9m\u00e1ban \u00e9rintett klinik\u00e1kkal.<\/p>\n<p>&nbsp;<\/p>\n<p style=\"text-align: left\"><strong>Jedlovszky-Hajd\u00fa Ang\u00e9la<\/strong><br \/>\negyetemi docens<br \/>\na kutat\u00f3csoport vezet\u0151je<\/p>\n","protected":false},"excerpt":{"rendered":"<p><a href=\"https:\/\/semmelweis.hu\/nanokemia\/files\/2019\/03\/RS31918_KA-20150615-IMG_9654-eok-scr.jpg\"><\/a> A nanotudom\u00e1nyok magas szint\u0171 m\u0171vel\u00e9s\u00e9re \u00e9s oktat\u00e1s\u00e1ra a Semmelweis Egyetem Nanotudom\u00e1nyi H\u00e1l\u00f3zatot hozott l\u00e9tre. Ennek keret\u00e9ben a Nanok\u00e9miai Kutat\u00f3csoport 2010 j\u00falius 1-\u00e9n alakult meg. Szervezetileg a Biofizikai \u00e9s Sug\u00e1rbiol\u00f3giai Int\u00e9zethez tartozik. A kutat\u00f3csoport tev\u00e9kenys\u00e9g\u00e9ben meghat\u00e1roz\u00f3 szerepet j\u00e1tszik nano- \u00e9s mikro m\u00e9ret tartom\u00e1nyba es\u0151 anyagok orvos-biol\u00f3giai, gy\u00f3gyszer\u00e9szeti \u00e9s k\u00f6rnyezetv\u00e9delmi alkalmaz\u00e1sainak kutat\u00e1sa. &nbsp; A kutat\u00e1sok k\u00e9t f\u0151 &hellip;<\/p>\n","protected":false},"author":101235,"featured_media":565,"parent":0,"menu_order":0,"comment_status":"closed","ping_status":"closed","template":"template-fullwidth.php","meta":{"_acf_changed":false,"footnotes":""},"categories":[],"tags":[],"class_list":["post-6","page","type-page","status-publish","has-post-thumbnail","hentry"],"acf":[],"_links":{"self":[{"href":"https:\/\/semmelweis.hu\/nanokemia\/wp-json\/wp\/v2\/pages\/6","targetHints":{"allow":["GET"]}}],"collection":[{"href":"https:\/\/semmelweis.hu\/nanokemia\/wp-json\/wp\/v2\/pages"}],"about":[{"href":"https:\/\/semmelweis.hu\/nanokemia\/wp-json\/wp\/v2\/types\/page"}],"author":[{"embeddable":true,"href":"https:\/\/semmelweis.hu\/nanokemia\/wp-json\/wp\/v2\/users\/101235"}],"replies":[{"embeddable":true,"href":"https:\/\/semmelweis.hu\/nanokemia\/wp-json\/wp\/v2\/comments?post=6"}],"version-history":[{"count":11,"href":"https:\/\/semmelweis.hu\/nanokemia\/wp-json\/wp\/v2\/pages\/6\/revisions"}],"predecessor-version":[{"id":792,"href":"https:\/\/semmelweis.hu\/nanokemia\/wp-json\/wp\/v2\/pages\/6\/revisions\/792"}],"wp:featuredmedia":[{"embeddable":true,"href":"https:\/\/semmelweis.hu\/nanokemia\/wp-json\/wp\/v2\/media\/565"}],"wp:attachment":[{"href":"https:\/\/semmelweis.hu\/nanokemia\/wp-json\/wp\/v2\/media?parent=6"}],"wp:term":[{"taxonomy":"category","embeddable":true,"href":"https:\/\/semmelweis.hu\/nanokemia\/wp-json\/wp\/v2\/categories?post=6"},{"taxonomy":"post_tag","embeddable":true,"href":"https:\/\/semmelweis.hu\/nanokemia\/wp-json\/wp\/v2\/tags?post=6"}],"curies":[{"name":"wp","href":"https:\/\/api.w.org\/{rel}","templated":true}]}}