{"id":47,"date":"2012-02-06T08:30:41","date_gmt":"2012-02-06T08:30:41","guid":{"rendered":"http:\/\/semmelweis-egyetem.hu\/nanokemia\/?page_id=47"},"modified":"2022-03-18T16:51:40","modified_gmt":"2022-03-18T15:51:40","slug":"nemzetkozi-kapcsolatok","status":"publish","type":"page","link":"https:\/\/semmelweis.hu\/nanokemia\/nemzetkozi-kapcsolatok\/","title":{"rendered":"Nemzetk\u00f6zi kapcsolatok"},"content":{"rendered":"<p><strong>Dr. Jedlovszky-Hajd\u00fa Ang\u00e9la<\/strong><\/p>\n<ul style=\"list-style-type: disc\">\n<li><span lang=\"HU\">Abdenacer Idrissi, <\/span><span lang=\"HU\">University of Lille, Faculty of Science and Technology, LASIRe (UMR CNRS A8516)<\/span><\/li>\n<li>Puskas Judit Ohio State University, Wooster, USA<\/li>\n<\/ul>\n","protected":false},"excerpt":{"rendered":"<p>Dr. Jedlovszky-Hajd\u00fa Ang\u00e9la<\/p>\n<p>Abdenacer Idrissi, University of Lille, Faculty of Science and Technology, LASIRe (UMR CNRS A8516)<br \/>\nPuskas Judit Ohio State University, Wooster, USA<\/p>\n","protected":false},"author":101235,"featured_media":0,"parent":0,"menu_order":2,"comment_status":"open","ping_status":"open","template":"template-fullwidth.php","meta":{"_acf_changed":false,"footnotes":""},"categories":[],"tags":[],"class_list":["post-47","page","type-page","status-publish","hentry"],"acf":[],"_links":{"self":[{"href":"https:\/\/semmelweis.hu\/nanokemia\/wp-json\/wp\/v2\/pages\/47","targetHints":{"allow":["GET"]}}],"collection":[{"href":"https:\/\/semmelweis.hu\/nanokemia\/wp-json\/wp\/v2\/pages"}],"about":[{"href":"https:\/\/semmelweis.hu\/nanokemia\/wp-json\/wp\/v2\/types\/page"}],"author":[{"embeddable":true,"href":"https:\/\/semmelweis.hu\/nanokemia\/wp-json\/wp\/v2\/users\/101235"}],"replies":[{"embeddable":true,"href":"https:\/\/semmelweis.hu\/nanokemia\/wp-json\/wp\/v2\/comments?post=47"}],"version-history":[{"count":7,"href":"https:\/\/semmelweis.hu\/nanokemia\/wp-json\/wp\/v2\/pages\/47\/revisions"}],"predecessor-version":[{"id":860,"href":"https:\/\/semmelweis.hu\/nanokemia\/wp-json\/wp\/v2\/pages\/47\/revisions\/860"}],"wp:attachment":[{"href":"https:\/\/semmelweis.hu\/nanokemia\/wp-json\/wp\/v2\/media?parent=47"}],"wp:term":[{"taxonomy":"category","embeddable":true,"href":"https:\/\/semmelweis.hu\/nanokemia\/wp-json\/wp\/v2\/categories?post=47"},{"taxonomy":"post_tag","embeddable":true,"href":"https:\/\/semmelweis.hu\/nanokemia\/wp-json\/wp\/v2\/tags?post=47"}],"curies":[{"name":"wp","href":"https:\/\/api.w.org\/{rel}","templated":true}]}}