{"id":46,"date":"2012-02-06T08:28:27","date_gmt":"2012-02-06T07:28:27","guid":{"rendered":"http:\/\/semmelweis-egyetem.hu\/nanokemia\/?page_id=46"},"modified":"2026-04-09T15:03:02","modified_gmt":"2026-04-09T13:03:02","slug":"muszereink","status":"publish","type":"page","link":"https:\/\/semmelweis.hu\/nanokemia\/kutatas\/muszereink\/","title":{"rendered":"M\u0171szereink"},"content":{"rendered":"<ul style=\"list-style-type: disc\">\n<li>Able-Jasco V-650 UV\/VIS Spektrofotom\u00e9ter<\/li>\n<li>Agilent 8453 UV-VIS<\/li>\n<li>Jasco FTIR 4700<\/li>\n<li>Kapill\u00e1ris elektrofor\u00e9zis<\/li>\n<li>SV-10 \u00e9s SV-100 Vibr\u00e1ci\u00f3s viszkozim\u00e9terek<\/li>\n<li>Instron 5940 egy oszlopos asztali terhel\u0151keret<\/li>\n<li>Electrospinning \u00e9s spraying k\u00e9sz\u00fcl\u00e9k<\/li>\n<li>Ultrahangos Ujj<\/li>\n<li>Biol\u00f3giai mikroszk\u00f3p<\/li>\n<li>G\u00e9lelektrofor\u00e9zis szett<\/li>\n<\/ul>\n","protected":false},"excerpt":{"rendered":"<p>Able-Jasco V-650 UV\/VIS Spektrofotom\u00e9ter<br \/>\nAgilent 8453 UV-VIS<br \/>\nJasco FTIR 4700<br \/>\nKapill\u00e1ris elektrofor\u00e9zis<br \/>\nSV-10 \u00e9s SV-100 Vibr\u00e1ci\u00f3s viszkozim\u00e9terek<br \/>\nInstron 5940 egy oszlopos asztali terhel\u0151keret<br \/>\nElectrospinning \u00e9s spraying k\u00e9sz\u00fcl\u00e9k<br \/>\nUltrahangos Ujj<br \/>\nBiol\u00f3giai mikroszk\u00f3p<br \/>\nG\u00e9lelektrofor\u00e9zis szett<\/p>\n","protected":false},"author":101235,"featured_media":0,"parent":10,"menu_order":1,"comment_status":"open","ping_status":"closed","template":"","meta":{"_acf_changed":false,"footnotes":""},"categories":[],"tags":[],"class_list":["post-46","page","type-page","status-publish","hentry"],"acf":[],"_links":{"self":[{"href":"https:\/\/semmelweis.hu\/nanokemia\/wp-json\/wp\/v2\/pages\/46","targetHints":{"allow":["GET"]}}],"collection":[{"href":"https:\/\/semmelweis.hu\/nanokemia\/wp-json\/wp\/v2\/pages"}],"about":[{"href":"https:\/\/semmelweis.hu\/nanokemia\/wp-json\/wp\/v2\/types\/page"}],"author":[{"embeddable":true,"href":"https:\/\/semmelweis.hu\/nanokemia\/wp-json\/wp\/v2\/users\/101235"}],"replies":[{"embeddable":true,"href":"https:\/\/semmelweis.hu\/nanokemia\/wp-json\/wp\/v2\/comments?post=46"}],"version-history":[{"count":6,"href":"https:\/\/semmelweis.hu\/nanokemia\/wp-json\/wp\/v2\/pages\/46\/revisions"}],"predecessor-version":[{"id":1484,"href":"https:\/\/semmelweis.hu\/nanokemia\/wp-json\/wp\/v2\/pages\/46\/revisions\/1484"}],"up":[{"embeddable":true,"href":"https:\/\/semmelweis.hu\/nanokemia\/wp-json\/wp\/v2\/pages\/10"}],"wp:attachment":[{"href":"https:\/\/semmelweis.hu\/nanokemia\/wp-json\/wp\/v2\/media?parent=46"}],"wp:term":[{"taxonomy":"category","embeddable":true,"href":"https:\/\/semmelweis.hu\/nanokemia\/wp-json\/wp\/v2\/categories?post=46"},{"taxonomy":"post_tag","embeddable":true,"href":"https:\/\/semmelweis.hu\/nanokemia\/wp-json\/wp\/v2\/tags?post=46"}],"curies":[{"name":"wp","href":"https:\/\/api.w.org\/{rel}","templated":true}]}}