{"id":42,"date":"2012-02-06T08:22:35","date_gmt":"2012-02-06T07:22:35","guid":{"rendered":"http:\/\/semmelweis-egyetem.hu\/nanokemia\/?page_id=42"},"modified":"2019-03-01T14:25:09","modified_gmt":"2019-03-01T13:25:09","slug":"tdk-temak","status":"publish","type":"page","link":"https:\/\/semmelweis.hu\/nanokemia\/oktatas-2\/tdk-temak\/","title":{"rendered":"TDK t\u00e9m\u00e1k"},"content":{"rendered":"<ol>\n<li>Ez\u00fcst nanor\u00e9szecsk\u00e9k el\u0151\u00e1ll\u00edt\u00e1sa (szerves \u00e9s vizes k\u00f6zegben) \u00e9s fel\u00fcletm\u00f3dos\u00edt\u00e1sa, hat\u00f3anyag jelenl\u00e9t\u00e9ben.<\/li>\n<li>Elektrosztatikus sz\u00e1lk\u00e9pz\u00e9ssel el\u0151\u00e1ll\u00edtott strukt\u00far\u00e1k orvosbiol\u00f3giai alkalmaz\u00e1sokhoz<\/li>\n<li>M\u00e1gneses r\u00e9szecsk\u00e9kkel t\u00f6lt\u00f6tt polimer sz\u00e1lak el\u0151\u00e1ll\u00edt\u00e1sa \u00e9s hipertermi\u00e1s vizsg\u00e1latai<\/li>\n<\/ol>\n","protected":false},"excerpt":{"rendered":"<p>Ez\u00fcst nanor\u00e9szecsk\u00e9k el\u0151\u00e1ll\u00edt\u00e1sa (szerves \u00e9s vizes k\u00f6zegben) \u00e9s fel\u00fcletm\u00f3dos\u00edt\u00e1sa, hat\u00f3anyag jelenl\u00e9t\u00e9ben.<br \/>\nElektrosztatikus sz\u00e1lk\u00e9pz\u00e9ssel el\u0151\u00e1ll\u00edtott strukt\u00far\u00e1k orvosbiol\u00f3giai alkalmaz\u00e1sokhoz<br \/>\nM\u00e1gneses r\u00e9szecsk\u00e9kkel t\u00f6lt\u00f6tt polimer sz\u00e1lak el\u0151\u00e1ll\u00edt\u00e1sa \u00e9s hipertermi\u00e1s vizsg\u00e1latai<\/p>\n","protected":false},"author":8,"featured_media":0,"parent":570,"menu_order":1,"comment_status":"open","ping_status":"closed","template":"","meta":{"_acf_changed":false,"footnotes":""},"categories":[],"tags":[],"class_list":["post-42","page","type-page","status-publish","hentry"],"acf":[],"_links":{"self":[{"href":"https:\/\/semmelweis.hu\/nanokemia\/wp-json\/wp\/v2\/pages\/42","targetHints":{"allow":["GET"]}}],"collection":[{"href":"https:\/\/semmelweis.hu\/nanokemia\/wp-json\/wp\/v2\/pages"}],"about":[{"href":"https:\/\/semmelweis.hu\/nanokemia\/wp-json\/wp\/v2\/types\/page"}],"author":[{"embeddable":true,"href":"https:\/\/semmelweis.hu\/nanokemia\/wp-json\/wp\/v2\/users\/8"}],"replies":[{"embeddable":true,"href":"https:\/\/semmelweis.hu\/nanokemia\/wp-json\/wp\/v2\/comments?post=42"}],"version-history":[{"count":2,"href":"https:\/\/semmelweis.hu\/nanokemia\/wp-json\/wp\/v2\/pages\/42\/revisions"}],"predecessor-version":[{"id":314,"href":"https:\/\/semmelweis.hu\/nanokemia\/wp-json\/wp\/v2\/pages\/42\/revisions\/314"}],"up":[{"embeddable":true,"href":"https:\/\/semmelweis.hu\/nanokemia\/wp-json\/wp\/v2\/pages\/570"}],"wp:attachment":[{"href":"https:\/\/semmelweis.hu\/nanokemia\/wp-json\/wp\/v2\/media?parent=42"}],"wp:term":[{"taxonomy":"category","embeddable":true,"href":"https:\/\/semmelweis.hu\/nanokemia\/wp-json\/wp\/v2\/categories?post=42"},{"taxonomy":"post_tag","embeddable":true,"href":"https:\/\/semmelweis.hu\/nanokemia\/wp-json\/wp\/v2\/tags?post=42"}],"curies":[{"name":"wp","href":"https:\/\/api.w.org\/{rel}","templated":true}]}}