{"id":414,"date":"2018-09-27T14:27:22","date_gmt":"2018-09-27T12:27:22","guid":{"rendered":"http:\/\/semmelweis.hu\/nanokemia\/?page_id=414"},"modified":"2025-09-10T10:12:49","modified_gmt":"2025-09-10T08:12:49","slug":"szeminarium","status":"publish","type":"page","link":"https:\/\/semmelweis.hu\/nanokemia\/oktatas-2\/szeminarium\/","title":{"rendered":"Szemin\u00e1rium"},"content":{"rendered":"<p>A csoport tagjai sz\u00e1m\u00e1ra tartott szemin\u00e1riumok a 2025\/26-os tan\u00e9v I. f\u00e9l\u00e9v\u00e9ben szerd\u00e1nk\u00e9nt 1 \u00f3rakor kezd\u0151dnek.<\/p>\n<p>Rendk\u00edv\u00fcli esetben az id\u0151pont v\u00e1ltozhat.<\/p>\n\n<table id=\"tablepress-2\" class=\"tablepress tablepress-id-2\">\n<thead>\n<tr class=\"row-1\">\n\t<th class=\"column-1\">Id\u0151pont<\/th><th class=\"column-2\">El\u0151ad\u00f3(k)<\/th><th class=\"column-3\">T\u00e9ma<\/th>\n<\/tr>\n<\/thead>\n<tbody class=\"row-striping row-hover\">\n<tr class=\"row-2\">\n\t<td class=\"column-1\">2025.09.10<\/td><td class=\"column-2\">Szil\u00e1gyi Viktor<\/td><td class=\"column-3\">konferenciabesz\u00e1mol\u00f3<\/td>\n<\/tr>\n<tr class=\"row-3\">\n\t<td class=\"column-1\"><\/td><td class=\"column-2\"><\/td><td class=\"column-3\"><\/td>\n<\/tr>\n<tr class=\"row-4\">\n\t<td class=\"column-1\"><\/td><td class=\"column-2\"><\/td><td class=\"column-3\"><\/td>\n<\/tr>\n<tr class=\"row-5\">\n\t<td class=\"column-1\"><\/td><td class=\"column-2\"><\/td><td class=\"column-3\"><\/td>\n<\/tr>\n<tr class=\"row-6\">\n\t<td class=\"column-1\"><\/td><td class=\"column-2\"><\/td><td class=\"column-3\"><\/td>\n<\/tr>\n<tr class=\"row-7\">\n\t<td class=\"column-1\"><\/td><td class=\"column-2\"><\/td><td class=\"column-3\"><\/td>\n<\/tr>\n<\/tbody>\n<\/table>\n<!-- #tablepress-2 from cache -->\n","protected":false},"excerpt":{"rendered":"<p>A csoport tagjai sz\u00e1m\u00e1ra tartott szemin\u00e1riumok a 2025\/26-os tan\u00e9v I. f\u00e9l\u00e9v\u00e9ben szerd\u00e1nk\u00e9nt 1 \u00f3rakor kezd\u0151dnek.<br \/>\nRendk\u00edv\u00fcli esetben az id\u0151pont v\u00e1ltozhat.<\/p>\n","protected":false},"author":101235,"featured_media":0,"parent":570,"menu_order":0,"comment_status":"closed","ping_status":"closed","template":"","meta":{"_acf_changed":false,"footnotes":""},"categories":[],"tags":[],"class_list":["post-414","page","type-page","status-publish","hentry"],"acf":[],"_links":{"self":[{"href":"https:\/\/semmelweis.hu\/nanokemia\/wp-json\/wp\/v2\/pages\/414","targetHints":{"allow":["GET"]}}],"collection":[{"href":"https:\/\/semmelweis.hu\/nanokemia\/wp-json\/wp\/v2\/pages"}],"about":[{"href":"https:\/\/semmelweis.hu\/nanokemia\/wp-json\/wp\/v2\/types\/page"}],"author":[{"embeddable":true,"href":"https:\/\/semmelweis.hu\/nanokemia\/wp-json\/wp\/v2\/users\/101235"}],"replies":[{"embeddable":true,"href":"https:\/\/semmelweis.hu\/nanokemia\/wp-json\/wp\/v2\/comments?post=414"}],"version-history":[{"count":11,"href":"https:\/\/semmelweis.hu\/nanokemia\/wp-json\/wp\/v2\/pages\/414\/revisions"}],"predecessor-version":[{"id":1315,"href":"https:\/\/semmelweis.hu\/nanokemia\/wp-json\/wp\/v2\/pages\/414\/revisions\/1315"}],"up":[{"embeddable":true,"href":"https:\/\/semmelweis.hu\/nanokemia\/wp-json\/wp\/v2\/pages\/570"}],"wp:attachment":[{"href":"https:\/\/semmelweis.hu\/nanokemia\/wp-json\/wp\/v2\/media?parent=414"}],"wp:term":[{"taxonomy":"category","embeddable":true,"href":"https:\/\/semmelweis.hu\/nanokemia\/wp-json\/wp\/v2\/categories?post=414"},{"taxonomy":"post_tag","embeddable":true,"href":"https:\/\/semmelweis.hu\/nanokemia\/wp-json\/wp\/v2\/tags?post=414"}],"curies":[{"name":"wp","href":"https:\/\/api.w.org\/{rel}","templated":true}]}}