{"id":409,"date":"2018-09-27T14:14:29","date_gmt":"2018-09-27T12:14:29","guid":{"rendered":"http:\/\/semmelweis.hu\/nanokemia\/?page_id=409"},"modified":"2024-10-08T16:11:39","modified_gmt":"2024-10-08T14:11:39","slug":"dr-voniatis-konstantinos","status":"publish","type":"page","link":"https:\/\/semmelweis.hu\/nanokemia\/munkatarsak\/dr-voniatis-konstantinos\/","title":{"rendered":"Dr. Voniatis Konstantinos"},"content":{"rendered":"<table style=\"border-style: hidden;border-color: #ffffff;background-color: #ffffff\">\n<tbody>\n<tr>\n<td style=\"border-color: #ffffff;background-color: #ffffff\"><a href=\"https:\/\/semmelweis.hu\/nanokemia\/files\/2018\/09\/Costis_CV.jpg\"><img loading=\"lazy\" decoding=\"async\" class=\"wp-image-422  alignleft\" src=\"https:\/\/semmelweis.hu\/nanokemia\/files\/2018\/09\/Costis_CV-e1538337044825-223x300.jpg\" alt=\"\" width=\"173\" height=\"233\" srcset=\"https:\/\/semmelweis.hu\/nanokemia\/files\/2018\/09\/Costis_CV-e1538337044825-223x300.jpg 223w, https:\/\/semmelweis.hu\/nanokemia\/files\/2018\/09\/Costis_CV-e1538337044825.jpg 304w\" sizes=\"auto, (max-width: 173px) 100vw, 173px\" \/><\/a><\/td>\n<td style=\"border-color: #ffffff;background-color: #ffffff\">\n<p><span style=\"text-decoration: underline;font-size: 24px\"><strong>Szem\u00e9lyes adatok<\/strong><\/span><strong><br \/>\n<\/strong><\/p>\n<table>\n<tbody>\n<tr>\n<td style=\"border-style: hidden;border-color: #ffffff;background-color: #ffffff\"><strong>N\u00e9v: <\/strong><\/td>\n<td style=\"border-style: hidden;border-color: #ffffff;background-color: #ffffff\"><strong>Dr. Voniatis Konstantinos<\/strong><\/td>\n<\/tr>\n<tr>\n<td style=\"border-style: hidden;border-color: #ffffff;background-color: #ffffff\"><strong>Beoszt\u00e1s:<\/strong><\/td>\n<td style=\"border-style: hidden;border-color: #ffffff;background-color: #ffffff\"><strong>PhD hallgat\u00f3<\/strong><\/td>\n<\/tr>\n<tr>\n<td style=\"border-style: hidden;border-color: #ffffff;background-color: #ffffff\"><strong>E-mail:<\/strong><\/td>\n<td style=\"border-style: hidden;border-color: #ffffff;background-color: #ffffff\"><strong>constantinosvoniatis (at) gmail (*) com<\/strong><\/td>\n<\/tr>\n<tr>\n<td style=\"border-style: hidden;border-color: #ffffff;background-color: #ffffff\"><strong>Sz\u00fclet\u00e9si id\u0151:\u00a0<\/strong><\/td>\n<td style=\"border-style: hidden;border-color: #ffffff;background-color: #ffffff\"><strong>1991.01.30.<\/strong><\/td>\n<\/tr>\n<\/tbody>\n<\/table>\n<\/td>\n<\/tr>\n<\/tbody>\n<\/table>\n<p><span style=\"text-decoration: underline\"><strong>Tanulm\u00e1nyok<\/strong><\/span><\/p>\n<p><strong>2018 &#8211;\u00a0\u00a0 \u00a0\u00a0<\/strong>Semmelweis Egyetem, Doktori Iskola, Elm\u00e9leti Orvostudom\u00e1nyok<\/p>\n<p>T\u00e9mavezet\u0151k: \u00a0Dr. Ferencz Andrea\u00a0\u00a0\u00a0\u00a0\u00a0\u00a0 Dr. Jedlovszky-Hajd\u00fa Ang\u00e9la<\/p>\n<p><strong>2012 \u2013 2018: <\/strong>\u00c1ltal\u00e1nos Orvostudom\u00e1nyi Kar, Semmelweis Egyetem<\/p>\n<p>Diplomadolgozat c\u00edme: The Potential of Poly(vinyl alcohol) Meshes in Abdominal Hernia Treatment<\/p>\n<p><strong>2007-2010: Kykkos B Lyceum, Nicosia, Ciprus<\/strong><\/p>\n<p><span style=\"text-decoration: underline\"><strong>Besz\u00e9lt nyelvek<\/strong><\/span><\/p>\n<ul>\n<li><strong>G\u00f6r\u00f6g (anyanyelv) <\/strong><\/li>\n<li><strong>Magyar (anyanyelv) <\/strong><\/li>\n<li><strong>Angol (C1)<\/strong><\/li>\n<li><strong>Francia (C1)<\/strong><\/li>\n<li><strong>N\u00e9met (B1)<\/strong><\/li>\n<\/ul>\n<p><span style=\"text-decoration: underline\"><strong>Egy\u00e9b k\u00e9pes\u00edt\u00e9sek<\/strong><\/span><\/p>\n<ul>\n<li>B t\u00edpus\u00fa jogos\u00edtv\u00e1ny (2009)<\/li>\n<li>ECDL (European Computer Driving Licence) vizsga<\/li>\n<li>Edexcel A-Level Computing<\/li>\n<li>Cisco Networking Academy (CCNA)<\/li>\n<\/ul>\n<p>&nbsp;<\/p>\n<p><strong><span style=\"text-decoration: underline\">Tudom\u00e1nyos Munka<\/span><\/strong><\/p>\n<ul>\n<li><strong>2015-2018:<\/strong> Department of Surgical Research and Techniques, Faculty of Medicine, Semmelweis University (Supervisor: Prof. Dr. Gy\u00f6rgy W\u00e9ber MD PhD)<\/li>\n<li><strong>2015-2018:<\/strong> Nanochemistry Research Group, Department of Biophysics and Radiation Biology, Faculty of Medicine, Semmelweis University (Supervisor: Dr. Ang\u00e9la Jedlovszky-Hajd\u00fa PhD)<\/li>\n<\/ul>\n<p>&nbsp;<\/p>\n<p><strong><span style=\"text-decoration: underline\">Oktat\u00f3i Tev\u00e9kenys\u00e9g<\/span><\/strong><\/p>\n<ul>\n<li>2015-2018: K\u00eds\u00e9rletes \u00e9s Seb\u00e9szeti M\u0171t\u00e9ttani Int\u00e9zet, \u00c1ltal\u00e1nos Orvostudom\u00e1nyi Kar, Semmelweis Egyetem &#8211; D\u00edjazod Demonstr\u00e1tor (Magyar, Angol )<\/li>\n<\/ul>\n<p><strong><span style=\"text-decoration: underline\">Versenyek<\/span><\/strong><\/p>\n<ul>\n<li>Dij Elettan Verseny, Semmelweis Egyetem<\/li>\n<li>Helyezet, II. Nemzeti Laparoszkopos Verseny<\/li>\n<li>Surgical Olympiad VIII. Info4Science, RUDN University( r\u00e9sztvev\u0151)<\/li>\n<li>Helyezet,III. Nemzeti Laparoszkopos Verseny<\/li>\n<li>Surgical Olympiad IX. Info4Science, RUDN University (r\u00e9sztvev\u0151)<\/li>\n<\/ul>\n<p><strong><span style=\"text-decoration: underline\">Dijak<\/span><\/strong><\/p>\n<ul>\n<li>1. Dij &#8211; Black Sea Symposium for Young Scientists in Biomedicine, 2017<\/li>\n<li>1. Dij \u2013 13th Warsaw International Medical Congress, 2017<\/li>\n<li>1. Dij &#8211; 13th Warsaw International Medical Congress, 2017<\/li>\n<li>Audience Award \u2013 13th Warsaw International Medical Congress, 2017<\/li>\n<li>2. Dij &#8211; International Medical Students Congress of Bucharest, 2017<\/li>\n<li>1. Dij &#8211; Semmelweis TDK Conference , 2018<\/li>\n<li>Best Presentation Award \u2013 Bukovinian International Medical Congress, 2018<\/li>\n<li>1. Dij \u00a0&#8211; Frigyes Kor\u00e1nyi Science Forum \u2013 Recoop Student Conference, 2018<\/li>\n<li>1. Dij &#8211; IX Science4Health RUDN University Conference, 2018<\/li>\n<\/ul>\n<p>&nbsp;<\/p>\n<p><strong><span style=\"text-decoration: underline\">Publik\u00e1ci\u00f3k<\/span><\/strong><\/p>\n<ul>\n<li>Biocompatibility study of poly(vinyl alcohol)-based electrospun scaffold for hernia repair Kristof Molnar, C. Voniatis, D. Feher, A.Ferencz, L. Fonyad, L. Reiniger, M. Zrinyi, Gy. Weber, A. Jedlovszky-Hajdu eXPRESS Polymer Letters (Accepted Article)<\/li>\n<\/ul>\n","protected":false},"excerpt":{"rendered":"<p><a href=\"https:\/\/semmelweis.hu\/nanokemia\/files\/2018\/09\/Costis_CV.jpg\"><\/a> Szem\u00e9lyes adatok N\u00e9v: Dr. Voniatis Konstantinos Beoszt\u00e1s: PhD hallgat\u00f3 E-mail: constantinosvoniatis (at) gmail (*) com Sz\u00fclet\u00e9si id\u0151:\u00a0 1991.01.30. Tanulm\u00e1nyok 2018 &#8211;\u00a0\u00a0 \u00a0\u00a0Semmelweis Egyetem, Doktori Iskola, Elm\u00e9leti Orvostudom\u00e1nyok T\u00e9mavezet\u0151k: \u00a0Dr. Ferencz Andrea\u00a0\u00a0\u00a0\u00a0\u00a0\u00a0 Dr. Jedlovszky-Hajd\u00fa Ang\u00e9la 2012 \u2013 2018: \u00c1ltal\u00e1nos Orvostudom\u00e1nyi Kar, Semmelweis Egyetem Diplomadolgozat c\u00edme: The Potential of Poly(vinyl alcohol) Meshes in Abdominal Hernia Treatment 2007-2010: &hellip;<\/p>\n","protected":false},"author":101235,"featured_media":0,"parent":7,"menu_order":7,"comment_status":"closed","ping_status":"closed","template":"","meta":{"_acf_changed":false,"footnotes":""},"categories":[],"tags":[],"class_list":["post-409","page","type-page","status-publish","hentry"],"acf":[],"_links":{"self":[{"href":"https:\/\/semmelweis.hu\/nanokemia\/wp-json\/wp\/v2\/pages\/409","targetHints":{"allow":["GET"]}}],"collection":[{"href":"https:\/\/semmelweis.hu\/nanokemia\/wp-json\/wp\/v2\/pages"}],"about":[{"href":"https:\/\/semmelweis.hu\/nanokemia\/wp-json\/wp\/v2\/types\/page"}],"author":[{"embeddable":true,"href":"https:\/\/semmelweis.hu\/nanokemia\/wp-json\/wp\/v2\/users\/101235"}],"replies":[{"embeddable":true,"href":"https:\/\/semmelweis.hu\/nanokemia\/wp-json\/wp\/v2\/comments?post=409"}],"version-history":[{"count":8,"href":"https:\/\/semmelweis.hu\/nanokemia\/wp-json\/wp\/v2\/pages\/409\/revisions"}],"predecessor-version":[{"id":1201,"href":"https:\/\/semmelweis.hu\/nanokemia\/wp-json\/wp\/v2\/pages\/409\/revisions\/1201"}],"up":[{"embeddable":true,"href":"https:\/\/semmelweis.hu\/nanokemia\/wp-json\/wp\/v2\/pages\/7"}],"wp:attachment":[{"href":"https:\/\/semmelweis.hu\/nanokemia\/wp-json\/wp\/v2\/media?parent=409"}],"wp:term":[{"taxonomy":"category","embeddable":true,"href":"https:\/\/semmelweis.hu\/nanokemia\/wp-json\/wp\/v2\/categories?post=409"},{"taxonomy":"post_tag","embeddable":true,"href":"https:\/\/semmelweis.hu\/nanokemia\/wp-json\/wp\/v2\/tags?post=409"}],"curies":[{"name":"wp","href":"https:\/\/api.w.org\/{rel}","templated":true}]}}