{"id":40,"date":"2012-02-06T08:21:19","date_gmt":"2012-02-06T07:21:19","guid":{"rendered":"http:\/\/semmelweis-egyetem.hu\/nanokemia\/?page_id=40"},"modified":"2019-03-01T14:26:03","modified_gmt":"2019-03-01T13:26:03","slug":"doktori-temak","status":"publish","type":"page","link":"https:\/\/semmelweis.hu\/nanokemia\/oktatas-2\/doktori-temak\/","title":{"rendered":"Doktori t\u00e9m\u00e1k"},"content":{"rendered":"<p style=\"text-align: center\"><span style=\"font-size: 14pt\"><strong>Mesters\u00e9ges m\u00e1trixok \u00e9s nanor\u00e9szecsk\u00e9k el\u0151\u00e1ll\u00edt\u00e1sa; fizikai-k\u00e9miai, in vitro \u00e9s in vivo jellemz\u00e9se orvosbiol\u00f3giai felhaszn\u00e1l\u00e1s c\u00e9lj\u00e1b\u00f3l<\/strong><\/span><\/p>\n<p style=\"text-align: center\"><strong>PhD t\u00e9ma c\u00e9lkit\u0171z\u00e9sei<\/strong><\/p>\n<p style=\"text-align: center\"><strong>Dr. Jedlovszky-Hajd\u00fa Ang\u00e9la<\/strong><\/p>\n<p style=\"text-align: justify\">A nanotechnol\u00f3gia seg\u00edts\u00e9g\u00e9vel el\u0151\u00e1ll\u00edtott anyagok k\u00f6z\u00e9 sorolhatjuk mind a biokompatibilis mesters\u00e9ges m\u00e1trixokat, mind a nanor\u00e9szecsk\u00e9ket.<\/p>\n<p style=\"text-align: justify\">A nanotartom\u00e1nyban t\u00f6rt\u00e9n\u0151 kutat\u00e1sok elterjed\u00e9s\u00e9vel az egyes tudom\u00e1nyter\u00fcletek \u00f6sszeolvad\u00e1sa, illetve sz\u00fcks\u00e9gszer\u0171 egy\u00fcttm\u0171k\u00f6d\u00e9se felgyorsult. A term\u00e9szettudom\u00e1nyi szakter\u00fcletek \u00e9s az orvostudom\u00e1ny szakembereinek k\u00f6z\u00f6s munk\u00e1ja elker\u00fclhetetlen a kutat\u00e1sok ezen szakasz\u00e1ban.<\/p>\n<p style=\"text-align: justify\">\u00a0A nanor\u00e9szecsk\u00e9k legfontosabb tulajdons\u00e1ga, ami miatt egyre t\u00f6bb kutat\u00f3 fordul e ter\u00fclet fel\u00e9, hogy a m\u00e9ret cs\u00f6kken\u00e9s\u00e9vel nagym\u00e9rt\u00e9kben megn\u0151 a szil\u00e1rd r\u00e9szecsk\u00e9k fajlagos fel\u00fclete. Ennek k\u00f6vetkezt\u00e9ben anyagi tulajdons\u00e1gaik drasztikus v\u00e1ltoz\u00e1son mennek kereszt\u00fcl a megszokott, j\u00f3l ismert makroszkopikus form\u00e1jukhoz k\u00e9pest. A r\u00e9szecsk\u00e9k m\u00e9rete a n\u00e9h\u00e1ny nanom\u00e9tert\u0151l (10<sup>-9<\/sup> m) n\u00e9h\u00e1ny sz\u00e1z nanom\u00e9terig (10<sup>-7<\/sup> m) terjed\u0151 tartom\u00e1nyban kontroll\u00e1lhat\u00f3. A nanor\u00e9szecsk\u00e9knek m\u00e9rgez\u0151 hat\u00e1sa az \u00e9l\u0151 rendszerekben intenz\u00edven kutatott ter\u00fclet napjainkban is, ez\u00e9rt c\u00e9lszer\u0171 olyan r\u00e9szecsk\u00e9ket v\u00e1lasztani munk\u00e1nkhoz, melyek m\u00e1r bizony\u00edtottan biokompatibilisek. A nanor\u00e9szecsk\u00e9k m\u00e9ret\u00e9t v\u00e1ltoztatva hangolhatjuk p\u00e9ld\u00e1ul a sejt belsej\u00e9ben val\u00f3 felhalmoz\u00f3d\u00e1sukat, hiszen ezek a r\u00e9szecsk\u00e9k k\u00e9pesek lehetnek \u00e1tl\u00e9pni a sejtmembr\u00e1non, \u00e9s \u00edgy m\u00e1s \u00e9s m\u00e1s sz\u00f6vetekben megjelenni. Egy m\u00e1sik fontos szempont alkalmaz\u00e1suk sor\u00e1n az egyedi r\u00e9szecsk\u00e9k meg\u0151rz\u00e9se, melynek c\u00e9lja a nanor\u00e9szecsk\u00e9ket tartalmaz\u00f3 szuszpenzi\u00f3 stabilit\u00e1s\u00e1nak meg\u0151rz\u00e9se, illetve fokoz\u00e1sa. Ezt k\u00fcl\u00f6nb\u00f6z\u0151 burkol\u00f3 molekul\u00e1k seg\u00edts\u00e9g\u00e9vel \u00e9rhetj\u00fck el.<\/p>\n<p style=\"text-align: justify\">Az orvosbiol\u00f3giai \u00e9s gy\u00f3gyszer\u00e9szeti c\u00e9lokra haszn\u00e1lhatunk m\u00e1s anyagokat is, p\u00e9ld\u00e1ul hossz\u00fa l\u00e1nc\u00fa polimer t\u00e9rh\u00e1l\u00f3k \u00e9s g\u00e9leket, biom\u00e1trixokat. A polimerek olyan \u00f3ri\u00e1smolekul\u00e1k, amelyek ism\u00e9tl\u0151d\u0151 monomeregys\u00e9gekb\u0151l \u00e9p\u00fclnek fel. Manaps\u00e1g sz\u00e9les k\u00f6rben terjed azon vegy\u00fcletek monomerk\u00e9nt t\u00f6rt\u00e9n\u0151 alkalmaz\u00e1sa, amelyek az \u00e9l\u0151 szervezetben megtal\u00e1lhat\u00f3ak (p\u00e9ld\u00e1ul aminosavak), \u00edgy a tervezett felhaszn\u00e1l\u00e1s sor\u00e1n a szervezet idegen test reakci\u00f3ja felt\u00e9telezhet\u0151en cs\u00f6kkenthet\u0151, vagy teljesen megsz\u0171ntethet\u0151.<\/p>\n<p style=\"text-align: justify\">Ahhoz, hogy oldhatatlan, a szervezetben funkci\u00f3j\u00e1nak bet\u00f6lt\u00e9s\u00e9re alkalmas, t\u00e9rh\u00e1l\u00f3s polimer j\u00f6jj\u00f6n l\u00e9tre, olyan molekul\u00e1kra van sz\u00fcks\u00e9g, amelyek a hossz\u00fa polimer l\u00e1ncokat keresztk\u00f6t\u00e9sekkel r\u00f6gz\u00edtik h\u00e1romdimenzi\u00f3s h\u00e1l\u00f3szer\u0171 strukt\u00far\u00e1ban. A keletkez\u0151 t\u00e9rh\u00e1l\u00f3 olyan alaktart\u00f3 v\u00e1zszerkezettel rendelkezik, amely nagy mennyis\u00e9g\u0171 folyad\u00e9k felv\u00e9tel\u00e9re \u00e9s megtart\u00e1s\u00e1ra k\u00e9pes. Ez az \u00e9l\u0151 szervezetet fel\u00e9p\u00edt\u0151 sz\u00f6vetek jelent\u0151s r\u00e9sz\u00e9r\u0151l is elmondhat\u00f3, mert nagy mennyis\u00e9g\u0171 vizes oldat\u00a0 megk\u00f6t\u00e9s\u00e9re k\u00e9pesek, emellett alaktart\u00f3ak \u00e9s k\u00fcls\u0151 behat\u00e1sra deform\u00e1lhat\u00f3ak.<\/p>\n<p style=\"text-align: justify\">A szervezetben megtal\u00e1lhat\u00f3 ilyen strukt\u00far\u00e1ra j\u00f3 p\u00e9lda az extracellul\u00e1ris m\u00e1trix (ECM), mely a sejtek eg\u00e9szs\u00e9ges n\u00f6veked\u00e9s\u00e9hez \u00e9s m\u0171k\u00f6d\u00e9s\u00e9hez sz\u00fcks\u00e9ges t\u00e1maszt\u00f3rendszer. Az ECM olyan kollag\u00e9n sz\u00e1lrendszerb\u0151l fel\u00e9p\u00fcl\u0151 sz\u00f6ved\u00e9k, ami biztos\u00edtja a sejtek sz\u00e1m\u00e1ra a rugalmas v\u00e1zat, inform\u00e1ci\u00f3\u00e1tad\u00f3 k\u00f6zegk\u00e9nt is m\u0171k\u00f6dik amellett, hogy a sejtek boml\u00e1sterm\u00e9keinek elsz\u00e1ll\u00edt\u00e1s\u00e1t \u00e9s a t\u00e1panyag odasz\u00e1ll\u00edt\u00e1s\u00e1t is szab\u00e1lyozza. Ahhoz, hogy ezt a szerte\u00e1gaz\u00f3 feladatk\u00f6rt el tudja l\u00e1tni, igen speci\u00e1lis fel\u00e9p\u00edt\u00e9ssel kell rendelkeznie. Az extracellul\u00e1ris m\u00e1trixhoz hasonl\u00f3 sz\u00e1las strukt\u00fara mesters\u00e9gesen is el\u0151\u00e1ll\u00edthat\u00f3. Az \u00e1ltalunk alkalmazott elj\u00e1r\u00e1s sor\u00e1n polimer oldatb\u00f3l nagyfesz\u00fclts\u00e9g\u0171 elektromos t\u00e9r seg\u00edts\u00e9g\u00e9vel hozunk l\u00e9tre sz\u00e1las szerkezetet. Az elektromos sz\u00e1lh\u00faz\u00e1ssal (electro-spinning) el\u0151\u00e1ll\u00edtott mint\u00e1k nano-\u00e9s mikrom\u00e9ter \u00e1tm\u00e9r\u0151j\u0171 sz\u00e1lak rendezetlen halmaz\u00e1b\u00f3l \u00e9p\u00fclnek fel. Ezen sz\u00e1las strukt\u00far\u00e1k k\u00e9miai \u00f6sszet\u00e9tele sz\u00e9les keretek k\u00f6z\u00f6tt v\u00e1ltoztathat\u00f3k \u00e9s a felhaszn\u00e1l\u00e1si ter\u00fclet ig\u00e9nyeinek megfelel\u0151en m\u00f3dos\u00edthat\u00f3k pl.: a h\u00e1l\u00f3 rugalmass\u00e1ga, biodegrad\u00e1bilit\u00e1sa, hat\u00f3anyag vagy nanor\u00e9szecske tartalma.<\/p>\n<p style=\"text-align: justify\">A biokompatibilis mesters\u00e9ges m\u00e1trixok \u00e9s nanor\u00e9szecsk\u00e9k el\u0151\u00e1ll\u00edt\u00e1sa \u00e9s orvosi felhaszn\u00e1l\u00e1sa olyan dinamikusan fejl\u0151d\u0151 ter\u00fclet, amely lehet\u0151s\u00e9geinek kiakn\u00e1z\u00e1s\u00e1ban csak az emberi k\u00e9pzelet \u00e9s a term\u00e9szeti t\u00f6rv\u00e9nyek szabnak hat\u00e1rt.<\/p>\n<p style=\"text-align: justify\">A feladat olyan multifunkcion\u00e1lis biokompatibilis mesters\u00e9ges polimer h\u00e1l\u00f3zat el\u0151\u00e1ll\u00edt\u00e1sa, amelyet sz\u00f6vetp\u00f3tl\u00e1sra (pl has\u00fcregi h\u00e1l\u00f3 \u00e9s\/vagy mesters\u00e9ges s\u00e9rvh\u00e1l\u00f3) lehet alkalmazni.\u00a0 A sz\u00e1las rendszerekkel olyan, az extracellul\u00e1ris m\u00e1trixhoz hasonl\u00f3 strukt\u00fara hozhat\u00f3 l\u00e9tre, amely alkalmas lehet sejtek n\u00f6veszt\u00e9s\u00e9re \u00e9s differenci\u00e1ltat\u00e1s\u00e1ra. A sz\u00e1las strukt\u00far\u00e1ba nanor\u00e9szecsk\u00e9k be\u00e9p\u00edt\u00e9s\u00e9vel olyan speci\u00e1lis rendszert hozhatunk l\u00e9tre, amely a r\u00e9szecsk\u00e9k \u00e9s a sz\u00e1lak el\u0151ny\u00f6s tulajdons\u00e1gait \u00f6tv\u00f6zve diagnosztikai alkalmaz\u00e1sok lehet\u0151s\u00e9g\u00e9t teremti meg \u00a0hosszabbt\u00e1v\u00fa monitoroz\u00e1sok eset\u00e9n (pl m\u00e1gneses r\u00e9szecsk\u00e9k eset\u00e9n MRI vizsg\u00e1latok).\u00a0<\/p>\n<p style=\"text-align: justify\">\u00a0<\/p>\n","protected":false},"excerpt":{"rendered":"<p>Mesters\u00e9ges m\u00e1trixok \u00e9s nanor\u00e9szecsk\u00e9k el\u0151\u00e1ll\u00edt\u00e1sa; fizikai-k\u00e9miai, in vitro \u00e9s in vivo jellemz\u00e9se orvosbiol\u00f3giai felhaszn\u00e1l\u00e1s c\u00e9lj\u00e1b\u00f3l PhD t\u00e9ma c\u00e9lkit\u0171z\u00e9sei Dr. Jedlovszky-Hajd\u00fa Ang\u00e9la A nanotechnol\u00f3gia seg\u00edts\u00e9g\u00e9vel el\u0151\u00e1ll\u00edtott anyagok k\u00f6z\u00e9 sorolhatjuk mind a biokompatibilis mesters\u00e9ges m\u00e1trixokat, mind a nanor\u00e9szecsk\u00e9ket. A nanotartom\u00e1nyban t\u00f6rt\u00e9n\u0151 kutat\u00e1sok elterjed\u00e9s\u00e9vel az egyes tudom\u00e1nyter\u00fcletek \u00f6sszeolvad\u00e1sa, illetve sz\u00fcks\u00e9gszer\u0171 egy\u00fcttm\u0171k\u00f6d\u00e9se felgyorsult. A term\u00e9szettudom\u00e1nyi szakter\u00fcletek \u00e9s az orvostudom\u00e1ny &hellip;<\/p>\n","protected":false},"author":101235,"featured_media":0,"parent":570,"menu_order":4,"comment_status":"open","ping_status":"closed","template":"","meta":{"_acf_changed":false,"footnotes":""},"categories":[],"tags":[],"class_list":["post-40","page","type-page","status-publish","hentry"],"acf":[],"_links":{"self":[{"href":"https:\/\/semmelweis.hu\/nanokemia\/wp-json\/wp\/v2\/pages\/40","targetHints":{"allow":["GET"]}}],"collection":[{"href":"https:\/\/semmelweis.hu\/nanokemia\/wp-json\/wp\/v2\/pages"}],"about":[{"href":"https:\/\/semmelweis.hu\/nanokemia\/wp-json\/wp\/v2\/types\/page"}],"author":[{"embeddable":true,"href":"https:\/\/semmelweis.hu\/nanokemia\/wp-json\/wp\/v2\/users\/101235"}],"replies":[{"embeddable":true,"href":"https:\/\/semmelweis.hu\/nanokemia\/wp-json\/wp\/v2\/comments?post=40"}],"version-history":[{"count":5,"href":"https:\/\/semmelweis.hu\/nanokemia\/wp-json\/wp\/v2\/pages\/40\/revisions"}],"predecessor-version":[{"id":519,"href":"https:\/\/semmelweis.hu\/nanokemia\/wp-json\/wp\/v2\/pages\/40\/revisions\/519"}],"up":[{"embeddable":true,"href":"https:\/\/semmelweis.hu\/nanokemia\/wp-json\/wp\/v2\/pages\/570"}],"wp:attachment":[{"href":"https:\/\/semmelweis.hu\/nanokemia\/wp-json\/wp\/v2\/media?parent=40"}],"wp:term":[{"taxonomy":"category","embeddable":true,"href":"https:\/\/semmelweis.hu\/nanokemia\/wp-json\/wp\/v2\/categories?post=40"},{"taxonomy":"post_tag","embeddable":true,"href":"https:\/\/semmelweis.hu\/nanokemia\/wp-json\/wp\/v2\/tags?post=40"}],"curies":[{"name":"wp","href":"https:\/\/api.w.org\/{rel}","templated":true}]}}