{"id":35,"date":"2012-02-06T07:39:57","date_gmt":"2012-02-06T06:39:57","guid":{"rendered":"http:\/\/semmelweis-egyetem.hu\/nanokemia\/?page_id=35"},"modified":"2026-01-27T10:21:55","modified_gmt":"2026-01-27T09:21:55","slug":"molnar-kristof","status":"publish","type":"page","link":"https:\/\/semmelweis.hu\/nanokemia\/munkatarsak\/molnar-kristof\/","title":{"rendered":"Dr. Moln\u00e1r Krist\u00f3f"},"content":{"rendered":"<p><img loading=\"lazy\" decoding=\"async\" class=\"alignnone size-medium wp-image-229\" src=\"https:\/\/semmelweis.hu\/nanokemia\/files\/2018\/04\/DSC_0450-1-300x225.jpg\" alt=\"\" width=\"300\" height=\"225\" srcset=\"https:\/\/semmelweis.hu\/nanokemia\/files\/2018\/04\/DSC_0450-1-300x225.jpg 300w, https:\/\/semmelweis.hu\/nanokemia\/files\/2018\/04\/DSC_0450-1-768x576.jpg 768w, https:\/\/semmelweis.hu\/nanokemia\/files\/2018\/04\/DSC_0450-1-1024x768.jpg 1024w, https:\/\/semmelweis.hu\/nanokemia\/files\/2018\/04\/DSC_0450-1-400x300.jpg 400w\" sizes=\"auto, (max-width: 300px) 100vw, 300px\" \/><\/p>\n<table style=\"border-style: hidden;border-color: #ffffff;background-color: #ffffff\">\n<tbody>\n<tr>\n<td style=\"border-style: hidden;border-color: #ffffff;background-color: #ffffff\">\u00a0<\/td>\n<td style=\"border-style: hidden;border-color: #ffffff;background-color: #ffffff\">\n<p><span style=\"text-decoration: underline\"><span style=\"font-size: 24px\"><strong>Szem\u00e9lyes adatok<\/strong><\/span><\/span><strong><br \/>\n<\/strong><\/p>\n<table style=\"border-style: hidden;border-color: #ffffff;background-color: #ffffff;width: 105.001%;height: 177px\">\n<tbody>\n<tr style=\"height: 33px\">\n<td style=\"height: 33px;border-style: hidden;border-color: #ffffff;background-color: #ffffff;width: 27.972%\"><strong>N\u00e9v: <\/strong><\/td>\n<td style=\"height: 33px;border-style: hidden;border-color: #ffffff;background-color: #ffffff;width: 72.028%\"><strong>Dr. Moln\u00e1r Krist\u00f3f<\/strong><\/td>\n<\/tr>\n<tr style=\"height: 33px\">\n<td style=\"height: 33px;border-style: hidden;border-color: #ffffff;background-color: #ffffff;width: 27.972%\"><strong>Beoszt\u00e1s:<\/strong><\/td>\n<td style=\"height: 33px;border-style: hidden;border-color: #ffffff;background-color: #ffffff;width: 72.028%\"><strong>Egyetemi docens<\/strong><\/td>\n<\/tr>\n<tr style=\"height: 33px\">\n<td style=\"height: 33px;border-style: hidden;border-color: #ffffff;background-color: #ffffff;width: 27.972%\"><strong>Telefonsz\u00e1m:<\/strong><\/td>\n<td style=\"height: 33px;border-style: hidden;border-color: #ffffff;background-color: #ffffff;width: 72.028%\"><strong>+36-30-509-75-92<\/strong><\/td>\n<\/tr>\n<tr style=\"height: 33px\">\n<td style=\"height: 33px;border-style: hidden;border-color: #ffffff;background-color: #ffffff;width: 27.972%\"><strong>E-mail:<\/strong><\/td>\n<td style=\"height: 33px;border-style: hidden;border-color: #ffffff;background-color: #ffffff;width: 72.028%\"><strong>molnar.kristof1 (at) semmelweis (*) hu<\/strong><\/td>\n<\/tr>\n<tr style=\"height: 33px\">\n<td style=\"height: 33px;border-style: hidden;border-color: #ffffff;background-color: #ffffff;width: 27.972%\"><strong>Sz\u00fclet\u00e9si id\u0151:\u00a0<\/strong><\/td>\n<td style=\"height: 33px;border-style: hidden;border-color: #ffffff;background-color: #ffffff;width: 72.028%\"><strong>1987.06.10.<\/strong><\/td>\n<\/tr>\n<tr style=\"height: 32px\">\n<td style=\"height: 32px;border-style: hidden;border-color: #ffffff;background-color: #ffffff;width: 27.972%\">\u00a0<\/td>\n<td style=\"height: 32px;border-style: hidden;border-color: #ffffff;background-color: #ffffff;width: 72.028%\">\u00a0<\/td>\n<\/tr>\n<\/tbody>\n<\/table>\n<\/td>\n<\/tr>\n<\/tbody>\n<\/table>\n<p>&nbsp;<\/p>\n<p><strong><span style=\"text-decoration: underline\">V\u00e9gzetts\u00e9gek<\/span><\/strong><\/p>\n<ul>\n<li>Orvostudom\u00e1nyi Ph.D. (2018)<\/li>\n<li>Gy\u00f3gyszervegy\u00e9szm\u00e9rn\u00f6k MSC (2013)<\/li>\n<li>Vegy\u00e9szm\u00e9rn\u00f6k BSc (2011)<\/li>\n<\/ul>\n<p><span style=\"text-decoration: underline\"><strong>Kutat\u00e1si ter\u00fclet<\/strong><\/span><\/p>\n<ul>\n<li>Poliaminosav alap\u00fa biopolimerek<\/li>\n<li>Poliaminosav alap\u00fa polimer orvosbiol\u00f3giai alkalmazhat\u00f3s\u00e1g\u00e1nak vizsg\u00e1lata, biokompatibilit\u00e1s, biodegrad\u00e1bilit\u00e1s<\/li>\n<li>Mesters\u00e9ges h\u00e1l\u00f3rendszerek el\u0151\u00e1ll\u00edt\u00e1sa poliaminosav alap\u00fa polimerekb\u0151l elektromos sz\u00e1lh\u00faz\u00e1ssal<\/li>\n<\/ul>\n<p><a href=\"https:\/\/m2.mtmt.hu\/gui2\/?mode=search&amp;query=publication;labelOrMtid;eq;moln%C3%A1r%20krist%C3%B3f\"><span style=\"text-decoration: underline\"><strong>MTMT<\/strong><\/span><\/a><\/p>\n<p>&nbsp;<\/p>\n","protected":false},"excerpt":{"rendered":"<p>\u00a0 Szem\u00e9lyes adatok N\u00e9v: Dr. Moln\u00e1r Krist\u00f3f Beoszt\u00e1s: Egyetemi docens Telefonsz\u00e1m: +36-30-509-75-92 E-mail: molnar.kristof1 (at) semmelweis (*) hu Sz\u00fclet\u00e9si id\u0151:\u00a0 1987.06.10. \u00a0 \u00a0 &nbsp; V\u00e9gzetts\u00e9gek Orvostudom\u00e1nyi Ph.D. (2018) Gy\u00f3gyszervegy\u00e9szm\u00e9rn\u00f6k MSC (2013) Vegy\u00e9szm\u00e9rn\u00f6k BSc (2011) Kutat\u00e1si ter\u00fclet Poliaminosav alap\u00fa biopolimerek Poliaminosav alap\u00fa polimer orvosbiol\u00f3giai alkalmazhat\u00f3s\u00e1g\u00e1nak vizsg\u00e1lata, biokompatibilit\u00e1s, biodegrad\u00e1bilit\u00e1s Mesters\u00e9ges h\u00e1l\u00f3rendszerek el\u0151\u00e1ll\u00edt\u00e1sa poliaminosav alap\u00fa polimerekb\u0151l elektromos sz\u00e1lh\u00faz\u00e1ssal &hellip;<\/p>\n","protected":false},"author":8,"featured_media":0,"parent":7,"menu_order":3,"comment_status":"open","ping_status":"closed","template":"","meta":{"_acf_changed":false,"footnotes":""},"categories":[],"tags":[],"class_list":["post-35","page","type-page","status-publish","hentry"],"acf":[],"_links":{"self":[{"href":"https:\/\/semmelweis.hu\/nanokemia\/wp-json\/wp\/v2\/pages\/35","targetHints":{"allow":["GET"]}}],"collection":[{"href":"https:\/\/semmelweis.hu\/nanokemia\/wp-json\/wp\/v2\/pages"}],"about":[{"href":"https:\/\/semmelweis.hu\/nanokemia\/wp-json\/wp\/v2\/types\/page"}],"author":[{"embeddable":true,"href":"https:\/\/semmelweis.hu\/nanokemia\/wp-json\/wp\/v2\/users\/8"}],"replies":[{"embeddable":true,"href":"https:\/\/semmelweis.hu\/nanokemia\/wp-json\/wp\/v2\/comments?post=35"}],"version-history":[{"count":11,"href":"https:\/\/semmelweis.hu\/nanokemia\/wp-json\/wp\/v2\/pages\/35\/revisions"}],"predecessor-version":[{"id":1405,"href":"https:\/\/semmelweis.hu\/nanokemia\/wp-json\/wp\/v2\/pages\/35\/revisions\/1405"}],"up":[{"embeddable":true,"href":"https:\/\/semmelweis.hu\/nanokemia\/wp-json\/wp\/v2\/pages\/7"}],"wp:attachment":[{"href":"https:\/\/semmelweis.hu\/nanokemia\/wp-json\/wp\/v2\/media?parent=35"}],"wp:term":[{"taxonomy":"category","embeddable":true,"href":"https:\/\/semmelweis.hu\/nanokemia\/wp-json\/wp\/v2\/categories?post=35"},{"taxonomy":"post_tag","embeddable":true,"href":"https:\/\/semmelweis.hu\/nanokemia\/wp-json\/wp\/v2\/tags?post=35"}],"curies":[{"name":"wp","href":"https:\/\/api.w.org\/{rel}","templated":true}]}}