{"id":32,"date":"2012-02-06T07:36:26","date_gmt":"2012-02-06T06:36:26","guid":{"rendered":"http:\/\/semmelweis-egyetem.hu\/nanokemia\/?page_id=32"},"modified":"2025-01-31T12:46:12","modified_gmt":"2025-01-31T11:46:12","slug":"sipos-evelin","status":"publish","type":"page","link":"https:\/\/semmelweis.hu\/nanokemia\/munkatarsak\/sipos-evelin\/","title":{"rendered":"Dr. Forr\u00f3 Evelin"},"content":{"rendered":"<table style=\"width: 84.7731%;border-style: hidden;background-color: #ffffff\">\n<tbody>\n<tr>\n<td style=\"width: 27.8139%;border-style: hidden;border-color: #ffffff;background-color: #ffffff\"><a href=\"https:\/\/semmelweis.hu\/nanokemia\/files\/2024\/10\/20240912_140227-scaled.jpg\"><img loading=\"lazy\" decoding=\"async\" class=\"alignnone  wp-image-205\" src=\"https:\/\/semmelweis.hu\/nanokemia\/files\/2024\/10\/20240912_140227-scaled.jpg\" alt=\"\" width=\"152\" height=\"240\" \/><\/a><\/td>\n<td style=\"width: 87.1699%;border-style: hidden;border-color: #ffffff;background-color: #ffffff\"><span style=\"text-decoration: underline\"><span style=\"font-size: 24px\"><strong>Szem\u00e9lyes adatok<\/strong><\/span><\/span><strong><br \/>\n<\/strong><\/p>\n<table style=\"width: 98.0066%\">\n<tbody>\n<tr>\n<td style=\"width: 32.6453%;border-style: hidden;border-color: #ffffff;background-color: #ffffff\"><strong>N\u00e9v: <\/strong><\/td>\n<td style=\"width: 67.1016%;border-style: hidden;border-color: #ffffff;background-color: #ffffff\"><strong>Dr. Forr\u00f3 Evelin<\/strong><\/td>\n<\/tr>\n<tr>\n<td style=\"width: 32.6453%;border-style: hidden;border-color: #ffffff;background-color: #ffffff\"><strong>Sz\u00fclet\u00e9si n\u00e9v:<\/strong><\/td>\n<td style=\"width: 67.1016%;border-style: hidden;border-color: #ffffff;background-color: #ffffff\"><strong>Sipos Evelin<\/strong><\/td>\n<\/tr>\n<tr>\n<td style=\"width: 32.6453%;border-style: hidden;border-color: #ffffff;background-color: #ffffff\"><strong>Beoszt\u00e1s:<\/strong><\/td>\n<td style=\"width: 67.1016%;border-style: hidden;border-color: #ffffff;background-color: #ffffff\"><strong>Tudom\u00e1nyos seg\u00e9dmunkat\u00e1rs<\/strong><\/td>\n<\/tr>\n<tr>\n<td style=\"width: 32.6453%;border-style: hidden;border-color: #ffffff;background-color: #ffffff\"><strong>Telefonsz\u00e1m:<\/strong><\/td>\n<td style=\"width: 67.1016%;border-style: hidden;border-color: #ffffff;background-color: #ffffff\"><strong>+36 30 375 4288<\/strong><\/td>\n<\/tr>\n<tr>\n<td style=\"width: 32.6453%;border-style: hidden;border-color: #ffffff;background-color: #ffffff\"><strong>E-mail:<\/strong><\/td>\n<td style=\"width: 67.1016%;border-style: hidden;border-color: #ffffff;background-color: #ffffff\"><strong>sipos.evelin (at) semmelweis (*) hu<\/strong><\/td>\n<\/tr>\n<tr>\n<td style=\"width: 32.6453%;border-style: hidden;border-color: #ffffff;background-color: #ffffff\"><strong>Sz\u00fclet\u00e9si id\u0151:\u00a0<\/strong><\/td>\n<td style=\"width: 67.1016%;border-style: hidden;border-color: #ffffff;background-color: #ffffff\"><strong>1991.12.29.<\/strong><\/td>\n<\/tr>\n<\/tbody>\n<\/table>\n<\/td>\n<\/tr>\n<\/tbody>\n<\/table>\n<p>&nbsp;<\/p>\n<p><span style=\"text-decoration: underline\"><strong>V\u00e9gzetts\u00e9gek<\/strong><\/span><\/p>\n<ul>\n<li>Orvostudom\u00e1nyi PhD (2022) <em>Semmelweis Egyetem<\/em><\/li>\n<li>Vegy\u00e9sz MSc (2017) <em>E\u00f6tv\u00f6s Lor\u00e1nd Tudom\u00e1nyegyetem<\/em><\/li>\n<li>K\u00e9mia BSc (2015) <em>E\u00f6tv\u00f6s Lor\u00e1nd Tudom\u00e1nyegyetem<\/em><\/li>\n<\/ul>\n<p><span style=\"text-decoration: underline\"><strong>Kutat\u00e1si ter\u00fclet<\/strong><\/span><\/p>\n<p><a href=\"https:\/\/m2.mtmt.hu\/api\/author\/10063529\">MTMT<\/a><\/p>\n","protected":false},"excerpt":{"rendered":"<p><a href=\"https:\/\/semmelweis.hu\/nanokemia\/files\/2024\/10\/20240912_140227-scaled.jpg\"><\/a><br \/>\nSzem\u00e9lyes adatok<\/p>\n<p>N\u00e9v:<br \/>\nDr. Forr\u00f3 Evelin<\/p>\n<p>Sz\u00fclet\u00e9si n\u00e9v:<br \/>\nSipos Evelin<\/p>\n<p>Beoszt\u00e1s:<br \/>\nTudom\u00e1nyos seg\u00e9dmunkat\u00e1rs<\/p>\n<p>Telefonsz\u00e1m:<br \/>\n+36 30 375 4288<\/p>\n<p>E-mail:<br \/>\nsipos.evelin (at) semmelweis (*) hu<\/p>\n<p>Sz\u00fclet\u00e9si id\u0151:\u00a0<br \/>\n1991.12.29.<\/p>\n<p>&nbsp;<br \/>\nV\u00e9gzetts\u00e9gek<\/p>\n<p>Orvostudom\u00e1nyi PhD (2022) Semmelweis Egyetem<br \/>\nVegy\u00e9sz MSc (2017) E\u00f6tv\u00f6s Lor\u00e1nd Tudom\u00e1nyegyetem<br \/>\nK\u00e9mia BSc (2015) E\u00f6tv\u00f6s Lor\u00e1nd Tudom\u00e1nyegyetem<\/p>\n<p>Kutat\u00e1si ter\u00fclet<br \/>\n<a href=\"https:\/\/m2.mtmt.hu\/api\/author\/10063529\">MTMT<\/a><\/p>\n","protected":false},"author":8,"featured_media":0,"parent":7,"menu_order":7,"comment_status":"open","ping_status":"closed","template":"","meta":{"_acf_changed":false,"footnotes":""},"categories":[],"tags":[],"class_list":["post-32","page","type-page","status-publish","hentry"],"acf":[],"_links":{"self":[{"href":"https:\/\/semmelweis.hu\/nanokemia\/wp-json\/wp\/v2\/pages\/32","targetHints":{"allow":["GET"]}}],"collection":[{"href":"https:\/\/semmelweis.hu\/nanokemia\/wp-json\/wp\/v2\/pages"}],"about":[{"href":"https:\/\/semmelweis.hu\/nanokemia\/wp-json\/wp\/v2\/types\/page"}],"author":[{"embeddable":true,"href":"https:\/\/semmelweis.hu\/nanokemia\/wp-json\/wp\/v2\/users\/8"}],"replies":[{"embeddable":true,"href":"https:\/\/semmelweis.hu\/nanokemia\/wp-json\/wp\/v2\/comments?post=32"}],"version-history":[{"count":10,"href":"https:\/\/semmelweis.hu\/nanokemia\/wp-json\/wp\/v2\/pages\/32\/revisions"}],"predecessor-version":[{"id":1192,"href":"https:\/\/semmelweis.hu\/nanokemia\/wp-json\/wp\/v2\/pages\/32\/revisions\/1192"}],"up":[{"embeddable":true,"href":"https:\/\/semmelweis.hu\/nanokemia\/wp-json\/wp\/v2\/pages\/7"}],"wp:attachment":[{"href":"https:\/\/semmelweis.hu\/nanokemia\/wp-json\/wp\/v2\/media?parent=32"}],"wp:term":[{"taxonomy":"category","embeddable":true,"href":"https:\/\/semmelweis.hu\/nanokemia\/wp-json\/wp\/v2\/categories?post=32"},{"taxonomy":"post_tag","embeddable":true,"href":"https:\/\/semmelweis.hu\/nanokemia\/wp-json\/wp\/v2\/tags?post=32"}],"curies":[{"name":"wp","href":"https:\/\/api.w.org\/{rel}","templated":true}]}}