{"id":29,"date":"2017-10-16T07:34:53","date_gmt":"2017-10-16T05:34:53","guid":{"rendered":"http:\/\/semmelweis-egyetem.hu\/nanokemia\/?page_id=29"},"modified":"2025-01-31T12:35:07","modified_gmt":"2025-01-31T11:35:07","slug":"dr-jedlovszky-hajdu-angela","status":"publish","type":"page","link":"https:\/\/semmelweis.hu\/nanokemia\/munkatarsak\/dr-jedlovszky-hajdu-angela\/","title":{"rendered":"Dr. Jedlovszky-Hajd\u00fa Ang\u00e9la"},"content":{"rendered":"<table style=\"border-style: hidden;border-color: #ffffff;background-color: #ffffff\">\n<tbody>\n<tr>\n<td style=\"border-style: hidden;border-color: #ffffff;background-color: #ffffff\"><a href=\"https:\/\/semmelweis.hu\/nanokemia\/files\/2018\/04\/RS72186_IMG_8533.jpg\"><img loading=\"lazy\" decoding=\"async\" class=\"alignnone  wp-image-230\" src=\"https:\/\/semmelweis.hu\/nanokemia\/files\/2018\/04\/RS72186_IMG_8533-200x300.jpg\" alt=\"\" width=\"176\" height=\"264\" srcset=\"https:\/\/semmelweis.hu\/nanokemia\/files\/2018\/04\/RS72186_IMG_8533-200x300.jpg 200w, https:\/\/semmelweis.hu\/nanokemia\/files\/2018\/04\/RS72186_IMG_8533-768x1152.jpg 768w, https:\/\/semmelweis.hu\/nanokemia\/files\/2018\/04\/RS72186_IMG_8533-683x1024.jpg 683w\" sizes=\"auto, (max-width: 176px) 100vw, 176px\" \/><\/a><\/td>\n<td style=\"border-style: hidden;border-color: #ffffff;background-color: #ffffff\">\n<p><span style=\"text-decoration: underline\"><span style=\"font-size: 24px\"><strong>Szem\u00e9lyes adatok<\/strong><\/span><\/span><strong><br \/>\n<\/strong><\/p>\n<table style=\"border-style: hidden;border-color: #ffffff;background-color: #ffffff;width: 100%;height: 177px\">\n<tbody>\n<tr style=\"height: 33px\">\n<td style=\"height: 33px;border-style: hidden;border-color: #ffffff;background-color: #ffffff;width: 119.766px\"><strong>N\u00e9v: <\/strong><\/td>\n<td style=\"height: 33px;border-style: hidden;border-color: #ffffff;background-color: #ffffff;width: 309.219px\"><strong>Dr. Jedlovszky-Hajd\u00fa Ang\u00e9la<\/strong><\/td>\n<\/tr>\n<tr style=\"height: 33px\">\n<td style=\"height: 33px;border-style: hidden;border-color: #ffffff;background-color: #ffffff;width: 119.766px\"><strong>Beoszt\u00e1s:<\/strong><\/td>\n<td style=\"height: 33px;border-style: hidden;border-color: #ffffff;background-color: #ffffff;width: 309.219px\"><strong>Egyetemi docens<\/strong><\/td>\n<\/tr>\n<tr style=\"height: 33px\">\n<td style=\"height: 33px;border-style: hidden;border-color: #ffffff;background-color: #ffffff;width: 119.766px\"><strong>Telefonsz\u00e1m:<\/strong><\/td>\n<td style=\"height: 33px;border-style: hidden;border-color: #ffffff;background-color: #ffffff;width: 309.219px\"><strong>+36-20-666-30-40<\/strong><\/td>\n<\/tr>\n<tr style=\"height: 33px\">\n<td style=\"height: 33px;border-style: hidden;border-color: #ffffff;background-color: #ffffff;width: 119.766px\"><strong>E-mail:<\/strong><\/td>\n<td style=\"height: 33px;border-style: hidden;border-color: #ffffff;background-color: #ffffff;width: 309.219px\"><strong>hajdu.angela (at) semmelweis (*) hu<\/strong><\/td>\n<\/tr>\n<tr style=\"height: 33px\">\n<td style=\"height: 33px;border-style: hidden;border-color: #ffffff;background-color: #ffffff;width: 119.766px\"><strong>Sz\u00fclet\u00e9si id\u0151:\u00a0<\/strong><\/td>\n<td style=\"height: 33px;border-style: hidden;border-color: #ffffff;background-color: #ffffff;width: 309.219px\"><strong>1982.06.08.<\/strong><\/td>\n<\/tr>\n<tr style=\"height: 32px\">\n<td style=\"height: 32px;border-style: hidden;border-color: #ffffff;background-color: #ffffff;width: 119.766px\"><strong>Weboldal:<br \/>\n<\/strong><\/td>\n<td style=\"height: 32px;border-style: hidden;border-color: #ffffff;background-color: #ffffff;width: 309.219px\"><strong><a href=\"http:\/\/scholar.semmelweis.hu\/jedlovszkyhajduangela\/\">LINK<\/a><\/strong><\/td>\n<\/tr>\n<\/tbody>\n<\/table>\n<\/td>\n<\/tr>\n<\/tbody>\n<\/table>\n<p>&nbsp;<\/p>\n<p><strong><span style=\"text-decoration: underline\">V\u00e9gzetts\u00e9gek<\/span><\/strong><\/p>\n<ul>\n<li>Habilit\u00e1ci\u00f3 (2024)<\/li>\n<li>K\u00e9mia Ph.D. (2011)<\/li>\n<li>Okleveles klinikai k\u00e9mikus (2006)<\/li>\n<\/ul>\n<p><span style=\"text-decoration: underline\"><strong>Kutat\u00e1si ter\u00fclet<\/strong><\/span><\/p>\n<ul>\n<li>M\u00e1gneses nanor\u00e9szecsk\u00e9k stabiliz\u00e1l\u00e1sa vizes rendszerekben<\/li>\n<li>Magnetit fel\u00fclet\u00e9nek m\u00f3dos\u00edt\u00e1sa kolloidstabilit\u00e1s n\u00f6vel\u00e9se \u00e9rdek\u00e9ben<\/li>\n<li>Magnetit r\u00e9szecsk\u00e9k bor\u00edt\u00e1sa biokompatibilis r\u00e9teggel<\/li>\n<li>Orvosbiol\u00f3giai c\u00e9lokra m\u00e1gneses folyad\u00e9kok el\u0151\u00e1ll\u00edt\u00e1sa (MRI, hipertermia, sejtes k\u00eds\u00e9rletek)<\/li>\n<li>Elektromos sz\u00e1lh\u00faz\u00e1s k\u00fcl\u00f6nb\u00f6z\u0151 polimerekb\u0151l<\/li>\n<li>Poliaminosav alap\u00fa biopolimerek<\/li>\n<li>Poliaminosav alap\u00fa polimer orvosbiol\u00f3giai alkalmazhat\u00f3s\u00e1g\u00e1nak vizsg\u00e1lata, biokompatibilit\u00e1s, biodegrad\u00e1bilit\u00e1s<\/li>\n<li>Mesters\u00e9ges h\u00e1l\u00f3rendszerek el\u0151\u00e1ll\u00edt\u00e1sa poliaminosav alap\u00fa polimerekb\u0151l elektromos sz\u00e1lh\u00faz\u00e1ssal<\/li>\n<li>Ez\u00fcst tartalm\u00fa sz\u00e1las rendszerek el\u0151\u00e1ll\u00edt\u00e1sa, antibakteri\u00e1lis vizsg\u00e1lata<\/li>\n<\/ul>\n<p><a href=\"https:\/\/m2.mtmt.hu\/gui2\/?type=authors&amp;mode=browse&amp;sel=10018916&amp;view=simpleList\"><span style=\"text-decoration: underline\"><strong>MTMT<\/strong><\/span><\/a><\/p>\n<p>&nbsp;<\/p>\n<p>&nbsp;<\/p>\n","protected":false},"excerpt":{"rendered":"<p><a href=\"https:\/\/semmelweis.hu\/nanokemia\/files\/2018\/04\/RS72186_IMG_8533.jpg\"><\/a> Szem\u00e9lyes adatok N\u00e9v: Dr. Jedlovszky-Hajd\u00fa Ang\u00e9la Beoszt\u00e1s: Egyetemi docens Telefonsz\u00e1m: +36-20-666-30-40 E-mail: hajdu.angela (at) semmelweis (*) hu Sz\u00fclet\u00e9si id\u0151:\u00a0 1982.06.08. Weboldal: <a href=\"http:\/\/scholar.semmelweis.hu\/jedlovszkyhajduangela\/\">LINK<\/a> &nbsp; V\u00e9gzetts\u00e9gek Habilit\u00e1ci\u00f3 (2024) K\u00e9mia Ph.D. (2011) Okleveles klinikai k\u00e9mikus (2006) Kutat\u00e1si ter\u00fclet M\u00e1gneses nanor\u00e9szecsk\u00e9k stabiliz\u00e1l\u00e1sa vizes rendszerekben Magnetit fel\u00fclet\u00e9nek m\u00f3dos\u00edt\u00e1sa kolloidstabilit\u00e1s n\u00f6vel\u00e9se \u00e9rdek\u00e9ben Magnetit r\u00e9szecsk\u00e9k bor\u00edt\u00e1sa biokompatibilis r\u00e9teggel Orvosbiol\u00f3giai c\u00e9lokra m\u00e1gneses folyad\u00e9kok el\u0151\u00e1ll\u00edt\u00e1sa &hellip;<\/p>\n","protected":false},"author":8,"featured_media":0,"parent":7,"menu_order":1,"comment_status":"closed","ping_status":"closed","template":"","meta":{"_acf_changed":false,"footnotes":""},"categories":[],"tags":[],"class_list":["post-29","page","type-page","status-publish","hentry"],"acf":[],"_links":{"self":[{"href":"https:\/\/semmelweis.hu\/nanokemia\/wp-json\/wp\/v2\/pages\/29","targetHints":{"allow":["GET"]}}],"collection":[{"href":"https:\/\/semmelweis.hu\/nanokemia\/wp-json\/wp\/v2\/pages"}],"about":[{"href":"https:\/\/semmelweis.hu\/nanokemia\/wp-json\/wp\/v2\/types\/page"}],"author":[{"embeddable":true,"href":"https:\/\/semmelweis.hu\/nanokemia\/wp-json\/wp\/v2\/users\/8"}],"replies":[{"embeddable":true,"href":"https:\/\/semmelweis.hu\/nanokemia\/wp-json\/wp\/v2\/comments?post=29"}],"version-history":[{"count":12,"href":"https:\/\/semmelweis.hu\/nanokemia\/wp-json\/wp\/v2\/pages\/29\/revisions"}],"predecessor-version":[{"id":1190,"href":"https:\/\/semmelweis.hu\/nanokemia\/wp-json\/wp\/v2\/pages\/29\/revisions\/1190"}],"up":[{"embeddable":true,"href":"https:\/\/semmelweis.hu\/nanokemia\/wp-json\/wp\/v2\/pages\/7"}],"wp:attachment":[{"href":"https:\/\/semmelweis.hu\/nanokemia\/wp-json\/wp\/v2\/media?parent=29"}],"wp:term":[{"taxonomy":"category","embeddable":true,"href":"https:\/\/semmelweis.hu\/nanokemia\/wp-json\/wp\/v2\/categories?post=29"},{"taxonomy":"post_tag","embeddable":true,"href":"https:\/\/semmelweis.hu\/nanokemia\/wp-json\/wp\/v2\/tags?post=29"}],"curies":[{"name":"wp","href":"https:\/\/api.w.org\/{rel}","templated":true}]}}