{"id":27,"date":"2012-04-18T15:58:41","date_gmt":"2012-04-18T13:58:41","guid":{"rendered":"http:\/\/semmelweis-egyetem.hu\/nanokemia\/?page_id=27"},"modified":"2022-10-13T14:07:44","modified_gmt":"2022-10-13T12:07:44","slug":"dr-zrinyi-miklos","status":"publish","type":"page","link":"https:\/\/semmelweis.hu\/nanokemia\/munkatarsak\/dr-zrinyi-miklos\/","title":{"rendered":"Dr. Zr\u00ednyi Mikl\u00f3s"},"content":{"rendered":"<table style=\"width: 96.4862%;border-style: hidden;border-color: #ffffff;background-color: #ffffff\">\n<tbody>\n<tr>\n<td style=\"width: 29.0339%;border-color: #ffffff;background-color: #ffffff\"><a href=\"https:\/\/semmelweis.hu\/nanokemia\/files\/2018\/10\/Zr\u00ednyi-Mikl\u00f3s_CV.jpg\"><img loading=\"lazy\" decoding=\"async\" class=\" wp-image-460 alignleft\" src=\"https:\/\/semmelweis.hu\/nanokemia\/files\/2018\/10\/Zr\u00ednyi-Mikl\u00f3s_CV-192x300.jpg\" alt=\"\" width=\"221\" height=\"345\" srcset=\"https:\/\/semmelweis.hu\/nanokemia\/files\/2018\/10\/Zr\u00ednyi-Mikl\u00f3s_CV-192x300.jpg 192w, https:\/\/semmelweis.hu\/nanokemia\/files\/2018\/10\/Zr\u00ednyi-Mikl\u00f3s_CV.jpg 605w\" sizes=\"auto, (max-width: 221px) 100vw, 221px\" \/><\/a><\/td>\n<td style=\"width: 85.8699%;border-color: #ffffff;background-color: #ffffff\">\n<p><span style=\"font-size: 24px\"><strong>SZEM\u00c9LYI ADATOK<\/strong><\/span><\/p>\n<table style=\"width: 100.251%;height: 198px\">\n<tbody>\n<tr style=\"height: 33px\">\n<td style=\"width: 39.4904%;border-style: hidden;border-color: #ffffff;background-color: #ffffff;height: 33px\"><strong>N\u00e9v: <\/strong><\/td>\n<td style=\"width: 62.5971%;border-style: hidden;border-color: #ffffff;background-color: #ffffff;height: 33px\"><strong>Dr. Zr\u00ednyi Mikl\u00f3s<\/strong><\/td>\n<\/tr>\n<tr style=\"height: 33px\">\n<td style=\"width: 39.4904%;border-style: hidden;border-color: #ffffff;background-color: #ffffff;height: 33px\"><strong>Beoszt\u00e1s:<\/strong><\/td>\n<td style=\"width: 62.5971%;border-style: hidden;border-color: #ffffff;background-color: #ffffff;height: 33px\"><strong>professor emeritus<\/strong><\/td>\n<\/tr>\n<tr style=\"height: 33px\">\n<td style=\"width: 39.4904%;border-style: hidden;border-color: #ffffff;background-color: #ffffff;height: 33px\"><strong>Tudom\u00e1nyos fokozat:<\/strong><\/td>\n<td style=\"width: 62.5971%;border-style: hidden;border-color: #ffffff;background-color: #ffffff;height: 33px\"><strong>MTA rendes tagja<\/strong><\/td>\n<\/tr>\n<tr style=\"height: 33px\">\n<td style=\"width: 39.4904%;border-style: hidden;border-color: #ffffff;background-color: #ffffff;height: 33px\"><strong>Munkahely c\u00edme:<\/strong><\/td>\n<td style=\"width: 62.5971%;border-style: hidden;border-color: #ffffff;background-color: #ffffff;height: 33px\"><strong>H-1089, Budapest, Nagyv\u00e1rad t\u00e9r 4<\/strong><\/td>\n<\/tr>\n<tr style=\"height: 33px\">\n<td style=\"width: 39.4904%;border-style: hidden;border-color: #ffffff;background-color: #ffffff;height: 33px\"><strong>Telefon<\/strong><\/td>\n<td style=\"width: 62.5971%;border-style: hidden;border-color: #ffffff;background-color: #ffffff;height: 33px\"><strong>+36 204144124<\/strong><\/td>\n<\/tr>\n<tr style=\"height: 33px\">\n<td style=\"width: 39.4904%;border-style: hidden;border-color: #ffffff;background-color: #ffffff;height: 33px\"><strong>E-mail:<\/strong><\/td>\n<td style=\"width: 62.5971%;border-style: hidden;border-color: #ffffff;background-color: #ffffff;height: 33px\"><strong>mikloszrinyi (at) gmail (*) com<\/strong><\/td>\n<\/tr>\n<\/tbody>\n<\/table>\n<\/td>\n<\/tr>\n<\/tbody>\n<\/table>\n<p>&nbsp;<\/p>\n<p><strong>TANULM\u00c1NYOK<\/strong><\/p>\n<ul>\n<li>Egyetem\u00a0\u00a0\u00a0\u00a0\u00a0\u00a0\u00a0\u00a0\u00a0\u00a0\u00a0\u00a0\u00a0\u00a0\u00a0\u00a0\u00a0\u00a0\u00a0\u00a0\u00a0\u00a0\u00a0\u00a0\u00a0\u00a0\u00a0ELTE, TTK, vegy\u00e9sz szak, Budapest (1969-1974)<\/li>\n<li>K\u00f6z\u00e9piskola\u00a0\u00a0\u00a0\u00a0\u00a0\u00a0\u00a0\u00a0\u00a0\u00a0\u00a0\u00a0\u00a0\u00a0\u00a0\u00a0\u00a0\u00a0\u00a0\u00a0\u00a0T\u00e1ncsics M. Gimn\u00e1zium Kaposv\u00e1r (1964-1968)<\/li>\n<li>\u00c1lt. iskola\u00a0\u00a0\u00a0\u00a0\u00a0\u00a0\u00a0\u00a0\u00a0\u00a0\u00a0\u00a0\u00a0\u00a0\u00a0\u00a0\u00a0\u00a0\u00a0\u00a0\u00a0\u00a0\u00a0\u00a0\u00a0\u00a0T\u00f3th L. \u00c1ll. \u00c1lt. Iskola, Kaposv\u00e1r (1957-1964)<\/li>\n<\/ul>\n<p><strong>MUNKAHELYEK\u00a0\u00a0\u00a0\u00a0\u00a0\u00a0\u00a0\u00a0\u00a0\u00a0\u00a0\u00a0\u00a0\u00a0\u00a0\u00a0\u00a0 <\/strong><\/p>\n<ul>\n<li>SE, \u00c1OK, Biofizikai \u00e9s Sug\u00e1rbiol\u00f3giai\u00a0Int\u00e9zet,\u00a0Nanok\u00e9miai Kutat\u00f3csoport (2010- )<\/li>\n<li>SE GYTK, Gy\u00f3gyszer\u00e9szeti Int\u00e9zet (2008-2010 )<\/li>\n<li>BME, Vegy\u00e9szm\u00e9rn\u00f6ki Kar, Fizikai K\u00e9mia Tansz\u00e9k\u00a0(1991-2008)<\/li>\n<li>ELTE,\u00a0 TTK,Kolloidk\u00e9miai \u00e9s Kolloidtechnol\u00f3giai\u00a0\u00a0Tansz\u00e9k (1974-1991)<\/li>\n<\/ul>\n<p><strong>\u00d6SZT\u00d6ND\u00cdJAK<\/strong><\/p>\n<ul>\n<li>Canon Professzori \u00d6szt\u00f6nd\u00edj (3 h\u00e9t) (2000), <em>Tokyo Institute of<br \/>\nTechnology, Japan<\/em><\/li>\n<li>Visiting Professorship (4 h\u00f3nap), <em>Ventura Business Laboratory, Yamagata<br \/>\nUniversity, Japan,<\/em><em>\u00a0<\/em><em>2000 szept. \u2013 2001 jan.<\/em><\/li>\n<li>Sz\u00e9chenyi Professzori \u00d6szt\u00f6nd\u00edj\u00a0 (1997-2000)<\/li>\n<li>Jap\u00e1n Polimer T\u00e1rsas\u00e1g \u00d6szt\u00f6nd\u00edja (2 h\u00f3nap), <em>Hokkaidoi Egyetem Biol\u00f3giai Tudom\u00e1nyok Int\u00e9zete, <\/em><em>Sapporo Jap\u00e1n (1996)<\/em><\/li>\n<li>Eur\u00f3pai K\u00f6z\u00f6ss\u00e9g \u00d6szt\u00f6nd\u00edja (3 h\u00f3nap), <em>Ulmi Egyetem Kis\u00e9rleti Fizika Tansz\u00e9k (1993)<\/em><\/li>\n<li>Alexander von Humboldt \u00f6szt\u00f6nd\u00edj (21 h\u00f3nap), <em>Ulmi Egyetem Kis\u00e9rleti Fizika Tansz\u00e9k (1987-1988), (1991)<\/em><\/li>\n<\/ul>\n<p><strong>TUDOM\u00c1NYOS <\/strong><strong>FOKOZATOK<\/strong><\/p>\n<ul>\n<li>MTA lev. Tagja, 2007<\/li>\n<li>\u00a0a k\u00e9miai tudom\u00e1nyok doktora (BME), 1993<\/li>\n<li>a k\u00e9miai tudom\u00e1nyok kandid\u00e1tusa (ELTE), 1987<br \/>\negyetemi doktor (ELTE), 1977<\/li>\n<\/ul>\n<p><strong>D\u00cdJAK\u00a0\u00a0\u00a0\u00a0\u00a0\u00a0\u00a0\u00a0\u00a0\u00a0\u00a0\u00a0\u00a0\u00a0\u00a0\u00a0\u00a0\u00a0\u00a0\u00a0\u00a0\u00a0\u00a0\u00a0\u00a0\u00a0\u00a0<\/strong><\/p>\n<ul>\n<li>Proszt J\u00e1nosd\u00edj (2005)<\/li>\n<li>N\u00e1ray-Szab\u00f3 Istv\u00e1n d\u00edj (2004)<\/li>\n<li>Jedlik \u00c1nyos d\u00edj (2003)<\/li>\n<li>\u00c9rd v\u00e1ros tudom\u00e1nyos d\u00edja (2003)<\/li>\n<li>Krusp\u00e9r Istv\u00e1n eml\u00e9k\u00e9rem (2002)<\/li>\n<li>Canon-d\u00edj (2000)<\/li>\n<li>G\u00f6r\u00f6g Jen\u0151 d\u00edj (2000)<\/li>\n<li>Szent-Gy\u00f6rgyi Albert d\u00edj (1999)<\/li>\n<li>\u00a0A Sunday Times \u201cAz \u00e9v feltal\u00e1l\u00f3ja arany\u00e9rme\u201d (1997)<\/li>\n<li>\u00a0A Genfi Tal\u00e1lm\u00e1nyi Ki\u00e1ll\u00edt\u00e1s ez\u00fcst \u00e9rme(1997)<\/li>\n<li>\u00a0Erdey L\u00e1szl\u00f3 d\u00edj (1997)<\/li>\n<li>\u00a0Miniszteri Dics\u00e9ret (1987)<\/li>\n<li>\u00a0Buz\u00e1gh Alad\u00e1r d\u00edj (megosztva) (1981)<\/li>\n<li>\u00a0OKTV k\u00e9mia els\u0151 helyez\u00e9s (1967)<\/li>\n<\/ul>\n<p><strong>Vezet\u0151i megbizat\u00e1sok:\u00a0\u00a0\u00a0\u00a0<\/strong><\/p>\n<ul>\n<li>BME Tudom\u00e1nyos- \u00e9s nemzetk\u00f6zi \u00fcgyek\u00e9rt felel\u0151s rektor helyettese\u00a0 (2004. augusztus 1-t\u0151l \u2013 2008 j\u00falius 30-ig)<\/li>\n<li>BME Fizikai K\u00e9mia Tansz\u00e9k vezet\u0151je (1994- 2008)<\/li>\n<li>OTKA K\u00e9mia I. Zs\u0171ri eln\u00f6ke (1998-2001)<\/li>\n<li>BME Vegy\u00e9szm\u00e9rn\u00f6ki Kar Tudom\u00e1nyos Bizotts\u00e1g\u00e1nak eln\u00f6ke (2000-2004)<\/li>\n<li>SOROS alap\u00edtv\u00e1ny Belf\u00f6ldi Doktorandusz Program \u00c9lettelen Term\u00e9szettudom\u00e1nyok<br \/>\nKurat\u00f3rium\u00e1nak eln\u00f6ke (1998,1999)<\/li>\n<li>MATE \u00d6sszet\u00e9teli \u00e9s K\u00f6rnyezetv\u00e9delmi<br \/>\nSzakoszt\u00e1ly eln\u00f6ke (1997-2003)<\/li>\n<li>MKE Kolloidk\u00e9miai, Reol\u00f3giai \u00e9s Tribok\u00e9miai Szakoszt\u00e1ly\u00a0\u00a0eln\u00f6ke (1995-2003)<\/li>\n<\/ul>\n<p><strong>JELENT\u0150SEBB TUDOM\u00c1NYOS K\u00d6Z\u00c9LETI <\/strong><strong>TEV\u00c9KENYS\u00c9GEK<\/strong><\/p>\n<ul>\n<li>Szerkeszt\u00f5je a Polymer Gels and Networks 4 (1996)\u00a0k\u00f6tet\u00e9nek<\/li>\n<li>Szerkeszt\u00f5je\u00a0 a Progress in Colloid and Polymer Science 102. k\u00f6tet\u00e9nek<\/li>\n<li>&#8222;International Polymer Network Group&#8221; Tudom\u00e1nyos<\/li>\n<li>\u00a0Bizotts\u00e1g\u00e1nak tagja (1990-1994), (1998-)<\/li>\n<li>\u00a0&#8222;Polymer Gels and Networks&#8221; (Elsevier) c\u00edm\u00fb foly\u00f3irat Szerkeszt\u00f5 Bizotts\u00e1g\u00e1nak tagja (1994-1999)<\/li>\n<li>Magyar K\u00e9miai Foly\u00f3irat Szerkeszt\u00f5<\/li>\n<li>Bizotts\u00e1g\u00e1nak tagja (1993-2000)<\/li>\n<li>MTA Kolloidk\u00e9miai Munkabizotts\u00e1g titk\u00e1ra (1987-1993)<\/li>\n<li>MKE Kolloidk\u00e9miai, Reol\u00f3giai \u00e9s Tribok\u00e9miai Szakoszt\u00e1ly\u00a0\u00a0eln\u00f6ke\u00a0\u00a0(1995-2004)<\/li>\n<li>MTA doktorok v\u00e1lasztott k\u00f6zgy\u00fcl\u00e9si kepvisel\u0151je (1998-2007 )<\/li>\n<li>MTA K\u00e9miai Tudom\u00e1nyok Oszt\u00e1lya tan\u00e1cskoz\u00e1si jog\u00fa tagja (1998-2008)<\/li>\n<li>OTKA K\u00e9mia I. Zs\u0171ri eln\u00f6ke (1998-2001)<\/li>\n<li>SOROS alap\u00edtv\u00e1ny Belf\u00f6ldi Doktorandusz Program \u00c9lettelen Term\u00e9szettudom\u00e1nyok Kurat\u00f3rium\u00e1nak eln\u00f6ke (1998,1999)<\/li>\n<li>BME Vegy\u00e9szm\u00e9rn\u00f6ki Kar Doktori Tan\u00e1cs\u00e1nak tagja<br \/>\n(1997-1999)<\/li>\n<li>Affiliate Scientist of Artificial Research Institute, University of New Mexico, Albuquerque USA (1999 -)<\/li>\n<li>National Representative of\u00a0 IUPAC 1.6 Commission on Colloid and Surface Chemistry including Catalysis (1999-2001)<\/li>\n<li>Magyar Akkredit\u00e1ci\u00f3s Bizotts\u00e1g, K\u00e9miai \u00e9s Vegy\u00e9szm\u00e9rn\u00f6ki tudom\u00e1nyok bizotts\u00e1g\u00e1nak tagja (2004-2006)<\/li>\n<li>Magyar Akkredit\u00e1ci\u00f3s Bizotts\u00e1g Fel\u00fcgyel\u0151 Bizotts\u00e1g\u00e1nak tagja (2010-2012 )<\/li>\n<\/ul>\n<p><strong>F\u0150BB KUTAT\u00c1SI TER\u00dcLET<\/strong><\/p>\n<ul>\n<li>Kolloid- \u00e9s nanorendszerek fizikai k\u00e9mi\u00e1ja<\/li>\n<li>Funkcion\u00e1lis l\u00e1gy anyagok kutat\u00e1sa<\/li>\n<li>Polimerg\u00e9lek mechanikai, termodinamikai \u00e9s orvosbiol\u00f3giai tulajdons\u00e1gainak\u00a0tanulm\u00e1nyoz\u00e1sa<\/li>\n<li>Szab\u00e1lyozott hat\u00f3anyag lead\u00e1s<\/li>\n<\/ul>\n<p style=\"text-align: justify\">Felsorolt t\u00e9m\u00e1kb\u00f3l h\u00e1rom k\u00f6nyv, n\u00e9gy egyetemi jegyzet, kilenc k\u00f6nyvfejezet (ebb\u0151l kett\u0151 magyarul, hat angolul \u00e9s egy jap\u00e1nul) \u00e9s t\u00f6bb mint 180 k\u00f6zlem\u00e9ny jelent meg.<\/p>\n<p style=\"text-align: justify\">F\u00fcggetlen hivatkoz\u00e1sok sz\u00e1ma:\u00a0 6773<\/p>\n<p style=\"text-align: justify\"><strong>EL\u0150AD\u00c1SOK<\/strong><\/p>\n<p style=\"text-align: justify\"><strong>Mindentud\u00e1s Egyeteme<\/strong><\/p>\n\n<!-- iframe plugin v.4.9 wordpress.org\/plugins\/iframe\/ -->\n<iframe loading=\"lazy\" src=\"https:\/\/mindentudas.videotorium.hu\/hu\/embed\/8189\" width=\"480\" height=\"385\" scrolling=\"yes\" class=\"iframe-class\" frameborder=\"0\"><\/iframe>\n\n<p>https:\/\/mindentudas.videotorium.hu\/hu\/recordings\/8189\/a-21-szazad-anyagai-az-intelligens-anyagok<\/p>\n<p><strong>V\u00edrus Klub &#8211; A nanotechnol\u00f3gia els\u0151 150 \u00e9ve<\/strong><\/p>\n<p><iframe loading=\"lazy\" title=\"A nanotechnol\u00f3gia els\u0151 150 \u00e9ve | prof. Zr\u00ednyi Mikl\u00f3s\" width=\"753\" height=\"424\" src=\"https:\/\/www.youtube.com\/embed\/tX_F9P2Dd0k?feature=oembed\" frameborder=\"0\" allow=\"accelerometer; autoplay; clipboard-write; encrypted-media; gyroscope; picture-in-picture\" allowfullscreen><\/iframe><\/p>\n<p>&nbsp;<\/p>\n<p><strong>M1 Hungarikum m\u0171sor\u00e1ban<\/strong><\/p>\n\n<!-- iframe plugin v.4.9 wordpress.org\/plugins\/iframe\/ -->\n<iframe loading=\"lazy\" src=\"https:\/\/drive.google.com\/file\/d\/1OtihcEauyCoucrkaX5NmAvzSZDadvR6A\/preview\" width=\"640\" height=\"480\" scrolling=\"yes\" class=\"iframe-class\" frameborder=\"0\"><\/iframe>\n\n","protected":false},"excerpt":{"rendered":"<p><a href=\"https:\/\/semmelweis.hu\/nanokemia\/files\/2018\/10\/Zr\u00ednyi-Mikl\u00f3s_CV.jpg\"><\/a> SZEM\u00c9LYI ADATOK N\u00e9v: Dr. Zr\u00ednyi Mikl\u00f3s Beoszt\u00e1s: professor emeritus Tudom\u00e1nyos fokozat: MTA rendes tagja Munkahely c\u00edme: H-1089, Budapest, Nagyv\u00e1rad t\u00e9r 4 Telefon +36 204144124 E-mail: mikloszrinyi (at) gmail (*) com &nbsp; TANULM\u00c1NYOK Egyetem\u00a0\u00a0\u00a0\u00a0\u00a0\u00a0\u00a0\u00a0\u00a0\u00a0\u00a0\u00a0\u00a0\u00a0\u00a0\u00a0\u00a0\u00a0\u00a0\u00a0\u00a0\u00a0\u00a0\u00a0\u00a0\u00a0\u00a0ELTE, TTK, vegy\u00e9sz szak, Budapest (1969-1974) K\u00f6z\u00e9piskola\u00a0\u00a0\u00a0\u00a0\u00a0\u00a0\u00a0\u00a0\u00a0\u00a0\u00a0\u00a0\u00a0\u00a0\u00a0\u00a0\u00a0\u00a0\u00a0\u00a0\u00a0T\u00e1ncsics M. Gimn\u00e1zium Kaposv\u00e1r (1964-1968) \u00c1lt. iskola\u00a0\u00a0\u00a0\u00a0\u00a0\u00a0\u00a0\u00a0\u00a0\u00a0\u00a0\u00a0\u00a0\u00a0\u00a0\u00a0\u00a0\u00a0\u00a0\u00a0\u00a0\u00a0\u00a0\u00a0\u00a0\u00a0T\u00f3th L. \u00c1ll. \u00c1lt. Iskola, Kaposv\u00e1r (1957-1964) MUNKAHELYEK\u00a0\u00a0\u00a0\u00a0\u00a0\u00a0\u00a0\u00a0\u00a0\u00a0\u00a0\u00a0\u00a0\u00a0\u00a0\u00a0\u00a0 SE, \u00c1OK, Biofizikai &hellip;<\/p>\n","protected":false},"author":8,"featured_media":0,"parent":7,"menu_order":2,"comment_status":"open","ping_status":"closed","template":"","meta":{"_acf_changed":false,"footnotes":""},"categories":[],"tags":[],"class_list":["post-27","page","type-page","status-publish","hentry"],"acf":[],"_links":{"self":[{"href":"https:\/\/semmelweis.hu\/nanokemia\/wp-json\/wp\/v2\/pages\/27","targetHints":{"allow":["GET"]}}],"collection":[{"href":"https:\/\/semmelweis.hu\/nanokemia\/wp-json\/wp\/v2\/pages"}],"about":[{"href":"https:\/\/semmelweis.hu\/nanokemia\/wp-json\/wp\/v2\/types\/page"}],"author":[{"embeddable":true,"href":"https:\/\/semmelweis.hu\/nanokemia\/wp-json\/wp\/v2\/users\/8"}],"replies":[{"embeddable":true,"href":"https:\/\/semmelweis.hu\/nanokemia\/wp-json\/wp\/v2\/comments?post=27"}],"version-history":[{"count":10,"href":"https:\/\/semmelweis.hu\/nanokemia\/wp-json\/wp\/v2\/pages\/27\/revisions"}],"predecessor-version":[{"id":884,"href":"https:\/\/semmelweis.hu\/nanokemia\/wp-json\/wp\/v2\/pages\/27\/revisions\/884"}],"up":[{"embeddable":true,"href":"https:\/\/semmelweis.hu\/nanokemia\/wp-json\/wp\/v2\/pages\/7"}],"wp:attachment":[{"href":"https:\/\/semmelweis.hu\/nanokemia\/wp-json\/wp\/v2\/media?parent=27"}],"wp:term":[{"taxonomy":"category","embeddable":true,"href":"https:\/\/semmelweis.hu\/nanokemia\/wp-json\/wp\/v2\/categories?post=27"},{"taxonomy":"post_tag","embeddable":true,"href":"https:\/\/semmelweis.hu\/nanokemia\/wp-json\/wp\/v2\/tags?post=27"}],"curies":[{"name":"wp","href":"https:\/\/api.w.org\/{rel}","templated":true}]}}