{"id":1435,"date":"2026-02-06T11:39:54","date_gmt":"2026-02-06T10:39:54","guid":{"rendered":"https:\/\/semmelweis.hu\/nanokemia\/?page_id=1435"},"modified":"2026-02-06T11:39:54","modified_gmt":"2026-02-06T10:39:54","slug":"golcz-katalin","status":"publish","type":"page","link":"https:\/\/semmelweis.hu\/nanokemia\/golcz-katalin\/","title":{"rendered":"G\u00f6lcz Katalin"},"content":{"rendered":"<p><strong><u>Szem\u00e9lyes adatok<\/u><\/strong><\/p>\n<p style=\"text-align: justify\"><strong>N\u00e9v:\u00a0 \u00a0 \u00a0 \u00a0 \u00a0 \u00a0 \u00a0 \u00a0 \u00a0 \u00a0 \u00a0 \u00a0 \u00a0 \u00a0 \u00a0 \u00a0 \u00a0 \u00a0 <\/strong>G\u00f6lcz Katalin Erzs\u00e9bet<\/p>\n<p style=\"text-align: justify\"><strong>Beoszt\u00e1s:\u00a0\u00a0\u00a0\u00a0\u00a0\u00a0\u00a0\u00a0\u00a0\u00a0\u00a0\u00a0\u00a0\u00a0\u00a0\u00a0\u00a0\u00a0\u00a0\u00a0\u00a0\u00a0\u00a0\u00a0\u00a0\u00a0 <\/strong>\u00a0Kutat\u00e1si asszisztens<\/p>\n<p style=\"text-align: justify\"><strong>Telefonsz\u00e1m<\/strong>:\u00a0 \u00a0 \u00a0 \u00a0 \u00a0 \u00a0 \u00a0 \u00a0 \u00a0 \u00a0 \u00a0 +36-20-979-00-27<\/p>\n<p style=\"text-align: justify\"><strong>E-mail :\u00a0\u00a0\u00a0\u00a0\u00a0\u00a0\u00a0\u00a0\u00a0\u00a0\u00a0\u00a0\u00a0\u00a0\u00a0\u00a0\u00a0\u00a0\u00a0\u00a0\u00a0\u00a0\u00a0\u00a0\u00a0\u00a0\u00a0\u00a0\u00a0 <\/strong><a href=\"mailto:golcz.katalin.erzsebet@semmelweis.hu\">golcz.katalin.erzsebet@semmelweis.hu<\/a><\/p>\n<p style=\"text-align: justify\"><strong>Sz\u00fclet\u00e9si id\u0151<\/strong>:\u00a0 \u00a0 \u00a0 \u00a0 \u00a0 \u00a0 \u00a0 \u00a0 \u00a0 \u00a0 \u00a0 1977.10.31<\/p>\n<p><strong><u>Tanulm\u00e1nyok, v\u00e9gzetts\u00e9gek:<\/u><\/strong><\/p>\n<p>-Eszterh\u00e1zy K\u00e1roly Egyetem ( jelenleg is)<\/p>\n<p>-Petrik Lajos K\u00e9t tan\u00edt\u00e1si nyelv\u0171 Vegyipari,K\u00f6rnyezetv\u00e9delmiSzakk\u00f6z\u00e9piskola\u00a0 (\u00e1ltal\u00e1nos vegyipari lab\u00f3rat\u00f3riumi technikus,2010)<\/p>\n<p>-Belv\u00e1rosi Esti Gimn\u00e1zium (1999)<\/p>\n<p>-Irinyi J\u00e1nos Vegyipari Szakk\u00f6z\u00e9piskola (1994-1996)<\/p>\n<p>&nbsp;<\/p>\n<p><strong><u>Munkahelyek:<\/u><\/strong><\/p>\n<p>-Synlab Hungary Kft. Csepel<\/p>\n<p>-Richter Gedeon Nyrt stabilit\u00e1si csoport<\/p>\n<p>-Synlab Hungary Kft.<\/p>\n<p>&#8211; B\u00e1lint Analitika,<\/p>\n<p>&#8211; V\u00edz\u00fcgyi Tudom\u00e1nyos Kutat\u00f3 Int\u00e9zet<\/p>\n<p>&#8211; Szent Istv\u00e1n Egyetem konzervtechnol\u00f3giai laborat\u00f3rium<\/p>\n","protected":false},"excerpt":{"rendered":"<p>Szem\u00e9lyes adatok N\u00e9v:\u00a0 \u00a0 \u00a0 \u00a0 \u00a0 \u00a0 \u00a0 \u00a0 \u00a0 \u00a0 \u00a0 \u00a0 \u00a0 \u00a0 \u00a0 \u00a0 \u00a0 \u00a0 G\u00f6lcz Katalin Erzs\u00e9bet Beoszt\u00e1s:\u00a0\u00a0\u00a0\u00a0\u00a0\u00a0\u00a0\u00a0\u00a0\u00a0\u00a0\u00a0\u00a0\u00a0\u00a0\u00a0\u00a0\u00a0\u00a0\u00a0\u00a0\u00a0\u00a0\u00a0\u00a0\u00a0 \u00a0Kutat\u00e1si asszisztens Telefonsz\u00e1m:\u00a0 \u00a0 \u00a0 \u00a0 \u00a0 \u00a0 \u00a0 \u00a0 \u00a0 \u00a0 \u00a0 +36-20-979-00-27 E-mail :\u00a0\u00a0\u00a0\u00a0\u00a0\u00a0\u00a0\u00a0\u00a0\u00a0\u00a0\u00a0\u00a0\u00a0\u00a0\u00a0\u00a0\u00a0\u00a0\u00a0\u00a0\u00a0\u00a0\u00a0\u00a0\u00a0\u00a0\u00a0\u00a0 <a href=\"mailto:golcz.katalin.erzsebet@semmelweis.hu\">golcz.katalin.erzsebet@semmelweis.hu<\/a> Sz\u00fclet\u00e9si id\u0151:\u00a0 \u00a0 \u00a0 \u00a0 \u00a0 \u00a0 \u00a0 \u00a0 \u00a0 \u00a0 \u00a0 1977.10.31 Tanulm\u00e1nyok, v\u00e9gzetts\u00e9gek: &hellip;<\/p>\n","protected":false},"author":102447,"featured_media":0,"parent":0,"menu_order":0,"comment_status":"closed","ping_status":"closed","template":"","meta":{"_acf_changed":false,"footnotes":""},"categories":[],"tags":[],"class_list":["post-1435","page","type-page","status-publish","hentry"],"acf":[],"_links":{"self":[{"href":"https:\/\/semmelweis.hu\/nanokemia\/wp-json\/wp\/v2\/pages\/1435","targetHints":{"allow":["GET"]}}],"collection":[{"href":"https:\/\/semmelweis.hu\/nanokemia\/wp-json\/wp\/v2\/pages"}],"about":[{"href":"https:\/\/semmelweis.hu\/nanokemia\/wp-json\/wp\/v2\/types\/page"}],"author":[{"embeddable":true,"href":"https:\/\/semmelweis.hu\/nanokemia\/wp-json\/wp\/v2\/users\/102447"}],"replies":[{"embeddable":true,"href":"https:\/\/semmelweis.hu\/nanokemia\/wp-json\/wp\/v2\/comments?post=1435"}],"version-history":[{"count":1,"href":"https:\/\/semmelweis.hu\/nanokemia\/wp-json\/wp\/v2\/pages\/1435\/revisions"}],"predecessor-version":[{"id":1436,"href":"https:\/\/semmelweis.hu\/nanokemia\/wp-json\/wp\/v2\/pages\/1435\/revisions\/1436"}],"wp:attachment":[{"href":"https:\/\/semmelweis.hu\/nanokemia\/wp-json\/wp\/v2\/media?parent=1435"}],"wp:term":[{"taxonomy":"category","embeddable":true,"href":"https:\/\/semmelweis.hu\/nanokemia\/wp-json\/wp\/v2\/categories?post=1435"},{"taxonomy":"post_tag","embeddable":true,"href":"https:\/\/semmelweis.hu\/nanokemia\/wp-json\/wp\/v2\/tags?post=1435"}],"curies":[{"name":"wp","href":"https:\/\/api.w.org\/{rel}","templated":true}]}}