{"id":1421,"date":"2026-01-28T16:08:00","date_gmt":"2026-01-28T15:08:00","guid":{"rendered":"https:\/\/semmelweis.hu\/nanokemia\/?page_id=1421"},"modified":"2026-01-28T16:08:23","modified_gmt":"2026-01-28T15:08:23","slug":"viktor-gergo-szilagyi","status":"publish","type":"page","link":"https:\/\/semmelweis.hu\/nanokemia\/en\/viktor-gergo-szilagyi\/","title":{"rendered":"Viktor Gerg\u0151 Szil\u00e1gyi"},"content":{"rendered":"<p>&nbsp;<\/p>\n<p><span style=\"text-decoration: underline\"><img loading=\"lazy\" decoding=\"async\" class=\"alignnone size-medium wp-image-1423\" src=\"https:\/\/semmelweis.hu\/nanokemia\/files\/2026\/01\/8ce52961-8f26-4fd4-a295-2cd7ed210419-293x400.jpeg\" alt=\"\" width=\"293\" height=\"400\" srcset=\"https:\/\/semmelweis.hu\/nanokemia\/files\/2026\/01\/8ce52961-8f26-4fd4-a295-2cd7ed210419-293x400.jpeg 293w, https:\/\/semmelweis.hu\/nanokemia\/files\/2026\/01\/8ce52961-8f26-4fd4-a295-2cd7ed210419-749x1024.jpeg 749w, https:\/\/semmelweis.hu\/nanokemia\/files\/2026\/01\/8ce52961-8f26-4fd4-a295-2cd7ed210419-768x1050.jpeg 768w, https:\/\/semmelweis.hu\/nanokemia\/files\/2026\/01\/8ce52961-8f26-4fd4-a295-2cd7ed210419-1124x1536.jpeg 1124w, https:\/\/semmelweis.hu\/nanokemia\/files\/2026\/01\/8ce52961-8f26-4fd4-a295-2cd7ed210419-753x1029.jpeg 753w, https:\/\/semmelweis.hu\/nanokemia\/files\/2026\/01\/8ce52961-8f26-4fd4-a295-2cd7ed210419.jpeg 1498w\" sizes=\"auto, (max-width: 293px) 100vw, 293px\" \/><\/span><\/p>\n<p><span style=\"text-decoration: underline\">Personal data<\/span><\/p>\n<p>Name: Szil\u00e1gyi Viktor Gerg\u0151<\/p>\n<p>Phone: (+36) 205801615<\/p>\n<p>E-mail: szilagyi.viktor@phd.semmelweis.hu<\/p>\n<p>Title: PhD student<\/p>\n<p><span style=\"text-decoration: underline\">Education<\/span><\/p>\n<p><span style=\"font-size: 1rem\">2025 \u2013 Currently: <\/span>PhD Studies in Theoretical Medicine \u2013 Semmelweis University<\/p>\n<p>2023 \u2013 2025: Bioengineering BSc. \u2013 Hungarian University of Agriculture and Life sciences<\/p>\n<p>2019 \u2013 2023: Bioengineering BSc. \u2013 Hungarian University of Agriculture and Life sciences<\/p>\n<p><span style=\"text-decoration: underline\">Achievements<\/span><\/p>\n<p>Second Place in P\u00e1zm\u00e1ny P\u00e9ter Catholic University Institutional TDK in the Informatics section \u2013 2024.11.28<\/p>\n<p>Second Place in Eszterhazy Karoly Catholic University Institutional TDK in Chemistry and Physics section- 2024.11.28<\/p>\n<p>Certificate for most prominent Tutored Research Project at P\u00e1zm\u00e1ny P\u00e9ter Catholic University \u2013 2024.06.10<\/p>\n<p>Commendation of the Director of the Institute in Hungarian University of Agriculture and Life sciences for the National TDK Special award<\/p>\n<p>Special award in 36. Agricultural Science National Student Research Conference in the Environmental biotechnology section \u2013 2023.04.06<\/p>\n<p>Second Place in Hungarian University of Agriculture and Life sciences Institutional TDK in the Biotechnology and Microbiology section \u2013 2022.11.23<\/p>\n<p><span style=\"text-decoration: underline\">Research topics:<\/span><\/p>\n<p>Polymer nanofibre formation with electrostatic fibre formation<\/p>\n<p>Biomedical applications of biopolymers<\/p>\n<p>3-Dimensional polymer fibre matrix formation<\/p>\n<p>Nanofibre characterization with physical and chemical methods<\/p>\n<p>Molecular interactions between solvents and inorganic salts with molecular dynamics simulations<\/p>\n<p>Tissue engineering<\/p>\n<p><a href=\"https:\/\/m2.mtmt.hu\/gui2\/?type=authors&amp;mode=browse&amp;sel=10099829\">MTMT<\/a><\/p>\n","protected":false},"excerpt":{"rendered":"<p>&nbsp; Personal data Name: Szil\u00e1gyi Viktor Gerg\u0151 Phone: (+36) 205801615 E-mail: szilagyi.viktor@phd.semmelweis.hu Title: PhD student Education 2025 \u2013 Currently: PhD Studies in Theoretical Medicine \u2013 Semmelweis University 2023 \u2013 2025: Bioengineering BSc. \u2013 Hungarian University of Agriculture and Life sciences 2019 \u2013 2023: Bioengineering BSc. \u2013 Hungarian University of Agriculture and Life sciences Achievements Second &hellip;<\/p>\n","protected":false},"author":102447,"featured_media":0,"parent":0,"menu_order":0,"comment_status":"closed","ping_status":"closed","template":"","meta":{"_acf_changed":false,"footnotes":""},"categories":[],"tags":[],"class_list":["post-1421","page","type-page","status-publish","hentry"],"acf":[],"_links":{"self":[{"href":"https:\/\/semmelweis.hu\/nanokemia\/wp-json\/wp\/v2\/pages\/1421","targetHints":{"allow":["GET"]}}],"collection":[{"href":"https:\/\/semmelweis.hu\/nanokemia\/wp-json\/wp\/v2\/pages"}],"about":[{"href":"https:\/\/semmelweis.hu\/nanokemia\/wp-json\/wp\/v2\/types\/page"}],"author":[{"embeddable":true,"href":"https:\/\/semmelweis.hu\/nanokemia\/wp-json\/wp\/v2\/users\/102447"}],"replies":[{"embeddable":true,"href":"https:\/\/semmelweis.hu\/nanokemia\/wp-json\/wp\/v2\/comments?post=1421"}],"version-history":[{"count":2,"href":"https:\/\/semmelweis.hu\/nanokemia\/wp-json\/wp\/v2\/pages\/1421\/revisions"}],"predecessor-version":[{"id":1425,"href":"https:\/\/semmelweis.hu\/nanokemia\/wp-json\/wp\/v2\/pages\/1421\/revisions\/1425"}],"wp:attachment":[{"href":"https:\/\/semmelweis.hu\/nanokemia\/wp-json\/wp\/v2\/media?parent=1421"}],"wp:term":[{"taxonomy":"category","embeddable":true,"href":"https:\/\/semmelweis.hu\/nanokemia\/wp-json\/wp\/v2\/categories?post=1421"},{"taxonomy":"post_tag","embeddable":true,"href":"https:\/\/semmelweis.hu\/nanokemia\/wp-json\/wp\/v2\/tags?post=1421"}],"curies":[{"name":"wp","href":"https:\/\/api.w.org\/{rel}","templated":true}]}}