{"id":1419,"date":"2026-01-28T15:41:32","date_gmt":"2026-01-28T14:41:32","guid":{"rendered":"https:\/\/semmelweis.hu\/nanokemia\/?page_id=1419"},"modified":"2026-01-28T15:41:32","modified_gmt":"2026-01-28T14:41:32","slug":"krisztina-simonne-nagy","status":"publish","type":"page","link":"https:\/\/semmelweis.hu\/nanokemia\/en\/krisztina-simonne-nagy\/","title":{"rendered":"Krisztina Simonn\u00e9 Nagy"},"content":{"rendered":"<p><img loading=\"lazy\" decoding=\"async\" class=\"alignnone size-full wp-image-619\" src=\"https:\/\/semmelweis.hu\/nanokemia\/files\/2019\/09\/SE-fot\u00f3-2018.jpg\" alt=\"\" width=\"233\" height=\"350\" \/><\/p>\n<p><span style=\"text-decoration: underline\">Personal data\u00a0<\/span>\u00a0\u00a0\u00a0\u00a0\u00a0<br \/>\nName: Krisztina Dr. Simonn\u00e9 Nagy<br \/>\nPosition: Associate Professor<br \/>\nPhone: +36\/20-825-0628<br \/>\nE-mail: s.nagy.krisztina (at) semmelweis (*) hu<br \/>\nDate of Birth:\u00a0 17\/4\/1975<\/p>\n<p><span style=\"text-decoration: underline\">Education<\/span><\/p>\n<ul>\n<li>Medical Translator and Interpreter (Hungarian-German)<br \/>\n(2024) Semmelweis University\u00a0<\/li>\n<li>PhD in Biology (2003) E\u00f6tv\u00f6s Lor\u00e1nd University<\/li>\n<li>MSc in Bioengineering (1998) Technical University Budapest<\/li>\n<\/ul>\n<p><span style=\"text-decoration: underline\">Research<\/span><\/p>\n<ul>\n<li>\u00a0Development of liposomal drug-delivery systems<\/li>\n<li>Biocompatibility of (polymer-based) systems developed for<br \/>\nbiomedical purposes<\/li>\n<li>Polyamino acid-based drug-delivery systems<\/li>\n<li>Application of biopolymers for tissue engineering<\/li>\n<\/ul>\n","protected":false},"excerpt":{"rendered":"<p>Personal data\u00a0\u00a0\u00a0\u00a0\u00a0\u00a0 Name: Krisztina Dr. Simonn\u00e9 Nagy Position: Associate Professor Phone: +36\/20-825-0628 E-mail: s.nagy.krisztina (at) semmelweis (*) hu Date of Birth:\u00a0 17\/4\/1975 Education Medical Translator and Interpreter (Hungarian-German) (2024) Semmelweis University\u00a0 PhD in Biology (2003) E\u00f6tv\u00f6s Lor\u00e1nd University MSc in Bioengineering (1998) Technical University Budapest Research \u00a0Development of liposomal drug-delivery systems Biocompatibility of (polymer-based) systems &hellip;<\/p>\n","protected":false},"author":102447,"featured_media":0,"parent":0,"menu_order":0,"comment_status":"closed","ping_status":"closed","template":"","meta":{"_acf_changed":false,"footnotes":""},"categories":[],"tags":[],"class_list":["post-1419","page","type-page","status-publish","hentry"],"acf":[],"_links":{"self":[{"href":"https:\/\/semmelweis.hu\/nanokemia\/wp-json\/wp\/v2\/pages\/1419","targetHints":{"allow":["GET"]}}],"collection":[{"href":"https:\/\/semmelweis.hu\/nanokemia\/wp-json\/wp\/v2\/pages"}],"about":[{"href":"https:\/\/semmelweis.hu\/nanokemia\/wp-json\/wp\/v2\/types\/page"}],"author":[{"embeddable":true,"href":"https:\/\/semmelweis.hu\/nanokemia\/wp-json\/wp\/v2\/users\/102447"}],"replies":[{"embeddable":true,"href":"https:\/\/semmelweis.hu\/nanokemia\/wp-json\/wp\/v2\/comments?post=1419"}],"version-history":[{"count":1,"href":"https:\/\/semmelweis.hu\/nanokemia\/wp-json\/wp\/v2\/pages\/1419\/revisions"}],"predecessor-version":[{"id":1420,"href":"https:\/\/semmelweis.hu\/nanokemia\/wp-json\/wp\/v2\/pages\/1419\/revisions\/1420"}],"wp:attachment":[{"href":"https:\/\/semmelweis.hu\/nanokemia\/wp-json\/wp\/v2\/media?parent=1419"}],"wp:term":[{"taxonomy":"category","embeddable":true,"href":"https:\/\/semmelweis.hu\/nanokemia\/wp-json\/wp\/v2\/categories?post=1419"},{"taxonomy":"post_tag","embeddable":true,"href":"https:\/\/semmelweis.hu\/nanokemia\/wp-json\/wp\/v2\/tags?post=1419"}],"curies":[{"name":"wp","href":"https:\/\/api.w.org\/{rel}","templated":true}]}}