{"id":1391,"date":"2026-01-27T10:04:47","date_gmt":"2026-01-27T09:04:47","guid":{"rendered":"https:\/\/semmelweis.hu\/nanokemia\/?page_id=1391"},"modified":"2026-01-27T10:04:47","modified_gmt":"2026-01-27T09:04:47","slug":"monika-nanys","status":"publish","type":"page","link":"https:\/\/semmelweis.hu\/nanokemia\/en\/monika-nanys\/","title":{"rendered":"M\u00f3nika Nanys"},"content":{"rendered":"<p><img loading=\"lazy\" decoding=\"async\" class=\"alignnone size-medium wp-image-1380\" src=\"https:\/\/semmelweis.hu\/nanokemia\/files\/2026\/01\/Nanys-Monika-300x400.jpeg\" alt=\"\" width=\"300\" height=\"400\" srcset=\"https:\/\/semmelweis.hu\/nanokemia\/files\/2026\/01\/Nanys-Monika-300x400.jpeg 300w, https:\/\/semmelweis.hu\/nanokemia\/files\/2026\/01\/Nanys-Monika-768x1024.jpeg 768w, https:\/\/semmelweis.hu\/nanokemia\/files\/2026\/01\/Nanys-Monika-1152x1536.jpeg 1152w, https:\/\/semmelweis.hu\/nanokemia\/files\/2026\/01\/Nanys-Monika-1536x2048.jpeg 1536w, https:\/\/semmelweis.hu\/nanokemia\/files\/2026\/01\/Nanys-Monika-753x1004.jpeg 753w, https:\/\/semmelweis.hu\/nanokemia\/files\/2026\/01\/Nanys-Monika-scaled.jpeg 1920w\" sizes=\"auto, (max-width: 300px) 100vw, 300px\" \/><\/p>\n<p><strong><u>Personal Data<\/u><\/strong><\/p>\n<p><strong>Name: M\u00f3nika Nanys<\/strong><\/p>\n<p><strong>Position: PhD student<\/strong><\/p>\n<p><strong>E-mail: nanys.monika@phd.semmelweis.hu<\/strong><\/p>\n<p><strong>Date of Birth: 13\/06\/1998<\/strong><\/p>\n<p><strong><u>Education<\/u><\/strong><\/p>\n<p>2025-present: Semmelweis University,\u00a0<strong>Doctoral School of Theoretical and Translational Medicine<\/strong>, Cellular and molecular biophysics Program, Laboratory of Nanochemistry<\/p>\n<p>2022-2025:<\/p>\n<p>Budapest University of Technology and Economics, <strong>Biomedical Engineering<\/strong> (MSc)<\/p>\n<p>Title of Diploma Thesis: Analysis and molecular modelling of fiber structures made from polysuccinimide\/inorganic salt mixtures<\/p>\n<p>2017-2022:<\/p>\n<p>Budapest University of Technology and Economics, <strong>Bioengineering<\/strong> (BSc)<\/p>\n<p>Title of Thesis: Formation of three-dimensional poly(aminoacid)-based fibrous structures with the use of salt and research on the effect of humidity<\/p>\n<p>2010-2016:<\/p>\n<p>Berzsenyi D\u00e1niel High School, special mathematics class<\/p>\n<p><strong><u>Spoken languages<\/u><\/strong><\/p>\n<p>English (C1)<\/p>\n<p>German (B2)<\/p>\n<p><strong><u>Other qualifications<\/u><\/strong><\/p>\n<p>Category B driver&#8217;s license<\/p>\n<p><strong><u>Research<\/u><\/strong><\/p>\n<p>TDK activity (2023-2024):<\/p>\n<p>2023 National Scientific Student Conference (OTDK)<\/p>\n<p>2023 TDK III. place<\/p>\n<p><strong><u>Conferences<\/u><\/strong><\/p>\n<p>2023 21st International Symposium and Summer School on Bioanalysis<\/p>\n<p>2023 XLVI. K\u00e9miai El\u0151ad\u00f3i Napok (KEN)<\/p>\n<p>2022 XLV. K\u00e9miai El\u0151ad\u00f3i Napok (KEN)<\/p>\n<p>2022 Chemistry, Physics and Biology of Colloids and Interfaces Conference (CPBCI)<\/p>\n<p>2022 XV. Szent-Gy\u00f6rgyi Albert Konferencia<\/p>\n<p><strong><u>Memberships<\/u><\/strong><\/p>\n<p>(MTA) Colloid Chemistry Working Committee (Since 2025)<\/p>\n","protected":false},"excerpt":{"rendered":"<p>Personal Data Name: M\u00f3nika Nanys Position: PhD student E-mail: nanys.monika@phd.semmelweis.hu Date of Birth: 13\/06\/1998 Education 2025-present: Semmelweis University,\u00a0Doctoral School of Theoretical and Translational Medicine, Cellular and molecular biophysics Program, Laboratory of Nanochemistry 2022-2025: Budapest University of Technology and Economics, Biomedical Engineering (MSc) Title of Diploma Thesis: Analysis and molecular modelling of fiber structures made from &hellip;<\/p>\n","protected":false},"author":102447,"featured_media":0,"parent":0,"menu_order":0,"comment_status":"closed","ping_status":"closed","template":"","meta":{"_acf_changed":false,"footnotes":""},"categories":[],"tags":[],"class_list":["post-1391","page","type-page","status-publish","hentry"],"acf":[],"_links":{"self":[{"href":"https:\/\/semmelweis.hu\/nanokemia\/wp-json\/wp\/v2\/pages\/1391","targetHints":{"allow":["GET"]}}],"collection":[{"href":"https:\/\/semmelweis.hu\/nanokemia\/wp-json\/wp\/v2\/pages"}],"about":[{"href":"https:\/\/semmelweis.hu\/nanokemia\/wp-json\/wp\/v2\/types\/page"}],"author":[{"embeddable":true,"href":"https:\/\/semmelweis.hu\/nanokemia\/wp-json\/wp\/v2\/users\/102447"}],"replies":[{"embeddable":true,"href":"https:\/\/semmelweis.hu\/nanokemia\/wp-json\/wp\/v2\/comments?post=1391"}],"version-history":[{"count":1,"href":"https:\/\/semmelweis.hu\/nanokemia\/wp-json\/wp\/v2\/pages\/1391\/revisions"}],"predecessor-version":[{"id":1392,"href":"https:\/\/semmelweis.hu\/nanokemia\/wp-json\/wp\/v2\/pages\/1391\/revisions\/1392"}],"wp:attachment":[{"href":"https:\/\/semmelweis.hu\/nanokemia\/wp-json\/wp\/v2\/media?parent=1391"}],"wp:term":[{"taxonomy":"category","embeddable":true,"href":"https:\/\/semmelweis.hu\/nanokemia\/wp-json\/wp\/v2\/categories?post=1391"},{"taxonomy":"post_tag","embeddable":true,"href":"https:\/\/semmelweis.hu\/nanokemia\/wp-json\/wp\/v2\/tags?post=1391"}],"curies":[{"name":"wp","href":"https:\/\/api.w.org\/{rel}","templated":true}]}}