{"id":1378,"date":"2026-01-26T11:14:19","date_gmt":"2026-01-26T10:14:19","guid":{"rendered":"https:\/\/semmelweis.hu\/nanokemia\/?page_id=1378"},"modified":"2026-01-26T11:14:19","modified_gmt":"2026-01-26T10:14:19","slug":"nanys-monika","status":"publish","type":"page","link":"https:\/\/semmelweis.hu\/nanokemia\/nanys-monika\/","title":{"rendered":"Nanys M\u00f3nika"},"content":{"rendered":"<p><span style=\"text-decoration: underline\"><img loading=\"lazy\" decoding=\"async\" class=\"alignnone  wp-image-1380\" src=\"https:\/\/semmelweis.hu\/nanokemia\/files\/2026\/01\/Nanys-Monika-300x400.jpeg\" alt=\"\" width=\"216\" height=\"288\" srcset=\"https:\/\/semmelweis.hu\/nanokemia\/files\/2026\/01\/Nanys-Monika-300x400.jpeg 300w, https:\/\/semmelweis.hu\/nanokemia\/files\/2026\/01\/Nanys-Monika-768x1024.jpeg 768w, https:\/\/semmelweis.hu\/nanokemia\/files\/2026\/01\/Nanys-Monika-1152x1536.jpeg 1152w, https:\/\/semmelweis.hu\/nanokemia\/files\/2026\/01\/Nanys-Monika-1536x2048.jpeg 1536w, https:\/\/semmelweis.hu\/nanokemia\/files\/2026\/01\/Nanys-Monika-753x1004.jpeg 753w, https:\/\/semmelweis.hu\/nanokemia\/files\/2026\/01\/Nanys-Monika-scaled.jpeg 1920w\" sizes=\"auto, (max-width: 216px) 100vw, 216px\" \/><\/span><\/p>\n<p><span style=\"text-decoration: underline\">Szem\u00e9lyes adatok<\/span><br \/>\nN\u00e9v: Nanys M\u00f3nika<br \/>\nBeoszt\u00e1s: PhD hallgat\u00f3<br \/>\nE-mail: nanys.monika@phd.semmelweis.hu<br \/>\nSz\u00fclet\u00e9si id\u0151: 1998. 06. 13.<\/p>\n<p><span style=\"text-decoration: underline\">Tanulm\u00e1nyok<\/span><br \/>\n2025-jelenleg: Semmelweis Egyetem,\u00a0Elm\u00e9leti \u00e9s Transzl\u00e1ci\u00f3s Orvostudom\u00e1nyok Doktori Iskola,<br \/>\nCellul\u00e1ris \u00e9s Molekul\u00e1ris Biofizika doktori program, Nanok\u00e9miai Kutat\u00f3csoport<br \/>\n2022-2025: Budapesti M\u0171szaki Egyetem, Eg\u00e9szs\u00e9g\u00fcgyi m\u00e9rn\u00f6k (MSc)<br \/>\nDiplomamunka c\u00edme: Analysis and molecular modelling of fiber structures made from<br \/>\npolysuccinimide\/inorganic salt mixtures<br \/>\n2017-2022:\u00a0 Budapesti M\u0171szaki Egyetem, Biom\u00e9rn\u00f6k (BSc)<br \/>\nSzakdolgozat c\u00edme: Formation of three-dimensional poly(aminoacid)-based fibrous structures with the<br \/>\nuse of salt and research on the effect of humidity<br \/>\n2010-2016: Berzsenyi D\u00e1niel Gimn\u00e1zium, speci\u00e1lis matematika tagozat<\/p>\n<p><span style=\"text-decoration: underline\">Besz\u00e9lt nyelvek<\/span><br \/>\nAngol fels\u0151fok (C1)<br \/>\nN\u00e9met k\u00f6z\u00e9pfok (B2)<\/p>\n<p><span style=\"text-decoration: underline\">Kutat\u00f3munka<\/span><br \/>\nTDK tev\u00e9kenys\u00e9g (2023-2024): 2023 Orsz\u00e1gos Tudom\u00e1nyos Di\u00e1kk\u00f6ri Konferencia, 2023 TDK III. hely<\/p>\n<p><span style=\"text-decoration: underline\">Konferencia r\u00e9szv\u00e9telek<\/span><br \/>\n2023 21st International Symposium and Summer School on Bioanalysis<br \/>\n2023 XLVI. K\u00e9miai El\u0151ad\u00f3i Napok (KEN)<br \/>\n2022 XLV. K\u00e9miai El\u0151ad\u00f3i Napok (KEN)<br \/>\n2022 Chemistry, Physics and Biology of Colloids and Interfaces Conference (CPBCI)<br \/>\n2022 XV. Szent-Gy\u00f6rgyi Albert Konferencia<\/p>\n<p><span style=\"text-decoration: underline\">Tags\u00e1gok<\/span><br \/>\nMTA Kolloidk\u00e9miai Munkabizotts\u00e1g (2025-t\u0151l)<\/p>\n","protected":false},"excerpt":{"rendered":"<p>Szem\u00e9lyes adatok N\u00e9v: Nanys M\u00f3nika Beoszt\u00e1s: PhD hallgat\u00f3 E-mail: nanys.monika@phd.semmelweis.hu Sz\u00fclet\u00e9si id\u0151: 1998. 06. 13. Tanulm\u00e1nyok 2025-jelenleg: Semmelweis Egyetem,\u00a0Elm\u00e9leti \u00e9s Transzl\u00e1ci\u00f3s Orvostudom\u00e1nyok Doktori Iskola, Cellul\u00e1ris \u00e9s Molekul\u00e1ris Biofizika doktori program, Nanok\u00e9miai Kutat\u00f3csoport 2022-2025: Budapesti M\u0171szaki Egyetem, Eg\u00e9szs\u00e9g\u00fcgyi m\u00e9rn\u00f6k (MSc) Diplomamunka c\u00edme: Analysis and molecular modelling of fiber structures made from polysuccinimide\/inorganic salt mixtures 2017-2022:\u00a0 Budapesti &hellip;<\/p>\n","protected":false},"author":102447,"featured_media":0,"parent":0,"menu_order":0,"comment_status":"closed","ping_status":"closed","template":"","meta":{"_acf_changed":false,"footnotes":""},"categories":[],"tags":[],"class_list":["post-1378","page","type-page","status-publish","hentry"],"acf":[],"_links":{"self":[{"href":"https:\/\/semmelweis.hu\/nanokemia\/wp-json\/wp\/v2\/pages\/1378","targetHints":{"allow":["GET"]}}],"collection":[{"href":"https:\/\/semmelweis.hu\/nanokemia\/wp-json\/wp\/v2\/pages"}],"about":[{"href":"https:\/\/semmelweis.hu\/nanokemia\/wp-json\/wp\/v2\/types\/page"}],"author":[{"embeddable":true,"href":"https:\/\/semmelweis.hu\/nanokemia\/wp-json\/wp\/v2\/users\/102447"}],"replies":[{"embeddable":true,"href":"https:\/\/semmelweis.hu\/nanokemia\/wp-json\/wp\/v2\/comments?post=1378"}],"version-history":[{"count":2,"href":"https:\/\/semmelweis.hu\/nanokemia\/wp-json\/wp\/v2\/pages\/1378\/revisions"}],"predecessor-version":[{"id":1381,"href":"https:\/\/semmelweis.hu\/nanokemia\/wp-json\/wp\/v2\/pages\/1378\/revisions\/1381"}],"wp:attachment":[{"href":"https:\/\/semmelweis.hu\/nanokemia\/wp-json\/wp\/v2\/media?parent=1378"}],"wp:term":[{"taxonomy":"category","embeddable":true,"href":"https:\/\/semmelweis.hu\/nanokemia\/wp-json\/wp\/v2\/categories?post=1378"},{"taxonomy":"post_tag","embeddable":true,"href":"https:\/\/semmelweis.hu\/nanokemia\/wp-json\/wp\/v2\/tags?post=1378"}],"curies":[{"name":"wp","href":"https:\/\/api.w.org\/{rel}","templated":true}]}}