{"id":1076,"date":"2024-09-10T12:48:55","date_gmt":"2024-09-10T10:48:55","guid":{"rendered":"https:\/\/semmelweis.hu\/nanokemia\/?page_id=1076"},"modified":"2025-01-31T12:56:56","modified_gmt":"2025-01-31T11:56:56","slug":"dr-molnarne-dr-krisch-eniko","status":"publish","type":"page","link":"https:\/\/semmelweis.hu\/nanokemia\/munkatarsak\/dr-molnarne-dr-krisch-eniko\/","title":{"rendered":"Dr. Moln\u00e1rn\u00e9 Dr. Krisch Enik\u0151"},"content":{"rendered":"<p>&nbsp;<\/p>\n<table style=\"width: 99.9784%;border-style: hidden;height: 355px\">\n<tbody>\n<tr>\n<td style=\"width: 31.6069%\"><img loading=\"lazy\" decoding=\"async\" class=\"\" src=\"https:\/\/semmelweis.hu\/nanokemia\/files\/2024\/09\/enikp.jpg\" alt=\"\" width=\"171\" height=\"251\" \/><\/td>\n<td style=\"width: 68.3931%;border-style: hidden\">\n<p><strong>Szem\u00e9lyes adatok<\/strong><\/p>\n<ul>\n<li><strong>N\u00e9v:\u00a0 \u00a0 \u00a0 \u00a0 \u00a0 \u00a0 \u00a0 \u00a0 \u00a0 \u00a0 \u00a0 \u00a0 \u00a0 Dr. Moln\u00e1rn\u00e9 Dr. Krisch Enik\u0151<\/strong><\/li>\n<li><strong>Beoszt\u00e1s:\u00a0 \u00a0 \u00a0 \u00a0 \u00a0 \u00a0 \u00a0 \u00a0 \u00a0 Egyetemi adjunktus<\/strong><\/li>\n<li><strong>Telefonsz\u00e1m:<\/strong>\u00a0 \u00a0 \u00a0 \u00a0 \u00a0 \u00a0 +36 30 8589348<\/li>\n<li><strong>E-mail:<\/strong>\u00a0 \u00a0 \u00a0 \u00a0 \u00a0 \u00a0 \u00a0 \u00a0 \u00a0 \u00a0 \u00a0krisch.eniko (at) semmelweis (*) hu<\/li>\n<li><strong>Sz\u00fclet\u00e9si id\u0151:\u00a0\u00a0 <\/strong>\u00a0\u00a0\u00a0\u00a0\u00a0\u00a0\u00a0 1988.05.31<\/li>\n<\/ul>\n<\/td>\n<\/tr>\n<\/tbody>\n<\/table>\n<p><span style=\"color: #000000\"><strong><span style=\"text-decoration: underline\">V\u00e9gzetts\u00e9gek<\/span><\/strong><\/span><\/p>\n<ul>\n<li>K\u00e9mia PhD (2019) <em>Budapesti M\u0171szaki \u00e9s Gazdas\u00e1gtudom\u00e1nyi Egyetem<\/em><\/li>\n<li>Angol-magyar term\u00e9szettudom\u00e1nyi szakford\u00edt\u00f3 (2015) <em>Budapesti Corvinus Egyetem<\/em><\/li>\n<li>Gy\u00f3gyszervegy\u00e9szm\u00e9rn\u00f6k, MSc (2012) <em>Budapesti M\u0171szaki \u00e9s Gazdas\u00e1gtudom\u00e1nyi Egyetem<\/em><\/li>\n<li>Vegy\u00e9szm\u00e9rn\u00f6k, BSc (2010) <em>Budapesti M\u0171szaki \u00e9s Gazdas\u00e1gtudom\u00e1nyi Egyetem<\/em><\/li>\n<\/ul>\n<p><span style=\"text-decoration: underline\"><strong>Kutat\u00e1si ter\u00fclet<\/strong><\/span><\/p>\n<ul>\n<li>Poliaminosav hidrog\u00e9lek \u00e9s nanog\u00e9lek ell\u0151\u00e1ll\u00edt\u00e1sa<\/li>\n<li>Redox- \u00e9s pH \u00e9rz\u00e9keny rendszerek<\/li>\n<li>Hat\u00f3anyag-lead\u00e1s<\/li>\n<\/ul>\n<p>&nbsp;<\/p>\n<p><a href=\"https:\/\/m2.mtmt.hu\/api\/author\/10043062\"><b><u>MTMT<\/u><\/b><\/a><\/p>\n","protected":false},"excerpt":{"rendered":"<p>&nbsp; Szem\u00e9lyes adatok N\u00e9v:\u00a0 \u00a0 \u00a0 \u00a0 \u00a0 \u00a0 \u00a0 \u00a0 \u00a0 \u00a0 \u00a0 \u00a0 \u00a0 Dr. Moln\u00e1rn\u00e9 Dr. Krisch Enik\u0151 Beoszt\u00e1s:\u00a0 \u00a0 \u00a0 \u00a0 \u00a0 \u00a0 \u00a0 \u00a0 \u00a0 Egyetemi adjunktus Telefonsz\u00e1m:\u00a0 \u00a0 \u00a0 \u00a0 \u00a0 \u00a0 +36 30 8589348 E-mail:\u00a0 \u00a0 \u00a0 \u00a0 \u00a0 \u00a0 \u00a0 \u00a0 \u00a0 \u00a0 \u00a0krisch.eniko (at) semmelweis (*) &hellip;<\/p>\n","protected":false},"author":101235,"featured_media":0,"parent":7,"menu_order":7,"comment_status":"closed","ping_status":"closed","template":"","meta":{"_acf_changed":false,"footnotes":""},"categories":[],"tags":[],"class_list":["post-1076","page","type-page","status-publish","hentry"],"acf":[],"_links":{"self":[{"href":"https:\/\/semmelweis.hu\/nanokemia\/wp-json\/wp\/v2\/pages\/1076","targetHints":{"allow":["GET"]}}],"collection":[{"href":"https:\/\/semmelweis.hu\/nanokemia\/wp-json\/wp\/v2\/pages"}],"about":[{"href":"https:\/\/semmelweis.hu\/nanokemia\/wp-json\/wp\/v2\/types\/page"}],"author":[{"embeddable":true,"href":"https:\/\/semmelweis.hu\/nanokemia\/wp-json\/wp\/v2\/users\/101235"}],"replies":[{"embeddable":true,"href":"https:\/\/semmelweis.hu\/nanokemia\/wp-json\/wp\/v2\/comments?post=1076"}],"version-history":[{"count":6,"href":"https:\/\/semmelweis.hu\/nanokemia\/wp-json\/wp\/v2\/pages\/1076\/revisions"}],"predecessor-version":[{"id":1197,"href":"https:\/\/semmelweis.hu\/nanokemia\/wp-json\/wp\/v2\/pages\/1076\/revisions\/1197"}],"up":[{"embeddable":true,"href":"https:\/\/semmelweis.hu\/nanokemia\/wp-json\/wp\/v2\/pages\/7"}],"wp:attachment":[{"href":"https:\/\/semmelweis.hu\/nanokemia\/wp-json\/wp\/v2\/media?parent=1076"}],"wp:term":[{"taxonomy":"category","embeddable":true,"href":"https:\/\/semmelweis.hu\/nanokemia\/wp-json\/wp\/v2\/categories?post=1076"},{"taxonomy":"post_tag","embeddable":true,"href":"https:\/\/semmelweis.hu\/nanokemia\/wp-json\/wp\/v2\/tags?post=1076"}],"curies":[{"name":"wp","href":"https:\/\/api.w.org\/{rel}","templated":true}]}}