{"id":10,"date":"2012-01-17T13:03:10","date_gmt":"2012-01-17T12:03:10","guid":{"rendered":"http:\/\/semmelweis-egyetem.hu\/nanokemia\/?page_id=10"},"modified":"2019-03-01T14:23:46","modified_gmt":"2019-03-01T13:23:46","slug":"kutatas","status":"publish","type":"page","link":"https:\/\/semmelweis.hu\/nanokemia\/kutatas\/","title":{"rendered":"Kutat\u00e1si ter\u00fcletek"},"content":{"rendered":"<p style=\"text-align: justify;\"><a href=\"https:\/\/semmelweis.hu\/nanokemia\/files\/2012\/01\/eok_labor.jpg\"><img loading=\"lazy\" decoding=\"async\" class=\"alignright  wp-image-14\" src=\"https:\/\/semmelweis.hu\/nanokemia\/files\/2012\/01\/eok_labor.jpg\" alt=\"\" width=\"400\" height=\"600\" srcset=\"https:\/\/semmelweis.hu\/nanokemia\/files\/2012\/01\/eok_labor.jpg 533w, https:\/\/semmelweis.hu\/nanokemia\/files\/2012\/01\/eok_labor-199x300.jpg 199w\" sizes=\"auto, (max-width: 400px) 100vw, 400px\" \/><\/a>A <strong>Nanok\u00e9miai Kutat\u00f3csoport<\/strong> kutat\u00e1si tev\u00e9kenys\u00e9g\u00e9t a <em>Biokolloid<\/em>&#8211; \u00e9s a <em>L\u00e1gy anyagok<\/em> laborat\u00f3riumban v\u00e9gzi.<\/p>\n<p style=\"text-align: justify;\"><span style=\"font-size: 14pt;\"><strong>Biokolloid Laborat\u00f3rium<\/strong><\/span><br \/>\nA laborat\u00f3riumban foly\u00f3 munka alapvet\u0151 c\u00e9lja biokompatibilis kolloid r\u00e9szecsk\u00e9k el\u0151\u00e1ll\u00edt\u00e1sa, funkcionaliz\u00e1l\u00e1sa, kolloidk\u00e9miai- \u00e9s kolloid fizikai jellemz\u00e9se. Az el\u0151\u00e1ll\u00edtott rendszerek orvosbiol\u00f3giai hasznos\u00edt\u00e1s\u00e1nak vizsg\u00e1lata.A laborat\u00f3rium f\u0151 kutat\u00e1si ter\u00fclete a m\u00e1gneses folyad\u00e9kokra korl\u00e1toz\u00f3dik. M\u00e1gneses folyad\u00e9knak nevezz\u00fck azokat a folyad\u00e9kokat, melyekben szuperparam\u00e1gneses r\u00e9szecsk\u00e9k vannak diszperg\u00e1lva. Ezek a folyad\u00e9kok k\u00fcls\u0151 m\u00e1gneses t\u00e9rrel manipul\u00e1lhat\u00f3k, inhomog\u00e9n t\u00e9rben a r\u00e9szecsk\u00e9k egy\u00fctt mozognak a k\u00f6zeggel, szepar\u00e1l\u00f3d\u00e1s pl. szediment\u00e1ci\u00f3 gravit\u00e1ci\u00f3s t\u00e9rben nem t\u00f6rt\u00e9nik. A m\u00e1gneses r\u00e9szecsk\u00e9k, gyakran vas-oxidok, m\u00e9rete kicsi, n\u00e9h\u00e1ny t\u00edz nanom\u00e9tert\u0151l (1 nm = 10-9 m) n\u00e9h\u00e1ny mikrom\u00e9terig (1 \u00b5m = 10-6 m) terjed. A leggyakrabban alkalmazott vas-oxid a magnetit illetve a maghemit, mely a term\u00e9szetben is el\u0151fordul makroszk\u00f3pos \u00e1sv\u00e1nyi form\u00e1ban. A vizes k\u00f6zeg\u0171 m\u00e1gneses folyad\u00e9kokat els\u0151sorban az orvostudom\u00e1nyok ter\u00fclet\u00e9n tervezik haszn\u00e1lni. A diszperg\u00e1lt nanor\u00e9szecsk\u00e9knek ehhez szigor\u00fa felt\u00e9teleknek kell megfelelnie, egyik legfontosabb ilyen szempont a toxicit\u00e1s, azaz, hogy nem lehetnek m\u00e9rgez\u0151ek. Az alkalmaz\u00e1suk el\u0151felt\u00e9tele az egyedi r\u00e9szecsk\u00e9k \u00f6sszetapad\u00e1s\u00e1nak megel\u0151z\u00e9se a m\u00e1gneses folyad\u00e9k k\u00e9miai \u00e9s kolloid stabilit\u00e1s\u00e1nak meg\u0151rz\u00e9se illetve fokoz\u00e1sa.<br \/>\nA m\u00e1gneses folyad\u00e9kokban diszperg\u00e1lt r\u00e9szecsk\u00e9k k\u00fcls\u0151 m\u00e1gneses t\u00e9rrel val\u00f3 k\u00f6lcs\u00f6nhat\u00e1sa sz\u00e1mos orvos-biol\u00f3giai alkalmaz\u00e1st tesz lehet\u0151v\u00e9: hat\u00f3anyag sz\u00e1ll\u00edt\u00e1s, hipertermi\u00e1s kezel\u00e9s, MRI (magnetic resonance imaging &#8211; m\u00e1gneses magrezonancia k\u00e9palkot\u00e1s) kontraszthat\u00e1s, vagy m\u00e1gneses sejt szepar\u00e1ci\u00f3.<\/p>\n<p style=\"text-align: justify;\"><span style=\"font-size: 14pt;\"><strong>Feladatunk:<\/strong><\/span><\/p>\n<ul style=\"list-style-type: disc;\">\n<li style=\"text-align: justify;\">Nanor\u00e9szecsk\u00e9k el\u0151\u00e1ll\u00edt\u00e1si k\u00f6r\u00fclm\u00e9nyeinek optimaliz\u00e1l\u00e1sa a k\u00edv\u00e1nt felhaszn\u00e1l\u00e1si ter\u00fcletnek megfelel\u0151en.<\/li>\n<li style=\"text-align: justify;\">Nanor\u00e9szecsk\u00e9k fel\u00fclet\u00e9nek m\u00f3dos\u00edt\u00e1sa k\u00fcl\u00f6nb\u00f6z\u0151 stabiliz\u00e1l\u00f3 molekul\u00e1k seg\u00edts\u00e9g\u00e9vel, melyek lehet\u0151v\u00e9 teszik a fiziol\u00f3gi\u00e1s k\u00f6r\u00fclm\u00e9nyek k\u00f6z\u00f6tt (megfelel\u0151 pH \u00e9s s\u00f3koncentr\u00e1ci\u00f3) is, hogy a r\u00e9szecsk\u00e9k ne tapadhassanak \u00f6ssze (aggreg\u00e1ci\u00f3 mentes szolok).<\/li>\n<li style=\"text-align: justify;\">A nanor\u00e9szecsk\u00e9k m\u00e9ret\u00e9nek \u00e9s fel\u00fcleti t\u00f6lt\u00e9s\u00e1llapot\u00e1nak vizsg\u00e1lata.<\/li>\n<li style=\"text-align: justify;\">A r\u00e9szecske szolok id\u0151beli stabilit\u00e1s\u00e1nak vizsg\u00e1lata.<\/li>\n<li style=\"text-align: justify;\">A r\u00e9szecsk\u00e9k biokompatibilit\u00e1s\u00e1nak vizsg\u00e1lata.<\/li>\n<li style=\"text-align: justify;\">A r\u00e9szecsk\u00e9k funkcionaliz\u00e1l\u00e1sa, modell vegy\u00fcletek alkalmaz\u00e1sa hat\u00f3anyag megk\u00f6t\u0151d\u00e9s\/lead\u00e1s vizsg\u00e1latokra.<\/li>\n<li style=\"text-align: justify;\">Radioizot\u00f3p molekul\u00e1k megk\u00f6t\u0151d\u00e9s\u00e9nek vizsg\u00e1lata a r\u00e9szecsk\u00e9k fel\u00fclet\u00e9n.<\/li>\n<li style=\"text-align: justify;\">M\u00e1gneses nanor\u00e9szecsk\u00e9k m\u00e1gneses tulajdons\u00e1gainak jellemz\u00e9se, illetve kontrasztk\u00e9pz\u0151 hat\u00e1s\u00e1nak vizsg\u00e1lata MRI k\u00e9sz\u00fcl\u00e9kben \u00e9s hipertermi\u00e1s vizsg\u00e1latok v\u00e1ltakoz\u00f3 m\u00e1gneses t\u00e9r jelenl\u00e9t\u00e9ben.<\/li>\n<\/ul>\n<p style=\"text-align: justify;\"><span style=\"font-size: 14pt;\"><strong>L\u00e1gy Anyagok Laborat\u00f3rium<\/strong><\/span><br \/>\nL\u00e1gy anyagoknak azokat az anyagokat nevezz\u00fck, amelyek alaktart\u00e1st biztos\u00edt\u00f3 k\u00f6rnyezetb\u0151l elt\u00e1vol\u00edtva saj\u00e1t s\u00falyuk alatt deform\u00e1l\u00f3dnak. L\u00e1gy anyagok k\u00f6z\u00e9 soroljuk a folyad\u00e9kokat \u00e9s az igen k\u00f6nnyen deform\u00e1lhat\u00f3 (kis rugalmass\u00e1gi modulusz\u00fa) elasztikus anyagokat. Ez ut\u00f3bbiak &#8211; ellent\u00e9tben a folyad\u00e9kokkal &#8211; a gravit\u00e1ci\u00f3s hat\u00e1s megsz\u00fcntet\u00e9se ut\u00e1n vissza nyerik eredeti alakjukat. Ilyen tulajdons\u00e1ggal rendelkeznek a nagy folyad\u00e9k tartalm\u00fa, polimer g\u00e9lek.<br \/>\nA polimerg\u00e9lek k\u00fcl\u00f6nleges tulajdons\u00e1ga, hogy k\u00f6rnyezet\u00fckkel termodinamikai egyens\u00falyban lehetnek. Ennek k\u00f6vetkezt\u00e9ben, ha v\u00e1ltozik valamely k\u00f6rnyezeti param\u00e9ter (pl. h\u0151m\u00e9rs\u00e9klet, pH, \u00f6sszet\u00e9tel,\u2026.), akkor v\u00e1ltozik a g\u00e9l egyens\u00falyi \u00f6sszet\u00e9tele (duzzad\u00e1sfoka) \u00e9s vele egy\u00fctt sz\u00e1mos tulajdons\u00e1ga (pl. mechanikai, transzport, oldhat\u00f3s\u00e1g,\u2026). A g\u00e9l v\u00e1z\u00e1t alkot\u00f3 polimer k\u00e9miai szerkezet\u00e9t\u00e9nek (a monomer egys\u00e9gek hidrofil\/hidrof\u00f3b ar\u00e1ny\u00e1nak) megfelel\u0151 megv\u00e1laszt\u00e1s\u00e1val el\u0151id\u00e9zhet\u0151 a duzzad\u00e1sfok els\u0151rend\u0171 f\u00e1zis\u00e1talakul\u00e1sokhoz hasonl\u00f3, hirtelen t\u00f6rt\u00e9n\u0151 nagym\u00e9rv\u0171 (ak\u00e1r t\u00f6bb sz\u00e1zszoros) megv\u00e1ltoz\u00e1sa, a g\u00e9lkollapszus. Sz\u00e1mos szintetikus t\u00e9rh\u00e1l\u00f3s polimer g\u00e9lje rendelkezik ezzel a tulajdons\u00e1ggal. A t\u00e9rh\u00e1l\u00f3 k\u00e9miai szerkezet\u00e9vel szab\u00e1lyozhat\u00f3 a kollapszus bek\u00f6vetkez\u00e9s\u00e9nek h\u0151m\u00e9rs\u00e9klete \u00e9s ir\u00e1nya (nagym\u00e9rv\u0171 duzzad\u00e1sfok-cs\u00f6kken\u00e9s vagy -n\u00f6veked\u00e9s). A g\u00e9lkollapszus nemcsak a h\u0151m\u00e9rs\u00e9klet megv\u00e1ltoztat\u00e1s\u00e1val, hanem a pH-val, \u00e9s a k\u00e9miai k\u00f6rnyezet megv\u00e1ltoztat\u00e1s\u00e1val is el\u0151id\u00e9zhet\u0151. A g\u00e9lkollapszus jelens\u00e9ge lehet\u0151s\u00e9get teremt a g\u00e9lbe z\u00e1rt molekul\u00e1k (hat\u00f3anyag) oldhat\u00f3s\u00e1gi \u00e9s transzport tulajdons\u00e1gainak k\u00f6rnyezeti hat\u00e1sokkal t\u00f6rt\u00e9n\u0151 befoly\u00e1sol\u00e1s\u00e1ra. M\u00e1ra a szab\u00e1lyozott hat\u00f3anyag-lead\u00e1sra alkalmas g\u00e9leknek sz\u00e1mos fajt\u00e1j\u00e1t ismerj\u00fck (p\u00e9ld\u00e1ul az egyik legelterjedtebben kutatott k\u00f6z\u00fcl\u00fck a poli-(N-izopropilakrilamid) (pNIPA) hidrog\u00e9l). Az orvos-biol\u00f3giai, gy\u00f3gyszer\u00e9szeti \u00e9s kozmetikai alkalmaz\u00e1soknak azonban hat\u00e1rt szab, ha a g\u00e9lt a szervezet nem k\u00e9pes lebontani vagy maga a polimer \u00e1rtalmas, esetleg \u00e1rtalmas anyagokra bomlik.<br \/>\nA szab\u00e1lyozott hat\u00f3anyaglead\u00e1snak egy m\u00e1sik m\u00f3dja olyan t\u00e9rh\u00e1l\u00f3s polimer hordoz\u00f3k el\u0151\u00e1ll\u00edt\u00e1sa, amelyeknek teljes leboml\u00e1sa, \u00e9s \u00edgy a benn\u00fck l\u00e9v\u0151 hat\u00f3anyag kiold\u00f3d\u00e1sa, k\u00fcls\u0151 hat\u00e1sokkal (termikus, elektromos\u2026) szab\u00e1lyozhat\u00f3 legyen, ugyanakkor a polimer boml\u00e1sterm\u00e9kei ne okozzanak k\u00e1rosod\u00e1st. Az ilyen ir\u00e1ny\u00fa kutat\u00e1sok m\u00e9g gyerekcip\u0151ben j\u00e1rnak.<\/p>\n<p style=\"text-align: justify;\"><span style=\"font-size: 14pt;\"><strong>Feladatunk:<\/strong><\/span><\/p>\n<ul style=\"list-style-type: disc;\">\n<li style=\"text-align: justify;\">olyan polimerek el\u0151\u00e1ll\u00edt\u00e1s\u00e1t \u00e9s tulajdons\u00e1gainak (mechanikai, transzport, k\u00e9miai stabilit\u00e1s,\u2026) vizsg\u00e1lat\u00e1t, amelyek g\u00e9lkollapszusuk miatt \u00f6nmagukban, vagy m\u00e1s anyagokkal t\u00e1rs\u00edtva, vagy \u00e9ppen mikroszerkezetbe \u00e9p\u00edtve k\u00e9pesek olyan k\u00fcls\u0151 hat\u00e1ssal szab\u00e1lyozhat\u00f3 nyit\u00f3-z\u00e1r\u00f3 mechanizmus megval\u00f3s\u00edt\u00e1s\u00e1ra, amely lehet\u0151s\u00e9get teremt hat\u00f3anyagoknak az eddigiekn\u00e9l biztons\u00e1gosabb \u00e9s gazdas\u00e1gosabb c\u00e9lba juttat\u00e1s\u00e1ra.<\/li>\n<li style=\"text-align: justify;\">olyan poli-aminosav alap\u00fa, biokompatibilis \u00e9s a g\u00e9lkollapszust mutat\u00f3 g\u00e9lek el\u0151\u00e1ll\u00edt\u00e1s\u00e1t, amelyeknek k\u00e9miai leboml\u00e1sa (hidrol\u00edzise) az alapl\u00e1nc kopolimer \u00f6sszet\u00e9tel\u00e9vel programozhat\u00f3,<\/li>\n<li style=\"text-align: justify;\">olyan poli-aminosav alap\u00fa, biokompatibilis g\u00e9lek el\u0151\u00e1ll\u00edt\u00e1s\u00e1t, amelyekben a polimerl\u00e1ncokat olyan dipeptid k\u00f6t\u00e9sekkel t\u00e9rh\u00e1l\u00f3s\u00edtjuk, amelyek enzimatikusan elbonthat\u00f3ak,<\/li>\n<li style=\"text-align: justify;\">olyan poli-aminosav alap\u00fa, biokompatibilis g\u00e9lek el\u0151\u00e1ll\u00edt\u00e1s\u00e1t, amelyeknek aminosav alap\u00fa t\u00e9rh\u00e1l\u00f3s\u00edt\u00f3ja redox\u00e9rz\u00e9kenys\u00e9get mutat. A k\u00f6rnyezet redoxpotenci\u00e1lj\u00e1nak hat\u00e1s\u00e1ra a keresztk\u00f6t\u00e9sek felbomlanak, vagy \u00fajra kialakulnak megteremtve ezzel a duzzad\u00e1sfok v\u00e1ltoz\u00e1ssal kapcsolatos hat\u00f3anyaglead\u00e1s biol\u00f3giai (k\u00f3ros elv\u00e1ltoz\u00e1sok eset\u00e9n a beteg sejtek redoxpotenci\u00e1lja elt\u00e9r az eg\u00e9szs\u00e9gesek\u00e9t\u0151l) \u00e9s elektrok\u00e9mia szab\u00e1lyoz\u00e1s\u00e1nak lehet\u0151s\u00e9g\u00e9t.<\/li>\n<\/ul>\n<p style=\"text-align: justify;\">Ezekb\u0151l a polimer rendszerekb\u0151l a k\u00e9s\u0151bbi felhaszn\u00e1l\u00e1si ig\u00e9nyeknek megfelel\u0151en 50 nm-t\u0151l a mikron m\u00e9rettartom\u00e1nyba es\u0151 g\u00e9lg\u00f6mb\u00f6ket (latexek) \u00e9s makroszkopikus m\u00e9ret\u0171 filmeket (membr\u00e1nokat) alak\u00edtunk ki.<br \/>\nA kifejlesztend\u0151 polimereket megfelel\u0151 hat\u00f3anyaggal kombin\u00e1lva gy\u00f3gyszerek, b\u0151rgy\u00f3gy\u00e1szati hat\u00f3anyagok, kozmetikumok szab\u00e1lyozott lead\u00e1s\u00e1ra, ill. k\u00f6rnyezetre k\u00e1ros anyagok szab\u00e1lyozott megk\u00f6t\u00e9s\u00e9re\/lead\u00e1s\u00e1ra k\u00edv\u00e1njuk alkalmass\u00e1 tenni. Ehhez elengedhetetlen a fent eml\u00edtett g\u00e9lek szerkezet\u00e9nek \u00e9s transzportfolyamatainak kutat\u00e1sa.<\/p>\n","protected":false},"excerpt":{"rendered":"<p><a href=\"https:\/\/semmelweis.hu\/nanokemia\/files\/2012\/01\/eok_labor.jpg\"><\/a> A Nanok\u00e9miai Kutat\u00f3csoport kutat\u00e1si tev\u00e9kenys\u00e9g\u00e9t a Biokolloid&#8211; \u00e9s a L\u00e1gy anyagok laborat\u00f3riumban v\u00e9gzi. Biokolloid Laborat\u00f3rium A laborat\u00f3riumban foly\u00f3 munka alapvet\u0151 c\u00e9lja biokompatibilis kolloid r\u00e9szecsk\u00e9k el\u0151\u00e1ll\u00edt\u00e1sa, funkcionaliz\u00e1l\u00e1sa, kolloidk\u00e9miai- \u00e9s kolloid fizikai jellemz\u00e9se. Az el\u0151\u00e1ll\u00edtott rendszerek orvosbiol\u00f3giai hasznos\u00edt\u00e1s\u00e1nak vizsg\u00e1lata.A laborat\u00f3rium f\u0151 kutat\u00e1si ter\u00fclete a m\u00e1gneses folyad\u00e9kokra korl\u00e1toz\u00f3dik. M\u00e1gneses folyad\u00e9knak nevezz\u00fck azokat a folyad\u00e9kokat, melyekben szuperparam\u00e1gneses r\u00e9szecsk\u00e9k vannak &hellip;<\/p>\n","protected":false},"author":101235,"featured_media":0,"parent":0,"menu_order":3,"comment_status":"open","ping_status":"closed","template":"template-fullwidth.php","meta":{"_acf_changed":false,"footnotes":""},"categories":[],"tags":[],"class_list":["post-10","page","type-page","status-publish","hentry"],"acf":[],"_links":{"self":[{"href":"https:\/\/semmelweis.hu\/nanokemia\/wp-json\/wp\/v2\/pages\/10","targetHints":{"allow":["GET"]}}],"collection":[{"href":"https:\/\/semmelweis.hu\/nanokemia\/wp-json\/wp\/v2\/pages"}],"about":[{"href":"https:\/\/semmelweis.hu\/nanokemia\/wp-json\/wp\/v2\/types\/page"}],"author":[{"embeddable":true,"href":"https:\/\/semmelweis.hu\/nanokemia\/wp-json\/wp\/v2\/users\/101235"}],"replies":[{"embeddable":true,"href":"https:\/\/semmelweis.hu\/nanokemia\/wp-json\/wp\/v2\/comments?post=10"}],"version-history":[{"count":8,"href":"https:\/\/semmelweis.hu\/nanokemia\/wp-json\/wp\/v2\/pages\/10\/revisions"}],"predecessor-version":[{"id":569,"href":"https:\/\/semmelweis.hu\/nanokemia\/wp-json\/wp\/v2\/pages\/10\/revisions\/569"}],"wp:attachment":[{"href":"https:\/\/semmelweis.hu\/nanokemia\/wp-json\/wp\/v2\/media?parent=10"}],"wp:term":[{"taxonomy":"category","embeddable":true,"href":"https:\/\/semmelweis.hu\/nanokemia\/wp-json\/wp\/v2\/categories?post=10"},{"taxonomy":"post_tag","embeddable":true,"href":"https:\/\/semmelweis.hu\/nanokemia\/wp-json\/wp\/v2\/tags?post=10"}],"curies":[{"name":"wp","href":"https:\/\/api.w.org\/{rel}","templated":true}]}}