{"id":22,"date":"2016-07-28T11:36:10","date_gmt":"2016-07-28T09:36:10","guid":{"rendered":"http:\/\/semmelweis.hu\/mvb\/?page_id=22"},"modified":"2022-03-31T11:17:46","modified_gmt":"2022-03-31T09:17:46","slug":"mvb-tagok","status":"publish","type":"page","link":"https:\/\/semmelweis.hu\/mvb\/","title":{"rendered":"Bemutatkoz\u00e1s"},"content":{"rendered":"<p>A Munkav\u00e9delmi Bizotts\u00e1g az egyetem munkav\u00e1llal\u00f3inak munkav\u00e9delmi \u00e9rdek-k\u00e9pviselete.<\/p>\n<p>Els\u0151 alkalommal 2016-ban alakult meg a Semmelweis Egyetemen. A bizotts\u00e1g feladata a munkav\u00e1llal\u00f3k eg\u00e9szs\u00e9ges \u00e9s biztons\u00e1gos munkav\u00e9gz\u00e9shez val\u00f3 jog\u00e1nak \u00e9rv\u00e9nyes\u00edt\u00e9se. Ennek \u00e9rdek\u00e9ben, a munkav\u00e1llal\u00f3k jelz\u00e9sei alapj\u00e1n, a bizotts\u00e1g tagjai meggy\u0151z\u0151dnek a felmer\u00fcl\u0151 probl\u00e9m\u00e1kr\u00f3l. Felh\u00edvj\u00e1k a munk\u00e1ltat\u00f3 figyelm\u00e9t a vesz\u00e9lyforr\u00e1sokra \u00e9s konzult\u00e1ci\u00f3t folytatnak az egyetem vezet\u00e9s\u00e9vel a Parit\u00e1sos Munkav\u00e9delmi Test\u00fcletben.<\/p>\n<p><a href=\"https:\/\/semmelweis.hu\/mvb\/2022\/03\/31\/megalakult-az-uj-munkavedelmi-bizottsag\/\">A 2021. december\u00e9ben megtartott v\u00e1laszt\u00e1son 15 f\u0151 munkav\u00e9delmi k\u00e9pvisel\u0151 ker\u00fclt megv\u00e1laszt\u00e1sra.<\/a><\/p>\n<p>&nbsp;<\/p>\n<p>&nbsp;<\/p>\n","protected":false},"excerpt":{"rendered":"<p>A Munkav\u00e9delmi Bizotts\u00e1g az egyetem munkav\u00e1llal\u00f3inak munkav\u00e9delmi \u00e9rdek-k\u00e9pviselete. Els\u0151 alkalommal 2016-ban alakult meg a Semmelweis Egyetemen. A bizotts\u00e1g feladata a munkav\u00e1llal\u00f3k eg\u00e9szs\u00e9ges \u00e9s biztons\u00e1gos munkav\u00e9gz\u00e9shez val\u00f3 jog\u00e1nak \u00e9rv\u00e9nyes\u00edt\u00e9se. Ennek \u00e9rdek\u00e9ben, a munkav\u00e1llal\u00f3k jelz\u00e9sei alapj\u00e1n, a bizotts\u00e1g tagjai meggy\u0151z\u0151dnek a felmer\u00fcl\u0151 probl\u00e9m\u00e1kr\u00f3l. Felh\u00edvj\u00e1k a munk\u00e1ltat\u00f3 figyelm\u00e9t a vesz\u00e9lyforr\u00e1sokra \u00e9s konzult\u00e1ci\u00f3t folytatnak az egyetem vezet\u00e9s\u00e9vel a Parit\u00e1sos &hellip;<\/p>\n","protected":false},"author":8,"featured_media":0,"parent":0,"menu_order":0,"comment_status":"closed","ping_status":"closed","template":"","meta":{"_acf_changed":false,"footnotes":""},"categories":[],"tags":[],"class_list":["post-22","page","type-page","status-publish","hentry"],"acf":[],"_links":{"self":[{"href":"https:\/\/semmelweis.hu\/mvb\/wp-json\/wp\/v2\/pages\/22","targetHints":{"allow":["GET"]}}],"collection":[{"href":"https:\/\/semmelweis.hu\/mvb\/wp-json\/wp\/v2\/pages"}],"about":[{"href":"https:\/\/semmelweis.hu\/mvb\/wp-json\/wp\/v2\/types\/page"}],"author":[{"embeddable":true,"href":"https:\/\/semmelweis.hu\/mvb\/wp-json\/wp\/v2\/users\/8"}],"replies":[{"embeddable":true,"href":"https:\/\/semmelweis.hu\/mvb\/wp-json\/wp\/v2\/comments?post=22"}],"version-history":[{"count":8,"href":"https:\/\/semmelweis.hu\/mvb\/wp-json\/wp\/v2\/pages\/22\/revisions"}],"predecessor-version":[{"id":104,"href":"https:\/\/semmelweis.hu\/mvb\/wp-json\/wp\/v2\/pages\/22\/revisions\/104"}],"wp:attachment":[{"href":"https:\/\/semmelweis.hu\/mvb\/wp-json\/wp\/v2\/media?parent=22"}],"wp:term":[{"taxonomy":"category","embeddable":true,"href":"https:\/\/semmelweis.hu\/mvb\/wp-json\/wp\/v2\/categories?post=22"},{"taxonomy":"post_tag","embeddable":true,"href":"https:\/\/semmelweis.hu\/mvb\/wp-json\/wp\/v2\/tags?post=22"}],"curies":[{"name":"wp","href":"https:\/\/api.w.org\/{rel}","templated":true}]}}