{"id":89,"date":"2020-10-20T20:00:59","date_gmt":"2020-10-20T18:00:59","guid":{"rendered":"http:\/\/semmelweis.hu\/mutettan\/?page_id=89"},"modified":"2025-12-15T13:06:28","modified_gmt":"2025-12-15T12:06:28","slug":"trening-kozpont","status":"publish","type":"page","link":"https:\/\/semmelweis.hu\/mutettan\/trening-kozpont\/","title":{"rendered":"Tr\u00e9ning K\u00f6zpont"},"content":{"rendered":"<p><img loading=\"lazy\" decoding=\"async\" class=\"wp-image-7540 alignright\" src=\"https:\/\/semmelweis.hu\/mutettan\/files\/2021\/05\/K\u00e9p1.jpg\" alt=\"\" width=\"211\" height=\"307\" srcset=\"https:\/\/semmelweis.hu\/mutettan\/files\/2021\/05\/K\u00e9p1.jpg 585w, https:\/\/semmelweis.hu\/mutettan\/files\/2021\/05\/K\u00e9p1-275x400.jpg 275w\" sizes=\"auto, (max-width: 211px) 100vw, 211px\" \/><\/p>\n<h5 style=\"text-align: center;\"><span style=\"font-size: 18pt;\">\u201cGeorge Berci\u201d Seb\u00e9szeti Oktat\u00f3 \u00e9s Kutat\u00f3 Laborat\u00f3rium<\/span><\/h5>\n<p>A manu\u00e1lis szakm\u00e1k gyakorlati oktat\u00e1s\u00e1ban \u00e9s kutat\u00e1sban fontos szerepet t\u00f6lt be a Semmelweis Egyetem VSZEK KT \u201eGeorge Berci\u201d Seb\u00e9szeti Oktat\u00f3 \u00e9s Kutat\u00f3 Laborat\u00f3riuma. A K\u00eds\u00e9rletes Kardiol\u00f3giai \u00e9s Seb\u00e9szeti M\u0171t\u00e9ttani Tansz\u00e9k munkat\u00e1rsai intenz\u00edven r\u00e9szt vesznek az itt foly\u00f3, nagy\u00e1llatokon (sert\u00e9s, birka) v\u00e9gzett oktat\u00e1si, kutat\u00e1si \u00e9s innov\u00e1ci\u00f3s munk\u00e1ban.<\/p>\n<p><img loading=\"lazy\" decoding=\"async\" class=\"wp-image-7542 alignleft\" src=\"https:\/\/semmelweis.hu\/mutettan\/files\/2021\/05\/12.jpg\" alt=\"\" width=\"202\" height=\"303\" srcset=\"https:\/\/semmelweis.hu\/mutettan\/files\/2021\/05\/12.jpg 442w, https:\/\/semmelweis.hu\/mutettan\/files\/2021\/05\/12-267x400.jpg 267w\" sizes=\"auto, (max-width: 202px) 100vw, 202px\" \/><\/p>\n<p>A Nemzeti Agr\u00e1rkutat\u00e1si \u00e9s Innov\u00e1ci\u00f3s K\u00f6zpont (NAIK) herceghalmi \u00c1llatteny\u00e9szt\u00e9si, Takarm\u00e1nyoz\u00e1si \u00e9s H\u00fasipari Kutat\u00f3int\u00e9zet (ATHK) ter\u00fclet\u00e9n, Herceghalmon l\u00e9trehozott laborat\u00f3riumban nagy\u00e1llat m\u0171t\u00e9tek v\u00e9gezhet\u0151k, amelyekhez 4 m\u0171t\u0151asztalon nyitott m\u0171t\u00e9tekhez sz\u00fcks\u00e9ges \u00e9s a legmodernebb laparoszk\u00f3pos eszk\u00f6z\u00f6k \u00e1llnak rendelkez\u00e9sre.<\/p>\n<p style=\"text-align: left;\">A l\u00e9tes\u00edtm\u00e9ny az \u00e1llatorvostan hallgat\u00f3k sz\u00e1m\u00e1ra is gyakorlati lehet\u0151s\u00e9get biztos\u00edt, emellett alkalmas tudom\u00e1nyos kutat\u00e1sra is; lehet\u0151s\u00e9get ad a seb\u00e9szeti beavatkoz\u00e1sokhoz sz\u00fcks\u00e9ges eszk\u00f6z\u00f6k kifejleszt\u00e9s\u00e9re \u00e9s ezek preklinikai vizsg\u00e1lat\u00e1ra. A laborat\u00f3rium, valamint az ennek helyet biztos\u00edt\u00f3 herceghalmi \u00c1THK k\u00f6z\u00f6tt szoros egy\u00fcttm\u0171k\u00f6d\u00e9sben \u00e1ll egym\u00e1ssal, ig\u00e9nyes h\u00e1tteret biztos\u00edtva a seb\u00e9szeti jelleg\u0171 oktat\u00e1s, k\u00eds\u00e9rleti kutat\u00e1sok elv\u00e9gz\u00e9s\u00e9hez, amelyek r\u00e9v\u00e9n egy eur\u00f3pai szint\u0171 innovat\u00edv oktat\u00f3-kutat\u00f3 k\u00f6zpont j\u00f6het l\u00e9tre.<\/p>\n<p><a href=\"https:\/\/semmelweis.hu\/hirek\/2024\/11\/20\/az-oktatasi-es-a-kutatasi-kapacitast-is-jelentosen-noveli-az-egyetem-herceghalmi-fejlesztese\/\">A herceghalmi laborat\u00f3rium RRF p\u00e1ly\u00e1zat keret\u00e9ben \u00fajul meg.<\/a><\/p>\n<div class=\"keretes w-100\">\n<h3 style=\"text-align: center;\">A labor n\u00e9vad\u00f3ja: dr. George Berci seb\u00e9szprofesszor<\/h3>\n<p style=\"text-align: left;\">A labor n\u00e9vad\u00f3ja, a magyar sz\u00e1rmaz\u00e1s\u00fa Dr. George Berci (Dr. B\u00e9rci Gy\u00f6rgy), aki sz\u00e1mos orvosi m\u0171szer megalkot\u00f3ja, az endoszk\u00f3pos minikamera l\u00e9trehoz\u00f3ja \u00e9s els\u0151 alkalmaz\u00f3ja. Kiemelt jelent\u0151s\u00e9g\u0171 innovat\u00edv tev\u00e9kenys\u00e9ge az olyan modern m\u0171t\u00e9ti elj\u00e1r\u00e1sok ter\u00e9n mint a minim\u00e1lisan invaz\u00edv seb\u00e9szet, a laparoszk\u00f3pos technika. \u00c9letm\u0171ve be\u00e9p\u00fclt az orvosk\u00e9pz\u00e9s kurrikulum\u00e1ba. Dr. George Berci a Semmelweis Egyetem d\u00edszdoktora.<\/p>\n<h5 style=\"text-align: left;\">Az egyetemi h\u00edrport\u00e1lon r\u00f3la olvashat\u00f3 cikkek:<\/h5>\n<ul>\n<li style=\"text-align: left;\"><a href=\"https:\/\/semmelweis.hu\/hirek\/2021\/04\/06\/szazeves-dr-george-berci-sebeszprofesszor-az-egyetem-diszdoktora\/\" target=\"_blank\" rel=\"noopener\">Sz\u00e1z\u00e9ves dr. George Berci seb\u00e9szprofesszor, az egyetem d\u00edszdoktora (2021)<\/a><\/li>\n<li><a href=\"https:\/\/semmelweis.hu\/hirek\/2024\/09\/06\/elhunyt-dr-berci-gyorgy-professzor\/\" target=\"_blank\" rel=\"noopener\">Elhunyt dr. George Berci, az egyetem d\u00edszdoktora (2024)<\/a><\/li>\n<\/ul>\n<\/div>\n","protected":false},"excerpt":{"rendered":"<p>\u201cGeorge Berci\u201d Seb\u00e9szeti Oktat\u00f3 \u00e9s Kutat\u00f3 Laborat\u00f3rium A manu\u00e1lis szakm\u00e1k gyakorlati oktat\u00e1s\u00e1ban \u00e9s kutat\u00e1sban fontos szerepet t\u00f6lt be a Semmelweis Egyetem VSZEK KT \u201eGeorge Berci\u201d Seb\u00e9szeti Oktat\u00f3 \u00e9s Kutat\u00f3 Laborat\u00f3riuma. A K\u00eds\u00e9rletes Kardiol\u00f3giai \u00e9s Seb\u00e9szeti M\u0171t\u00e9ttani Tansz\u00e9k munkat\u00e1rsai intenz\u00edven r\u00e9szt vesznek az itt foly\u00f3, nagy\u00e1llatokon (sert\u00e9s, birka) v\u00e9gzett oktat\u00e1si, kutat\u00e1si \u00e9s innov\u00e1ci\u00f3s munk\u00e1ban. A Nemzeti &hellip;<\/p>\n","protected":false},"author":101700,"featured_media":0,"parent":0,"menu_order":5,"comment_status":"closed","ping_status":"closed","template":"template-fullwidth.php","meta":{"_acf_changed":false,"footnotes":""},"categories":[],"tags":[],"class_list":["post-89","page","type-page","status-publish","hentry"],"acf":[],"_links":{"self":[{"href":"https:\/\/semmelweis.hu\/mutettan\/wp-json\/wp\/v2\/pages\/89","targetHints":{"allow":["GET"]}}],"collection":[{"href":"https:\/\/semmelweis.hu\/mutettan\/wp-json\/wp\/v2\/pages"}],"about":[{"href":"https:\/\/semmelweis.hu\/mutettan\/wp-json\/wp\/v2\/types\/page"}],"author":[{"embeddable":true,"href":"https:\/\/semmelweis.hu\/mutettan\/wp-json\/wp\/v2\/users\/101700"}],"replies":[{"embeddable":true,"href":"https:\/\/semmelweis.hu\/mutettan\/wp-json\/wp\/v2\/comments?post=89"}],"version-history":[{"count":10,"href":"https:\/\/semmelweis.hu\/mutettan\/wp-json\/wp\/v2\/pages\/89\/revisions"}],"predecessor-version":[{"id":9209,"href":"https:\/\/semmelweis.hu\/mutettan\/wp-json\/wp\/v2\/pages\/89\/revisions\/9209"}],"wp:attachment":[{"href":"https:\/\/semmelweis.hu\/mutettan\/wp-json\/wp\/v2\/media?parent=89"}],"wp:term":[{"taxonomy":"category","embeddable":true,"href":"https:\/\/semmelweis.hu\/mutettan\/wp-json\/wp\/v2\/categories?post=89"},{"taxonomy":"post_tag","embeddable":true,"href":"https:\/\/semmelweis.hu\/mutettan\/wp-json\/wp\/v2\/tags?post=89"}],"curies":[{"name":"wp","href":"https:\/\/api.w.org\/{rel}","templated":true}]}}