{"id":8698,"date":"2024-05-14T15:04:14","date_gmt":"2024-05-14T13:04:14","guid":{"rendered":"https:\/\/semmelweis.hu\/mutettan\/?page_id=8698"},"modified":"2024-10-04T09:24:36","modified_gmt":"2024-10-04T07:24:36","slug":"dr-csukas-domokos-tdk-temainak-rovid-leirasa","status":"publish","type":"page","link":"https:\/\/semmelweis.hu\/mutettan\/kutatasi-temak\/tdk\/dr-csukas-domokos-tdk-temainak-rovid-leirasa\/","title":{"rendered":"Dr. Csuk\u00e1s Domokos TDK t\u00e9m\u00e1inak r\u00f6vid le\u00edr\u00e1sa"},"content":{"rendered":"<p style=\"text-align: justify\"><strong>1.A Peyronie-betegs\u00e9g vizsg\u00e1lata patk\u00e1ny modellben<\/strong>.<br \/>\nA Peyronie-betegs\u00e9g a p\u00e9nisz \u00e1llom\u00e1ny\u00e1ban k\u00f3rosan felhalmoz\u00f3d\u00f3 \u00e9s k\u00fcl\u00f6nb\u00f6z\u0151 form\u00e1ban (soliter, vagy t\u00f6bbes g\u00f3cokban megjelen\u0151) k\u00f6t\u0151sz\u00f6vetes hegk\u00e9pz\u0151d\u00e9ssel j\u00e1r\u00f3, az \u00e9letmin\u0151s\u00e9get nagyban rombol\u00f3, kr\u00f3nikus betegs\u00e9g. \u00c1llatk\u00eds\u00e9rletes modell\u00fcnkben ennek pathomechanizmus\u00e1t k\u00edv\u00e1njuk jobban meg\u00e9rteni, annak \u00e9rdek\u00e9ben, hogy hat\u00e9kony kezel\u00e9si m\u00f3dszereket fejleszthess\u00fcnk.<br \/>\n<strong style=\"font-size: 1rem\">2. A sert\u00e9s PIM-sejtjeinek (pulmonaris intravaszkul\u00e1sris makrof\u00e1gjainak) sz\u00f6vettani vizsg\u00e1lata \u2013 Kulcsszerepl\u0151 a nanogy\u00f3gyszerek mell\u00e9khat\u00e1saiban?<br \/>\n<\/strong>A pulmon\u00e1lis intravaszkul\u00e1ris makrof\u00e1gok egy k\u00fcl\u00f6nleges szubpopul\u00e1ci\u00f3j\u00e1t k\u00e9pezik a t\u00fcd\u0151 immunrendszer\u00e9nek. Ezen sejtek tehet\u0151k r\u00e9szben felel\u0151ss\u00e9 az egyes nanogy\u00f3gyszerek okozta heveny immunv\u00e1lasz\u00e9rt, mely immunreakci\u00f3 jelenleg szinte feloldhatatlan g\u00e1tj\u00e1t k\u00e9pezi ezen gy\u00f3gyszerek, hordoz\u00f3 molekul\u00e1k kifejezetten sz\u00e9les k\u00f6r\u0171 elterjed\u00e9s\u00e9nek. Vizsg\u00e1latainkban sert\u00e9s, patk\u00e1ny \u00e9s egy\u00e9b labor\u00e1llatok t\u00fcd\u0151sz\u00f6vet\u00e9t vizsg\u00e1ljuk specialist\u00e1kkal kooper\u00e1ci\u00f3ban annak meg\u00e9rt\u00e9se \u00e9rdek\u00e9ben, hogy milyen m\u00f3don \u00e1br\u00e1zolhat\u00f3k, festhet\u0151k, jel\u00f6lhet\u0151k, k\u00fcl\u00f6n\u00edthet\u0151k el ezen sejtek m\u00e1s makrof\u00e1gokt\u00f3l, ezzel is seg\u00edtve a folyamatok meg\u00e9rt\u00e9s\u00e9t.<br \/>\n<strong>Fontos:<\/strong> K\u00e9sz\u00fcl\u0151, akt\u00edv PhD kutat\u00e1sban lehet bekapcsol\u00f3dni, megfelel\u0151 szerepv\u00e1llal\u00e1s mellett publik\u00e1ci\u00f3s t\u00e1rsszerz\u0151k\u00e9nt.<br \/>\n<strong style=\"font-size: 1rem;text-align: left\">3.Systematic review \u2013 a mini laparoszk\u00f3pi\u00e1r\u00f3l patk\u00e1ny \u00e9s ny\u00fal modellekben<\/strong><span style=\"font-size: 1rem;text-align: left\">.<br \/>\n<\/span>Mini laparoszk\u00f3pia a minim\u00e1l invaz\u00edv seb\u00e9szet egy speci\u00e1lis, de nagy j\u00f6v\u0151 el\u00e9 n\u00e9z\u0151 ter\u00fclete. A kutat\u00e1sunk sor\u00e1n \u00e1tteinktj\u00fck a m\u00f3dszer technikai r\u00e9szleteit, el\u0151nyeit, limit\u00e1ci\u00f3it \u00e9s k\u00eds\u00e9rletes vizsg\u00e1lati eredm\u00e9nyeit patk\u00e1ny \u00e9s ny\u00fal modellekben. Valamint megpr\u00f3b\u00e1lunk beazonos\u00edtani olyan, eddig nem vizsg\u00e1lt kutat\u00e1si ir\u00e1nyokat, melyek alkalmasak lehetnek egy k\u00e9s\u0151bbi \u2013ak\u00e1r PhD szint\u0171 \u2013 k\u00f6z\u00f6s kutat\u00e1s t\u00e9m\u00e1j\u00e1nak.<br \/>\n<strong style=\"font-size: 1rem;text-align: left\">4. Systematic review \u2013 mikroseb\u00e9szetileg induk\u00e1lt kardiovaszkul\u00e1ris modellekr\u0151l eg\u00e9r, patk\u00e1ny \u00e9s ny\u00fal fajokban.<br \/>\n<\/strong>A mai napig sz\u00e1mos seb\u00e9szetileg induk\u00e1lt kardiovaszkul\u00e1ris modell ker\u00fclt kifejleszt\u00e9sre. Ezek kialak\u00edt\u00e1sakor olyan k\u00f3r\u00e1llapotokat id\u00e9z\u00fcnk el\u0151, melyekben els\u0151dlegesen a kering\u00e9si rendszer elv\u00e1ltoz\u00e1sai tanulm\u00e1nyozhat\u00f3k. De mik is ezek pontosan? Melyek invaz\u00edvak, melyek non-invaz\u00edvak? Melyek akutak, illetve kr\u00f3nikusak? Mik az el\u0151ny\u00f6k, h\u00e1tr\u00e1nyok? Mi az ide\u00e1lis \u00e1llatmodell? A kutat\u00e1sunk sor\u00e1n \u00e1ttekintj\u00fck a m\u00f3dszerek technikai r\u00e9szleteit, el\u0151nyeit, limit\u00e1ci\u00f3it \u00e9s k\u00eds\u00e9rletes vizsg\u00e1lati eredm\u00e9nyeit eg\u00e9r, patk\u00e1ny \u00e9s ny\u00fal modellekben. Valamint megpr\u00f3b\u00e1lunk beazonos\u00edtani olyan, eddig nem vizsg\u00e1lt kutat\u00e1si ir\u00e1nyokat, melyek alkalmasak lehetnek egy k\u00e9s\u0151bbi \u2013ak\u00e1r PhD szint\u0171 \u2013 k\u00f6z\u00f6s kutat\u00e1s t\u00e9m\u00e1j\u00e1nak.<br \/>\n<strong style=\"font-size: 1rem;text-align: left\">5. Systematic review \u2013 kat\u00e9teres modellekr\u0151l eg\u00e9r, patk\u00e1ny, ny\u00fal fajokban.<br \/>\n<\/strong>A laborat\u00f3riumi \u00e1llatok eset\u00e9ben nagyon gyakori \u00e9s sz\u00e9les k\u00f6rben alkalmazott seb\u00e9szeti beavatkoz\u00e1s a r\u00f6videbb-hosszabb id\u0151re t\u00f6rt\u00e9n\u0151 kat\u00e9terez\u00e9s. Sz\u00e1mos ter\u00fcleten alkalmazhat\u00f3, sokszor a l\u00e9nyegi k\u00eds\u00e9rlet bevezet\u0151 l\u00e9p\u00e9sek\u00e9nt. Milyen kat\u00e9terez\u00e9si m\u00f3dszerek vannak? Mik a pontos technikai param\u00e9terek (amik sokszor a sikeress\u00e9get a legnagyobb m\u00e9rt\u00e9kben befoly\u00e1solj\u00e1k)? Milyen szervek kat\u00e9terezhet\u0151k? Milyen c\u00e9llal? Mennyi ideig? Mik az el\u0151ny\u00f6k, h\u00e1tr\u00e1nyok? Mi az ide\u00e1lis \u00e1llatmodell? A kutat\u00e1sunk sor\u00e1n \u00e1ttekintj\u00fck a m\u00f3dszerek technikai r\u00e9szleteit, el\u0151nyeit, limit\u00e1ci\u00f3it \u00e9s k\u00eds\u00e9rletes vizsg\u00e1lati eredm\u00e9nyeit eg\u00e9r, patk\u00e1ny \u00e9s ny\u00fal modellekben. Valamint megpr\u00f3b\u00e1lunk beazonos\u00edtani olyan, eddig nem vizsg\u00e1lt kutat\u00e1si ir\u00e1nyokat, melyek alkalmasak lehetnek egy k\u00e9s\u0151bbi \u2013ak\u00e1r PhD szint\u0171 \u2013 k\u00f6z\u00f6s kutat\u00e1s t\u00e9m\u00e1j\u00e1nak.<\/p>\n<p>&nbsp;<\/p>\n<p>&nbsp;<\/p>\n","protected":false},"excerpt":{"rendered":"<p>1.A Peyronie-betegs\u00e9g vizsg\u00e1lata patk\u00e1ny modellben. A Peyronie-betegs\u00e9g a p\u00e9nisz \u00e1llom\u00e1ny\u00e1ban k\u00f3rosan felhalmoz\u00f3d\u00f3 \u00e9s k\u00fcl\u00f6nb\u00f6z\u0151 form\u00e1ban (soliter, vagy t\u00f6bbes g\u00f3cokban megjelen\u0151) k\u00f6t\u0151sz\u00f6vetes hegk\u00e9pz\u0151d\u00e9ssel j\u00e1r\u00f3, az \u00e9letmin\u0151s\u00e9get nagyban rombol\u00f3, kr\u00f3nikus betegs\u00e9g. \u00c1llatk\u00eds\u00e9rletes modell\u00fcnkben ennek pathomechanizmus\u00e1t k\u00edv\u00e1njuk jobban meg\u00e9rteni, annak \u00e9rdek\u00e9ben, hogy hat\u00e9kony kezel\u00e9si m\u00f3dszereket fejleszthess\u00fcnk. 2. A sert\u00e9s PIM-sejtjeinek (pulmonaris intravaszkul\u00e1sris makrof\u00e1gjainak) sz\u00f6vettani vizsg\u00e1lata \u2013 Kulcsszerepl\u0151 a &hellip;<\/p>\n","protected":false},"author":101700,"featured_media":0,"parent":1471,"menu_order":2,"comment_status":"closed","ping_status":"closed","template":"","meta":{"_acf_changed":false,"footnotes":""},"categories":[],"tags":[],"class_list":["post-8698","page","type-page","status-publish","hentry"],"acf":[],"_links":{"self":[{"href":"https:\/\/semmelweis.hu\/mutettan\/wp-json\/wp\/v2\/pages\/8698","targetHints":{"allow":["GET"]}}],"collection":[{"href":"https:\/\/semmelweis.hu\/mutettan\/wp-json\/wp\/v2\/pages"}],"about":[{"href":"https:\/\/semmelweis.hu\/mutettan\/wp-json\/wp\/v2\/types\/page"}],"author":[{"embeddable":true,"href":"https:\/\/semmelweis.hu\/mutettan\/wp-json\/wp\/v2\/users\/101700"}],"replies":[{"embeddable":true,"href":"https:\/\/semmelweis.hu\/mutettan\/wp-json\/wp\/v2\/comments?post=8698"}],"version-history":[{"count":6,"href":"https:\/\/semmelweis.hu\/mutettan\/wp-json\/wp\/v2\/pages\/8698\/revisions"}],"predecessor-version":[{"id":8724,"href":"https:\/\/semmelweis.hu\/mutettan\/wp-json\/wp\/v2\/pages\/8698\/revisions\/8724"}],"up":[{"embeddable":true,"href":"https:\/\/semmelweis.hu\/mutettan\/wp-json\/wp\/v2\/pages\/1471"}],"wp:attachment":[{"href":"https:\/\/semmelweis.hu\/mutettan\/wp-json\/wp\/v2\/media?parent=8698"}],"wp:term":[{"taxonomy":"category","embeddable":true,"href":"https:\/\/semmelweis.hu\/mutettan\/wp-json\/wp\/v2\/categories?post=8698"},{"taxonomy":"post_tag","embeddable":true,"href":"https:\/\/semmelweis.hu\/mutettan\/wp-json\/wp\/v2\/tags?post=8698"}],"curies":[{"name":"wp","href":"https:\/\/api.w.org\/{rel}","templated":true}]}}