{"id":8583,"date":"2024-02-19T13:00:17","date_gmt":"2024-02-19T12:00:17","guid":{"rendered":"https:\/\/semmelweis.hu\/mutettan\/?page_id=8583"},"modified":"2024-02-19T13:03:29","modified_gmt":"2024-02-19T12:03:29","slug":"dr-stabo-ygorgyi-tdk-temainak-rovid-leirasa","status":"publish","type":"page","link":"https:\/\/semmelweis.hu\/mutettan\/kutatasi-temak\/tdk\/dr-stabo-ygorgyi-tdk-temainak-rovid-leirasa\/","title":{"rendered":"Dr. Szab\u00f3 Gy\u00f6rgyi TDK t\u00e9m\u00e1inak r\u00f6vid le\u00edr\u00e1sa"},"content":{"rendered":"<p style=\"text-align: justify\"><strong><em>\u00a01.<\/em><em>Sebgy\u00f3gyul\u00e1s el\u0151seg\u00edt\u00e9se sejtes rendszerek seg\u00edts\u00e9g\u00e9vel.\u00a0<\/em><\/strong> <strong><em>A t\u00e9ma r\u00f6vid le\u00edr\u00e1sa:<\/em> <\/strong>A projektben arra keress\u00fck a v\u00e1laszt, hogy a zs\u00edrsejtek, illetve fibroblasztok jelenl\u00e9te hogyan befoly\u00e1solja a sebgy\u00f3gyul\u00e1st. Vizsg\u00e1ljuk a zs\u00edrsejtek aktiv\u00e1l\u00f3d\u00e1s\u00e1t, az \u00e1ltaluk kibocs\u00e1tott molekul\u00e1kat, a fibroblasztok aktiv\u00e1ci\u00f3j\u00e1t, receptorait, a k\u00f6t\u0151sz\u00f6vet mennyis\u00e9g\u00e9nek, \u00f6sszet\u00e9tel\u00e9nek v\u00e1ltoz\u00e1s\u00e1t, a beerez\u0151d\u00e9st, az epitheliz\u00e1ci\u00f3 folyamat\u00e1t, valamint az immunsejtek szerep\u00e9t.<br \/>\n<strong><em>2. <\/em><em>A sebgy\u00f3gyul\u00e1s el\u0151seg\u00edt\u00e9se k\u00fcl\u00f6nb\u00f6z\u0151 sz\u00f6vetekben saj\u00e1tv\u00e9r k\u00e9sz\u00edtm\u00e9nyek seg\u00edts\u00e9g\u00e9vel.<\/em> <em>A t\u00e9ma r\u00f6vid le\u00edr\u00e1sa<\/em><\/strong>: A saj\u00e1t v\u00e9r k\u00e9sz\u00edtm\u00e9nyeket m\u00e1r egy\u00e9b orvosi beavatkoz\u00e1sok ter\u00e9n alkalmazz\u00e1k, azonban az \u00e1ltal\u00e1nos seb\u00e9szeti, sebgy\u00f3gyul\u00e1si, probl\u00e9m\u00e1k eset\u00e9n m\u00e9g nincs kihaszn\u00e1lva a PRP\/PRF ny\u00fajtotta lehet\u0151s\u00e9g. A kutat\u00e1s sor\u00e1n annak j\u00e1runk ut\u00e1na, hogy k\u00fcl\u00f6nb\u00f6z\u0151 sz\u00f6vets\u00e9r\u00fcl\u00e9sek eset\u00e9n hogyan tud a regener\u00e1ci\u00f3s folyamatokhoz hozz\u00e1j\u00e1rulni a v\u00e9rb\u0151l k\u00e9sz\u00edtett \u201dm\u00e1trix\u201d, \u00e9s mivel tehetj\u00fck m\u00e9g hat\u00e9konyabb\u00e1 a m\u0171k\u00f6d\u00e9s\u00e9t.<br \/>\n<strong><em>3. <\/em><em>Az adh\u00e9zi\u00f3 kialakul\u00e1s\u00e1nak vizsg\u00e1lata \u00e9s a prevenci\u00f3 lehet\u0151s\u00e9gei.<\/em><em> A t\u00e9ma r\u00f6vid le\u00edr\u00e1sa: <\/em><\/strong>A has\u00fcregi adh\u00e9zi\u00f3k m\u0171t\u00e9ti beavatkoz\u00e1sokat, s\u00e9r\u00fcl\u00e9seket, gyullad\u00e1sos folyamatokat k\u00f6vet\u0151en alakulnak ki. A s\u00e9r\u00fclt sz\u00f6vetek egym\u00e1ssal vagy egy\u00e9b \u00e9p sz\u00f6vetekkel tapadnak \u00f6ssze, a cseplesz sok esetben befedi a roncsol\u00f3dott ter\u00fcletet. A kialakul\u00f3 er\u0151s adh\u00e9zi\u00f3k idegen sz\u00f6veteket h\u00faznak \u00f6ssze egym\u00e1ssal, a szervek norm\u00e1l mozg\u00e1s\u00e1t megakad\u00e1lyozz\u00e1k, a fesz\u00fcl\u00e9s hat\u00e1s\u00e1ra sokszor f\u00e1jdalom \u00e9rzettel j\u00e1r egy\u00fctt. A fent eml\u00edtett t\u00fcnetek jelent\u0151sen rontj\u00e1k a beteg \u00e9letmin\u0151s\u00e9g\u00e9t, funkcion\u00e1lis zavarokhoz vezethetnek.<br \/>\n<strong><em>4. <\/em><em>Az \u00e1llatk\u00eds\u00e9rletek jelent\u0151s\u00e9ge a t\u00f6rt\u00e9nelem sor\u00e1n.<\/em><\/strong>\u00a0 <strong><em>A t\u00e9ma r\u00f6vid le\u00edr\u00e1sa: <\/em><\/strong>Az \u00e1llatok felhaszn\u00e1l\u00e1s\u00e1nak nagy jelent\u0151s\u00e9ge volt az \u00f3kort\u00f3l kezdve az \u00e9l\u0151 szervezet m\u0171k\u00f6d\u00e9s\u00e9nek megismer\u00e9s\u00e9ben. Hogyan jutottunk el a megismer\u00e9st\u0151l a k\u00eds\u00e9rletekig? Milyen szeml\u00e9letv\u00e1lt\u00e1s t\u00f6rt\u00e9nt a t\u00f6rt\u00e9nelem sor\u00e1n, amely eredm\u00e9nyek\u00e9nt ma m\u00e1r a k\u00eds\u00e9rleti \u00e1llatok is v\u00e9delmet \u00e9lveznek? Az etikai \u00e9rt\u00e9kel\u00e9sen t\u00fal, az adott korban \u00e9lt k\u00f6zemberek, tud\u00f3sok, filoz\u00f3fusok \u00e1llatok l\u00e9tez\u00e9s\u00e9hez, felhaszn\u00e1l\u00e1s\u00e1hoz kapcsol\u00f3d\u00f3 v\u00e9lem\u00e9ny\u00e9t is kutatjuk.<br \/>\n<strong><em>5. <\/em><em>A sebell\u00e1t\u00e1s t\u00f6rt\u00e9nete az \u00f3kort\u00f3l napjainkig.<\/em> <em>A t\u00e9ma r\u00f6vid le\u00edr\u00e1sa: <\/em><\/strong>Izgalmas k\u00e9rd\u00e9st j\u00e1runk k\u00f6rbe, amikor arra keress\u00fck a v\u00e1laszt, hogy hogyan tudt\u00e1k\/tudj\u00e1k elker\u00fclni a term\u00e9szeti n\u00e9pek a sebfert\u0151z\u00e9st, mit haszn\u00e1lnak a sebek ell\u00e1t\u00e1s\u00e1ra, illetve mely m\u00f3dszerek, praktik\u00e1k ker\u00fcltek be a modern sebell\u00e1t\u00e1sba? Sebell\u00e1t\u00e1s az emberis\u00e9g t\u00f6rt\u00e9nelm\u00e9ben Sebell\u00e1t\u00e1s a term\u00e9szeti n\u00e9pekn\u00e9l<\/p>\n<p>&nbsp;<\/p>\n<p>&nbsp;<\/p>\n","protected":false},"excerpt":{"rendered":"<p>\u00a01.Sebgy\u00f3gyul\u00e1s el\u0151seg\u00edt\u00e9se sejtes rendszerek seg\u00edts\u00e9g\u00e9vel.\u00a0 A t\u00e9ma r\u00f6vid le\u00edr\u00e1sa: A projektben arra keress\u00fck a v\u00e1laszt, hogy a zs\u00edrsejtek, illetve fibroblasztok jelenl\u00e9te hogyan befoly\u00e1solja a sebgy\u00f3gyul\u00e1st. Vizsg\u00e1ljuk a zs\u00edrsejtek aktiv\u00e1l\u00f3d\u00e1s\u00e1t, az \u00e1ltaluk kibocs\u00e1tott molekul\u00e1kat, a fibroblasztok aktiv\u00e1ci\u00f3j\u00e1t, receptorait, a k\u00f6t\u0151sz\u00f6vet mennyis\u00e9g\u00e9nek, \u00f6sszet\u00e9tel\u00e9nek v\u00e1ltoz\u00e1s\u00e1t, a beerez\u0151d\u00e9st, az epitheliz\u00e1ci\u00f3 folyamat\u00e1t, valamint az immunsejtek szerep\u00e9t. 2. A sebgy\u00f3gyul\u00e1s el\u0151seg\u00edt\u00e9se &hellip;<\/p>\n","protected":false},"author":101700,"featured_media":0,"parent":1471,"menu_order":3,"comment_status":"closed","ping_status":"closed","template":"","meta":{"_acf_changed":false,"footnotes":""},"categories":[],"tags":[],"class_list":["post-8583","page","type-page","status-publish","hentry"],"acf":[],"_links":{"self":[{"href":"https:\/\/semmelweis.hu\/mutettan\/wp-json\/wp\/v2\/pages\/8583","targetHints":{"allow":["GET"]}}],"collection":[{"href":"https:\/\/semmelweis.hu\/mutettan\/wp-json\/wp\/v2\/pages"}],"about":[{"href":"https:\/\/semmelweis.hu\/mutettan\/wp-json\/wp\/v2\/types\/page"}],"author":[{"embeddable":true,"href":"https:\/\/semmelweis.hu\/mutettan\/wp-json\/wp\/v2\/users\/101700"}],"replies":[{"embeddable":true,"href":"https:\/\/semmelweis.hu\/mutettan\/wp-json\/wp\/v2\/comments?post=8583"}],"version-history":[{"count":4,"href":"https:\/\/semmelweis.hu\/mutettan\/wp-json\/wp\/v2\/pages\/8583\/revisions"}],"predecessor-version":[{"id":8587,"href":"https:\/\/semmelweis.hu\/mutettan\/wp-json\/wp\/v2\/pages\/8583\/revisions\/8587"}],"up":[{"embeddable":true,"href":"https:\/\/semmelweis.hu\/mutettan\/wp-json\/wp\/v2\/pages\/1471"}],"wp:attachment":[{"href":"https:\/\/semmelweis.hu\/mutettan\/wp-json\/wp\/v2\/media?parent=8583"}],"wp:term":[{"taxonomy":"category","embeddable":true,"href":"https:\/\/semmelweis.hu\/mutettan\/wp-json\/wp\/v2\/categories?post=8583"},{"taxonomy":"post_tag","embeddable":true,"href":"https:\/\/semmelweis.hu\/mutettan\/wp-json\/wp\/v2\/tags?post=8583"}],"curies":[{"name":"wp","href":"https:\/\/api.w.org\/{rel}","templated":true}]}}