{"id":8576,"date":"2024-02-19T11:33:26","date_gmt":"2024-02-19T10:33:26","guid":{"rendered":"https:\/\/semmelweis.hu\/mutettan\/?page_id=8576"},"modified":"2025-07-11T09:25:22","modified_gmt":"2025-07-11T07:25:22","slug":"dr-szabo-gyorgyi-es-dr-csukas-domokos-tdk-temai","status":"publish","type":"page","link":"https:\/\/semmelweis.hu\/mutettan\/kutatasi-temak\/tdk\/dr-szabo-gyorgyi-es-dr-csukas-domokos-tdk-temai\/","title":{"rendered":"Dr. Szab\u00f3 Gy\u00f6rgyi, Dr. Csuk\u00e1s Domokos \u00e9s Dr. Ocsovszky Zs\u00f3fia TDK t\u00e9m\u00e1inak r\u00f6vid le\u00edr\u00e1sa"},"content":{"rendered":"<p style=\"text-align: justify\"><strong><em>1. <\/em><em>Hegesed\u00e9s kialakul\u00e1s\u00e1nak vizsg\u00e1lata &#8211; izmok, szalagok \u00e9s porcok ter\u00fclet\u00e9n \u2013 patk\u00e1ny modellen.<\/em><\/strong> <em><strong>A\u00a0 t\u00e9ma r\u00f6vid le\u00edr\u00e1sa:<\/strong><\/em> A hegesed\u00e9s modellez\u00e9s\u00e9hez egy hordoz\u00f3 fel\u00fcletet \u00e9s gyullad\u00e1st, hegk\u00e9pz\u0151d\u00e9st seg\u00edt\u0151 molekul\u00e1t visz\u00fcnk be a sz\u00f6vetbe. Vizsg\u00e1ljuk a hegk\u00e9pz\u0151d\u00e9s folyamtat\u00e1t, a gyullad\u00e1s szerep\u00e9t.\u00a0 \u00a0<br \/>\n<strong><em>2. <\/em><em>Hegesed\u00e9s kialakul\u00e1s\u00e1nak vizsg\u00e1lata \u2013 a nemi traktusban \u2013 patk\u00e1ny modellen.<\/em> <em>A t\u00e9ma r\u00f6vid le\u00edr\u00e1sa:<\/em><\/strong> A hegesed\u00e9s modellez\u00e9s\u00e9hez egy hordoz\u00f3 fel\u00fcletet \u00e9s gyullad\u00e1st, hegk\u00e9pz\u0151d\u00e9st seg\u00edt\u0151 molekul\u00e1t visz\u00fcnk be a sz\u00f6vetbe. Vizsg\u00e1ljuk a hegk\u00e9pz\u0151d\u00e9s folyamtat\u00e1t, a gyullad\u00e1s szerep\u00e9t.\u00a0 \u00a0<br \/>\n<strong><em>3. <\/em><em>Hegesed\u00e9s kialakul\u00e1s\u00e1nak vizsg\u00e1lata \u2013 a kiv\u00e1laszt\u00f3 rendszerben \u2013 patk\u00e1ny modellen.<\/em><\/strong>\u00a0 <strong>A t\u00e9ma r\u00f6vid le\u00edr\u00e1sa:<\/strong> A hegesed\u00e9s modellez\u00e9s\u00e9hez egy hordoz\u00f3 fel\u00fcletet \u00e9s gyullad\u00e1st, hegk\u00e9pz\u0151d\u00e9st seg\u00edt\u0151 molekul\u00e1t visz\u00fcnk be a sz\u00f6vetbe. Vizsg\u00e1ljuk a hegk\u00e9pz\u0151d\u00e9s folyamtat\u00e1t, a gyullad\u00e1s szerep\u00e9t.\u00a0 \u00a0<br \/>\n<strong><em>4. <\/em><em>Hegesed\u00e9s kialakul\u00e1s\u00e1nak vizsg\u00e1lata \u2013 a parenchim\u00e1s szervekben \u2013 patk\u00e1ny modellen.<\/em> <em>A t\u00e9ma r\u00f6vid le\u00edr\u00e1sa:<\/em><\/strong> A hegesed\u00e9s modellez\u00e9s\u00e9hez egy hordoz\u00f3 fel\u00fcletet \u00e9s gyullad\u00e1st, hegk\u00e9pz\u0151d\u00e9st seg\u00edt\u0151 molekul\u00e1t visz\u00fcnk be a sz\u00f6vetbe. Vizsg\u00e1ljuk a hegk\u00e9pz\u0151d\u00e9s folyamtat\u00e1t, a gyullad\u00e1s szerep\u00e9t.\u00a0 \u00a0<br \/>\n<strong><em>5. <\/em><em>Hegesed\u00e9s kialakul\u00e1s\u00e1nak vizsg\u00e1lata \u2013 a perif\u00e9ri\u00e1s idegrendszerben \u2013 patk\u00e1ny modellen.<\/em><\/strong> <strong><em>A t\u00e9ma r\u00f6vid le\u00edr\u00e1sa:<\/em><\/strong> A hegesed\u00e9s modellez\u00e9s\u00e9hez egy hordoz\u00f3 fel\u00fcletet \u00e9s gyullad\u00e1st, hegk\u00e9pz\u0151d\u00e9st seg\u00edt\u0151 molekul\u00e1t visz\u00fcnk be a sz\u00f6vetbe. Vizsg\u00e1ljuk a hegk\u00e9pz\u0151d\u00e9s folyamtat\u00e1t, a gyullad\u00e1s szerep\u00e9t.\u00a0 \u00a0<br \/>\n<strong><em>6. <\/em><em>Here torzi\u00f3 modellez\u00e9se, ischemia-reperf\u00fazi\u00f3 vizsg\u00e1lata.<\/em><\/strong> <em><strong>A t\u00e9ma r\u00f6vid le\u00edr\u00e1sa: <\/strong><\/em>A heretorzi\u00f3 folyamata sz\u00e1mos k\u00e9rd\u00e9st vet fel melyeket a Laser Speckle Imager \u00e1raml\u00e1sm\u00e9r\u0151 seg\u00edts\u00e9g\u00e9vel igyeksz\u00fcnk megv\u00e1laszolni. Megn\u00e9zz\u00fck a here torzi\u00f3 fok\u00e1t, az ischemi\u00e1s id\u0151 hat\u00e1s\u00e1t a here sz\u00f6vet meg\u0151rz\u00e9s\u00e9re \u00e9s a reperf\u00fazi\u00f3s folyamatok hat\u00e1s\u00e1t a here \u201et\u00fal\u00e9l\u00e9s\u00e9re\u201d.<br \/>\n<em><strong>7. <span data-olk-copy-source=\"MessageBody\">Az \u00e1llatk\u00eds\u00e9rletekben dolgoz\u00f3k pszichol\u00f3giai j\u00f3ll\u00e9t\u00e9nek vizsg\u00e1lata: <\/span><\/strong><\/em>A kutat\u00e1s c\u00e9lja annak felt\u00e1r\u00e1sa, hogy milyen pszichol\u00f3giai hat\u00e1sok \u00e9rik azokat a dolgoz\u00f3kat, akik rendszeresen r\u00e9szt vesznek \u00e1llatk\u00eds\u00e9rletekben. A vizsg\u00e1lat k\u00e9rd\u0151\u00edves m\u00f3dszerrel t\u00f6rt\u00e9nik, amely sor\u00e1n a r\u00e9sztvev\u0151k anonim m\u00f3don sz\u00e1molhatnak be \u00e9rz\u00e9seikr\u0151l, neh\u00e9zs\u00e9geikr\u0151l \u00e9s a munk\u00e1juk sor\u00e1n tapasztalt \u00e9rzelmi megterhel\u00e9sr\u0151l. A be\u00e9rkezett v\u00e1laszokat pszichol\u00f3gus \u00e9s \u00e1llatj\u00f3l\u00e9ti szakember k\u00f6zrem\u0171k\u00f6d\u00e9s\u00e9vel \u00e9rt\u00e9kelj\u00fck ki. A c\u00e9l az, hogy azonos\u00edtani tudjuk azokat a t\u00e9nyez\u0151ket, amelyek hossz\u00fa t\u00e1von befoly\u00e1solhatj\u00e1k a dolgoz\u00f3k ment\u00e1lis eg\u00e9szs\u00e9g\u00e9t. Emellett javaslatokat is szeretn\u00e9nk megfogalmazni a pszichol\u00f3giai t\u00e1mogat\u00e1s lehet\u0151s\u00e9geire \u00e9s a munkak\u00f6rnyezet fejleszt\u00e9s\u00e9re. A vizsg\u00e1lat hozz\u00e1j\u00e1rulhat a hum\u00e1nusabb \u00e9s tudatosabb kutat\u00e1si kult\u00fara kialak\u00edt\u00e1s\u00e1hoz.<\/p>\n","protected":false},"excerpt":{"rendered":"<p>1. Hegesed\u00e9s kialakul\u00e1s\u00e1nak vizsg\u00e1lata &#8211; izmok, szalagok \u00e9s porcok ter\u00fclet\u00e9n \u2013 patk\u00e1ny modellen. A\u00a0 t\u00e9ma r\u00f6vid le\u00edr\u00e1sa: A hegesed\u00e9s modellez\u00e9s\u00e9hez egy hordoz\u00f3 fel\u00fcletet \u00e9s gyullad\u00e1st, hegk\u00e9pz\u0151d\u00e9st seg\u00edt\u0151 molekul\u00e1t visz\u00fcnk be a sz\u00f6vetbe. Vizsg\u00e1ljuk a hegk\u00e9pz\u0151d\u00e9s folyamtat\u00e1t, a gyullad\u00e1s szerep\u00e9t.\u00a0 \u00a0 2. Hegesed\u00e9s kialakul\u00e1s\u00e1nak vizsg\u00e1lata \u2013 a nemi traktusban \u2013 patk\u00e1ny modellen. A t\u00e9ma r\u00f6vid le\u00edr\u00e1sa: &hellip;<\/p>\n","protected":false},"author":101700,"featured_media":0,"parent":1471,"menu_order":2,"comment_status":"closed","ping_status":"closed","template":"","meta":{"_acf_changed":false,"footnotes":""},"categories":[],"tags":[],"class_list":["post-8576","page","type-page","status-publish","hentry"],"acf":[],"_links":{"self":[{"href":"https:\/\/semmelweis.hu\/mutettan\/wp-json\/wp\/v2\/pages\/8576","targetHints":{"allow":["GET"]}}],"collection":[{"href":"https:\/\/semmelweis.hu\/mutettan\/wp-json\/wp\/v2\/pages"}],"about":[{"href":"https:\/\/semmelweis.hu\/mutettan\/wp-json\/wp\/v2\/types\/page"}],"author":[{"embeddable":true,"href":"https:\/\/semmelweis.hu\/mutettan\/wp-json\/wp\/v2\/users\/101700"}],"replies":[{"embeddable":true,"href":"https:\/\/semmelweis.hu\/mutettan\/wp-json\/wp\/v2\/comments?post=8576"}],"version-history":[{"count":7,"href":"https:\/\/semmelweis.hu\/mutettan\/wp-json\/wp\/v2\/pages\/8576\/revisions"}],"predecessor-version":[{"id":9139,"href":"https:\/\/semmelweis.hu\/mutettan\/wp-json\/wp\/v2\/pages\/8576\/revisions\/9139"}],"up":[{"embeddable":true,"href":"https:\/\/semmelweis.hu\/mutettan\/wp-json\/wp\/v2\/pages\/1471"}],"wp:attachment":[{"href":"https:\/\/semmelweis.hu\/mutettan\/wp-json\/wp\/v2\/media?parent=8576"}],"wp:term":[{"taxonomy":"category","embeddable":true,"href":"https:\/\/semmelweis.hu\/mutettan\/wp-json\/wp\/v2\/categories?post=8576"},{"taxonomy":"post_tag","embeddable":true,"href":"https:\/\/semmelweis.hu\/mutettan\/wp-json\/wp\/v2\/tags?post=8576"}],"curies":[{"name":"wp","href":"https:\/\/api.w.org\/{rel}","templated":true}]}}