{"id":7931,"date":"2022-05-16T11:18:53","date_gmt":"2022-05-16T09:18:53","guid":{"rendered":"https:\/\/semmelweis.hu\/mutettan\/?page_id=7931"},"modified":"2022-05-16T11:20:14","modified_gmt":"2022-05-16T09:20:14","slug":"themen-der-diplomarbeit","status":"publish","type":"page","link":"https:\/\/semmelweis.hu\/mutettan\/de\/studiumlehre\/themen-der-diplomarbeit\/","title":{"rendered":"Themen der Diplomarbeit"},"content":{"rendered":"<p style=\"font-weight: 400\"><strong>EXPERIMENTELLE CHIRURGIE<\/strong><\/p>\n<p style=\"font-weight: 400\"><strong>T\u00c9MAVEZET\u0150: Dr. Toronyi \u00c9va<\/strong><strong>\u00a0 \u00a0 \u00a0 \u00a0 \u00a0 \u00a0 \u00a0 \u00a0 \u00a0 \u00a0 \u00a0 \u00a0 \u00a0 \u00a0 \u00a0 \u00a0 \u00a0 \u00a0 \u00a0 \u00a0 \u00a0 \u00a0 \u00a0 \u00a0 \u00a0 \u00a0 \u00a0 \u00a0 \u00a0 \u00a0 \u00a0 \u00a0 \u00a0 \u00a0 \u00a0 \u00a0 \u00a0 \u00a0 \u00a0 \u00a0 \u00a0 \u00a0 \u00a0 \u00a0 \u00a0 \u00a0 \u00a0 \u00a0 \u00a0 \u00a0 \u00a0 \u00a0 \u00a0 \u00a0 \u00a0 \u00a0 \u00a0 \u00a0 \u00a0 \u00a0<\/strong><\/p>\n<ol>\n<li style=\"font-weight: 400\">Die Rolle der robotiker Chirurgie\u00a0<\/li>\n<li style=\"font-weight: 400\">Die Bedeutung der anatomischen Variationen in der Behandlung der Gallensteine in der Choledochus und in der Gallenblase. Was kann man aus den genetischen Studien in M\u00e4use lernen?<\/li>\n<li style=\"font-weight: 400\">Entwicklung der Lappenplastik in der rekonstruktiven Chirurgie<\/li>\n<li style=\"font-weight: 400\">Die Wirkung der Microenviroment, Immunsystem und Tumorstroma in der \u00c4tiologie der pankreatischen duktal Karzinom.\u00a0 Neue chirurgische Methoden\u00a0\u00a0 und Techniken in der Behandlung der Pankreaskarzinomen<\/li>\n<li style=\"font-weight: 400\">Neue Data \u00fcber den abscopal Effekt von\u00a0Radiotherapie und die Depletion der regulatorischen T Zellen in der Behandlung von\u00a0Rektumkarzinom<\/li>\n<li style=\"font-weight: 400\">Ursachen und Behandlung der Wundheilungsst\u00f6rungen nach abdominalen chirurgischen Operationen\u00a0\u00a0<\/li>\n<li style=\"font-weight: 400\">Experimentelle, genetische und epidemiologische Daten, die die Behandlungsprinzipien der entz\u00fcndlichen Darmerkrankungen beeinflussen. Die Rolle der\u00a0single-cell RNA sequencing, Microbiota und mesenteriale Fettgewebe<\/li>\n<li style=\"font-weight: 400\">Die potenzielle Rolle der MAP Kinasen, des komplexen zellularen Weges in der Proliferation\u00a0der Magentumoren.\u00a0Neuste Behandlungm\u00f6glichkeiten<\/li>\n<\/ol>\n","protected":false},"excerpt":{"rendered":"<p>EXPERIMENTELLE CHIRURGIE T\u00c9MAVEZET\u0150: Dr. Toronyi \u00c9va\u00a0 \u00a0 \u00a0 \u00a0 \u00a0 \u00a0 \u00a0 \u00a0 \u00a0 \u00a0 \u00a0 \u00a0 \u00a0 \u00a0 \u00a0 \u00a0 \u00a0 \u00a0 \u00a0 \u00a0 \u00a0 \u00a0 \u00a0 \u00a0 \u00a0 \u00a0 \u00a0 \u00a0 \u00a0 \u00a0 \u00a0 \u00a0 \u00a0 \u00a0 \u00a0 \u00a0 \u00a0 \u00a0 \u00a0 \u00a0 \u00a0 \u00a0 \u00a0 \u00a0 \u00a0 \u00a0 \u00a0 \u00a0 \u00a0 \u00a0 &hellip;<\/p>\n","protected":false},"author":101700,"featured_media":0,"parent":7130,"menu_order":4,"comment_status":"closed","ping_status":"closed","template":"","meta":{"_acf_changed":false,"footnotes":""},"categories":[],"tags":[],"class_list":["post-7931","page","type-page","status-publish","hentry"],"acf":[],"_links":{"self":[{"href":"https:\/\/semmelweis.hu\/mutettan\/wp-json\/wp\/v2\/pages\/7931","targetHints":{"allow":["GET"]}}],"collection":[{"href":"https:\/\/semmelweis.hu\/mutettan\/wp-json\/wp\/v2\/pages"}],"about":[{"href":"https:\/\/semmelweis.hu\/mutettan\/wp-json\/wp\/v2\/types\/page"}],"author":[{"embeddable":true,"href":"https:\/\/semmelweis.hu\/mutettan\/wp-json\/wp\/v2\/users\/101700"}],"replies":[{"embeddable":true,"href":"https:\/\/semmelweis.hu\/mutettan\/wp-json\/wp\/v2\/comments?post=7931"}],"version-history":[{"count":1,"href":"https:\/\/semmelweis.hu\/mutettan\/wp-json\/wp\/v2\/pages\/7931\/revisions"}],"predecessor-version":[{"id":7932,"href":"https:\/\/semmelweis.hu\/mutettan\/wp-json\/wp\/v2\/pages\/7931\/revisions\/7932"}],"up":[{"embeddable":true,"href":"https:\/\/semmelweis.hu\/mutettan\/wp-json\/wp\/v2\/pages\/7130"}],"wp:attachment":[{"href":"https:\/\/semmelweis.hu\/mutettan\/wp-json\/wp\/v2\/media?parent=7931"}],"wp:term":[{"taxonomy":"category","embeddable":true,"href":"https:\/\/semmelweis.hu\/mutettan\/wp-json\/wp\/v2\/categories?post=7931"},{"taxonomy":"post_tag","embeddable":true,"href":"https:\/\/semmelweis.hu\/mutettan\/wp-json\/wp\/v2\/tags?post=7931"}],"curies":[{"name":"wp","href":"https:\/\/api.w.org\/{rel}","templated":true}]}}