{"id":7894,"date":"2022-04-01T13:44:21","date_gmt":"2022-04-01T11:44:21","guid":{"rendered":"https:\/\/semmelweis.hu\/mutettan\/?page_id=7894"},"modified":"2022-04-04T10:14:47","modified_gmt":"2022-04-04T08:14:47","slug":"hirek","status":"publish","type":"page","link":"https:\/\/semmelweis.hu\/mutettan\/intezetunk-bemutatasa\/hirek\/","title":{"rendered":"H\u00edrek"},"content":{"rendered":"<p style=\"text-align: center\">2022. m\u00e1rcius 15-\u00e9n \u00e1llami kit\u00fcntet\u00e9sben r\u00e9szes\u00fclt\u00a0 tansz\u00e9k\u00fcnk tudom\u00e1nyos tan\u00e1csad\u00f3ja <br \/>\nProf. Dr. S\u00e1ndor J\u00f3zsef.<\/p>\n<p style=\"text-align: center\">Professzor \u00farnak sz\u00edvb\u0151l gratul\u00e1lunk!<\/p>\n<p>A nemzeti \u00fcnnep alkalm\u00e1b\u00f3l \u00e1tvett kit\u00fcntet\u00e9sr\u0151l <a href=\"https:\/\/semmelweis.hu\/hirek\/2022\/03\/23\/ujabb-allami-elismereseket-vehettek-at-az-egyetem-munkatarsai\/\">erre a linkre<\/a> kattintva olvashat t\u00f6bbet.<\/p>\n<p><img loading=\"lazy\" decoding=\"async\" class=\"wp-image-7895 aligncenter\" src=\"https:\/\/semmelweis.hu\/mutettan\/files\/2022\/04\/SJ-KITUNTETESE.jpg\" alt=\"\" width=\"447\" height=\"599\" srcset=\"https:\/\/semmelweis.hu\/mutettan\/files\/2022\/04\/SJ-KITUNTETESE.jpg 894w, https:\/\/semmelweis.hu\/mutettan\/files\/2022\/04\/SJ-KITUNTETESE-298x400.jpg 298w, https:\/\/semmelweis.hu\/mutettan\/files\/2022\/04\/SJ-KITUNTETESE-763x1024.jpg 763w, https:\/\/semmelweis.hu\/mutettan\/files\/2022\/04\/SJ-KITUNTETESE-768x1031.jpg 768w, https:\/\/semmelweis.hu\/mutettan\/files\/2022\/04\/SJ-KITUNTETESE-753x1011.jpg 753w\" sizes=\"auto, (max-width: 447px) 100vw, 447px\" \/><\/p>\n<p>&nbsp;<\/p>\n<p><img loading=\"lazy\" decoding=\"async\" class=\" wp-image-7899 aligncenter\" src=\"https:\/\/semmelweis.hu\/mutettan\/files\/2022\/04\/kituntetes.jpg\" alt=\"\" width=\"448\" height=\"887\" srcset=\"https:\/\/semmelweis.hu\/mutettan\/files\/2022\/04\/kituntetes.jpg 606w, https:\/\/semmelweis.hu\/mutettan\/files\/2022\/04\/kituntetes-202x400.jpg 202w, https:\/\/semmelweis.hu\/mutettan\/files\/2022\/04\/kituntetes-517x1024.jpg 517w\" sizes=\"auto, (max-width: 448px) 100vw, 448px\" \/><\/p>\n","protected":false},"excerpt":{"rendered":"<p>2022. m\u00e1rcius 15-\u00e9n \u00e1llami kit\u00fcntet\u00e9sben r\u00e9szes\u00fclt\u00a0 tansz\u00e9k\u00fcnk tudom\u00e1nyos tan\u00e1csad\u00f3ja<br \/>\nProf. Dr. S\u00e1ndor J\u00f3zsef.<br \/>\nProfesszor \u00farnak sz\u00edvb\u0151l gratul\u00e1lunk!<br \/>\nA nemzeti \u00fcnnep alkalm\u00e1b\u00f3l \u00e1tvett kit\u00fcntet\u00e9sr\u0151l <a href=\"https:\/\/semmelweis.hu\/hirek\/2022\/03\/23\/ujabb-allami-elismereseket-vehettek-at-az-egyetem-munkatarsai\/\">erre a linkre<\/a> kattintva olvashat t\u00f6bbet.<\/p>\n<p>&nbsp;<\/p>\n","protected":false},"author":101700,"featured_media":0,"parent":6393,"menu_order":4,"comment_status":"closed","ping_status":"closed","template":"","meta":{"_acf_changed":false,"footnotes":""},"categories":[],"tags":[],"class_list":["post-7894","page","type-page","status-publish","hentry"],"acf":[],"_links":{"self":[{"href":"https:\/\/semmelweis.hu\/mutettan\/wp-json\/wp\/v2\/pages\/7894","targetHints":{"allow":["GET"]}}],"collection":[{"href":"https:\/\/semmelweis.hu\/mutettan\/wp-json\/wp\/v2\/pages"}],"about":[{"href":"https:\/\/semmelweis.hu\/mutettan\/wp-json\/wp\/v2\/types\/page"}],"author":[{"embeddable":true,"href":"https:\/\/semmelweis.hu\/mutettan\/wp-json\/wp\/v2\/users\/101700"}],"replies":[{"embeddable":true,"href":"https:\/\/semmelweis.hu\/mutettan\/wp-json\/wp\/v2\/comments?post=7894"}],"version-history":[{"count":5,"href":"https:\/\/semmelweis.hu\/mutettan\/wp-json\/wp\/v2\/pages\/7894\/revisions"}],"predecessor-version":[{"id":7909,"href":"https:\/\/semmelweis.hu\/mutettan\/wp-json\/wp\/v2\/pages\/7894\/revisions\/7909"}],"up":[{"embeddable":true,"href":"https:\/\/semmelweis.hu\/mutettan\/wp-json\/wp\/v2\/pages\/6393"}],"wp:attachment":[{"href":"https:\/\/semmelweis.hu\/mutettan\/wp-json\/wp\/v2\/media?parent=7894"}],"wp:term":[{"taxonomy":"category","embeddable":true,"href":"https:\/\/semmelweis.hu\/mutettan\/wp-json\/wp\/v2\/categories?post=7894"},{"taxonomy":"post_tag","embeddable":true,"href":"https:\/\/semmelweis.hu\/mutettan\/wp-json\/wp\/v2\/tags?post=7894"}],"curies":[{"name":"wp","href":"https:\/\/api.w.org\/{rel}","templated":true}]}}