{"id":7132,"date":"2020-11-26T12:42:38","date_gmt":"2020-11-26T11:42:38","guid":{"rendered":"https:\/\/semmelweis.hu\/mutettan\/?page_id=7132"},"modified":"2025-07-02T14:31:58","modified_gmt":"2025-07-02T12:31:58","slug":"demonstrator","status":"publish","type":"page","link":"https:\/\/semmelweis.hu\/mutettan\/de\/studiumlehre\/demonstrator\/","title":{"rendered":"Demonstrator"},"content":{"rendered":"<p style=\"text-align: center\">Demonstratort\u00e4tigkeit<\/p>\n<p style=\"text-align: center\">Allgemeine Auftragsbedingungen f\u00fcr Lehrassistenten (Teaching assistant- TA) am Lehrstuhl f\u00fcr Experimentelle Kardiologie und Chirurgische\u00a0 Operationslehre des Herz- und Gef\u00e4\u00dfchirurgie Zentrums im deutschen Zweig des akademischen Jahres 2025\/2026<\/p>\n<p style=\"text-align: center\"><a href=\"https:\/\/semmelweis.hu\/mutettan\/files\/2025\/07\/DEMONSTARTORI-OSZTONDIJ-PALYAZAT_nemet.docx\">Antragsformular<\/a><\/p>\n<p>Bewerbungsbedingungen des Studierenden:<\/p>\n<ul>\n<li>Student des 4., 5. Und 6. Jahres<\/li>\n<li>Absolvierte das Fach \u201eExperimentelle Chirurgie und Chirurgische Operationslehre\u201c<\/li>\n<li>weist ein exemplarisches Verhalten auf<\/li>\n<li>weist chirurgische Handfertigkeiten auf<\/li>\n<\/ul>\n<p>Zu \u00fcbernehmende Aufgaben<\/p>\n<ul>\n<li>Teilnahme an Vorbereitungen f\u00fcr Praktika (beispielsweise von chirurgischen Instrumenten, chirurgischen Faden, chirurgischen Nadeln, unsw.)<\/li>\n<li>Unterst\u00fctzen der Lehrkr\u00e4fte bei der Durchf\u00fchrung der Praktika<\/li>\n<li>Mitgestaltung der Wettbewerbe f\u00fcr die Studierenden des dritten Jahres<\/li>\n<\/ul>\n<p>Regeln f\u00fcr die Arbeit der Demonstratoren<\/p>\n<ul>\n<li>Die Anstellung ist lediglich f\u00fcr das zweite Semester des Studienjahres<\/li>\n<li>Das Institut bietet eine bezahlte Demonstrator T\u00e4tigkeit<\/li>\n<li>Teilnahme an den Praktika (11-mal im Semester)<\/li>\n<li>Teilnahme am Wettbewerb gilt auch so, wie ein Praktikum<\/li>\n<\/ul>\n<p>Bedingungen f\u00fcr die Erhaltung der Unterschrift<\/p>\n<ul>\n<li>Nicht mehr Abwesenheiten als gestattet (maximal zwei Abwesenheiten)<\/li>\n<li>Aktive Teilnahme an den Praktika<\/li>\n<li>Fertigung und Abgabe eines Demonstrator Berichts an das Institut bis zum Ende des aktuellen Semesters<\/li>\n<\/ul>\n<p style=\"text-align: justify\">Studierende des deutschen Zweigs erhalten die Kompensation der Demonstrator T\u00e4tigkeit in einer vom Rundschreiben des Dekans 55867-2\/AOATO\/2020 festgelegten Summe am Ende des Semesters. Erst wenn die Leitung der zust\u00e4ndigen Abteilung \u201eBildung und Forschung\u201c die Fach Abschluss Bescheinigung (certificate of completion) ausgestellt hat, kann die Verg\u00fctung in einer Summe ausgezahlt werden. Dies geschieht durch das Center for International Studies.<\/p>\n<p style=\"text-align: justify\">Der Bewerbungszeitraum ist zum Ende der Pr\u00fcfungsphase des zweiten Semesters des akademischen Lehrjahres 2025\/2026. Die notwendigen Bewerbungsunterlagen f\u00fcgen wir hinzu Die ausgef\u00fcllten Bewerbungsunterlagen sollen an folgende E-Mail-Adresse zugesendet werden: <a href=\"blank\">etoronyi@gmail.com<\/a> .<\/p>\n<p>Bitte die Files nach dem unteren Exemplar benennen:<\/p>\n<p>Familienname Vorname Bewerbung.<\/p>\n<p style=\"text-align: justify\">Bitte vergessen Sie nicht die Allgemeine Datenschutzordnung beizuf\u00fcgen. Alle Bewerbungen werden an das Dekanat der Fakult\u00e4t weitergeleitet. \u00a0Bewerbungen, die au\u00dferhalb des Bewerbungszeitraums oder unvollst\u00e4ndig abgegeben werden, k\u00f6nnen nicht angenommen werden unter Mitwirkung der Studentenvertretung entscheidet die Leitung des Instituts \u00fcber die eingegangenen Bewerbungen. Sp\u00e4testens zum folgenden Wintersemester erhalten die Studierende einen Entscheidungsbescheid bez\u00fcglich der Annahme der Bewerbung.<\/p>\n<p style=\"text-align: justify\">Zugleich werden die zugeh\u00f6rigen Bildungs- und Forschungsangestellte \u00fcber die Zusage der Studierenden informiert. Nach der Entscheidung des Dekans werden die Studierenden durch die zust\u00e4ndige Lehrbeauftragte kontaktiert, um weitere Konsultation zu erhalten.<\/p>\n<p style=\"text-align: justify\">Leider k\u00f6nnen keine Bewerbungen au\u00dferhalb des Bewerbungsfensters angenommen werden.<\/p>\n<p style=\"text-align: justify\">Zust\u00e4ndige Lehrbeauftragte des deutschen Zweigs:<\/p>\n<p>Dr. Eva Toronyi<br \/>\netoronyi@gmail.com<\/p>\n<p>&nbsp;<\/p>\n<p>&nbsp;<\/p>\n<p style=\"text-align: justify\">\u00a0<\/p>\n","protected":false},"excerpt":{"rendered":"<p>Demonstratort\u00e4tigkeit Allgemeine Auftragsbedingungen f\u00fcr Lehrassistenten (Teaching assistant- TA) am Lehrstuhl f\u00fcr Experimentelle Kardiologie und Chirurgische\u00a0 Operationslehre des Herz- und Gef\u00e4\u00dfchirurgie Zentrums im deutschen Zweig des akademischen Jahres 2025\/2026 <a href=\"https:\/\/semmelweis.hu\/mutettan\/files\/2025\/07\/DEMONSTARTORI-OSZTONDIJ-PALYAZAT_nemet.docx\">Antragsformular<\/a> Bewerbungsbedingungen des Studierenden: Student des 4., 5. Und 6. Jahres Absolvierte das Fach \u201eExperimentelle Chirurgie und Chirurgische Operationslehre\u201c weist ein exemplarisches Verhalten auf weist chirurgische Handfertigkeiten auf &hellip;<\/p>\n","protected":false},"author":101700,"featured_media":0,"parent":7130,"menu_order":2,"comment_status":"closed","ping_status":"closed","template":"","meta":{"_acf_changed":false,"footnotes":""},"categories":[],"tags":[],"class_list":["post-7132","page","type-page","status-publish","hentry"],"acf":[],"_links":{"self":[{"href":"https:\/\/semmelweis.hu\/mutettan\/wp-json\/wp\/v2\/pages\/7132","targetHints":{"allow":["GET"]}}],"collection":[{"href":"https:\/\/semmelweis.hu\/mutettan\/wp-json\/wp\/v2\/pages"}],"about":[{"href":"https:\/\/semmelweis.hu\/mutettan\/wp-json\/wp\/v2\/types\/page"}],"author":[{"embeddable":true,"href":"https:\/\/semmelweis.hu\/mutettan\/wp-json\/wp\/v2\/users\/101700"}],"replies":[{"embeddable":true,"href":"https:\/\/semmelweis.hu\/mutettan\/wp-json\/wp\/v2\/comments?post=7132"}],"version-history":[{"count":10,"href":"https:\/\/semmelweis.hu\/mutettan\/wp-json\/wp\/v2\/pages\/7132\/revisions"}],"predecessor-version":[{"id":9133,"href":"https:\/\/semmelweis.hu\/mutettan\/wp-json\/wp\/v2\/pages\/7132\/revisions\/9133"}],"up":[{"embeddable":true,"href":"https:\/\/semmelweis.hu\/mutettan\/wp-json\/wp\/v2\/pages\/7130"}],"wp:attachment":[{"href":"https:\/\/semmelweis.hu\/mutettan\/wp-json\/wp\/v2\/media?parent=7132"}],"wp:term":[{"taxonomy":"category","embeddable":true,"href":"https:\/\/semmelweis.hu\/mutettan\/wp-json\/wp\/v2\/categories?post=7132"},{"taxonomy":"post_tag","embeddable":true,"href":"https:\/\/semmelweis.hu\/mutettan\/wp-json\/wp\/v2\/tags?post=7132"}],"curies":[{"name":"wp","href":"https:\/\/api.w.org\/{rel}","templated":true}]}}