{"id":7114,"date":"2020-11-26T11:14:36","date_gmt":"2020-11-26T10:14:36","guid":{"rendered":"https:\/\/semmelweis.hu\/mutettan\/?page_id=7114"},"modified":"2024-01-30T18:46:51","modified_gmt":"2024-01-30T17:46:51","slug":"ueber-uns","status":"publish","type":"page","link":"https:\/\/semmelweis.hu\/mutettan\/de\/ueber-uns\/","title":{"rendered":"\u00dcber uns"},"content":{"rendered":"<p style=\"text-align: justify\">Das Institut f\u00fcr Experimentelle und Chirurgische Operationslehre wurde nach einer beinahe 50-j\u00e4hrigen Pause im Jahre 2010 wiederer\u00f6ffnet und funktionierte als unabh\u00e4ngiges Institut. Am 1. Juli 2020 wurde dieses Institut integriert in den Lehrstuhl der V\u00e1rosmajor Herz-und Gef\u00e4\u00dfklinik.<\/p>\n<p style=\"text-align: justify\">Dieser Lehrstuhl spielt eine wichtige Rolle in der Entwicklung der handlichen Geschicklichkeiten der Medizinstudierenden, der PhD Studierenden und der Fach\u00e4rzte der verschiedenen operativen F\u00e4cher an der Semmelweis Universit\u00e4t.<\/p>\n<p style=\"text-align: justify\">Das Institut nimmt seit 2011 an dem graduellen Unterricht und an der Ausbildung von PhD Kandidaten teil. Seit 2016 werden regelm\u00e4\u00dfige Ausbildungskurse f\u00fcr zuk\u00fcnftige Fach\u00e4rzte in den operativen F\u00e4chern organisiert. Diese chirurgischen Skill-Training-Kurse sind Pflichtkurse, die 4 Wochen lang dauern.<\/p>\n<p><a href=\"https:\/\/semmelweis.hu\/mutettan\/files\/2021\/01\/ORVOSK\u00c9PZ\u00c9S-scaled.jpg\"><img loading=\"lazy\" decoding=\"async\" class=\"aligncenter size-large wp-image-7224\" src=\"https:\/\/semmelweis.hu\/mutettan\/files\/2021\/01\/ORVOSK\u00c9PZ\u00c9S-1024x683.jpg\" alt=\"\" width=\"690\" height=\"460\" srcset=\"https:\/\/semmelweis.hu\/mutettan\/files\/2021\/01\/ORVOSK\u00c9PZ\u00c9S-1024x683.jpg 1024w, https:\/\/semmelweis.hu\/mutettan\/files\/2021\/01\/ORVOSK\u00c9PZ\u00c9S-300x200.jpg 300w, https:\/\/semmelweis.hu\/mutettan\/files\/2021\/01\/ORVOSK\u00c9PZ\u00c9S-768x512.jpg 768w, https:\/\/semmelweis.hu\/mutettan\/files\/2021\/01\/ORVOSK\u00c9PZ\u00c9S-450x300.jpg 450w, https:\/\/semmelweis.hu\/mutettan\/files\/2021\/01\/ORVOSK\u00c9PZ\u00c9S-753x502.jpg 753w, https:\/\/semmelweis.hu\/mutettan\/files\/2021\/01\/ORVOSK\u00c9PZ\u00c9S-203x135.jpg 203w, https:\/\/semmelweis.hu\/mutettan\/files\/2021\/01\/ORVOSK\u00c9PZ\u00c9S.jpg 1280w\" sizes=\"auto, (max-width: 690px) 100vw, 690px\" \/><\/a><\/p>\n<p style=\"text-align: justify\">In dem mikrochirurgischen Skill Laboratorium stehen 10 Doppel-Mikroskope und mikrochirurgisches Instrumentarium zur Verf\u00fcgung, um die zuk\u00fcnftigen Fach\u00e4rzte der Orthop\u00e4die und Unfallchirurgie und der plastischen Chirurgie im Rahmen von Pflichtkursen in mikrochirurgischen Grundkenntnissen auszubilden. F\u00fcr die Ausbildung der ausl\u00e4ndischen Teilnehmer gibt es auch eine M\u00f6glichkeit.<\/p>\n","protected":false},"excerpt":{"rendered":"<p>Ich m\u00f6chte jeden Interessenten herzlichst begr\u00fc\u00dfen beim Lesen unserer Homepage. Hier k\u00f6nnen Sie einen Einblick in die T\u00e4tigkeit des gr\u00f6\u00dften ungarischen Zentrums der Entwicklung des handlichen Geschicks haben. In unserem Institut sind die Ausbildung und Weiterbildung der Geschicklichkeit als Hauptziel gesetzt.<br \/>\nAn unserem Ausbildungsprogramm nehmen zahlreiche Studierende teil und wir stellen ein breites Spektrum der medizinischen Ausbildung zur Verf\u00fcgung. Der Lehrstuhl ist auch auf dem Gebiet der Forschung sehr aktiv: Viele Probleme, die entweder auf dem Feld der operativen F\u00e4cher oder in der interdisziplin\u00e4ren T\u00e4tigkeit ungel\u00f6st sind, geh\u00f6ren zu unseren Forschungsthemen. Das Institut ist offen f\u00fcr weitere Kollaborationen.<\/p>\n","protected":false},"author":101700,"featured_media":6621,"parent":0,"menu_order":0,"comment_status":"closed","ping_status":"closed","template":"","meta":{"_acf_changed":false,"footnotes":""},"categories":[],"tags":[],"class_list":["post-7114","page","type-page","status-publish","has-post-thumbnail","hentry"],"acf":[],"_links":{"self":[{"href":"https:\/\/semmelweis.hu\/mutettan\/wp-json\/wp\/v2\/pages\/7114","targetHints":{"allow":["GET"]}}],"collection":[{"href":"https:\/\/semmelweis.hu\/mutettan\/wp-json\/wp\/v2\/pages"}],"about":[{"href":"https:\/\/semmelweis.hu\/mutettan\/wp-json\/wp\/v2\/types\/page"}],"author":[{"embeddable":true,"href":"https:\/\/semmelweis.hu\/mutettan\/wp-json\/wp\/v2\/users\/101700"}],"replies":[{"embeddable":true,"href":"https:\/\/semmelweis.hu\/mutettan\/wp-json\/wp\/v2\/comments?post=7114"}],"version-history":[{"count":7,"href":"https:\/\/semmelweis.hu\/mutettan\/wp-json\/wp\/v2\/pages\/7114\/revisions"}],"predecessor-version":[{"id":8530,"href":"https:\/\/semmelweis.hu\/mutettan\/wp-json\/wp\/v2\/pages\/7114\/revisions\/8530"}],"wp:featuredmedia":[{"embeddable":true,"href":"https:\/\/semmelweis.hu\/mutettan\/wp-json\/wp\/v2\/media\/6621"}],"wp:attachment":[{"href":"https:\/\/semmelweis.hu\/mutettan\/wp-json\/wp\/v2\/media?parent=7114"}],"wp:term":[{"taxonomy":"category","embeddable":true,"href":"https:\/\/semmelweis.hu\/mutettan\/wp-json\/wp\/v2\/categories?post=7114"},{"taxonomy":"post_tag","embeddable":true,"href":"https:\/\/semmelweis.hu\/mutettan\/wp-json\/wp\/v2\/tags?post=7114"}],"curies":[{"name":"wp","href":"https:\/\/api.w.org\/{rel}","templated":true}]}}