{"id":7019,"date":"2020-11-19T13:03:51","date_gmt":"2020-11-19T12:03:51","guid":{"rendered":"https:\/\/semmelweis.hu\/mutettan\/?page_id=7019"},"modified":"2026-02-04T10:50:53","modified_gmt":"2026-02-04T09:50:53","slug":"phd-temak","status":"publish","type":"page","link":"https:\/\/semmelweis.hu\/mutettan\/kutatasi-temak\/phd-temak\/","title":{"rendered":"Phd t\u00e9m\u00e1k"},"content":{"rendered":"<p><strong>Sz\u00edv- \u00e9s \u00c9rgy\u00f3gy\u00e1szati Tagozat:<\/strong><\/p>\n<p>Dr. Szab\u00f3 Gy\u00f6rgyi PhD t\u00e9m\u00e1i:<\/p>\n<p>1. A deszikk\u00e1ci\u00f3, ischemia-reperf\u00fazi\u00f3 hat\u00e1sa a sz\u00f6veti \u00e1raml\u00e1sra, szabadgy\u00f6k k\u00e9pz\u0151d\u00e9sre<br \/>\n2. PRP (platelet rich plasma) \u00e9s PRF (platelet rich fibrin) k\u00e9sz\u00edtm\u00e9nyek felhaszn\u00e1lhat\u00f3s\u00e1ga<br \/>\n3. A seb\u00e9szeti beavatkoz\u00e1sokat k\u00f6vet\u0151 adh\u00e9zi\u00f3k\u00e9pz\u0151d\u00e9s folyamata, kulcsszerepl\u0151i, a prevenci\u00f3 lehet\u0151s\u00e9gei<\/p>\n","protected":false},"excerpt":{"rendered":"<p>Sz\u00edv- \u00e9s \u00c9rgy\u00f3gy\u00e1szati Tagozat:<br \/>\nDr. Szab\u00f3 Gy\u00f6rgyi PhD t\u00e9m\u00e1i:<br \/>\n1. A deszikk\u00e1ci\u00f3, ischemia-reperf\u00fazi\u00f3 hat\u00e1sa a sz\u00f6veti \u00e1raml\u00e1sra, szabadgy\u00f6k k\u00e9pz\u0151d\u00e9sre<br \/>\n2. PRP (platelet rich plasma) \u00e9s PRF (platelet rich fibrin) k\u00e9sz\u00edtm\u00e9nyek felhaszn\u00e1lhat\u00f3s\u00e1ga<br \/>\n3. A seb\u00e9szeti beavatkoz\u00e1sokat k\u00f6vet\u0151 adh\u00e9zi\u00f3k\u00e9pz\u0151d\u00e9s folyamata, kulcsszerepl\u0151i, a prevenci\u00f3 lehet\u0151s\u00e9gei<\/p>\n","protected":false},"author":101700,"featured_media":0,"parent":124,"menu_order":2,"comment_status":"closed","ping_status":"closed","template":"","meta":{"_acf_changed":false,"footnotes":""},"categories":[],"tags":[],"class_list":["post-7019","page","type-page","status-publish","hentry"],"acf":[],"_links":{"self":[{"href":"https:\/\/semmelweis.hu\/mutettan\/wp-json\/wp\/v2\/pages\/7019","targetHints":{"allow":["GET"]}}],"collection":[{"href":"https:\/\/semmelweis.hu\/mutettan\/wp-json\/wp\/v2\/pages"}],"about":[{"href":"https:\/\/semmelweis.hu\/mutettan\/wp-json\/wp\/v2\/types\/page"}],"author":[{"embeddable":true,"href":"https:\/\/semmelweis.hu\/mutettan\/wp-json\/wp\/v2\/users\/101700"}],"replies":[{"embeddable":true,"href":"https:\/\/semmelweis.hu\/mutettan\/wp-json\/wp\/v2\/comments?post=7019"}],"version-history":[{"count":10,"href":"https:\/\/semmelweis.hu\/mutettan\/wp-json\/wp\/v2\/pages\/7019\/revisions"}],"predecessor-version":[{"id":9252,"href":"https:\/\/semmelweis.hu\/mutettan\/wp-json\/wp\/v2\/pages\/7019\/revisions\/9252"}],"up":[{"embeddable":true,"href":"https:\/\/semmelweis.hu\/mutettan\/wp-json\/wp\/v2\/pages\/124"}],"wp:attachment":[{"href":"https:\/\/semmelweis.hu\/mutettan\/wp-json\/wp\/v2\/media?parent=7019"}],"wp:term":[{"taxonomy":"category","embeddable":true,"href":"https:\/\/semmelweis.hu\/mutettan\/wp-json\/wp\/v2\/categories?post=7019"},{"taxonomy":"post_tag","embeddable":true,"href":"https:\/\/semmelweis.hu\/mutettan\/wp-json\/wp\/v2\/tags?post=7019"}],"curies":[{"name":"wp","href":"https:\/\/api.w.org\/{rel}","templated":true}]}}