{"id":6467,"date":"2020-02-24T17:39:03","date_gmt":"2020-02-24T16:39:03","guid":{"rendered":"http:\/\/semmelweis.hu\/mutettan\/?page_id=6467"},"modified":"2024-09-17T13:23:46","modified_gmt":"2024-09-17T11:23:46","slug":"igenybe-veheto-szolgaltatasaink","status":"publish","type":"page","link":"https:\/\/semmelweis.hu\/mutettan\/trening-kozpont\/igenybe-veheto-szolgaltatasaink\/","title":{"rendered":"Szolg\u00e1ltat\u00e1sok"},"content":{"rendered":"<p>A Tr\u00e9ning K\u00f6zpont optim\u00e1lis felt\u00e9telek mellett tudja biztos\u00edtani a fejleszt\u00e9si munk\u00e1hoz az eszk\u00f6z\u00f6k, anyagok, m\u00f3dszerek \u00e9l\u0151 \u00e1llatokon t\u00f6rt\u00e9n\u0151 kipr\u00f3b\u00e1l\u00e1s\u00e1nak lehet\u0151s\u00e9g\u00e9t.<\/p>\n<p><img loading=\"lazy\" decoding=\"async\" class=\"wp-image-5379 aligncenter\" src=\"https:\/\/semmelweis.hu\/mutettan\/files\/2015\/06\/IMG_0294.jpg\" alt=\"IMG_0294.jpg\" width=\"651\" height=\"488\" srcset=\"https:\/\/semmelweis.hu\/mutettan\/files\/2015\/06\/IMG_0294.jpg 1024w, https:\/\/semmelweis.hu\/mutettan\/files\/2015\/06\/IMG_0294-300x225.jpg 300w, https:\/\/semmelweis.hu\/mutettan\/files\/2015\/06\/IMG_0294-768x576.jpg 768w, https:\/\/semmelweis.hu\/mutettan\/files\/2015\/06\/IMG_0294-400x300.jpg 400w\" sizes=\"auto, (max-width: 651px) 100vw, 651px\" \/><\/p>\n<p>Akt\u00edv szerepet tudunk v\u00e1llalni a k\u00eds\u00e9rletek megtervez\u00e9s\u00e9t\u0151l, azok lebonyol\u00edt\u00e1s\u00e1n \u00e1t az ut\u00f3munk\u00e1latokig (mintav\u00e9telek, ki\u00e9rt\u00e9kel\u00e9sek).<\/p>\n<p>Kutat\u00f3i csapatunk seb\u00e9sz specialist\u00e1kb\u00f3l, biol\u00f3gusokb\u00f3l \u00e9s \u00e1llatorvosb\u00f3l \u00e1ll. Az \u00e1llatok vizsg\u00e1lat\u00e1ra, napi szint\u0171 ell\u00e1t\u00e1s\u00e1ra vonatkoz\u00f3an is rendelkez\u00fcnk a megfelel\u0151 infrastrukt\u00far\u00e1val, ez\u00e1ltal akut \u00e9s hossz\u00fa t\u00fal\u00e9l\u00e9si idej\u0171 \u00e1llatmodelleket (patk\u00e1ny, ny\u00fal, sert\u00e9s) is fel tudunk aj\u00e1nlani.<\/p>\n<p><strong>C\u00edm:<\/strong>\u00a02053 Herceghalom, Geszteny\u00e9s \u00fat 1.<br \/>\n<strong>GPS koordin\u00e1t\u00e1k:<\/strong>\u00a0\u00c9 47.4985116, K 18.7509883<br \/>\nemail c\u00edm:kksmthh@semmelweis.hu<\/p>\n","protected":false},"excerpt":{"rendered":"<p>A Tr\u00e9ning K\u00f6zpont optim\u00e1lis felt\u00e9telek mellett tudja biztos\u00edtani a fejleszt\u00e9si munk\u00e1hoz az eszk\u00f6z\u00f6k, anyagok, m\u00f3dszerek \u00e9l\u0151 \u00e1llatokon t\u00f6rt\u00e9n\u0151 kipr\u00f3b\u00e1l\u00e1s\u00e1nak lehet\u0151s\u00e9g\u00e9t. Akt\u00edv szerepet tudunk v\u00e1llalni a k\u00eds\u00e9rletek megtervez\u00e9s\u00e9t\u0151l, azok lebonyol\u00edt\u00e1s\u00e1n \u00e1t az ut\u00f3munk\u00e1latokig (mintav\u00e9telek, ki\u00e9rt\u00e9kel\u00e9sek). Kutat\u00f3i csapatunk seb\u00e9sz specialist\u00e1kb\u00f3l, biol\u00f3gusokb\u00f3l \u00e9s \u00e1llatorvosb\u00f3l \u00e1ll. Az \u00e1llatok vizsg\u00e1lat\u00e1ra, napi szint\u0171 ell\u00e1t\u00e1s\u00e1ra vonatkoz\u00f3an is rendelkez\u00fcnk a megfelel\u0151 infrastrukt\u00far\u00e1val, ez\u00e1ltal &hellip;<\/p>\n","protected":false},"author":12,"featured_media":0,"parent":89,"menu_order":0,"comment_status":"closed","ping_status":"closed","template":"","meta":{"_acf_changed":false,"footnotes":""},"categories":[],"tags":[],"class_list":["post-6467","page","type-page","status-publish","hentry"],"acf":[],"_links":{"self":[{"href":"https:\/\/semmelweis.hu\/mutettan\/wp-json\/wp\/v2\/pages\/6467","targetHints":{"allow":["GET"]}}],"collection":[{"href":"https:\/\/semmelweis.hu\/mutettan\/wp-json\/wp\/v2\/pages"}],"about":[{"href":"https:\/\/semmelweis.hu\/mutettan\/wp-json\/wp\/v2\/types\/page"}],"author":[{"embeddable":true,"href":"https:\/\/semmelweis.hu\/mutettan\/wp-json\/wp\/v2\/users\/12"}],"replies":[{"embeddable":true,"href":"https:\/\/semmelweis.hu\/mutettan\/wp-json\/wp\/v2\/comments?post=6467"}],"version-history":[{"count":6,"href":"https:\/\/semmelweis.hu\/mutettan\/wp-json\/wp\/v2\/pages\/6467\/revisions"}],"predecessor-version":[{"id":8868,"href":"https:\/\/semmelweis.hu\/mutettan\/wp-json\/wp\/v2\/pages\/6467\/revisions\/8868"}],"up":[{"embeddable":true,"href":"https:\/\/semmelweis.hu\/mutettan\/wp-json\/wp\/v2\/pages\/89"}],"wp:attachment":[{"href":"https:\/\/semmelweis.hu\/mutettan\/wp-json\/wp\/v2\/media?parent=6467"}],"wp:term":[{"taxonomy":"category","embeddable":true,"href":"https:\/\/semmelweis.hu\/mutettan\/wp-json\/wp\/v2\/categories?post=6467"},{"taxonomy":"post_tag","embeddable":true,"href":"https:\/\/semmelweis.hu\/mutettan\/wp-json\/wp\/v2\/tags?post=6467"}],"curies":[{"name":"wp","href":"https:\/\/api.w.org\/{rel}","templated":true}]}}