{"id":6431,"date":"2020-02-24T16:15:12","date_gmt":"2020-02-24T15:15:12","guid":{"rendered":"http:\/\/semmelweis.hu\/mutettan\/?page_id=6431"},"modified":"2021-04-14T22:31:38","modified_gmt":"2021-04-14T20:31:38","slug":"oktatas","status":"publish","type":"page","link":"https:\/\/semmelweis.hu\/mutettan\/oktatas\/","title":{"rendered":"Oktat\u00e1s"},"content":{"rendered":"<p style=\"text-align: justify\">T\u00f6bb, mint 10 \u00e9ve oktatjuk a \u201eK\u00eds\u00e9rletes \u00e9s seb\u00e9szeti m\u0171t\u00e9ttan\u201d k\u00f6telez\u0151 tant\u00e1rgyat harmad\u00e9ves hallgat\u00f3knak a preklinikai modulban, melyet magyar nyelven eddig 10 f\u00e9l\u00e9ven \u00e1t \u00f6sszesen 3550, az idegen nyelv\u0171 oktat\u00e1s sor\u00e1n 8 f\u00e9l\u00e9ven kereszt\u00fcl \u00f6sszesen 1580 angol \u00e9s 973 n\u00e9met hallgat\u00f3 v\u00e9gezte el. Ezalatt az id\u0151 alatt a M\u0171t\u00e9ttan n\u00e9pszer\u0171 t\u00e1rggy\u00e1 v\u00e1lt, mivel az elm\u00e9leti \u00f3r\u00e1k ut\u00e1n a hallgat\u00f3k ism\u00e9t felfedezhetik saj\u00e1t kez\u00fcket. Az egym\u00e1sk\u00f6zti verseng\u00e9s pozit\u00edv hat\u00e1sait is felhaszn\u00e1l\u00f3 gyakorlataink lehet\u0151s\u00e9get biztos\u00edtanak a hallgat\u00f3knak, hogy megtapasztalj\u00e1k \u2013 t\u00e1rsaikhoz is viszony\u00edtott \u2013 k\u00e9z\u00fcgyess\u00e9g\u00fcket.\u00a0<\/p>\n<p><a href=\"https:\/\/semmelweis.hu\/mutettan\/files\/2021\/01\/OKTAT\u00c1S-2-scaled.jpg\"><img loading=\"lazy\" decoding=\"async\" class=\"aligncenter  wp-image-7230\" src=\"https:\/\/semmelweis.hu\/mutettan\/files\/2021\/01\/OKTAT\u00c1S-2-1024x683.jpg\" alt=\"\" width=\"582\" height=\"388\" srcset=\"https:\/\/semmelweis.hu\/mutettan\/files\/2021\/01\/OKTAT\u00c1S-2-1024x683.jpg 1024w, https:\/\/semmelweis.hu\/mutettan\/files\/2021\/01\/OKTAT\u00c1S-2-300x200.jpg 300w, https:\/\/semmelweis.hu\/mutettan\/files\/2021\/01\/OKTAT\u00c1S-2-768x512.jpg 768w, https:\/\/semmelweis.hu\/mutettan\/files\/2021\/01\/OKTAT\u00c1S-2-450x300.jpg 450w, https:\/\/semmelweis.hu\/mutettan\/files\/2021\/01\/OKTAT\u00c1S-2-753x502.jpg 753w, https:\/\/semmelweis.hu\/mutettan\/files\/2021\/01\/OKTAT\u00c1S-2-203x135.jpg 203w, https:\/\/semmelweis.hu\/mutettan\/files\/2021\/01\/OKTAT\u00c1S-2.jpg 1280w\" sizes=\"auto, (max-width: 582px) 100vw, 582px\" \/><\/a><\/p>\n<p><span style=\"color: #000000\">A posztgradu\u00e1lis k\u00e9pz\u00e9s keret\u00e9ben a manu\u00e1lis szakm\u00e1k rezidenseinek 2016-t\u00f3l rendezett k\u00f6telez\u0151 \u201eSeb\u00e9szeti skill tr\u00e9ning\u201d tanfolyamait 500 koll\u00e9ga v\u00e9gezte el. A szakorvosok seb\u00e9szi tud\u00e1s\u00e1nak \u00e9s k\u00e9szs\u00e9g\u00e9nek fejleszt\u00e9se \u00e9rdek\u00e9ben akkredit\u00e1lt, kreditpontos kurzusokat hirdet\u00fcnk a varr\u00f3anyagok \u00e9s sebegyes\u00edt\u00e9s, alap- \u00e9s emelt szint\u0171 laparoszk\u00f3pos, valamint mikroseb\u00e9szeti, illetve minim\u00e1l invaz\u00edv seb\u00e9szet t\u00e1rgyk\u00f6rben.<\/span><\/p>\n<p><img loading=\"lazy\" decoding=\"async\" class=\"wp-image-7461 aligncenter\" src=\"https:\/\/semmelweis.hu\/mutettan\/files\/2021\/04\/IMG_3108-m\u00e1solata.jpg\" alt=\"\" width=\"290\" height=\"435\" srcset=\"https:\/\/semmelweis.hu\/mutettan\/files\/2021\/04\/IMG_3108-m\u00e1solata.jpg 800w, https:\/\/semmelweis.hu\/mutettan\/files\/2021\/04\/IMG_3108-m\u00e1solata-267x400.jpg 267w, https:\/\/semmelweis.hu\/mutettan\/files\/2021\/04\/IMG_3108-m\u00e1solata-683x1024.jpg 683w, https:\/\/semmelweis.hu\/mutettan\/files\/2021\/04\/IMG_3108-m\u00e1solata-768x1152.jpg 768w, https:\/\/semmelweis.hu\/mutettan\/files\/2021\/04\/IMG_3108-m\u00e1solata-753x1130.jpg 753w\" sizes=\"auto, (max-width: 290px) 100vw, 290px\" \/><\/p>\n<p><strong>G<\/strong><strong>radu\u00e1lis k\u00e9pz\u00e9s<\/strong><\/p>\n<ul>\n<li class=\"page_item page-item-109\"><a href=\"https:\/\/semmelweis.hu\/mutettan\/oktatas\/sebeszeti-mutettan\/\">K\u00f6telez\u0151 tant\u00e1rgy\u00a0<\/a><\/li>\n<li class=\"page_item page-item-111\"><a href=\"https:\/\/semmelweis.hu\/mutettan\/oktatas\/kreditpontos-kurzusok\/\">Szabadon v\u00e1laszthat\u00f3 tant\u00e1rgyak<\/a><\/li>\n<li class=\"page_item page-item-27\"><a href=\"https:\/\/semmelweis.hu\/mutettan\/oktatas\/demonstratori-palyazat\/\">Demonstr\u00e1tori \u00f6szt\u00f6nd\u00edj<\/a><\/li>\n<li class=\"page_item page-item-2035\"><a href=\"https:\/\/semmelweis.hu\/mutettan\/oktatas\/szakdolgozati-temak\/\">Szakdolgozati t\u00e9m\u00e1k<\/a><\/li>\n<\/ul>\n<p><strong>Posztgradu\u00e1lis k\u00e9pz\u00e9s<\/strong><\/p>\n<ul>\n<li class=\"page_item page-item-2896\"><a href=\"https:\/\/semmelweis.hu\/mutettan\/oktatas\/phd-kurzusaink\/\">PhD kurzusaink<\/a><\/li>\n<\/ul>\n<p><strong>Szakorvosk\u00e9pz\u00e9s<\/strong><\/p>\n<ul>\n<li class=\"page_item page-item-29\"><a href=\"https:\/\/semmelweis.hu\/mutettan\/oktatas\/szakorvoskepzes\/\">Seb\u00e9szeti Skill Tr\u00e9ning<\/a><\/li>\n<\/ul>\n","protected":false},"excerpt":{"rendered":"<p>T\u00f6bb, mint 10 \u00e9ve oktatjuk a \u201eK\u00eds\u00e9rletes \u00e9s seb\u00e9szeti m\u0171t\u00e9ttan\u201d k\u00f6telez\u0151 tant\u00e1rgyat harmad\u00e9ves hallgat\u00f3knak a preklinikai modulban, melyet magyar nyelven eddig 10 f\u00e9l\u00e9ven \u00e1t \u00f6sszesen 3550, az idegen nyelv\u0171 oktat\u00e1s sor\u00e1n 8 f\u00e9l\u00e9ven kereszt\u00fcl \u00f6sszesen 1580 angol \u00e9s 973 n\u00e9met hallgat\u00f3 v\u00e9gezte el. Ezalatt az id\u0151 alatt a M\u0171t\u00e9ttan n\u00e9pszer\u0171 t\u00e1rggy\u00e1 v\u00e1lt, mivel az elm\u00e9leti &hellip;<\/p>\n","protected":false},"author":12,"featured_media":0,"parent":0,"menu_order":1,"comment_status":"closed","ping_status":"closed","template":"","meta":{"_acf_changed":false,"footnotes":""},"categories":[],"tags":[],"class_list":["post-6431","page","type-page","status-publish","hentry"],"acf":[],"_links":{"self":[{"href":"https:\/\/semmelweis.hu\/mutettan\/wp-json\/wp\/v2\/pages\/6431","targetHints":{"allow":["GET"]}}],"collection":[{"href":"https:\/\/semmelweis.hu\/mutettan\/wp-json\/wp\/v2\/pages"}],"about":[{"href":"https:\/\/semmelweis.hu\/mutettan\/wp-json\/wp\/v2\/types\/page"}],"author":[{"embeddable":true,"href":"https:\/\/semmelweis.hu\/mutettan\/wp-json\/wp\/v2\/users\/12"}],"replies":[{"embeddable":true,"href":"https:\/\/semmelweis.hu\/mutettan\/wp-json\/wp\/v2\/comments?post=6431"}],"version-history":[{"count":10,"href":"https:\/\/semmelweis.hu\/mutettan\/wp-json\/wp\/v2\/pages\/6431\/revisions"}],"predecessor-version":[{"id":7475,"href":"https:\/\/semmelweis.hu\/mutettan\/wp-json\/wp\/v2\/pages\/6431\/revisions\/7475"}],"wp:attachment":[{"href":"https:\/\/semmelweis.hu\/mutettan\/wp-json\/wp\/v2\/media?parent=6431"}],"wp:term":[{"taxonomy":"category","embeddable":true,"href":"https:\/\/semmelweis.hu\/mutettan\/wp-json\/wp\/v2\/categories?post=6431"},{"taxonomy":"post_tag","embeddable":true,"href":"https:\/\/semmelweis.hu\/mutettan\/wp-json\/wp\/v2\/tags?post=6431"}],"curies":[{"name":"wp","href":"https:\/\/api.w.org\/{rel}","templated":true}]}}