{"id":6393,"date":"2020-02-20T15:52:16","date_gmt":"2020-02-20T14:52:16","guid":{"rendered":"http:\/\/semmelweis.hu\/mutettan\/?page_id=6393"},"modified":"2023-11-13T14:44:58","modified_gmt":"2023-11-13T13:44:58","slug":"intezetunk-bemutatasa","status":"publish","type":"page","link":"https:\/\/semmelweis.hu\/mutettan\/intezetunk-bemutatasa\/","title":{"rendered":"Bemutatkoz\u00e1s"},"content":{"rendered":"<p style=\"text-align: justify\">A K\u00eds\u00e9rletes \u00e9s Seb\u00e9szeti M\u0171t\u00e9ttani Int\u00e9zet 2010 \u00e9s 2020 k\u00f6z\u00f6tt, mint int\u00e9zet tev\u00e9kenykedett. 2020. j\u00falius 1-t\u0151l a V\u00e1rosmajori Sz\u00edv- \u00e9s \u00c9rgy\u00f3gy\u00e1szati Klinika tansz\u00e9kek\u00e9nt m\u0171k\u00f6dik.<\/p>\n<p style=\"text-align: justify\">Fontos szerepet t\u00f6lt be a Semmelweis Egyetemen tanul\u00f3 orvostanhallgat\u00f3k, a posztgradu\u00e1lis k\u00e9pz\u00e9sben r\u00e9sztvev\u0151 PhD hallgat\u00f3k, szakorvosjel\u00f6ltek manu\u00e1lis k\u00e9szs\u00e9gfejleszt\u00e9s\u00e9ben \u00e9s a m\u0171t\u00e9ti szakm\u00e1k szakorvosainak folyamatos tov\u00e1bbk\u00e9pz\u00e9s\u00e9ben. 2011-t\u0151l vesz\u00fcnk r\u00e9szt a gradu\u00e1lis oktat\u00e1sban \u00e9s a PhD-k\u00e9pz\u00e9sben, 2016-t\u00f3l szervezz\u00fck a manu\u00e1lis szakm\u00e1k szakorvosk\u00e9pz\u00e9s\u00e9ben r\u00e9sztvev\u0151 fiatal koll\u00e9g\u00e1k sz\u00e1m\u00e1ra a 4 hetes, k\u00f6telez\u0151 Seb\u00e9szeti Skill Tr\u00e9ning Tanfolyamot.<\/p>\n<p><img loading=\"lazy\" decoding=\"async\" class=\"wp-image-7458 aligncenter\" src=\"https:\/\/semmelweis.hu\/mutettan\/files\/2021\/04\/KSMI_Ke12.jpg\" alt=\"\" width=\"706\" height=\"530\" srcset=\"https:\/\/semmelweis.hu\/mutettan\/files\/2021\/04\/KSMI_Ke12.jpg 1600w, https:\/\/semmelweis.hu\/mutettan\/files\/2021\/04\/KSMI_Ke12-400x300.jpg 400w, https:\/\/semmelweis.hu\/mutettan\/files\/2021\/04\/KSMI_Ke12-1024x768.jpg 1024w, https:\/\/semmelweis.hu\/mutettan\/files\/2021\/04\/KSMI_Ke12-768x576.jpg 768w, https:\/\/semmelweis.hu\/mutettan\/files\/2021\/04\/KSMI_Ke12-1536x1152.jpg 1536w, https:\/\/semmelweis.hu\/mutettan\/files\/2021\/04\/KSMI_Ke12-753x565.jpg 753w\" sizes=\"auto, (max-width: 706px) 100vw, 706px\" \/><\/p>\n<p style=\"text-align: justify\">Munkat\u00e1rsaink ir\u00e1ny\u00edtj\u00e1k \u00e9s szervezik a Munkahelyi \u00c1llatj\u00f3l\u00e9ti Bizotts\u00e1g (M\u00c1B) munk\u00e1j\u00e1t, amely a Semmelweis Egyetemen v\u00e9gzett \u00e1llatk\u00eds\u00e9rletekkel kapcsolatos tev\u00e9kenys\u00e9gek egyetemi szint\u0171 fel\u00fcgyelet\u00e9t l\u00e1tja el. A kutat\u00f3k \u00e9s szakdolgoz\u00f3k k\u00e9pz\u00e9s\u00e9nek \u00e9s \u00e9venk\u00e9nti tov\u00e1bbk\u00e9pz\u00e9s\u00e9nek (K\u00eds\u00e9rleti \u00e1llatok \u2013 \u00e1llatk\u00eds\u00e9rletek PhD \u00e9s tov\u00e1bbk\u00e9pz\u0151 kurzus) megszervez\u00e9s\u00e9hez is tansz\u00e9k\u00fcnk infrastrukt\u00far\u00e1ja biztos\u00edt helyet.<\/p>\n<p style=\"text-align: justify\">Mikroseb\u00e9szeti skill laborunkban 10 oper\u00e1ci\u00f3s oktat\u00f3 diploszk\u00f3ppal \u00e9s mikroseb\u00e9szeti eszk\u00f6zparkkal v\u00e9gzi az ortop\u00e9d-traumatol\u00f3gia, plasztikai seb\u00e9szet rezidenseinek \u00e9s szakorvosok k\u00f6telez\u0151 tanfolyamait, valamint k\u00fclf\u00f6ldi r\u00e9sztvev\u0151k tov\u00e1bbk\u00e9pz\u00e9s\u00e9t.<\/p>\n<p><img loading=\"lazy\" decoding=\"async\" class=\"wp-image-7453 aligncenter\" src=\"https:\/\/semmelweis.hu\/mutettan\/files\/2021\/04\/10.jpg\" alt=\"\" width=\"703\" height=\"404\" srcset=\"https:\/\/semmelweis.hu\/mutettan\/files\/2021\/04\/10.jpg 1600w, https:\/\/semmelweis.hu\/mutettan\/files\/2021\/04\/10-400x231.jpg 400w, https:\/\/semmelweis.hu\/mutettan\/files\/2021\/04\/10-1024x590.jpg 1024w, https:\/\/semmelweis.hu\/mutettan\/files\/2021\/04\/10-1536x885.jpg 1536w, https:\/\/semmelweis.hu\/mutettan\/files\/2021\/04\/10-753x434.jpg 753w\" sizes=\"auto, (max-width: 703px) 100vw, 703px\" \/><\/p>\n<p style=\"text-align: justify\">2014-t\u0151l nemzetk\u00f6zi &#8211; az Eur\u00f3pai Uni\u00f3 Erasmus+ Programja \u00e1ltal is t\u00e1mogatott &#8211; konzorciumok partnerk\u00e9nt c\u00e9lunk a seb\u00e9szeti szakk\u00e9pz\u00e9s moderniz\u00e1l\u00e1sa \u00e9s standardiz\u00e1l\u00e1sa, illetve a manu\u00e1lis- \u00e9s intellektu\u00e1lis k\u00e9szs\u00e9gfejleszt\u00e9s. A projektek seg\u00edts\u00e9g\u00e9vel lehet\u0151v\u00e9 v\u00e1lik a magyar seb\u00e9szeti szakk\u00e9pz\u00e9sben r\u00e9sztvev\u0151 fiatal koll\u00e9g\u00e1k sz\u00e1m\u00e1ra, hogy a legmodernebb e-learning \u00e9s digit\u00e1lis technol\u00f3gi\u00e1n alapul\u00f3 (TEL-alap\u00fa) m\u00f3dszerek, szimul\u00e1torok, serious game-k haszn\u00e1lat\u00e1val, ak\u00e1r otthonr\u00f3l is fejleszthess\u00e9k seb\u00e9szi- \u00e9s interperszon\u00e1lis k\u00e9szs\u00e9geiket.<\/p>\n","protected":false},"excerpt":{"rendered":"<p align=\"justify\">Szeretettel k\u00f6sz\u00f6ntj\u00fck honlapunkon, melynek seg\u00edts\u00e9g\u00e9vel betekint\u00e9st kaphat a seb\u00e9szeti manu\u00e1lis k\u00e9szs\u00e9gfejleszt\u00e9s legnagyobb magyarorsz\u00e1gi k\u00f6zpontj\u00e1nak tev\u00e9kenys\u00e9g\u00e9be. Oktat\u00e1si feladatainkat a legmagasabb hallgat\u00f3i l\u00e9tsz\u00e1m bevon\u00e1s\u00e1val az orvosk\u00e9pz\u00e9s teljes vertikum\u00e1t fel\u00f6lel\u0151 m\u00f3don v\u00e9gezz\u00fck. <\/p>\n<p align=\"justify\">Kutat\u00e1si t\u00e9ren a tansz\u00e9k sz\u00e1mos, az operat\u00edv gy\u00f3gy\u00edt\u00f3 munka sor\u00e1n felmer\u00fcl\u0151 probl\u00e9ma, interdiszciplin\u00e1lis \u00f6tlet kutat\u00e1s\u00e1t \u00e9s megval\u00f3s\u00edt\u00e1s\u00e1t v\u00e9gzi \u00e9s nyitott hasonl\u00f3 t\u00e9m\u00e1j\u00fa kollabor\u00e1ci\u00f3kra. <\/p>\n","protected":false},"author":101700,"featured_media":6621,"parent":0,"menu_order":0,"comment_status":"closed","ping_status":"closed","template":"","meta":{"_acf_changed":false,"footnotes":""},"categories":[],"tags":[],"class_list":["post-6393","page","type-page","status-publish","has-post-thumbnail","hentry"],"acf":[],"_links":{"self":[{"href":"https:\/\/semmelweis.hu\/mutettan\/wp-json\/wp\/v2\/pages\/6393","targetHints":{"allow":["GET"]}}],"collection":[{"href":"https:\/\/semmelweis.hu\/mutettan\/wp-json\/wp\/v2\/pages"}],"about":[{"href":"https:\/\/semmelweis.hu\/mutettan\/wp-json\/wp\/v2\/types\/page"}],"author":[{"embeddable":true,"href":"https:\/\/semmelweis.hu\/mutettan\/wp-json\/wp\/v2\/users\/101700"}],"replies":[{"embeddable":true,"href":"https:\/\/semmelweis.hu\/mutettan\/wp-json\/wp\/v2\/comments?post=6393"}],"version-history":[{"count":10,"href":"https:\/\/semmelweis.hu\/mutettan\/wp-json\/wp\/v2\/pages\/6393\/revisions"}],"predecessor-version":[{"id":8425,"href":"https:\/\/semmelweis.hu\/mutettan\/wp-json\/wp\/v2\/pages\/6393\/revisions\/8425"}],"wp:featuredmedia":[{"embeddable":true,"href":"https:\/\/semmelweis.hu\/mutettan\/wp-json\/wp\/v2\/media\/6621"}],"wp:attachment":[{"href":"https:\/\/semmelweis.hu\/mutettan\/wp-json\/wp\/v2\/media?parent=6393"}],"wp:term":[{"taxonomy":"category","embeddable":true,"href":"https:\/\/semmelweis.hu\/mutettan\/wp-json\/wp\/v2\/categories?post=6393"},{"taxonomy":"post_tag","embeddable":true,"href":"https:\/\/semmelweis.hu\/mutettan\/wp-json\/wp\/v2\/tags?post=6393"}],"curies":[{"name":"wp","href":"https:\/\/api.w.org\/{rel}","templated":true}]}}