{"id":4705,"date":"2019-10-11T08:31:18","date_gmt":"2019-10-11T06:31:18","guid":{"rendered":"http:\/\/semmelweis.hu\/mutettan\/?page_id=4705"},"modified":"2024-09-17T11:20:27","modified_gmt":"2024-09-17T09:20:27","slug":"4705-2","status":"publish","type":"page","link":"https:\/\/semmelweis.hu\/mutettan\/kutatasi-temak\/intezetunk-palyazatai\/4705-2\/","title":{"rendered":"S4Game Projekt\u00a0"},"content":{"rendered":"<p><strong><a href=\"https:\/\/semmelweis.hu\/mutettan\/files\/2019\/10\/eu-log\u00f3.jpg\"><img loading=\"lazy\" decoding=\"async\" class=\"size-full wp-image-4706 alignright\" src=\"https:\/\/semmelweis.hu\/mutettan\/files\/2019\/10\/eu-log\u00f3.jpg\" alt=\"\" width=\"245\" height=\"75\" \/><\/a>Training of Soft Skills for Surgical Teams using an immersive Serious Game<\/strong><\/p>\n<p><strong>Projekt reference number: 2018-ES01-KA202-050943<\/strong><\/p>\n<div class=\"responsive-tabs\">\n<h2 class=\"tabtitle\">Projekt<\/h2>\n<div class=\"tabcontent\">\n\n<p style=\"text-align: justify\">Nem-m\u0171t\u00e9ti-k\u00e9szs\u00e9geknek nevezz\u00fck azokat az interperszon\u00e1lis (pl. kommunik\u00e1ci\u00f3, csapatmunka), kognit\u00edv (pl. d\u00f6nt\u00e9shoz\u00e1s, tudatoss\u00e1g) \u00e9s szem\u00e9lyes er\u0151forr\u00e1sokat (stresszel vagy f\u00e1radts\u00e1ggal val\u00f3 megk\u00fczd\u00e9s), amelyek kieg\u00e9sz\u00edtik a m\u0171t\u00e9ti k\u00e9szs\u00e9geket, illetve el\u0151seg\u00edtik a biztons\u00e1gos \u00e9s hat\u00e9kony munkav\u00e9gz\u00e9st. Jelent\u0151s\u00e9g\u00fcket a seb\u00e9szetben \u00e9s a seb\u00e9szeti szakk\u00e9pz\u00e9sben nemr\u00e9g vett\u00e9k csak gorcs\u0151 al\u00e1.\u00a0 Fontoss\u00e1guk egyre n\u0151, ahogy a seb\u00e9szeti szakk\u00e9pz\u00e9s egyre ink\u00e1bb elfordul a hagyom\u00e1nyos k\u00e9pz\u00e9si form\u00e1kt\u00f3l, amelyek m\u00e1r nem felelnek meg a modern \u00e9s biztons\u00e1gos seb\u00e9szeti gyakorlatnak. \u00cdgy a m\u0171t\u0151i munkat\u00e1rsak nem-m\u0171t\u00e9ti-k\u00e9szs\u00e9geinek folyamatos fejleszt\u00e9se elengedhetetlen\u00e9 v\u00e1lt.<\/p>\n<p style=\"text-align: justify\">Tov\u00e1bb\u00e1 a virtu\u00e1lis val\u00f3s\u00e1g (VR) \u00e9s a vide\u00f3j\u00e1t\u00e9kok (Serious Games \u2013 SG) az \u00e9let minden ter\u00fclet\u00e9n kimer\u00edthetetlen forr\u00e1sai a modern oktat\u00e1snak. El\u0151nyeiket a seb\u00e9szeti k\u00e9pz\u00e9sben sem haszn\u00e1lt\u00e1k m\u00e9g ki megfelel\u0151en, annak ellen\u00e9re, hogy a m\u0171t\u00e9ti team tagjai l\u00e1tv\u00e1nyos k\u00f6rnyezetben, betegbiztons\u00e1gi kock\u00e1zatok n\u00e9lk\u00fcl fejleszthetik k\u00e9szs\u00e9geiket, tov\u00e1bb\u00e1 a k\u00e9pz\u00e9s k\u00f6lts\u00e9gei is cs\u00f6kkenthet\u0151k, mivel nincs sz\u00fcks\u00e9g tr\u00e9ning k\u00f6zpont vagy m\u0171t\u0151 b\u00e9rl\u00e9s\u00e9re.<\/p>\n<p style=\"text-align: justify\">Az S4Game Projekt f\u0151 c\u00e9lkit\u0171z\u00e9se, egy innovat\u00edv k\u00e9pz\u00e9si program l\u00e9trehoz\u00e1sa az eg\u00e9szs\u00e9g\u00fcgyi szakemberek nem-m\u0171t\u00e9ti-k\u00e9szs\u00e9geinek fejleszt\u00e9s\u00e9re. Ennek \u00e9rdek\u00e9ben egy szakk\u00f6nyv \u00e9s egy egyed\u00fcl\u00e1ll\u00f3, VR technol\u00f3gi\u00e1n alapul\u00f3 vide\u00f3j\u00e1t\u00e9k megalkot\u00e1sa a c\u00e9l, amelyek a m\u0171t\u0151i munk\u00e1hoz sz\u00fcks\u00e9ges nem-m\u0171t\u00e9ti k\u00e9szs\u00e9geket (kommunik\u00e1ci\u00f3, csapatmunka, koordin\u00e1ci\u00f3) fejlesztik. A m\u0171t\u00e9ti team tagjai (operat\u0151r, els\u0151 asszisztens, m\u0171t\u0151sn\u0151 stb.) 3D avatar form\u00e1j\u00e1ban jelennek meg a j\u00e1t\u00e9kban \u00e9s a val\u00f3 \u00e9letb\u0151l vett probl\u00e9mamegold\u00f3 feladatokkal seg\u00edti a szakemberek k\u00e9pz\u00e9s\u00e9t.<\/p>\n<p style=\"text-align: justify\">Tov\u00e1bbi inform\u00e1ci\u00f3\u00e9rt, k\u00e9rj\u00fck l\u00e1togassa meg weboldalunkat:\u00a0<a href=\"http:\/\/www.s4game.eu\">www.s4game.eu<\/a>\u00a0<\/p>\n<p style=\"text-align: justify\">K\u00e9rj\u00fck k\u00f6vessen minket a k\u00f6z\u00f6ss\u00e9gi m\u00e9di\u00e1n kereszt\u00fcl is:<\/p>\n<ul>\n<li style=\"text-align: justify\"><strong>Facebook<\/strong> &#8211; @s4gameproject<\/li>\n<li style=\"text-align: justify\"><strong>Twitter<\/strong> &#8211; @S4Game1<\/li>\n<li style=\"text-align: justify\"><strong>Instagram<\/strong> &#8211; sforgameproject<\/li>\n<\/ul>\n\n<\/div><h2 class=\"tabtitle\">Multiplier Event<\/h2>\n<div class=\"tabcontent\">\n\n<h1 style=\"text-align: center\"><strong><span style=\"font-size: 14pt\">Multiplier Event Magyarorsz\u00e1gon<br \/>\n<\/span><span style=\"font-size: 14pt\">George Berci Seb\u00e9szeti Oktat\u00f3 \u00e9s Kutat\u00f3 Laborat\u00f3rium<\/span><\/strong><\/h1>\n<p style=\"text-align: center\"><span style=\"font-size: 14pt\"><strong>H-2053 Herceghalom, Geszteny\u00e9s \u00fat 1.<br \/>\n<\/strong><\/span><strong><span style=\"font-size: 14pt\">S4Game Projekt<\/span><\/strong><br \/>\n<strong><span style=\"font-size: 14pt\"><em>2018-1-ES01-KA202-050943<\/em><\/span><\/strong><\/p>\n<ol start=\"2021\">\n<li><strong> j\u00fanius 25. 09:00 CET<\/strong><\/li>\n<\/ol>\n<p style=\"text-align: justify\">Tisztelt Koll\u00e9ga!<\/p>\n<p style=\"text-align: justify\">Az S4Game projekt legf\u0151bb c\u00e9lja, a kognit\u00edv k\u00e9szs\u00e9gek fejleszt\u00e9se a VR technol\u00f3gia el\u0151nyeinek kihaszn\u00e1l\u00e1s\u00e1val. A projekt keret\u00e9ben elk\u00e9sz\u00edtett\u00fck, az eddig hi\u00e1nyp\u00f3tl\u00f3 kognit\u00edv k\u00e9szs\u00e9gek h\u00e1tter\u00e9nek \u00e9s fejleszt\u00e9si lehet\u0151s\u00e9geinek k\u00e9zik\u00f6nyv\u00e9t, illetve a virtu\u00e1lis val\u00f3s\u00e1g (VR) lehet\u0151s\u00e9geit kihaszn\u00e1lva, fejlesztett\u00fcnk egy a kognit\u00edv k\u00e9szs\u00e9gek fejleszt\u00e9s\u00e9t szolg\u00e1l\u00f3 serious game-t. A projekt keret\u00e9ben 2021. j\u00fanius 25-\u00e9n 9:00-t\u00f3l lehet\u0151s\u00e9g\u00fck ny\u00edlik az \u00e9rdekl\u0151d\u0151knek, hogy betekitnsenek a projekt munk\u00e1j\u00e1ba \u00e9s kipr\u00f3b\u00e1lhass\u00e1k a j\u00e1t\u00e9k legfrissebb verzi\u00f3j\u00e1t.<\/p>\n<p style=\"text-align: justify\">A rendezv\u00e9nyen a r\u00e9szv\u00e9tel ingyenes, de regisztr\u00e1ci\u00f3hoz k\u00f6t\u00f6tt, k\u00e9rj\u00fck amennyiben \u00e9rdekl\u0151dik, regisztr\u00e1ljon az al\u00e1bbi linken.<\/p>\n<p>&nbsp;<\/p>\n<table width=\"612\">\n<tbody>\n<tr>\n<td width=\"145\">\n<p><strong>Regisztr\u00e1ci\u00f3<\/strong><\/p>\n<\/td>\n<td width=\"467\">\n<p><a href=\"https:\/\/forms.office.com\/r\/PTEf3HxUTD\">https:\/\/forms.office.com\/r\/PTEf3HxUTD<\/a><\/p>\n<\/td>\n<\/tr>\n<\/tbody>\n<\/table>\n<p><strong>\u00a0<\/strong><\/p>\n<p><strong>PROGRAM<\/strong><\/p>\n<p><strong><em>2021.06.25.<\/em><\/strong><\/p>\n<p>08:45\u00a0\u00a0\u00a0\u00a0\u00a0\u00a0\u00a0\u00a0\u00a0\u00a0\u00a0\u00a0\u00a0\u00a0\u00a0\u00a0\u00a0\u00a0\u00a0\u00a0 Regisztr\u00e1ci\u00f3<\/p>\n<p>09:00 \u2013 09:15\u00a0\u00a0\u00a0\u00a0 A r\u00e9sztvev\u0151k \u00fcdv\u00f6zl\u00e9se<\/p>\n<p>09:15 \u2013 10:00\u00a0\u00a0\u00a0\u00a0 Az S4Game projekt \u00e9s el\u00e9rend\u0151 c\u00e9ljainak bemutat\u00e1sa<\/p>\n<p>10:00 \u2013 10:15\u00a0\u00a0\u00a0\u00a0 K\u00e1v\u00e9sz\u00fcnet<\/p>\n<p>10:15 &#8211; 11:00\u00a0\u00a0\u00a0\u00a0\u00a0 Az S4Game serious game bemutat\u00e1sa<\/p>\n<p>11:00 \u2013 12:00\u00a0\u00a0\u00a0\u00a0 A j\u00e1t\u00e9k tesztel\u00e9se (VR- \u00e9s asztali verzi\u00f3)<\/p>\n<p>12.00 \u2013 12.30\u00a0\u00a0\u00a0\u00a0 K\u00e9rd\u00e9sek \u00e9s v\u00e1laszok, valid\u00e1ci\u00f3s k\u00e9rd\u0151\u00edv kit\u00f6lt\u00e9s<\/p>\n\n<\/div><h2 class=\"tabtitle\">Handbook<\/h2>\n<div class=\"tabcontent\">\n\n<p>ELK\u00c9SZ\u00dcLT AZ INGYENESEN LET\u00d6LTHET\u0150 S4GAME HANDBOOK!<\/p>\n<p style=\"text-align: justify\">\u00a0\u00a0\u00a0\u00a0\u00a0\u00a0\u00a0\u00a0\u00a0\u00a0\u00a0\u00a0\u00a0 Az Eur\u00f3pai Uni\u00f3 Erasmus+ programja \u00e1ltal t\u00e1mogatott \u201eTraining of Soft Skills for Surgical Teams using an immersive Serious Game\u201d projekt keret\u00e9ben elk\u00e9sz\u00fclt a Handbook of Soft Skills Training using Virtual Reality and Serious Games for Surgical Teams in the Operating Room c\u00edm\u0171 hi\u00e1nyp\u00f3tl\u00f3 kiadv\u00e1ny. A k\u00e9rik\u00f6nyv a kognit\u00edv k\u00e9szs\u00e9gek fejleszt\u00e9s\u00e9nek lehet\u0151s\u00e9geit c\u00e9lozza meg a virtu\u00e1lis val\u00f3s\u00e1g \u00e9s a vide\u00f3j\u00e1t\u00e9kok seg\u00edts\u00e9g\u00e9vel.<\/p>\n<p style=\"text-align: justify\">\u00a0\u00a0\u00a0\u00a0\u00a0\u00a0\u00a0\u00a0\u00a0\u00a0\u00a0\u00a0\u00a0 Az angol nyelv\u0171 k\u00e9zik\u00f6nyv a projekt weboldal\u00e1r\u00f3l vagy az al\u00e1bbi QR k\u00f3d seg\u00edts\u00e9g\u00e9vel ingyenesen let\u00f6lthet\u0151.<\/p>\n<p><a href=\"https:\/\/s4game.eu\/results\/\">https:\/\/s4game.eu\/results\/<\/a><\/p>\n<ul>\n<li>Facebook\u00a0\u2013 @s4gameproject<\/li>\n<li>Twitter\u00a0\u2013 @S4Game1<\/li>\n<li>Instagram\u00a0\u2013 sforgameproject<br \/>\n<img loading=\"lazy\" decoding=\"async\" class=\"alignleft size-full wp-image-7603\" src=\"https:\/\/semmelweis.hu\/mutettan\/files\/2021\/07\/S4game.jpg\" alt=\"\" width=\"391\" height=\"542\" srcset=\"https:\/\/semmelweis.hu\/mutettan\/files\/2021\/07\/S4game.jpg 391w, https:\/\/semmelweis.hu\/mutettan\/files\/2021\/07\/S4game-289x400.jpg 289w\" sizes=\"auto, (max-width: 391px) 100vw, 391px\" \/><\/li>\n<\/ul>\n<p>&nbsp;<\/p>\n<p>&nbsp;<\/p>\n<p><img loading=\"lazy\" decoding=\"async\" class=\"size-full wp-image-7604 alignright\" src=\"https:\/\/semmelweis.hu\/mutettan\/files\/2021\/07\/S4game2.png\" alt=\"\" width=\"174\" height=\"349\" \/><\/p>\n<p>&nbsp;<\/p>\n<p>&nbsp;<\/p>\n<p>&nbsp;<\/p>\n<p>&nbsp;<\/p>\n<p>&nbsp;<\/p>\n<p>&nbsp;<\/p>\n<p>&nbsp;<\/p>\n<p>&nbsp;<\/p>\n<p>&nbsp;<\/p>\n<p>&nbsp;<\/p>\n\n<\/div><h2 class=\"tabtitle\">Closing Workshop<\/h2>\n<div class=\"tabcontent\">\n\n<p><img loading=\"lazy\" decoding=\"async\" class=\"alignleft size-full wp-image-7607\" src=\"https:\/\/semmelweis.hu\/mutettan\/files\/2021\/07\/S4GAME-pe\u00e7a2.png\" alt=\"\" width=\"900\" height=\"1077\" srcset=\"https:\/\/semmelweis.hu\/mutettan\/files\/2021\/07\/S4GAME-pe\u00e7a2.png 900w, https:\/\/semmelweis.hu\/mutettan\/files\/2021\/07\/S4GAME-pe\u00e7a2-334x400.png 334w, https:\/\/semmelweis.hu\/mutettan\/files\/2021\/07\/S4GAME-pe\u00e7a2-856x1024.png 856w, https:\/\/semmelweis.hu\/mutettan\/files\/2021\/07\/S4GAME-pe\u00e7a2-768x919.png 768w, https:\/\/semmelweis.hu\/mutettan\/files\/2021\/07\/S4GAME-pe\u00e7a2-753x901.png 753w\" sizes=\"auto, (max-width: 900px) 100vw, 900px\" \/><\/p>\n<p>&nbsp;<\/p>\n<p>&nbsp;<\/p>\n<p>&nbsp;<\/p>\n<p>&nbsp;<\/p>\n<p>&nbsp;<\/p>\n<p>&nbsp;<\/p>\n<p>&nbsp;<\/p>\n<p>&nbsp;<\/p>\n<p>&nbsp;<\/p>\n<p>&nbsp;<\/p>\n<p>&nbsp;<\/p>\n<p>&nbsp;<\/p>\n<p>&nbsp;<\/p>\n<p>&nbsp;<\/p>\n<p>&nbsp;<\/p>\n<p>&nbsp;<\/p>\n<p>&nbsp;<\/p>\n<p>&nbsp;<\/p>\n<p>&nbsp;<\/p>\n<p>&nbsp;<\/p>\n<p>&nbsp;<\/p>\n<p>&nbsp;<\/p>\n<p style=\"text-align: left\">\n<\/div><h2 class=\"tabtitle\">Multiplier Event 2<\/h2>\n<div class=\"tabcontent\">\n<\/p>\n<h1 style=\"text-align: center\"><em>Multiplier Event Magyarorsz\u00e1gon<\/em><\/h1>\n<p style=\"text-align: center\"><strong>Semmelweis Egyetem, V\u00e1rosmajori Sz\u00edv- \u00e9s \u00c9rgy\u00f3gy\u00e1szati Klinika<br \/>\n<\/strong><strong>K\u00eds\u00e9rletes \u00e9s Seb\u00e9szeti M\u0171t\u00e9ttani Tansz\u00e9k<br \/>\n<\/strong><strong>H-1089 Budapest, Nagyv\u00e1rad t\u00e9r 4.<\/strong><\/p>\n<h1 style=\"text-align: center\">S4Game Projekt<br \/>\n<em>2018-1-ES01-KA202-050943<\/em><\/h1>\n<ol start=\"2021\">\n<li><strong> augusztus 25. 14:00 <\/strong><\/li>\n<\/ol>\n<p>&nbsp;<\/p>\n<p>Tisztelt Koll\u00e9ga!<\/p>\n<p style=\"text-align: justify\">Az S4Game projekt legf\u0151bb c\u00e9lja, a kognit\u00edv k\u00e9szs\u00e9gek fejleszt\u00e9se a VR technol\u00f3gia el\u0151nyeinek kihaszn\u00e1l\u00e1s\u00e1val. A projekt keret\u00e9ben elk\u00e9sz\u00edtett\u00fck, az eddig hi\u00e1nyp\u00f3tl\u00f3 kognit\u00edv k\u00e9szs\u00e9gek h\u00e1tter\u00e9nek \u00e9s fejleszt\u00e9si lehet\u0151s\u00e9geinek k\u00e9zik\u00f6nyv\u00e9t, illetve a virtu\u00e1lis val\u00f3s\u00e1g (VR) lehet\u0151s\u00e9geit kihaszn\u00e1lva, fejlesztett\u00fcnk egy a kognit\u00edv k\u00e9szs\u00e9gek fejleszt\u00e9s\u00e9t szolg\u00e1l\u00f3 serious game-t. A projekt keret\u00e9ben 2021. augusztus 25-\u00e9n 14:00-t\u00f3l lehet\u0151s\u00e9g\u00fck ny\u00edlik az \u00e9rdekl\u0151d\u0151knek, hogy megismerj\u00e9k \u00e9s kipr\u00f3b\u00e1lhass\u00e1k a j\u00e1t\u00e9k v\u00e9gleges verzi\u00f3j\u00e1t.<\/p>\n<p><strong>PROGRAM<\/strong><\/p>\n<p><strong><em>2021.08.25.<\/em><\/strong><\/p>\n<p>13:45\u00a0\u00a0\u00a0\u00a0\u00a0\u00a0\u00a0\u00a0\u00a0\u00a0\u00a0\u00a0\u00a0\u00a0\u00a0\u00a0\u00a0\u00a0\u00a0\u00a0 Regisztr\u00e1ci\u00f3<\/p>\n<p>14:00 \u2013 14:15\u00a0\u00a0\u00a0\u00a0 A r\u00e9sztvev\u0151k \u00fcdv\u00f6zl\u00e9se<\/p>\n<p>14:15 \u2013 14:30\u00a0\u00a0\u00a0\u00a0 Az S4Game projekt \u00e9s el\u00e9rend\u0151 c\u00e9ljainak bemutat\u00e1sa<\/p>\n<p>14:30 &#8211; 15:15\u00a0\u00a0\u00a0\u00a0\u00a0 Az S4Game serious game bemutat\u00e1sa<\/p>\n<p>15:15 \u2013 15:30\u00a0\u00a0\u00a0\u00a0 K\u00e1v\u00e9sz\u00fcnet<\/p>\n<p>15:30 \u2013 16:30\u00a0\u00a0\u00a0\u00a0 A j\u00e1t\u00e9k kipr\u00f3b\u00e1l\u00e1sa (VR- \u00e9s asztali verzi\u00f3)<\/p>\n<p><strong>KAPCSOLAT<\/strong><\/p>\n<p><strong>Dr. Berner-Juhos Krisztina<br \/>\n<\/strong><strong>Semmelweis Egyetem<br \/>\n<\/strong><strong>V\u00e1rosmajori Sz\u00edv- \u00e9s \u00c9rgy\u00f3gy\u00e1szati Klinika<br \/>\n<\/strong><strong>K\u00eds\u00e9rletes \u00e9s Seb\u00e9szeti M\u0171t\u00e9ttani Tansz\u00e9k<\/strong><\/p>\n<p><strong>@: kksmtnet@semmelweis.hu<\/strong><br \/>\n<strong>Tel: +36 20\u00a0666 36 31<\/strong><\/p>\n<\/div><\/div>\n","protected":false},"excerpt":{"rendered":"<p><a href=\"https:\/\/semmelweis.hu\/mutettan\/files\/2019\/10\/eu-log\u00f3.jpg\"><\/a> Training of Soft Skills for Surgical Teams using an immersive Serious Game Projekt reference number: 2018-ES01-KA202-050943 Nem-m\u0171t\u00e9ti-k\u00e9szs\u00e9geknek nevezz\u00fck azokat az interperszon\u00e1lis (pl. kommunik\u00e1ci\u00f3, csapatmunka), kognit\u00edv (pl. d\u00f6nt\u00e9shoz\u00e1s, tudatoss\u00e1g) \u00e9s szem\u00e9lyes er\u0151forr\u00e1sokat (stresszel vagy f\u00e1radts\u00e1ggal val\u00f3 megk\u00fczd\u00e9s), amelyek kieg\u00e9sz\u00edtik a m\u0171t\u00e9ti k\u00e9szs\u00e9geket, illetve el\u0151seg\u00edtik a biztons\u00e1gos \u00e9s hat\u00e9kony munkav\u00e9gz\u00e9st. Jelent\u0151s\u00e9g\u00fcket a seb\u00e9szetben \u00e9s a seb\u00e9szeti szakk\u00e9pz\u00e9sben &hellip;<\/p>\n","protected":false},"author":297,"featured_media":0,"parent":6455,"menu_order":0,"comment_status":"closed","ping_status":"closed","template":"","meta":{"_acf_changed":false,"footnotes":""},"categories":[],"tags":[],"class_list":["post-4705","page","type-page","status-publish","hentry"],"acf":[],"_links":{"self":[{"href":"https:\/\/semmelweis.hu\/mutettan\/wp-json\/wp\/v2\/pages\/4705","targetHints":{"allow":["GET"]}}],"collection":[{"href":"https:\/\/semmelweis.hu\/mutettan\/wp-json\/wp\/v2\/pages"}],"about":[{"href":"https:\/\/semmelweis.hu\/mutettan\/wp-json\/wp\/v2\/types\/page"}],"author":[{"embeddable":true,"href":"https:\/\/semmelweis.hu\/mutettan\/wp-json\/wp\/v2\/users\/297"}],"replies":[{"embeddable":true,"href":"https:\/\/semmelweis.hu\/mutettan\/wp-json\/wp\/v2\/comments?post=4705"}],"version-history":[{"count":12,"href":"https:\/\/semmelweis.hu\/mutettan\/wp-json\/wp\/v2\/pages\/4705\/revisions"}],"predecessor-version":[{"id":8857,"href":"https:\/\/semmelweis.hu\/mutettan\/wp-json\/wp\/v2\/pages\/4705\/revisions\/8857"}],"up":[{"embeddable":true,"href":"https:\/\/semmelweis.hu\/mutettan\/wp-json\/wp\/v2\/pages\/6455"}],"wp:attachment":[{"href":"https:\/\/semmelweis.hu\/mutettan\/wp-json\/wp\/v2\/media?parent=4705"}],"wp:term":[{"taxonomy":"category","embeddable":true,"href":"https:\/\/semmelweis.hu\/mutettan\/wp-json\/wp\/v2\/categories?post=4705"},{"taxonomy":"post_tag","embeddable":true,"href":"https:\/\/semmelweis.hu\/mutettan\/wp-json\/wp\/v2\/tags?post=4705"}],"curies":[{"name":"wp","href":"https:\/\/api.w.org\/{rel}","templated":true}]}}