{"id":4592,"date":"2020-10-21T10:40:07","date_gmt":"2020-10-21T08:40:07","guid":{"rendered":"http:\/\/semmelweis.hu\/mutettan\/?page_id=4592"},"modified":"2026-01-12T14:36:04","modified_gmt":"2026-01-12T13:36:04","slug":"tanfolyamok","status":"publish","type":"page","link":"https:\/\/semmelweis.hu\/mutettan\/tanfolyamok\/","title":{"rendered":"Tanfolyamok"},"content":{"rendered":"<h3>Mikroseb\u00e9szeti Tanfolyam<\/h3>\n<p><em><strong>2026. okt\u00f3ber 28.-30.<\/strong><\/em><\/p>\n<p><a href=\"https:\/\/semmelweis.hu\/mutettan\/files\/2025\/08\/Jelentkezesi-lap-mikrosebeszeti-tanfolyam-2025.docx\">Jelentkez\u00e9si lap<\/a><\/p>\n<p><span style=\"font-size: 14pt;color: #800080\"><strong>Jelentkez\u00e9s folyamata<\/strong><\/span><\/p>\n<p style=\"text-align: justify\">A tanfolyam \u00f6nk\u00f6lts\u00e9ges finansz\u00edroz\u00e1s eset\u00e9n vehet\u0151 csak ig\u00e9nybe, \u00fagy k\u00fcls\u0151 jelentkez\u0151, mint az egyetem rezidens\u00e9nek, finansz\u00edroznia sz\u00fcks\u00e9ges a tanfolyam d\u00edj\u00e1t. A jelentkez\u00e9si lap bek\u00fcld\u00e9se ut\u00e1n a r\u00e9szv\u00e9teli d\u00edjr\u00f3l sz\u00e1ml\u00e1t \u00e1ll\u00edtunk ki \u00e9s eljuttatjuk az \u00d6n \u00e1ltal megadott \u00e9rtes\u00edt\u00e9si c\u00edmre. Ezt k\u00f6vet\u0151en kell \u00e1tutalni az \u00f6sszeget a megadott banksz\u00e1ml\u00e1ra. A k\u00f6zlem\u00e9ny rovatban a r\u00e9sztvev\u0151 orvos nev\u00e9t, pecs\u00e9tsz\u00e1m\u00e1t \u00e9s a tanfolyam r\u00f6vid\u00edtett c\u00edm\u00e9t k\u00e9rj\u00fck felt\u00fcntetni.<\/p>\n<p>Err\u0151l a banki \u00e1tutal\u00e1sr\u00f3l sz\u00f3l\u00f3 bizonylatot vagy a postai befizet\u00e9st igazol\u00f3 felad\u00f3szelv\u00e9nyt szkennelt\/bef\u00e9nyk\u00e9pezett form\u00e1ban k\u00e9rj\u00fck elk\u00fcldeni e-mailben az al\u00e1bbi c\u00edmre: <span style=\"color: #3366ff\"><b>kksmtnet@semmelweis.hu<\/b><\/span><\/p>\n<p style=\"text-align: justify\">A tanfolyam akkor kezdhet\u0151 el,<br \/>\n&#8211; ha a r\u00e9szv\u00e9teli d\u00edj \u00e1tutal\u00e1sra ker\u00fclt \u00e9s err\u0151l az igazol\u00e1st megkaptuk<br \/>\n\u00a0\u00a0 vagy<br \/>\n&#8211; ha a r\u00e9sztvev\u0151 elk\u00fcldi azt az igazol\u00e1st, mely szerint sz\u00e1m\u00e1ra a k\u00f6telez\u0151 kurzus anyagi k\u00f6lts\u00e9geit a munkahely v\u00e1llalja.<\/p>\n<p style=\"text-align: justify\"><img loading=\"lazy\" decoding=\"async\" class=\"size-full wp-image-3673 aligncenter\" src=\"https:\/\/semmelweis.hu\/mutettan\/files\/2016\/09\/8.jpg\" alt=\"\" width=\"580\" height=\"300\" srcset=\"https:\/\/semmelweis.hu\/mutettan\/files\/2016\/09\/8.jpg 580w, https:\/\/semmelweis.hu\/mutettan\/files\/2016\/09\/8-300x155.jpg 300w\" sizes=\"auto, (max-width: 580px) 100vw, 580px\" \/><\/p>\n<p><span style=\"text-decoration: underline\">Tov\u00e1bbi inform\u00e1ci\u00f3:<\/span><br \/>\nPetrovics Alica: 06\/20-663-2026<br \/>\n06\/ 1-459-1500\/56569<br \/>\nkksmtnet@semmelweis.hu<\/p>\n<p>&nbsp;<\/p>\n","protected":false},"excerpt":{"rendered":"<p>Mikroseb\u00e9szeti Tanfolyam 2026. okt\u00f3ber 28.-30. <a href=\"https:\/\/semmelweis.hu\/mutettan\/files\/2025\/08\/Jelentkezesi-lap-mikrosebeszeti-tanfolyam-2025.docx\">Jelentkez\u00e9si lap<\/a> Jelentkez\u00e9s folyamata A tanfolyam \u00f6nk\u00f6lts\u00e9ges finansz\u00edroz\u00e1s eset\u00e9n vehet\u0151 csak ig\u00e9nybe, \u00fagy k\u00fcls\u0151 jelentkez\u0151, mint az egyetem rezidens\u00e9nek, finansz\u00edroznia sz\u00fcks\u00e9ges a tanfolyam d\u00edj\u00e1t. A jelentkez\u00e9si lap bek\u00fcld\u00e9se ut\u00e1n a r\u00e9szv\u00e9teli d\u00edjr\u00f3l sz\u00e1ml\u00e1t \u00e1ll\u00edtunk ki \u00e9s eljuttatjuk az \u00d6n \u00e1ltal megadott \u00e9rtes\u00edt\u00e9si c\u00edmre. Ezt k\u00f6vet\u0151en kell \u00e1tutalni az \u00f6sszeget a megadott banksz\u00e1ml\u00e1ra. &hellip;<\/p>\n","protected":false},"author":101700,"featured_media":0,"parent":0,"menu_order":4,"comment_status":"closed","ping_status":"closed","template":"","meta":{"_acf_changed":false,"footnotes":""},"categories":[],"tags":[],"class_list":["post-4592","page","type-page","status-publish","hentry"],"acf":[],"_links":{"self":[{"href":"https:\/\/semmelweis.hu\/mutettan\/wp-json\/wp\/v2\/pages\/4592","targetHints":{"allow":["GET"]}}],"collection":[{"href":"https:\/\/semmelweis.hu\/mutettan\/wp-json\/wp\/v2\/pages"}],"about":[{"href":"https:\/\/semmelweis.hu\/mutettan\/wp-json\/wp\/v2\/types\/page"}],"author":[{"embeddable":true,"href":"https:\/\/semmelweis.hu\/mutettan\/wp-json\/wp\/v2\/users\/101700"}],"replies":[{"embeddable":true,"href":"https:\/\/semmelweis.hu\/mutettan\/wp-json\/wp\/v2\/comments?post=4592"}],"version-history":[{"count":13,"href":"https:\/\/semmelweis.hu\/mutettan\/wp-json\/wp\/v2\/pages\/4592\/revisions"}],"predecessor-version":[{"id":9222,"href":"https:\/\/semmelweis.hu\/mutettan\/wp-json\/wp\/v2\/pages\/4592\/revisions\/9222"}],"wp:attachment":[{"href":"https:\/\/semmelweis.hu\/mutettan\/wp-json\/wp\/v2\/media?parent=4592"}],"wp:term":[{"taxonomy":"category","embeddable":true,"href":"https:\/\/semmelweis.hu\/mutettan\/wp-json\/wp\/v2\/categories?post=4592"},{"taxonomy":"post_tag","embeddable":true,"href":"https:\/\/semmelweis.hu\/mutettan\/wp-json\/wp\/v2\/tags?post=4592"}],"curies":[{"name":"wp","href":"https:\/\/api.w.org\/{rel}","templated":true}]}}