{"id":4533,"date":"2018-09-03T19:51:44","date_gmt":"2018-09-03T17:51:44","guid":{"rendered":"http:\/\/semmelweis.hu\/mutettan\/?page_id=4533"},"modified":"2020-12-04T13:00:10","modified_gmt":"2020-12-04T12:00:10","slug":"easier-projekt","status":"publish","type":"page","link":"https:\/\/semmelweis.hu\/mutettan\/kutatasi-temak\/intezetunk-palyazatai\/easier-projekt\/","title":{"rendered":"EASIER Projekt"},"content":{"rendered":"<p><a href=\"https:\/\/semmelweis.hu\/mutettan\/files\/2020\/12\/esiar-kep.jpg\"><img loading=\"lazy\" decoding=\"async\" class=\"size-medium wp-image-7148 aligncenter\" src=\"https:\/\/semmelweis.hu\/mutettan\/files\/2020\/12\/esiar-kep-300x132.jpg\" alt=\"\" width=\"300\" height=\"132\" srcset=\"https:\/\/semmelweis.hu\/mutettan\/files\/2020\/12\/esiar-kep-300x132.jpg 300w, https:\/\/semmelweis.hu\/mutettan\/files\/2020\/12\/esiar-kep-768x338.jpg 768w, https:\/\/semmelweis.hu\/mutettan\/files\/2020\/12\/esiar-kep-580x255.jpg 580w, https:\/\/semmelweis.hu\/mutettan\/files\/2020\/12\/esiar-kep.jpg 845w\" sizes=\"auto, (max-width: 300px) 100vw, 300px\" \/><\/a><a href=\"https:\/\/semmelweis.hu\/mutettan\/files\/2020\/12\/eu.jpg\"><img loading=\"lazy\" decoding=\"async\" class=\"size-medium wp-image-7149 aligncenter\" src=\"https:\/\/semmelweis.hu\/mutettan\/files\/2020\/12\/eu-300x64.jpg\" alt=\"\" width=\"300\" height=\"64\" srcset=\"https:\/\/semmelweis.hu\/mutettan\/files\/2020\/12\/eu-300x64.jpg 300w, https:\/\/semmelweis.hu\/mutettan\/files\/2020\/12\/eu.jpg 501w\" sizes=\"auto, (max-width: 300px) 100vw, 300px\" \/><\/a><\/p>\n<div class=\"responsive-tabs\">\n<h2 class=\"tabtitle\">Felh\u00edv\u00e1s<\/h2>\n<div class=\"tabcontent\">\n\n<p style=\"text-align: center\"><span style=\"font-size: 14pt\"><em><strong>VALID\u00c1TOR \u00d6NK\u00c9NTES KERESTETIK<\/strong><\/em><\/span><\/p>\n<p><a href=\"https:\/\/semmelweis.hu\/mutettan\/files\/2020\/12\/EASIER-presentation-poster.pdf\">EASIER presentation poster \u00a0<\/a><br \/>\n<a href=\"https:\/\/semmelweis.hu\/mutettan\/files\/2020\/12\/EASIER-validation-info.pdf\">EASIER validation info<\/a><\/p>\n<p>Tisztelt Koll\u00e9ga!<\/p>\n<p style=\"text-align: justify\">A Semmelweis Egyetem, V\u00e1rosmajori Sz\u00edv- \u00e9s \u00c9rgy\u00f3gy\u00e1szati Klinika, K\u00eds\u00e9rletes \u00e9s Seb\u00e9szeti M\u0171t\u00e9ttani Tansz\u00e9ke \u00e9vek \u00f3ta tagja olyan nemzetk\u00f6zi konzorciumoknak, amelyek c\u00e9lja a seb\u00e9szeti szak- \u00e9s tov\u00e1bbk\u00e9pz\u00e9s p\u00e1neur\u00f3pai fejleszt\u00e9se \u00e9s egys\u00e9ges\u00edt\u00e9se.<\/p>\n<p style=\"text-align: justify\">Egyik innovat\u00edv projekt\u00fcnk c\u00e9lja egy olyan e-learning rendszer l\u00e9trehoz\u00e1sa, amely egy fel\u00fcleten egyes\u00edti az elm\u00e9leti \u00e9s gyakorlati k\u00e9pz\u00e9st a szimul\u00e1ci\u00f3 seg\u00edts\u00e9g\u00e9vel.\u00a0 A projekt most \u00e9rt a valid\u00e1ci\u00f3 f\u00e1zis\u00e1ba, amelyet a koronav\u00edrus okozta j\u00e1rv\u00e1nyhelyzet rendk\u00edv\u00fcl megnehez\u00edt. Kihaszn\u00e1lva a digitaliz\u00e1ci\u00f3 ny\u00fajtotta lehet\u0151s\u00e9geket, a valid\u00e1ci\u00f3t az online t\u00e9rbe helyezt\u00fck \u00e1t.<\/p>\n<p style=\"text-align: justify\">Keres\u00fcnk olyan \u00e9rdekl\u0151d\u0151 \u00e9s v\u00e1llalkoz\u00f3 szellem\u0171 rezidenseket \u00e9s szakorvosokat, akik kipr\u00f3b\u00e1ln\u00e1k az online rendszer\u00fcnkben l\u00e9trehozott kurzusok egyik\u00e9t (Laparoszk\u00f3pos Cholecystect\u00f3mia, Diagnosztikus Artroszk\u00f3pia \u00e9s Lumb\u00e1lpunkci\u00f3) \u00e9s \u00e9p\u00edt\u0151 jelleg\u0171 kritik\u00e1val seg\u00edten\u00e9k a munk\u00e1nkat (2021. febru\u00e1r 28-ig). <strong>A valid\u00e1ci\u00f3ban r\u00e9sztvev\u0151k 1 \u00e9ves korl\u00e1tlan hozz\u00e1f\u00e9r\u00e9st kapnak a fel\u00fclet v\u00e9gleges verzi\u00f3j\u00e1hoz.<\/strong><\/p>\n<p style=\"text-align: justify\">A fel\u00fclet m\u0171k\u00f6d\u00e9s\u00e9r\u0151l \u00e9s a valid\u00e1ci\u00f3 r\u00e9szleteir\u0151l <strong>2020. december 17-\u00e9n 16:00-t\u00f3l<\/strong>, konzorciumunk egy r\u00f6vid, 45 perces webinart szervez, amelyre az al\u00e1bbi linken tud jelentkezni:<\/p>\n<p style=\"text-align: justify\"><a href=\"https:\/\/forms.office.com\/Pages\/ResponsePage.aspx?id=Xo6diDVyYkmgwQ4ncRnnPIiHUn05dbFGmTbvSd6lGa5UNUtFM1pPRTc1T0EwREZRMTgwNDhEWjg5MS4u\">https:\/\/forms.office.com\/Pages\/ResponsePage.aspx?id=Xo6diDVyYkmgwQ4ncRnnPIiHUn05dbFGmTbvSd6lGa5UNUtFM1pPRTc1T0EwREZRMTgwNDhEWjg5MS4u<\/a><\/p>\n<p style=\"text-align: justify\">Tov\u00e1bbi inform\u00e1ci\u00f3\u00e9rt, k\u00e9rj\u00fck l\u00e1togasson el honlapunkra &#8211; <a href=\"http:\/\/www.easier-project.eu\/\">http:\/\/www.easier-project.eu\/<\/a><\/p>\n<p style=\"text-align: justify\">K\u00f6sz\u00f6nj\u00fck, hogy a valid\u00e1ci\u00f3ban val\u00f3 r\u00e9szv\u00e9tel\u00e9vel hozz\u00e1j\u00e1rul a j\u00f6v\u0151 seb\u00e9szeinek k\u00e9pz\u00e9s\u00e9hez.<\/p>\n<p>\u00a0\u00a0\u00a0\u00a0\u00a0\u00a0\u00a0\u00a0\u00a0\u00a0\u00a0\u00a0\u00a0\u00a0\u00a0\u00a0\u00a0\u00a0\u00a0\u00a0\u00a0\u00a0\u00a0\u00a0\u00a0\u00a0\u00a0\u00a0\u00a0\u00a0\u00a0\u00a0\u00a0\u00a0\u00a0\u00a0\u00a0\u00a0\u00a0\u00a0\u00a0\u00a0\u00a0\u00a0\u00a0\u00a0\u00a0\u00a0\u00a0\u00a0\u00a0\u00a0\u00a0\u00a0\u00a0\u00a0\u00a0\u00a0\u00a0\u00a0\u00a0\u00a0\u00a0\u00a0\u00a0\u00a0\u00a0\u00a0\u00a0\u00a0\u00a0\u00a0\u00a0\u00a0\u00a0\u00a0\u00a0\u00a0\u00a0\u00a0\u00a0\u00a0\u00a0\u00a0\u00a0\u00a0\u00a0\u00a0\u00a0\u00a0\u00a0\u00a0\u00a0\u00a0\u00a0\u00a0\u00a0\u00a0\u00a0\u00a0\u00a0\u00a0\u00a0\u00a0\u00a0 Az EASIER csapata<\/p>\n\n<\/div><h2 class=\"tabtitle\">A projekt c\u00e9lja<\/h2>\n<div class=\"tabcontent\">\n\n<p><strong>European Knowledge Alliance for Innovative Education of Surgical and Interventional Skills<br \/>\nEASIER Projekt<\/strong><\/p>\n<p style=\"text-align: justify\">Az elm\u00falt \u00e9vtizedekben a seb\u00e9szeti m\u0171t\u00e9ttechnika olyan technol\u00f3giai fejl\u0151d\u00e9sen ment kereszt\u00fcl, amely el\u0151seg\u00edtette a minim\u00e1l invaz\u00edv elj\u00e1r\u00e1sok el\u0151t\u00e9rbe ker\u00fcl\u00e9s\u00e9t. A minim\u00e1l invaz\u00edv seb\u00e9szet elterjed\u00e9se minimaliz\u00e1lja a betegek m\u0171t\u00e9ti traum\u00e1j\u00e1t, ugyanakkor maximaliz\u00e1lja a m\u0171t\u00e9ttechnikai \u00e9s diagnosztikai hat\u00e9konys\u00e1got. A minim\u00e1l invaz\u00edv technik\u00e1k elsaj\u00e1t\u00edt\u00e1sa egy kih\u00edv\u00e1sokkal teli folyamat, amely csak \u00e9veken \u00e1t tart\u00f3 gyakorl\u00e1ssal \u00e9s tov\u00e1bbk\u00e9pz\u00e9sekkel val\u00f3s\u00edthat\u00f3 meg.<\/p>\n<p style=\"text-align: justify\">A megfelel\u0151 j\u00e1rtass\u00e1g megszerz\u00e9s\u00e9hez a seb\u00e9szeknek sz\u00e1mos m\u0171t\u00e9ti \u00e9s nem-m\u0171t\u00e9ti k\u00e9szs\u00e9get kell elsaj\u00e1t\u00edtaniuk. A 20. sz\u00e1zad k\u00f6zep\u00e9ig, a seb\u00e9szeti szakk\u00e9pz\u00e9st a beteg\u00e1gy melletti gyakorlatok jelentett\u00e9k, ahol a fiatal seb\u00e9szek a m\u0171t\u00e9tek alatti megfigyel\u00e9ssel, majd a gyakorlott seb\u00e9sz mozdulatainak ut\u00e1nz\u00e1s\u00e1val szerezhettek gyakorlatot mind a m\u0171t\u0151ben, mind a beteg\u00e1gy mellett. Ezt a mentor-gyakornok kapcsolaton alapul\u00f3 oktat\u00e1si modellt nevezz\u00fck Halstedi paradigm\u00e1nak. A hagyom\u00e1nyos oktat\u00e1si modell id\u0151- \u00e9s er\u0151forr\u00e1sig\u00e9nyes, az \u00e9rt\u00e9kel\u00e9s m\u00f3dja szubjekt\u00edv, tov\u00e1bb\u00e1 sokszor nem felel meg marad\u00e9ktalanul a betegbiztons\u00e1gi el\u0151\u00edr\u00e1soknak.<\/p>\n<p style=\"text-align: justify\">Napjainkban egyre ink\u00e1bb el\u0151t\u00e9rbe ker\u00fclnek azok az oktat\u00e1si modellek, amelyek betegmentes k\u00f6rnyezetben, kock\u00e1zatok n\u00e9lk\u00fcl biztos\u00edtanak lehet\u0151s\u00e9get az egyes seb\u00e9szeti k\u00e9szs\u00e9gek elsaj\u00e1t\u00edt\u00e1s\u00e1ra. Ezek a k\u00e9pz\u00e9sek jobban adapt\u00e1lhat\u00f3ak mind a tutor mind a rezidens id\u0151beoszt\u00e1s\u00e1hoz tov\u00e1bb\u00e1 az egyes k\u00e9szs\u00e9gek objekt\u00edven \u00e9rt\u00e9kelhet\u0151k.<\/p>\n<p style=\"text-align: justify\">A &#8222;Techol\u00f3gia T\u00e1mogatta Tanul\u00e1s&#8221; (TEL &#8211; Technology Enhanced Learning) fontos szerepet j\u00e1tszik mind a m\u0171t\u00e9ti (box tr\u00e9nerek, folyamatos mozg\u00e1s- \u00e9s eszk\u00f6zk\u00f6vet\u00e9s) mind a nem-m\u0171t\u00e9ti (E-learning, Augmented reality trainer) k\u00e9szs\u00e9gek elsaj\u00e1t\u00edt\u00e1s\u00e1ban. Annak ellen\u00e9re, hogy a TEL alkalmaz\u00e1s\u00e1r\u00f3l egys\u00e9gesen elfogadott ir\u00e1nymutat\u00e1s m\u00e9g nem \u00e9rhet\u0151 el sem hazai sem nemzetk\u00f6zi szinten, a tr\u00e9ning k\u00f6zpontok \u00e9s oktat\u00f3k\u00f3rh\u00e1zak folyamatosan integr\u00e1lj\u00e1k a k\u00e9pz\u00e9si programjukba.<\/p>\n<p style=\"text-align: justify\">A &#8222;European Knowledge Alliance for Innovative Education of Surgical and Interventional Skills&#8221; (EASIER) az Eur\u00f3pai Uni\u00f3 \u00e1ltal t\u00e1mogatott nemzetk\u00f6zi \u00f6sszefog\u00e1ssal megval\u00f3sul\u00f3 projekt, amelynek f\u0151 c\u00e9lja a TEL adapt\u00e1l\u00e1sa a seb\u00e9szeti szakk\u00e9pz\u00e9sbe, illetve haszn\u00e1lat\u00e1nak standardiz\u00e1l\u00e1sa. A projekt c\u00e9lkit\u0171z\u00e9se, hogy a rezidensek illetve tutorok\/mentorok folyamatosan \u00e9s b\u00e1rhonnan hozz\u00e1f\u00e9rhessenek a legmodernebb oktat\u00e1si lehet\u0151s\u00e9gekhez. Az \u00f6sszefog\u00e1s alapja, egy kor\u00e1bban m\u00e1r sikeresen valid\u00e1lt pedag\u00f3giai modell (MISTELLA LLP), amelyet a kognit\u00edv k\u00e9szs\u00e9gek fejleszt\u00e9s\u00e9re hoztak l\u00e9tre. A k\u00e9t projekt egyes\u00edt\u00e9s\u00e9vel egy olyan struktur\u00e1lt \u00e9s objekt\u00edv k\u00e9pz\u00e9si strat\u00e9gia val\u00f3sul meg, amely nemcsak a gradu\u00e1lis- \u00e9s postgradu\u00e1lis k\u00e9pz\u00e9s eur\u00f3pai szint\u0171 egys\u00e9ges\u00edt\u00e9s\u00e9t seg\u00edtheti el\u0151, hanem legy\u0151zi a t\u00e1vols\u00e1got tutor \u00e9s rezidens k\u00f6z\u00f6tt, tov\u00e1bb\u00e1 el\u0151seg\u00edti a TEL alapjainak elterjed\u00e9s\u00e9t.<\/p>\n<p style=\"text-align: justify\">A projektr\u0151l \u00e9s leg\u00fajabb eredm\u00e9nyeinkr\u0151l az <a href=\"http:\/\/www.easier-project.eu\/\" target=\"_blank\" rel=\"noopener noreferrer\">http:\/\/www.easier-project.eu\/<\/a> weboldalon t\u00e1j\u00e9koz\u00f3dhat.<\/p>\n<\/div><\/div>\n","protected":false},"excerpt":{"rendered":"<p><a href=\"https:\/\/semmelweis.hu\/mutettan\/files\/2020\/12\/esiar-kep.jpg\"><\/a> <a href=\"https:\/\/semmelweis.hu\/mutettan\/files\/2020\/12\/eu.jpg\"><\/a> VALID\u00c1TOR \u00d6NK\u00c9NTES KERESTETIK <a href=\"https:\/\/semmelweis.hu\/mutettan\/files\/2020\/12\/EASIER-presentation-poster.pdf\">EASIER presentation poster \u00a0<\/a> <a href=\"https:\/\/semmelweis.hu\/mutettan\/files\/2020\/12\/EASIER-validation-info.pdf\">EASIER validation info<\/a> Tisztelt Koll\u00e9ga! A Semmelweis Egyetem, V\u00e1rosmajori Sz\u00edv- \u00e9s \u00c9rgy\u00f3gy\u00e1szati Klinika, K\u00eds\u00e9rletes \u00e9s Seb\u00e9szeti M\u0171t\u00e9ttani Tansz\u00e9ke \u00e9vek \u00f3ta tagja olyan nemzetk\u00f6zi konzorciumoknak, amelyek c\u00e9lja a seb\u00e9szeti szak- \u00e9s tov\u00e1bbk\u00e9pz\u00e9s p\u00e1neur\u00f3pai fejleszt\u00e9se \u00e9s egys\u00e9ges\u00edt\u00e9se. Egyik innovat\u00edv projekt\u00fcnk c\u00e9lja egy olyan e-learning rendszer l\u00e9trehoz\u00e1sa, amely egy fel\u00fcleten egyes\u00edti az elm\u00e9leti \u00e9s gyakorlati k\u00e9pz\u00e9st a szimul\u00e1ci\u00f3 &hellip;<\/p>\n","protected":false},"author":297,"featured_media":0,"parent":6455,"menu_order":1,"comment_status":"closed","ping_status":"closed","template":"","meta":{"_acf_changed":false,"footnotes":""},"categories":[],"tags":[],"class_list":["post-4533","page","type-page","status-publish","hentry"],"acf":[],"_links":{"self":[{"href":"https:\/\/semmelweis.hu\/mutettan\/wp-json\/wp\/v2\/pages\/4533","targetHints":{"allow":["GET"]}}],"collection":[{"href":"https:\/\/semmelweis.hu\/mutettan\/wp-json\/wp\/v2\/pages"}],"about":[{"href":"https:\/\/semmelweis.hu\/mutettan\/wp-json\/wp\/v2\/types\/page"}],"author":[{"embeddable":true,"href":"https:\/\/semmelweis.hu\/mutettan\/wp-json\/wp\/v2\/users\/297"}],"replies":[{"embeddable":true,"href":"https:\/\/semmelweis.hu\/mutettan\/wp-json\/wp\/v2\/comments?post=4533"}],"version-history":[{"count":10,"href":"https:\/\/semmelweis.hu\/mutettan\/wp-json\/wp\/v2\/pages\/4533\/revisions"}],"predecessor-version":[{"id":7169,"href":"https:\/\/semmelweis.hu\/mutettan\/wp-json\/wp\/v2\/pages\/4533\/revisions\/7169"}],"up":[{"embeddable":true,"href":"https:\/\/semmelweis.hu\/mutettan\/wp-json\/wp\/v2\/pages\/6455"}],"wp:attachment":[{"href":"https:\/\/semmelweis.hu\/mutettan\/wp-json\/wp\/v2\/media?parent=4533"}],"wp:term":[{"taxonomy":"category","embeddable":true,"href":"https:\/\/semmelweis.hu\/mutettan\/wp-json\/wp\/v2\/categories?post=4533"},{"taxonomy":"post_tag","embeddable":true,"href":"https:\/\/semmelweis.hu\/mutettan\/wp-json\/wp\/v2\/tags?post=4533"}],"curies":[{"name":"wp","href":"https:\/\/api.w.org\/{rel}","templated":true}]}}